{"id":198428,"date":"2021-05-12T10:49:08","date_gmt":"2021-05-12T08:49:08","guid":{"rendered":"https:\/\/mlcluster.com\/areas-estrategicas\/"},"modified":"2025-12-23T13:29:56","modified_gmt":"2025-12-23T12:29:56","slug":"strategic-plan","status":"publish","type":"page","link":"https:\/\/mlcluster.com\/en\/strategic-plan\/","title":{"rendered":"Strategic Plan"},"content":{"rendered":"<div class=\"wpb-content-wrapper\"><p>[vc_row full_width=&#8221;stretch_row&#8221; equal_height=&#8221;yes&#8221; content_placement=&#8221;middle&#8221; bg_type=&#8221;bg_color&#8221; bg_override=&#8221;ex-full&#8221; bg_color_value=&#8221;#dd3333&#8243; css=&#8221;.vc_custom_1626078560605{margin-bottom: 20px !important;}&#8221;][vc_column][vc_column_text css=&#8221;.vc_custom_1747418712140{margin-top: -15px !important;margin-bottom: 15px !important;}&#8221;]<\/p>\n<p style=\"color: white; text-align: right;\"><a style=\"color: white;\" href=\"\/en\/\">Home<\/a> \/ <a style=\"color: white;\" href=\"\/en\/strategic-plan\/\">Strategic Plan<\/a><\/p>\n<p>[\/vc_column_text][\/vc_column][\/vc_row][vc_row full_width=&#8221;stretch_row_content&#8221; equal_height=&#8221;yes&#8221; css=&#8221;.vc_custom_1626252318692{margin-top: -35px !important;}&#8221;][vc_column]<div id=\"ultimate-heading-563369d4c2b88ee82\" class=\"uvc-heading ult-adjust-bottom-margin ultimate-heading-563369d4c2b88ee82 uvc-9888 \" data-hspacer=\"line_with_icon\" data-hline_width=\"100\" data-hicon_type=\"selector\" data-hborder_style=\"solid\" data-hborder_height=\"3\" data-hborder_color=\"#b0b0af\" data-icon_width=\"20\" data-hfixer=\"10\"  data-halign=\"center\" style=\"text-align:center\"><div class=\"uvc-main-heading ult-responsive\"  data-ultimate-target='.uvc-heading.ultimate-heading-563369d4c2b88ee82 h1'  data-responsive-json-new='{\"font-size\":\"mobile_landscape:22px;mobile:22px;\",\"line-height\":\"mobile_landscape:28px;mobile:28px;\"}' ><h1 style=\"--font-weight:theme;\">Strategic Plan<\/h1><\/div><div class=\"uvc-heading-spacer line_with_icon\" style=\"margin-top:10px;margin-bottom:10px;height:20px;\"><div class=\"ult-just-icon-wrapper  \"><div class=\"align-icon\" style=\"text-align:center;\">\n<div class=\"aio-icon none \"  style=\"font-size:20px;display:inline-block;\">\n\t<i class=\"icomoon-the7-font-the7-arrow-05\"><\/i>\n<\/div><\/div><\/div><\/div><\/div><div class=\"ult-spacer spacer-69d4c2b88eed8\" data-id=\"69d4c2b88eed8\" data-height=\"30\" data-height-mobile=\"30\" data-height-tab=\"30\" data-height-tab-portrait=\"30\" data-height-mobile-landscape=\"30\" style=\"clear:both;display:block;\"><\/div>[\/vc_column][\/vc_row][vc_row full_width=&#8221;stretch_row&#8221;][vc_column width=&#8221;1\/3&#8243; css=&#8221;.vc_custom_1620816094608{padding-right: 5% !important;padding-left: 5% !important;}&#8221;]<div class=\"aio-icon-component    style_1\"><div id=\"Info-box-wrap-9171\" class=\"aio-icon-box top-icon\" style=\"\"  ><div class=\"aio-icon-top\"><div class=\"ult-just-icon-wrapper  \"><div class=\"align-icon\" style=\"text-align:center;\">\n<div class=\"aio-icon-img \" style=\"font-size:55px;display:inline-block;\" >\n\t<img decoding=\"async\" class=\"img-icon\" alt=\"null\" src=\"https:\/\/mlcluster.com\/wp-content\/uploads\/2025\/05\/Vectores-de-cambio-1.png\"\/>\n<\/div><\/div><\/div><\/div><div class=\"aio-icon-header\" ><h4 class=\"aio-icon-title ult-responsive\"  data-ultimate-target='#Info-box-wrap-9171 .aio-icon-title'  data-responsive-json-new='{\"font-size\":\"\",\"line-height\":\"\"}'  style=\"\">3 DRIVERS OF CHANGE<\/h4><\/div> <!-- header --><\/div> <!-- aio-icon-box --><\/div> <!-- aio-icon-component -->[vc_column_text css=&#8221;&#8221;]These are the vectors that drive the future of the sector and that directly and indirectly affect the configuration of our activity and strategic challenges.[\/vc_column_text]<div class=\"standard-arrow list-divider bullet-top\"><ul>\n<li>Energy and green transition<\/li>\n<li>Digital transition<\/li>\n<li>Sectoral competitiveness<\/li>\n<\/ul>\n<\/div><div class=\"aio-icon-component    style_1\"><a class=\"aio-icon-box-link\" href=\"https:\/\/mlcluster.com\/en\/drivers-of-change\/\" title=\"Drivers of change\" ><div id=\"Info-box-wrap-4547\" class=\"aio-icon-box top-icon\" style=\"\"  ><div class=\"aio-icon-top\"><div class=\"ult-just-icon-wrapper  \"><div class=\"align-icon\" style=\"text-align:center;\">\n<div class=\"aio-icon none \"  style=\"color:#756D6D;font-size:14px;display:inline-block;\">\n\t<i class=\"dt-icon-the7-play-large\"><\/i>\n<\/div><\/div><\/div><\/div><div class=\"aio-icon-header\" ><h6 class=\"aio-icon-title ult-responsive\"  data-ultimate-target='#Info-box-wrap-4547 .aio-icon-title'  data-responsive-json-new='{\"font-size\":\"\",\"line-height\":\"\"}'  style=\"\">MORE INFO<\/h6><\/div> <!-- header --><\/div> <!-- aio-icon-box --><\/a><\/div> <!-- aio-icon-component -->[\/vc_column][vc_column width=&#8221;1\/3&#8243;]<div class=\"aio-icon-component    style_1\"><div id=\"Info-box-wrap-3727\" class=\"aio-icon-box top-icon\" style=\"\"  ><div class=\"aio-icon-top\"><div class=\"ult-just-icon-wrapper  \"><div class=\"align-icon\" style=\"text-align:center;\">\n<div class=\"aio-icon-img \" style=\"font-size:55px;display:inline-block;\" >\n\t<img decoding=\"async\" class=\"img-icon\" alt=\"null\" src=\"https:\/\/mlcluster.com\/wp-content\/uploads\/2025\/05\/Ambitos-de-especializacion.jpg\"\/>\n<\/div><\/div><\/div><\/div><div class=\"aio-icon-header\" ><h4 class=\"aio-icon-title ult-responsive\"  data-ultimate-target='#Info-box-wrap-3727 .aio-icon-title'  data-responsive-json-new='{\"font-size\":\"\",\"line-height\":\"\"}'  style=\"\">5 AREAS OF SPECIALIZATION<\/h4><\/div> <!-- header --><\/div> <!-- aio-icon-box --><\/div> <!-- aio-icon-component -->[vc_column_text css=&#8221;&#8221;]In the People Mobility, Freight Logistics and related Industry sectors, these are the priority areas in which we have the greatest sectoral specialisation.[\/vc_column_text]<div class=\"standard-arrow list-divider bullet-top\"><h5>MOBILITY<\/h5>\n<ul>\n<li>CCAM Mobility (Cooperative, Connected and Automated)<\/li>\n<li>New Mobility<\/li>\n<\/ul>\n<p>&nbsp;<\/p>\n<h5>LOGISTICS<\/h5>\n<ul>\n<li>Urban Logistics<\/li>\n<li>Intralogistics<\/li>\n<li>Long Distance and Multimodal Logistics<\/li>\n<\/ul>\n<\/div><div class=\"aio-icon-component    style_1\"><a class=\"aio-icon-box-link\" href=\"https:\/\/mlcluster.com\/en\/areas-of-specialization\/\" title=\"Areas of specialization\" ><div id=\"Info-box-wrap-4835\" class=\"aio-icon-box top-icon\" style=\"\"  ><div class=\"aio-icon-top\"><div class=\"ult-just-icon-wrapper  \"><div class=\"align-icon\" style=\"text-align:center;\">\n<div class=\"aio-icon none \"  style=\"color:#756D6D;font-size:14px;display:inline-block;\">\n\t<i class=\"dt-icon-the7-play-large\"><\/i>\n<\/div><\/div><\/div><\/div><div class=\"aio-icon-header\" ><h6 class=\"aio-icon-title ult-responsive\"  data-ultimate-target='#Info-box-wrap-4835 .aio-icon-title'  data-responsive-json-new='{\"font-size\":\"\",\"line-height\":\"\"}'  style=\"\">MORE INFO<\/h6><\/div> <!-- header --><\/div> <!-- aio-icon-box --><\/a><\/div> <!-- aio-icon-component -->[\/vc_column][vc_column width=&#8221;1\/3&#8243;]<div class=\"aio-icon-component    style_1\"><div id=\"Info-box-wrap-1209\" class=\"aio-icon-box top-icon\" style=\"\"  ><div class=\"aio-icon-top\"><div class=\"ult-just-icon-wrapper  \"><div class=\"align-icon\" style=\"text-align:center;\">\n<div class=\"aio-icon-img \" style=\"font-size:55px;display:inline-block;\" >\n\t<img decoding=\"async\" class=\"img-icon\" alt=\"null\" src=\"https:\/\/mlcluster.com\/wp-content\/uploads\/2025\/05\/Ejes-estrategicos-1.jpg\"\/>\n<\/div><\/div><\/div><\/div><div class=\"aio-icon-header\" ><h4 class=\"aio-icon-title ult-responsive\"  data-ultimate-target='#Info-box-wrap-1209 .aio-icon-title'  data-responsive-json-new='{\"font-size\":\"\",\"line-height\":\"\"}'  style=\"\">6 STRATIGIC AXES<\/h4><\/div> <!-- header --><\/div> <!-- aio-icon-box --><\/div> <!-- aio-icon-component -->[vc_column_text css=&#8221;&#8221;]These are our driving forces: the factors that define the Cluster&#8217;s activities, and the basis for the new Strategic Plan that will guide us until 2028.[\/vc_column_text]<div class=\"standard-arrow list-divider bullet-top\"><ul>\n<li>Strategic foresight<\/li>\n<li>Innovation<\/li>\n<li>Internationalization and markets<\/li>\n<li>Talent<\/li>\n<li>Sectoral development<\/li>\n<li>Management excellence<\/li>\n<\/ul>\n<\/div><div class=\"aio-icon-component    style_1\"><a class=\"aio-icon-box-link\" href=\"https:\/\/mlcluster.com\/en\/strategic-axes\/\" title=\"Strategic axes\" ><div id=\"Info-box-wrap-2936\" class=\"aio-icon-box top-icon\" style=\"\"  ><div class=\"aio-icon-top\"><div class=\"ult-just-icon-wrapper  \"><div class=\"align-icon\" style=\"text-align:center;\">\n<div class=\"aio-icon none \"  style=\"color:#756D6D;font-size:14px;display:inline-block;\">\n\t<i class=\"dt-icon-the7-play-large\"><\/i>\n<\/div><\/div><\/div><\/div><div class=\"aio-icon-header\" ><h6 class=\"aio-icon-title ult-responsive\"  data-ultimate-target='#Info-box-wrap-2936 .aio-icon-title'  data-responsive-json-new='{\"font-size\":\"\",\"line-height\":\"\"}'  style=\"\">MORE INFO<\/h6><\/div> <!-- header --><\/div> <!-- aio-icon-box --><\/a><\/div> <!-- aio-icon-component -->[\/vc_column][\/vc_row][vc_row][vc_column]<div class=\"ult-spacer spacer-69d4c2b890043\" data-id=\"69d4c2b890043\" data-height=\"30\" data-height-mobile=\"30\" data-height-tab=\"30\" data-height-tab-portrait=\"30\" data-height-mobile-landscape=\"30\" style=\"clear:both;display:block;\"><\/div>[\/vc_column][\/vc_row]<\/p>\n<\/div>","protected":false},"excerpt":{"rendered":"<p>[vc_row full_width=&#8221;stretch_row&#8221; equal_height=&#8221;yes&#8221; content_placement=&#8221;middle&#8221; bg_type=&#8221;bg_color&#8221; bg_override=&#8221;ex-full&#8221; bg_color_value=&#8221;#dd3333&#8243; css=&#8221;.vc_custom_1626078560605{margin-bottom: 20px !important;}&#8221;][vc_column][vc_column_text css=&#8221;.vc_custom_1747418712140{margin-top: -15px !important;margin-bottom: 15px !important;}&#8221;] Home \/ Strategic Plan [\/vc_column_text][\/vc_column][\/vc_row][vc_row full_width=&#8221;stretch_row_content&#8221; equal_height=&#8221;yes&#8221; css=&#8221;.vc_custom_1626252318692{margin-top: -35px !important;}&#8221;][vc_column][\/vc_column][\/vc_row][vc_row full_width=&#8221;stretch_row&#8221;][vc_column width=&#8221;1\/3&#8243; css=&#8221;.vc_custom_1620816094608{padding-right: 5% !important;padding-left: 5% !important;}&#8221;][vc_column_text css=&#8221;&#8221;]These are the vectors that drive the future of the sector and that directly and indirectly affect the configuration of our activity and&hellip;<\/p>\n","protected":false},"author":1,"featured_media":0,"parent":0,"menu_order":90,"comment_status":"closed","ping_status":"closed","template":"","meta":{"footnotes":""},"yoast_head":"<!-- This site is optimized with the Yoast SEO plugin v24.5 - https:\/\/yoast.com\/wordpress\/plugins\/seo\/ -->\n<title>Strategic Plan - Basque Country Mobility and Logistics Cluster<\/title>\n<meta name=\"robots\" content=\"index, follow, max-snippet:-1, max-image-preview:large, max-video-preview:-1\" \/>\n<link rel=\"canonical\" href=\"https:\/\/mlcluster.com\/en\/strategic-plan\/\" \/>\n<meta property=\"og:locale\" content=\"en_US\" \/>\n<meta property=\"og:type\" content=\"article\" \/>\n<meta property=\"og:title\" content=\"Strategic Plan - Basque Country Mobility and Logistics Cluster\" \/>\n<meta property=\"og:description\" content=\"[vc_row full_width=&#8221;stretch_row&#8221; equal_height=&#8221;yes&#8221; content_placement=&#8221;middle&#8221; bg_type=&#8221;bg_color&#8221; bg_override=&#8221;ex-full&#8221; bg_color_value=&#8221;#dd3333&#8243; css=&#8221;.vc_custom_1626078560605{margin-bottom: 20px !important;}&#8221;][vc_column][vc_column_text css=&#8221;.vc_custom_1747418712140{margin-top: -15px !important;margin-bottom: 15px !important;}&#8221;] Home \/ Strategic Plan [\/vc_column_text][\/vc_column][\/vc_row][vc_row full_width=&#8221;stretch_row_content&#8221; equal_height=&#8221;yes&#8221; css=&#8221;.vc_custom_1626252318692{margin-top: -35px !important;}&#8221;][vc_column][\/vc_column][\/vc_row][vc_row full_width=&#8221;stretch_row&#8221;][vc_column width=&#8221;1\/3&#8243; css=&#8221;.vc_custom_1620816094608{padding-right: 5% !important;padding-left: 5% !important;}&#8221;][vc_column_text css=&#8221;&#8221;]These are the vectors that drive the future of the sector and that directly and indirectly affect the configuration of our activity and&hellip;\" \/>\n<meta property=\"og:url\" content=\"https:\/\/mlcluster.com\/en\/strategic-plan\/\" \/>\n<meta property=\"og:site_name\" content=\"Basque Country Mobility and Logistics Cluster\" \/>\n<meta property=\"article:modified_time\" content=\"2025-12-23T12:29:56+00:00\" \/>\n<meta name=\"twitter:card\" content=\"summary_large_image\" \/>\n<meta name=\"twitter:label1\" content=\"Est. reading time\" \/>\n\t<meta name=\"twitter:data1\" content=\"2 minutes\" \/>\n<script type=\"application\/ld+json\" class=\"yoast-schema-graph\">{\"@context\":\"https:\/\/schema.org\",\"@graph\":[{\"@type\":\"WebPage\",\"@id\":\"https:\/\/mlcluster.com\/en\/strategic-plan\/\",\"url\":\"https:\/\/mlcluster.com\/en\/strategic-plan\/\",\"name\":\"Strategic Plan - Basque Country Mobility and Logistics Cluster\",\"isPartOf\":{\"@id\":\"https:\/\/mlcluster.com\/#website\"},\"datePublished\":\"2021-05-12T08:49:08+00:00\",\"dateModified\":\"2025-12-23T12:29:56+00:00\",\"breadcrumb\":{\"@id\":\"https:\/\/mlcluster.com\/en\/strategic-plan\/#breadcrumb\"},\"inLanguage\":\"en-US\",\"potentialAction\":[{\"@type\":\"ReadAction\",\"target\":[\"https:\/\/mlcluster.com\/en\/strategic-plan\/\"]}]},{\"@type\":\"BreadcrumbList\",\"@id\":\"https:\/\/mlcluster.com\/en\/strategic-plan\/#breadcrumb\",\"itemListElement\":[{\"@type\":\"ListItem\",\"position\":1,\"name\":\"Portada\",\"item\":\"https:\/\/mlcluster.com\/en\/\"},{\"@type\":\"ListItem\",\"position\":2,\"name\":\"Strategic Plan\"}]},{\"@type\":\"WebSite\",\"@id\":\"https:\/\/mlcluster.com\/#website\",\"url\":\"https:\/\/mlcluster.com\/\",\"name\":\"Basque Country Mobility and Logistics Cluster\",\"description\":\"Asociaci\u00f3n de empresas de Movilidad y Log\u00edstica del Pa\u00eds Vasco cuya misi\u00f3n es favorecer la competitividad impulsando la innovaci\u00f3n, la cooperaci\u00f3n y la promoci\u00f3n.\",\"potentialAction\":[{\"@type\":\"SearchAction\",\"target\":{\"@type\":\"EntryPoint\",\"urlTemplate\":\"https:\/\/mlcluster.com\/?s={search_term_string}\"},\"query-input\":{\"@type\":\"PropertyValueSpecification\",\"valueRequired\":true,\"valueName\":\"search_term_string\"}}],\"inLanguage\":\"en-US\"}]}<\/script>\n<!-- \/ Yoast SEO plugin. -->","yoast_head_json":{"title":"Strategic Plan - Basque Country Mobility and Logistics Cluster","robots":{"index":"index","follow":"follow","max-snippet":"max-snippet:-1","max-image-preview":"max-image-preview:large","max-video-preview":"max-video-preview:-1"},"canonical":"https:\/\/mlcluster.com\/en\/strategic-plan\/","og_locale":"en_US","og_type":"article","og_title":"Strategic Plan - Basque Country Mobility and Logistics Cluster","og_description":"[vc_row full_width=&#8221;stretch_row&#8221; equal_height=&#8221;yes&#8221; content_placement=&#8221;middle&#8221; bg_type=&#8221;bg_color&#8221; bg_override=&#8221;ex-full&#8221; bg_color_value=&#8221;#dd3333&#8243; css=&#8221;.vc_custom_1626078560605{margin-bottom: 20px !important;}&#8221;][vc_column][vc_column_text css=&#8221;.vc_custom_1747418712140{margin-top: -15px !important;margin-bottom: 15px !important;}&#8221;] Home \/ Strategic Plan [\/vc_column_text][\/vc_column][\/vc_row][vc_row full_width=&#8221;stretch_row_content&#8221; equal_height=&#8221;yes&#8221; css=&#8221;.vc_custom_1626252318692{margin-top: -35px !important;}&#8221;][vc_column][\/vc_column][\/vc_row][vc_row full_width=&#8221;stretch_row&#8221;][vc_column width=&#8221;1\/3&#8243; css=&#8221;.vc_custom_1620816094608{padding-right: 5% !important;padding-left: 5% !important;}&#8221;][vc_column_text css=&#8221;&#8221;]These are the vectors that drive the future of the sector and that directly and indirectly affect the configuration of our activity and&hellip;","og_url":"https:\/\/mlcluster.com\/en\/strategic-plan\/","og_site_name":"Basque Country Mobility and Logistics Cluster","article_modified_time":"2025-12-23T12:29:56+00:00","twitter_card":"summary_large_image","twitter_misc":{"Est. reading time":"2 minutes"},"schema":{"@context":"https:\/\/schema.org","@graph":[{"@type":"WebPage","@id":"https:\/\/mlcluster.com\/en\/strategic-plan\/","url":"https:\/\/mlcluster.com\/en\/strategic-plan\/","name":"Strategic Plan - Basque Country Mobility and Logistics Cluster","isPartOf":{"@id":"https:\/\/mlcluster.com\/#website"},"datePublished":"2021-05-12T08:49:08+00:00","dateModified":"2025-12-23T12:29:56+00:00","breadcrumb":{"@id":"https:\/\/mlcluster.com\/en\/strategic-plan\/#breadcrumb"},"inLanguage":"en-US","potentialAction":[{"@type":"ReadAction","target":["https:\/\/mlcluster.com\/en\/strategic-plan\/"]}]},{"@type":"BreadcrumbList","@id":"https:\/\/mlcluster.com\/en\/strategic-plan\/#breadcrumb","itemListElement":[{"@type":"ListItem","position":1,"name":"Portada","item":"https:\/\/mlcluster.com\/en\/"},{"@type":"ListItem","position":2,"name":"Strategic Plan"}]},{"@type":"WebSite","@id":"https:\/\/mlcluster.com\/#website","url":"https:\/\/mlcluster.com\/","name":"Basque Country Mobility and Logistics Cluster","description":"Asociaci\u00f3n de empresas de Movilidad y Log\u00edstica del Pa\u00eds Vasco cuya misi\u00f3n es favorecer la competitividad impulsando la innovaci\u00f3n, la cooperaci\u00f3n y la promoci\u00f3n.","potentialAction":[{"@type":"SearchAction","target":{"@type":"EntryPoint","urlTemplate":"https:\/\/mlcluster.com\/?s={search_term_string}"},"query-input":{"@type":"PropertyValueSpecification","valueRequired":true,"valueName":"search_term_string"}}],"inLanguage":"en-US"}]}},"_links":{"self":[{"href":"https:\/\/mlcluster.com\/en\/wp-json\/wp\/v2\/pages\/198428"}],"collection":[{"href":"https:\/\/mlcluster.com\/en\/wp-json\/wp\/v2\/pages"}],"about":[{"href":"https:\/\/mlcluster.com\/en\/wp-json\/wp\/v2\/types\/page"}],"author":[{"embeddable":true,"href":"https:\/\/mlcluster.com\/en\/wp-json\/wp\/v2\/users\/1"}],"replies":[{"embeddable":true,"href":"https:\/\/mlcluster.com\/en\/wp-json\/wp\/v2\/comments?post=198428"}],"version-history":[{"count":20,"href":"https:\/\/mlcluster.com\/en\/wp-json\/wp\/v2\/pages\/198428\/revisions"}],"predecessor-version":[{"id":432660,"href":"https:\/\/mlcluster.com\/en\/wp-json\/wp\/v2\/pages\/198428\/revisions\/432660"}],"wp:attachment":[{"href":"https:\/\/mlcluster.com\/en\/wp-json\/wp\/v2\/media?parent=198428"}],"curies":[{"name":"wp","href":"https:\/\/api.w.org\/{rel}","templated":true}]}}