{"id":198523,"date":"2021-03-22T11:59:01","date_gmt":"2021-03-22T11:59:01","guid":{"rendered":"https:\/\/mlcluster.com\/pribatasun-politika\/"},"modified":"2021-11-30T12:26:38","modified_gmt":"2021-11-30T11:26:38","slug":"privacy-policy","status":"publish","type":"page","link":"https:\/\/mlcluster.com\/en\/privacy-policy\/","title":{"rendered":"Privacy policy"},"content":{"rendered":"<div class=\"wpb-content-wrapper\"><p>[vc_row][vc_column][vc_column_text]<b>Identidad del responsable de los tratamientos:<\/b>\u00a0Cl\u00faster de Movilidad y Log\u00edstica, MLC ITS Euskadi Avenida de Tolosa 75, 1\u00ba. 20018 Donostia-San Sebastian<\/p>\n<p>\u2022 CIF: G01387414<\/p>\n<p>\u2022 Correo electr\u00f3nico: <a href=\"mailto:mlcluster@mlcluster.com\">mlcluster@mlcluster.com<\/a><\/p>\n<p>\u2022 Registro de Asociaciones: AS\/A\/11953\/2005.<\/p>\n<p>De conformidad con la legislaci\u00f3n de protecci\u00f3n de datos y cualquier otra legislaci\u00f3n relevante y actual aplicable, el usuario queda informado de que los datos personales proporcionados, siempre que proceda, se incorporar\u00e1n a un archivo autom\u00e1tico, que se utilizar\u00e1 \u00fanicamente para los fines descritos en los formularios, contratos precontratos u ofertas correspondientes.<\/p>\n<p><b>Datos relativos a socios<\/b>\u00a0En el caso de que Ud. haya facilitado sus datos como persona de contacto de una empresa socia de la Asociaci\u00f3n o como empresario individual, le informamos de que el Cl\u00faster utilizar\u00e1 los datos exclusivamente para el mantenimiento de la relaci\u00f3n contractual y no los ceder\u00e1 a terceros, salvo que dicha cesi\u00f3n de datos fuera necesaria en cumplimiento de la relaci\u00f3n contractual con el titular de los datos o su empresa. Los datos proporcionados se conservar\u00e1n mientras se mantenga la relaci\u00f3n contractual o durante los a\u00f1os necesarios para cumplir con las obligaciones legales. Adem\u00e1s, le informamos que, como socio, el Cl\u00faster podr\u00e1 remitirle informaci\u00f3n comercial a trav\u00e9s de los medios que Ud. haya facilitado, incluido el correo electr\u00f3nico, bas\u00e1ndose en el Inter\u00e9s Leg\u00edtimo regulado por el Reglamento General de Protecci\u00f3n de Datos.<\/p>\n<p><b>Datos relativos a exsocios, colaboradores y potenciales socios<\/b>\u00a0En el caso de que Ud. haya facilitado sus datos como persona de contacto de una empresa que ya no sea socia del cl\u00faster, le informamos de que el Cl\u00faster continuar\u00e1 utilizando los datos relativos a la persona de contacto de la empresa en base al inter\u00e9s leg\u00edtimo establecido por la Ley Org\u00e1nica de Protecci\u00f3n de Datos y Garant\u00eda de Derechos Digitales. As\u00ed mismo, en el caso de que Ud. haya facilitado sus datos como potencial socio o como colaborador, el Cl\u00faster tratar\u00e1 sus datos en base al inter\u00e9s leg\u00edtimo. Los datos ser\u00e1n tratados para poder contactar con Ud. as\u00ed como para poder remitirle informaci\u00f3n que consideramos de su inter\u00e9s a trav\u00e9s de los medios que Ud. haya facilitado, incluido el correo electr\u00f3nico, bas\u00e1ndose en el Inter\u00e9s Leg\u00edtimo. Los datos proporcionados se conservar\u00e1n mientras Ud. no se oponga a su tratamiento. En el caso de que Ud. desee que sus datos no sean tratados por el Cl\u00faster, puede ejercitar sus derechos a trav\u00e9s de los medios indicados en esta pol\u00edtica de privacidad.<\/p>\n<p><b>Datos relativos a contactos<\/b>\u00a0En el caso de que Ud. haya facilitado sus datos como persona de contacto de una entidad o un medio de prensa o cualquier otra entidad an\u00e1loga, le informamos de que el Cl\u00faster utilizar\u00e1 los datos exclusivamente para poder contactar con Ud. para los fines propios de la tipolog\u00eda de datos, es decir contactar con Ud. o la entidad o medio al que representa para posibles eventos o para publicitar alg\u00fan acto organizado por el Cl\u00faster. Dichos datos no se ceder\u00e1n a terceros, salvo que dicha cesi\u00f3n de datos fuera necesaria por las correspondientes obligaciones legales. Los datos proporcionados se conservar\u00e1n mientras el usuario no se oponga a su tratamiento. Adem\u00e1s, le informamos que el Cl\u00faster podr\u00e1 remitirle informaci\u00f3n a trav\u00e9s de los medios que Ud. haya facilitado, incluido el correo electr\u00f3nico, bas\u00e1ndose en el Inter\u00e9s Leg\u00edtimo regulado por el Reglamento General de Protecci\u00f3n de Datos.<\/p>\n<p><b>Datos relativos a asistentes a jornadas<\/b>\u00a0En el caso de que Ud. haya facilitado sus datos como asistente a alguna de las jornadas organizadas por el Cl\u00faster, le informamos de que el Cl\u00faster utilizar\u00e1 los datos para poder organizar dicho evento, as\u00ed como para poder continuar inform\u00e1ndole de la organizaci\u00f3n de otros eventos que consideramos que pueden resultar de su inter\u00e9s. La base legitimadora para el tratamiento como asistente es la relaci\u00f3n contractual o en su defecto su consentimiento al querer asistir al evento y en el caso del env\u00edo de informaci\u00f3n relacionada con la actividad del Cl\u00faster, el inter\u00e9s leg\u00edtimo. Le recordamos que como asistente, en el momento en el que Ud. se inscribi\u00f3 al evento, le informamos de que sus datos podr\u00e1n ser comunicados al resto de asistentes, as\u00ed como a los organizadores de los eventos o patrocinadores de los mismos. La base legitimadora es el inter\u00e9s leg\u00edtimo, dado que Ud es una persona de contacto interesada en las actividades del Cl\u00faster. Ud. en todo momento puede oponerse a que el Cl\u00faster comunique sus datos a los participantes en el evento, patrocinadores, asistentes u organizadores indic\u00e1ndolo en el propio formulario de inscripci\u00f3n al evento correspondiente o poni\u00e9ndote en contacto con el Cl\u00faster a trav\u00e9s de los medios indicados en esta pol\u00edtica.<\/p>\n<p><b>Newsletter: marketing y env\u00edos de inter\u00e9s<\/b> Le informamos de que el Cl\u00faster utiliza los datos de contacto de empresas socias o potenciales socios, o exsocios o colaboradores, o las personas que expresamente soliciten su alta en el Newsletter, para el env\u00edo de informaci\u00f3n relacionada con la actividad del Cl\u00faster. En este sentido los receptores de la informaci\u00f3n pueden ser socios, exsocios, potenciales, colaboradores, asistentes a eventos o contactos con los que previamente se ha contactado desde el Cl\u00faster. En el caso de que un titular de datos est\u00e9 recibiendo este tipo de informaci\u00f3n, se encontrar\u00e1 en alguno de los supuestos enumerados. La informaci\u00f3n que remite el Cl\u00faster entendemos que es la que puede resultar de inter\u00e9s para el receptor y en todo momento est\u00e1 relacionada con los servicios del Cl\u00faster y sobre los que el titular ha mostrado alg\u00fan tipo de inter\u00e9s. La base jur\u00eddica para la licitud en el tratamiento de datos con esta finalidad no es m\u00e1s que el inter\u00e9s leg\u00edtimo del Cl\u00faster. Dicho inter\u00e9s leg\u00edtimo est\u00e1 ponderado al mantenerle informado en todo momento de la posibilidad de darse de baja de estos env\u00edos, al tratarse de datos de contacto de personas que ejercitan su actividad en entidades jur\u00eddicas, por lo que la finalidad perseguida por el cl\u00faster siempre ser\u00e1 de inter\u00e9s empresarial y al remitir informaci\u00f3n relacionada siempre con los servicios del Cl\u00faster, sobre los que el titular ten\u00eda inter\u00e9s. Puede oponerse al tratamiento de los datos con las finalidades apuntadas en cualquier momento mediante el env\u00edo de un email a mlcluster@mlcluster.com El Cl\u00faster conservar\u00e1 sus datos mientras dure la relaci\u00f3n de negocio o contractual con Ud., mientras no indique al Cl\u00faster su deseo de no recibir esta informaci\u00f3n.<\/p>\n<p><b>Datos relativos a proveedores<\/b>\u00a0En el caso de que Ud. haya facilitado sus datos como persona de contacto de una empresa proveedora o como empresario individual, le informamos de que el Cluster utilizar\u00e1 los datos exclusivamente para el mantenimiento de la relaci\u00f3n contractual y no los ceder\u00e1 a terceros, salvo que dicha cesi\u00f3n de datos fuera necesaria en cumplimiento de la relaci\u00f3n contractual con el titular de los datos o su empresa. Los datos proporcionados se conservar\u00e1n mientras se mantenga la relaci\u00f3n contractual o durante los a\u00f1os necesarios para cumplir con las obligaciones legales.<\/p>\n<p><b>Datos relativos a candidatos<\/b>\u00a0En el caso de que Ud. haya facilitado sus datos al Cl\u00faster como potencial candidato a formar parte de la misma, le informamos de que el Cl\u00faster utilizar\u00e1 los datos exclusivamente para gestionar su candidatura a alguna de las vacantes que pudieran existir y no los ceder\u00e1 a terceros. Los datos proporcionados se conservar\u00e1n durante un periodo m\u00e1ximo de dos a\u00f1os. La base legitimadora es su consentimiento en el env\u00edo de su curr\u00edculo.<\/p>\n<p><b>Sus datos en la plataforma de gesti\u00f3n del Cl\u00faster<\/b>\u00a0Le recordamos de que el Cl\u00faster cuenta con una plataforma de gesti\u00f3n de contactos y datos en los que son tratado los datos de los socios, exsocios, colaboradores y potenciales socios. Estos datos, como as\u00ed fue informado, podr\u00e1n compartirse entre todos los usuarios de la plataforma. La base legitimadora para el tratamiento de estos datos y su posibilidad de que estos sean compartidos por todos los usuarios, es el inter\u00e9s leg\u00edtimo del Cl\u00faster. En este sentido, el Cl\u00faster considera que existe un inter\u00e9s leg\u00edtimo ponderado dado que sus datos corresponden a personas de contacto de entidades a las que se dirige el Cl\u00faster y sobre las que este tiene relaci\u00f3n o inter\u00e9s en mantener dicha relaci\u00f3n. La recordamos que puede oponerse al tratamiento de los datos con las finalidades apuntadas en cualquier momento mediante el env\u00edo de un email a mlcluster@mlcluster.com El Cl\u00faster conservar\u00e1 sus datos mientras no se oponga a dicho tratamiento. Adem\u00e1s, en la plataforma tambi\u00e9n se tratar\u00e1n datos de contacto de relativos a asistentes o datos relativos a contactos de prensa u otros contactos del Cl\u00faster: colaboradores, proveedores o cualquiera otro an\u00e1logo, sin embargo, estos datos no se compartir\u00e1n con el resto de usuarios de la plataforma. En todo momento, como usuario de la plataforma, tiene acceso a las condiciones de uso de la misma, que le recordamos que son de obligado cumplimiento.<\/p>\n<p><b>Formularios de contacto<\/b>\u00a0Los datos de car\u00e1cter personal, facilitados en los formularios existentes, ser\u00e1n utilizados para resolver las consultas planteadas en el propio formulario y no se ceder\u00e1n a terceros, salvo que su consulta requiriera tal comunicaci\u00f3n y exclusivamente con esa finalidad. La base leg\u00edtima del tratamiento es su consentimiento al cumplimentar el formulario. Adem\u00e1s, le informamos de que los datos personales permanecer\u00e1n en el Cl\u00faster mientras no se oponga a su tratamiento. Como se ha comentado con anterioridad estos datos podr\u00e1n ser utilizados para el env\u00edo de informaci\u00f3n comercial en base al inter\u00e9s leg\u00edtimo ponderado.<\/p>\n<p><b>Ejercicio de derechos comunes a todos los datos personales<\/b> El titular de los datos tiene derecho a obtener confirmaci\u00f3n sobre si en el Cl\u00faster estamos tratando sus datos personales, por tanto, tiene derecho a acceder a sus datos personales, rectificar los datos inexactos o solicitar su supresi\u00f3n cuando los datos ya no sean necesarios, as\u00ed como a oponerse al tratamiento de sus datos para alguna finalidad aqu\u00ed expuesta como por ejemplo para el env\u00edo de informaci\u00f3n comercial. Ud. cuenta con los derechos de acceso, rectificaci\u00f3n, supresi\u00f3n, oposici\u00f3n, limitaci\u00f3n al tratamiento y portabilidad que podr\u00e1 ejercitar por \u2022 correo electr\u00f3nico: mlcluster@mlcluster.com \u2022 correo postal: Cl\u00faster de Movilidad y Log\u00edstica, MLC ITS Euskadi. Avenida de Tolosa 75, 1\u00ba. 20018 Donostia-San Sebasti\u00e1n En cualquier caso, el titular de datos puede acudir a la autoridad de control que le corresponda para presentar las reclamaciones que considere adecuadas, en caso de estar ubicado en Espa\u00f1a, Agencia Espa\u00f1ola de Protecci\u00f3n de Datos.<\/p>\n<p><b>Veracidad de los datos y actualizaci\u00f3n<\/b>\u00a0El Cl\u00faster presume que los datos personales facilitados a trav\u00e9s de los distintos canales y soportes son veraces, que los suministra directamente el titular, que \u00e9ste es quien dice ser, que los datos est\u00e1n actualizados, que el afectado\/interesado comunicar\u00e1 cualquier modificaci\u00f3n de sus datos desde el momento en que se produzca.<\/p>\n<p><b>Deber de secreto<\/b>\u00a0Las personas que intervienen en el tratamiento de datos concernientes a personas f\u00edsicas y acceden, directamente o indirectamente a los ficheros, observar\u00e1n en todo momento el secreto respecto de los datos personales que conocen en el desarrollo de la actividad. El Deber de Secreto constituye una obligaci\u00f3n para el Cl\u00faster, los miembros de los \u00f3rganos de direcci\u00f3n y gesti\u00f3n, las personas contratadas en r\u00e9gimen de Derecho Laboral, los profesionales que prestan servicios contratados en r\u00e9gimen de Derecho Mercantil. Tambi\u00e9n supone una obligaci\u00f3n para los proveedores de bienes y servicios y sus empleados, los Encargados del Tratamiento y sus empleados, quienes el Encargado del Tratamiento subcontrate y sus empleados. La obligaci\u00f3n de secreto pervive tras extinguirse la relaci\u00f3n laboral o mercantil establecida con el Cl\u00faster, Responsable del tratamiento, as\u00ed como tras el vencimiento de los contratos laborales, mercantiles, etc., que vinculan a los empleados y\/o profesionales con el Encargado del Tratamiento y los proveedores que suministran bienes o prestan servicios al Cl\u00faster.<\/p>\n<p><b>Recomendaci\u00f3n de sitios\/p\u00e1ginas web<\/b>\u00a0El Cl\u00faster, cuando recomienda o enlaza alg\u00fan sitio\/p\u00e1gina web, considera que los mismos son de inter\u00e9s para el usuario. El Cl\u00faster no tiene una obligaci\u00f3n de supervisi\u00f3n respecto de los sitios\/p\u00e1ginas web que enlaza o recomienda. Los mismos los han creado personas jur\u00eddicas, f\u00edsicas u entes sin personalidad ajenos al Cl\u00faster. \u00c9ste no interviene en su gesti\u00f3n, los financia, decide respecto de los contenidos incorporados, ni gestiona o participa en los servicios que los sitios\/p\u00e1ginas web enlazados o recomendados suministran. El Cl\u00faster anular\u00e1 cualquier enlace absteni\u00e9ndose de recomendar el sitio\/p\u00e1gina web cuando tenga constancia fehaciente de que \u00e9ste y\/o los servicios que suministra son il\u00edcitos o lesionan bienes o derechos de terceros susceptibles de indemnizaci\u00f3n.<\/p>\n<p><b>Uso de cookies<\/b>\u00a0Pulse\u00a0<a title=\"Pol\u00edtica de cookies\" href=\"\/politica-de-cookies\/\" target=\"_blank\" rel=\"noopener\">aqu\u00ed\u00a0<\/a>para obtener informaci\u00f3n sobre el uso de cookies.\u00a0<b>Seguridad de los datos<\/b>\u00a0El Cl\u00faster tiene implementados en sus centros de trabajo, locales, sistemas, infraestructuras de comunicaciones, etc., las medidas de seguridad que la normativa de Protecci\u00f3n de Datos de car\u00e1cter personal requiere. Tambi\u00e9n ha adoptado las medidas l\u00f3gicas, f\u00edsicas, organizativas, contractuales, etc., que eviten el acceso de terceros a los datos sin autorizaci\u00f3n, la destrucci\u00f3n, la modificaci\u00f3n, la reproducci\u00f3n, la divulgaci\u00f3n, la transmisi\u00f3n o la reutilizaci\u00f3n de los mismos.\u00a0<b>Vigencia y modificaci\u00f3n de la pol\u00edtica de privacidad<\/b>\u00a0La Pol\u00edtica de Privacidad establecida por el Cl\u00faster est\u00e1 en vigor desde la fecha de su publicaci\u00f3n en la web correspondiente; el usuario puede archivarla y\/o reproducirla. El Cl\u00faster est\u00e1 facultado para modificar su Pol\u00edtica de Privacidad, poni\u00e9ndolo en conocimiento del usuario.[\/vc_column_text][\/vc_column][\/vc_row]<\/p>\n<\/div>","protected":false},"excerpt":{"rendered":"<p>[vc_row][vc_column][vc_column_text]Identidad del responsable de los tratamientos:\u00a0Cl\u00faster de Movilidad y Log\u00edstica, MLC ITS Euskadi Avenida de Tolosa 75, 1\u00ba. 20018 Donostia-San Sebastian \u2022 CIF: G01387414 \u2022 Correo electr\u00f3nico: mlcluster@mlcluster.com \u2022 Registro de Asociaciones: AS\/A\/11953\/2005. De conformidad con la legislaci\u00f3n de protecci\u00f3n de datos y cualquier otra legislaci\u00f3n relevante y actual aplicable, el usuario queda informado de&hellip;<\/p>\n","protected":false},"author":1,"featured_media":0,"parent":0,"menu_order":1020,"comment_status":"closed","ping_status":"closed","template":"","meta":{"footnotes":""},"yoast_head":"<!-- This site is optimized with the Yoast SEO plugin v24.5 - https:\/\/yoast.com\/wordpress\/plugins\/seo\/ -->\n<title>Privacy policy - Basque Country Mobility and Logistics Cluster<\/title>\n<meta name=\"description\" content=\"Cl\u00faster de Movilidad y Log\u00edstica, MLC ITS Euskadi Avenida de Tolosa 75, 1\u00ba. 20018 Donostia-San Sebastian\" \/>\n<meta name=\"robots\" content=\"noindex, nofollow\" \/>\n<meta property=\"og:locale\" content=\"en_US\" \/>\n<meta property=\"og:type\" content=\"article\" \/>\n<meta property=\"og:title\" content=\"Privacy policy - Basque Country Mobility and Logistics Cluster\" \/>\n<meta property=\"og:description\" content=\"Cl\u00faster de Movilidad y Log\u00edstica, MLC ITS Euskadi Avenida de Tolosa 75, 1\u00ba. 20018 Donostia-San Sebastian\" \/>\n<meta property=\"og:url\" content=\"https:\/\/mlcluster.com\/en\/privacy-policy\/\" \/>\n<meta property=\"og:site_name\" content=\"Basque Country Mobility and Logistics Cluster\" \/>\n<meta property=\"article:modified_time\" content=\"2021-11-30T11:26:38+00:00\" \/>\n<meta name=\"twitter:card\" content=\"summary_large_image\" \/>\n<meta name=\"twitter:label1\" content=\"Est. reading time\" \/>\n\t<meta name=\"twitter:data1\" content=\"10 minutes\" \/>\n<script type=\"application\/ld+json\" class=\"yoast-schema-graph\">{\"@context\":\"https:\/\/schema.org\",\"@graph\":[{\"@type\":\"WebPage\",\"@id\":\"https:\/\/mlcluster.com\/en\/privacy-policy\/\",\"url\":\"https:\/\/mlcluster.com\/en\/privacy-policy\/\",\"name\":\"Privacy policy - Basque Country Mobility and Logistics Cluster\",\"isPartOf\":{\"@id\":\"https:\/\/mlcluster.com\/#website\"},\"datePublished\":\"2021-03-22T11:59:01+00:00\",\"dateModified\":\"2021-11-30T11:26:38+00:00\",\"description\":\"Cl\u00faster de Movilidad y Log\u00edstica, MLC ITS Euskadi Avenida de Tolosa 75, 1\u00ba. 20018 Donostia-San Sebastian\",\"breadcrumb\":{\"@id\":\"https:\/\/mlcluster.com\/en\/privacy-policy\/#breadcrumb\"},\"inLanguage\":\"en-US\",\"potentialAction\":[{\"@type\":\"ReadAction\",\"target\":[\"https:\/\/mlcluster.com\/en\/privacy-policy\/\"]}]},{\"@type\":\"BreadcrumbList\",\"@id\":\"https:\/\/mlcluster.com\/en\/privacy-policy\/#breadcrumb\",\"itemListElement\":[{\"@type\":\"ListItem\",\"position\":1,\"name\":\"Portada\",\"item\":\"https:\/\/mlcluster.com\/en\/\"},{\"@type\":\"ListItem\",\"position\":2,\"name\":\"Privacy policy\"}]},{\"@type\":\"WebSite\",\"@id\":\"https:\/\/mlcluster.com\/#website\",\"url\":\"https:\/\/mlcluster.com\/\",\"name\":\"Basque Country Mobility and Logistics Cluster\",\"description\":\"Asociaci\u00f3n de empresas de Movilidad y Log\u00edstica del Pa\u00eds Vasco cuya misi\u00f3n es favorecer la competitividad impulsando la innovaci\u00f3n, la cooperaci\u00f3n y la promoci\u00f3n.\",\"potentialAction\":[{\"@type\":\"SearchAction\",\"target\":{\"@type\":\"EntryPoint\",\"urlTemplate\":\"https:\/\/mlcluster.com\/?s={search_term_string}\"},\"query-input\":{\"@type\":\"PropertyValueSpecification\",\"valueRequired\":true,\"valueName\":\"search_term_string\"}}],\"inLanguage\":\"en-US\"}]}<\/script>\n<!-- \/ Yoast SEO plugin. -->","yoast_head_json":{"title":"Privacy policy - Basque Country Mobility and Logistics Cluster","description":"Cl\u00faster de Movilidad y Log\u00edstica, MLC ITS Euskadi Avenida de Tolosa 75, 1\u00ba. 20018 Donostia-San Sebastian","robots":{"index":"noindex","follow":"nofollow"},"og_locale":"en_US","og_type":"article","og_title":"Privacy policy - Basque Country Mobility and Logistics Cluster","og_description":"Cl\u00faster de Movilidad y Log\u00edstica, MLC ITS Euskadi Avenida de Tolosa 75, 1\u00ba. 20018 Donostia-San Sebastian","og_url":"https:\/\/mlcluster.com\/en\/privacy-policy\/","og_site_name":"Basque Country Mobility and Logistics Cluster","article_modified_time":"2021-11-30T11:26:38+00:00","twitter_card":"summary_large_image","twitter_misc":{"Est. reading time":"10 minutes"},"schema":{"@context":"https:\/\/schema.org","@graph":[{"@type":"WebPage","@id":"https:\/\/mlcluster.com\/en\/privacy-policy\/","url":"https:\/\/mlcluster.com\/en\/privacy-policy\/","name":"Privacy policy - Basque Country Mobility and Logistics Cluster","isPartOf":{"@id":"https:\/\/mlcluster.com\/#website"},"datePublished":"2021-03-22T11:59:01+00:00","dateModified":"2021-11-30T11:26:38+00:00","description":"Cl\u00faster de Movilidad y Log\u00edstica, MLC ITS Euskadi Avenida de Tolosa 75, 1\u00ba. 20018 Donostia-San Sebastian","breadcrumb":{"@id":"https:\/\/mlcluster.com\/en\/privacy-policy\/#breadcrumb"},"inLanguage":"en-US","potentialAction":[{"@type":"ReadAction","target":["https:\/\/mlcluster.com\/en\/privacy-policy\/"]}]},{"@type":"BreadcrumbList","@id":"https:\/\/mlcluster.com\/en\/privacy-policy\/#breadcrumb","itemListElement":[{"@type":"ListItem","position":1,"name":"Portada","item":"https:\/\/mlcluster.com\/en\/"},{"@type":"ListItem","position":2,"name":"Privacy policy"}]},{"@type":"WebSite","@id":"https:\/\/mlcluster.com\/#website","url":"https:\/\/mlcluster.com\/","name":"Basque Country Mobility and Logistics Cluster","description":"Asociaci\u00f3n de empresas de Movilidad y Log\u00edstica del Pa\u00eds Vasco cuya misi\u00f3n es favorecer la competitividad impulsando la innovaci\u00f3n, la cooperaci\u00f3n y la promoci\u00f3n.","potentialAction":[{"@type":"SearchAction","target":{"@type":"EntryPoint","urlTemplate":"https:\/\/mlcluster.com\/?s={search_term_string}"},"query-input":{"@type":"PropertyValueSpecification","valueRequired":true,"valueName":"search_term_string"}}],"inLanguage":"en-US"}]}},"_links":{"self":[{"href":"https:\/\/mlcluster.com\/en\/wp-json\/wp\/v2\/pages\/198523"}],"collection":[{"href":"https:\/\/mlcluster.com\/en\/wp-json\/wp\/v2\/pages"}],"about":[{"href":"https:\/\/mlcluster.com\/en\/wp-json\/wp\/v2\/types\/page"}],"author":[{"embeddable":true,"href":"https:\/\/mlcluster.com\/en\/wp-json\/wp\/v2\/users\/1"}],"replies":[{"embeddable":true,"href":"https:\/\/mlcluster.com\/en\/wp-json\/wp\/v2\/comments?post=198523"}],"version-history":[{"count":0,"href":"https:\/\/mlcluster.com\/en\/wp-json\/wp\/v2\/pages\/198523\/revisions"}],"wp:attachment":[{"href":"https:\/\/mlcluster.com\/en\/wp-json\/wp\/v2\/media?parent=198523"}],"curies":[{"name":"wp","href":"https:\/\/api.w.org\/{rel}","templated":true}]}}