{"id":198527,"date":"2021-03-22T12:08:18","date_gmt":"2021-03-22T12:08:18","guid":{"rendered":"https:\/\/mlcluster.com\/aviso-legal\/"},"modified":"2026-04-22T12:10:24","modified_gmt":"2026-04-22T10:10:24","slug":"legal-notice","status":"publish","type":"page","link":"https:\/\/mlcluster.com\/en\/legal-notice\/","title":{"rendered":"Legal Notice"},"content":{"rendered":"<div class=\"wpb-content-wrapper\"><p>[vc_row][vc_column][vc_column_text css=&#8221;&#8221;]<strong>Website controller<\/strong> Cl\u00faster de Movilidad y Log\u00edstica, MLC ITS Euskadi (hereinafter MLC ITS) Avenida de Tolosa 75, 1\u00ba. 20018 Donostia-San Sebasti\u00e1n<\/p>\n<ul>\n<li>CIF: G01387414<\/li>\n<li>Email: <a href=\"mailto:mlcluster@mlcluster.com\">mlcluster@mlcluster.com<\/a><\/li>\n<li>Register of Associations: General Register of Associations of the Basque Country, registration number AS\/A\/11953\/2005.<\/li>\n<\/ul>\n<p>In addition to the above postal address, users may contact us at mlcluster@mlcluster.com to submit any requests, enquiries or complaints. Access to and use of the website(s) confers the status of User and implies acceptance of this Legal Notice in the version published at the time of access. If you do not agree with it, you must refrain from accessing the website or using the services provided through it. This Legal Notice is governed by the principles of legality and good faith. The User undertakes to use the website and the information or services provided in accordance with the law, accepted standards of conduct and public order. Unauthorised use of the information contained on this website, its resale, or any infringement of third-party rights will give rise to the liabilities established by law. We particularly recommend that you read our <a href=\"https:\/\/mlcluster.com\/politica-de-privacidad\/\">Privacy Policy<\/a> and <a href=\"https:\/\/mlcluster.com\/politica-de-cookies\/\">Cookie Policy<\/a>. Access to certain content, products and\/or services offered through the website may be subject to specific conditions which, as applicable, replace, supplement and\/or amend this Legal Notice. Therefore, prior to accessing and\/or using such content, products and\/or services, the User must carefully read the relevant specific conditions. In the event of any discrepancy between this Legal Notice and the specific conditions applicable to each service or product, the latter shall prevail. MLC ITS shall not be liable for any misuse or misappropriation of the content or information published on the website. The User acknowledges and accepts that all information and\/or content accessed through the website is for their sole personal and non-transferable use. The transfer to third parties, in any form whatsoever, of all or part of the information and\/or content to which the User may have access through the Website is prohibited. In compliance with the provisions of the Law on Information Society Services and the General Data Protection Regulation, MLC ITS may send you, by email or by any other similar means, advertising information related to the activities of MLC ITS, on the basis of a balanced legitimate interest.<\/p>\n<p><strong>Industrial\/Intellectual Property<\/strong> The domain names of the websites belonging to MLC ITS are the property of MLC ITS. This website includes trademarks, logos, images, texts, designs, slogans and other content whose rights belong to MLC ITS or for which it holds the corresponding licence of use. The User expressly acknowledges such ownership and understands that they acquire no rights whatsoever over them, nor may they modify or make use of them. All such content, without the express written consent of its owners, duly signed, shall be considered unauthorised use. The User is not authorised to use MLC ITS trademarks on any other website.\u00a0 In the event that the User accesses and\/or downloads any content and\/or elements made available through the Website, as well as any applications available for that purpose, this shall not grant them any rights over them, as each entity only authorises their personal and non-transferable use and retains all rights over them. Any act of reproduction, distribution, public communication, making available, transformation, as well as any other form of exploitation of all or part of such content or elements, carried out in any form or by any means, shall require the prior written consent of the Cluster or, where applicable, of the its rights holder. Access to and browsing of the Website shall in no case be interpreted as a waiver, transfer, licence or assignment, in whole or in part, of the aforementioned rights by the corresponding rights holder.<\/p>\n<p><strong>Unauthorised use<\/strong> The User undertakes not to use the Website and its contents for unlawful purposes or activities. The User shall not be entitled to modify any of the materials included on the Website. Likewise, the User may not copy, distribute, transmit, display, perform, or in general reproduce in any manner whatsoever, publish, authorise or create any work based on the information or content included on the Website.<\/p>\n<p><strong>Modifications<\/strong> The Website may contain some typographical errors. We reserve the right to modify the content of the Website without prior notice.<\/p>\n<p><strong>Links<\/strong> For improved Website performance, links to third parties may be included, to which our Legal Notice and Privacy Policy do not apply and which are outside the control of MLC ITS. Such sites must have their own independent Privacy Policy and Legal Notice and, although we seek to protect the integrity of our site, MLC ITS cannot be held responsible, nor shall it be deemed responsible, for the content and activities of such sites. Your visit to or access to such sites is therefore your responsibility.<\/p>\n<p><strong>Privacy Policy and Cookies<\/strong> To find out more about our <a href=\"https:\/\/mlcluster.com\/politica-de-privacidad\/\">Privacy Policy<\/a> and <a href=\"https:\/\/mlcluster.com\/politica-de-cookies\/\">Cookie Policy<\/a>, please click on the corresponding links.<\/p>\n<p><strong>Disclaimer of liability<\/strong>\u00a0The information and content provided through the Website have been prepared by specialists.<br \/>\nNevertheless, MLC ITS recommends that you always consult a professional before making any decision, and therefore accepts no responsibility, to the extent permitted by law, for any liability for damages of any nature arising from: \u2022 Any inaccuracy that may exist in the system. \u2022 Non-compliance with the law, good faith, public order, established practice and this legal notice as a result of improper use of the Website.<\/p>\n<ol>\n<li><strong> Exclusion of warranties and liability for the Content<\/strong><\/li>\n<\/ol>\n<p><strong>(a) Quality<\/strong> MLC ITS does not guarantee that the content of the Website is up to date, complete and accurate, or that it is free from defects and\/or errors.<br \/>\nUnder no circumstances shall MLC ITS be liable for any type of damage that Users or third parties may cause to the Website.<br \/>\nMLC ITS does not control or guarantee the absence of viruses or other elements in the Content that may cause alterations to your computer system (software and hardware) or to the electronic documents and files stored on your computer system.<br \/>\nMLC ITS excludes any liability for damages of any kind that may arise from the presence of viruses or other elements in the content that may cause alterations to Users\u2019 computer systems, electronic documents or files.<\/p>\n<p><strong>(b) Lawfulness, reliability and usefulness<\/strong>\u00a0MLC ITS does not guarantee the lawfulness, reliability or usefulness of the Content, and shall in no case be liable for any failure to meet the expectations placed by the User on the information, products and\/or services offered through the Website.<br \/>\nMLC ITS shall not be liable for the usefulness and effectiveness of recommendations, treatments, measures and other information on prevention, health, improvement and quality of life, habits and lifestyles, which are provided in a general and broad manner, and Users must consult and seek advice personally from a professional.<br \/>\nMLC ITS excludes, to the fullest extent permitted by law, any liability for damages of any kind that may arise from the transmission, dissemination, storage, making available, receipt, obtaining or access to the content, and in particular, but not limited to, damages that may arise from:<br \/>\n(I) non-compliance with the law, accepted standards of morality and public order as a result of the transmission, dissemination, storage, making available, receipt, obtaining or access to the content;<br \/>\n(II) infringement of intellectual and industrial property rights, trade secrets, contractual commitments of any kind, rights to honour, personal and family privacy and image rights, property rights and any other rights belonging to a third party as a result of the transmission, dissemination, storage, making available, receipt, obtaining or access to the content;<br \/>\n(III) acts of unfair competition and unlawful advertising as a result of the transmission, dissemination, storage, making available, receipt, obtaining or access to the content;<br \/>\n(IV) lack of truthfulness, accuracy, completeness, relevance and\/or currency of the content;<br \/>\n(V) unsuitability for any purpose and failure to meet expectations generated by the content;<br \/>\n(VI) non-compliance, delay in compliance, defective performance or termination for any reason of obligations assumed by third parties and contracts entered into with third parties through or as a result of access to the content;<br \/>\n(VII) defects of any kind in the content transmitted, disseminated, stored, made available or otherwise transmitted or made available, received, obtained or accessed through the Website or the services.<\/p>\n<p><strong>(c) Truthfulness, accuracy, completeness and up-to-dateness of third-party content.<\/strong>\u00a0MLC ITS does not guarantee the truthfulness, accuracy, completeness or up-to-dateness of the content, nor the information provided by its collaborators, clients and\/or users, nor the effectiveness and quality of the use made by such collaborators, clients and\/or users of the website and the information contained therein.<br \/>\nMLC ITS shall not be responsible for contributions, opinions, judgments, comments or content provided by collaborators, clients and\/or users through any of the mechanisms made available to users that infringe applicable law and\/or violate the rights of third parties, nor does it necessarily share the opinions and content provided. Legal responsibility shall lie with the collaborator, client and\/or user who commits the infringement.<\/p>\n<ol start=\"2\">\n<li><strong> Exclusion of warranties and liability for the operation of the Website<\/strong><\/li>\n<\/ol>\n<p><strong>(a) Availability and continuity, usefulness and fallibility<\/strong> MLC ITS has adopted the necessary measures to ensure the proper functioning of the Website. However, MLC ITS shall not be liable for the unavailability of the Website at any given time, whether due to technical causes, system maintenance, interference, interruptions by internet service providers or any other cause, or for failures in access, operation and performance of the Website, nor for interruptions, suspensions or malfunctioning due to causes beyond the control of MLC ITS. MLC ITS excludes any liability for damages of any kind that may arise from the lack of availability or continuity of the Website, from the loss of usefulness that Users may have attributed to the Website, from the Website\u2019s fallibility, and in particular, but not exclusively, from failures in access to different pages of the Website or those from which the service is provided.<\/p>\n<p><strong>(b) Privacy and security in the use of the Website<\/strong>\u00a0MLC ITS does not guarantee the privacy and security of the use of the Website and, in particular, does not guarantee that unauthorised third parties cannot become aware of the nature, conditions, characteristics and circumstances of the use made by Users of the Website.<br \/>\nMLC ITS accepts no liability for damages of any kind that may arise from the knowledge that unauthorised third parties may obtain regarding the nature, conditions, characteristics and circumstances of the use made by Users of the Website.<\/p>\n<p><strong>No waiver<\/strong>\u00a0If MLC ITS does not enforce any of the provisions set out in the above sections, this shall in no case be construed as a waiver of such provision.<\/p>\n<p><strong>Applicable law and jurisdiction:<\/strong>\u00a0This Legal Notice is governed by Spanish law. Where the User is not a \u201cconsumer or user\u201d as defined under Spanish legislation, and unless mandatory applicable law provides otherwise, the parties agree to submit to the Courts and Tribunals of San Sebasti\u00e1n, Spain, expressly waiving any other jurisdiction to which they may be entitled.[\/vc_column_text][\/vc_column][\/vc_row]<\/p>\n<\/div>","protected":false},"excerpt":{"rendered":"<p>[vc_row][vc_column][vc_column_text css=&#8221;&#8221;]Website controller Cl\u00faster de Movilidad y Log\u00edstica, MLC ITS Euskadi (hereinafter MLC ITS) Avenida de Tolosa 75, 1\u00ba. 20018 Donostia-San Sebasti\u00e1n CIF: G01387414 Email: mlcluster@mlcluster.com Register of Associations: General Register of Associations of the Basque Country, registration number AS\/A\/11953\/2005. In addition to the above postal address, users may contact us at mlcluster@mlcluster.com to submit&hellip;<\/p>\n","protected":false},"author":1,"featured_media":0,"parent":0,"menu_order":1000,"comment_status":"closed","ping_status":"closed","template":"","meta":{"footnotes":""},"yoast_head":"<!-- This site is optimized with the Yoast SEO plugin v24.5 - https:\/\/yoast.com\/wordpress\/plugins\/seo\/ -->\n<title>Legal Notice - Basque Country Mobility and Logistics Cluster<\/title>\n<meta name=\"description\" content=\"Cl\u00faster de Movilidad y Log\u00edstica, MLC ITS Euskadi Avenida de Tolosa 75, 1\u00ba. 20018 Donostia-San Sebastian\" \/>\n<meta name=\"robots\" content=\"noindex, nofollow\" \/>\n<meta property=\"og:locale\" content=\"en_US\" \/>\n<meta property=\"og:type\" content=\"article\" \/>\n<meta property=\"og:title\" content=\"Legal Notice - Basque Country Mobility and Logistics Cluster\" \/>\n<meta property=\"og:description\" content=\"Cl\u00faster de Movilidad y Log\u00edstica, MLC ITS Euskadi Avenida de Tolosa 75, 1\u00ba. 20018 Donostia-San Sebastian\" \/>\n<meta property=\"og:url\" content=\"https:\/\/mlcluster.com\/en\/legal-notice\/\" \/>\n<meta property=\"og:site_name\" content=\"Basque Country Mobility and Logistics Cluster\" \/>\n<meta property=\"article:modified_time\" content=\"2026-04-22T10:10:24+00:00\" \/>\n<meta name=\"twitter:card\" content=\"summary_large_image\" \/>\n<meta name=\"twitter:label1\" content=\"Est. reading time\" \/>\n\t<meta name=\"twitter:data1\" content=\"10 minutes\" \/>\n<script type=\"application\/ld+json\" class=\"yoast-schema-graph\">{\"@context\":\"https:\/\/schema.org\",\"@graph\":[{\"@type\":\"WebPage\",\"@id\":\"https:\/\/mlcluster.com\/en\/legal-notice\/\",\"url\":\"https:\/\/mlcluster.com\/en\/legal-notice\/\",\"name\":\"Legal Notice - Basque Country Mobility and Logistics Cluster\",\"isPartOf\":{\"@id\":\"https:\/\/mlcluster.com\/#website\"},\"datePublished\":\"2021-03-22T12:08:18+00:00\",\"dateModified\":\"2026-04-22T10:10:24+00:00\",\"description\":\"Cl\u00faster de Movilidad y Log\u00edstica, MLC ITS Euskadi Avenida de Tolosa 75, 1\u00ba. 20018 Donostia-San Sebastian\",\"breadcrumb\":{\"@id\":\"https:\/\/mlcluster.com\/en\/legal-notice\/#breadcrumb\"},\"inLanguage\":\"en-US\",\"potentialAction\":[{\"@type\":\"ReadAction\",\"target\":[\"https:\/\/mlcluster.com\/en\/legal-notice\/\"]}]},{\"@type\":\"BreadcrumbList\",\"@id\":\"https:\/\/mlcluster.com\/en\/legal-notice\/#breadcrumb\",\"itemListElement\":[{\"@type\":\"ListItem\",\"position\":1,\"name\":\"Portada\",\"item\":\"https:\/\/mlcluster.com\/en\/\"},{\"@type\":\"ListItem\",\"position\":2,\"name\":\"Legal Notice\"}]},{\"@type\":\"WebSite\",\"@id\":\"https:\/\/mlcluster.com\/#website\",\"url\":\"https:\/\/mlcluster.com\/\",\"name\":\"Basque Country Mobility and Logistics Cluster\",\"description\":\"Asociaci\u00f3n de empresas de Movilidad y Log\u00edstica del Pa\u00eds Vasco cuya misi\u00f3n es favorecer la competitividad impulsando la innovaci\u00f3n, la cooperaci\u00f3n y la promoci\u00f3n.\",\"potentialAction\":[{\"@type\":\"SearchAction\",\"target\":{\"@type\":\"EntryPoint\",\"urlTemplate\":\"https:\/\/mlcluster.com\/?s={search_term_string}\"},\"query-input\":{\"@type\":\"PropertyValueSpecification\",\"valueRequired\":true,\"valueName\":\"search_term_string\"}}],\"inLanguage\":\"en-US\"}]}<\/script>\n<!-- \/ Yoast SEO plugin. -->","yoast_head_json":{"title":"Legal Notice - Basque Country Mobility and Logistics Cluster","description":"Cl\u00faster de Movilidad y Log\u00edstica, MLC ITS Euskadi Avenida de Tolosa 75, 1\u00ba. 20018 Donostia-San Sebastian","robots":{"index":"noindex","follow":"nofollow"},"og_locale":"en_US","og_type":"article","og_title":"Legal Notice - Basque Country Mobility and Logistics Cluster","og_description":"Cl\u00faster de Movilidad y Log\u00edstica, MLC ITS Euskadi Avenida de Tolosa 75, 1\u00ba. 20018 Donostia-San Sebastian","og_url":"https:\/\/mlcluster.com\/en\/legal-notice\/","og_site_name":"Basque Country Mobility and Logistics Cluster","article_modified_time":"2026-04-22T10:10:24+00:00","twitter_card":"summary_large_image","twitter_misc":{"Est. reading time":"10 minutes"},"schema":{"@context":"https:\/\/schema.org","@graph":[{"@type":"WebPage","@id":"https:\/\/mlcluster.com\/en\/legal-notice\/","url":"https:\/\/mlcluster.com\/en\/legal-notice\/","name":"Legal Notice - Basque Country Mobility and Logistics Cluster","isPartOf":{"@id":"https:\/\/mlcluster.com\/#website"},"datePublished":"2021-03-22T12:08:18+00:00","dateModified":"2026-04-22T10:10:24+00:00","description":"Cl\u00faster de Movilidad y Log\u00edstica, MLC ITS Euskadi Avenida de Tolosa 75, 1\u00ba. 20018 Donostia-San Sebastian","breadcrumb":{"@id":"https:\/\/mlcluster.com\/en\/legal-notice\/#breadcrumb"},"inLanguage":"en-US","potentialAction":[{"@type":"ReadAction","target":["https:\/\/mlcluster.com\/en\/legal-notice\/"]}]},{"@type":"BreadcrumbList","@id":"https:\/\/mlcluster.com\/en\/legal-notice\/#breadcrumb","itemListElement":[{"@type":"ListItem","position":1,"name":"Portada","item":"https:\/\/mlcluster.com\/en\/"},{"@type":"ListItem","position":2,"name":"Legal Notice"}]},{"@type":"WebSite","@id":"https:\/\/mlcluster.com\/#website","url":"https:\/\/mlcluster.com\/","name":"Basque Country Mobility and Logistics Cluster","description":"Asociaci\u00f3n de empresas de Movilidad y Log\u00edstica del Pa\u00eds Vasco cuya misi\u00f3n es favorecer la competitividad impulsando la innovaci\u00f3n, la cooperaci\u00f3n y la promoci\u00f3n.","potentialAction":[{"@type":"SearchAction","target":{"@type":"EntryPoint","urlTemplate":"https:\/\/mlcluster.com\/?s={search_term_string}"},"query-input":{"@type":"PropertyValueSpecification","valueRequired":true,"valueName":"search_term_string"}}],"inLanguage":"en-US"}]}},"_links":{"self":[{"href":"https:\/\/mlcluster.com\/en\/wp-json\/wp\/v2\/pages\/198527"}],"collection":[{"href":"https:\/\/mlcluster.com\/en\/wp-json\/wp\/v2\/pages"}],"about":[{"href":"https:\/\/mlcluster.com\/en\/wp-json\/wp\/v2\/types\/page"}],"author":[{"embeddable":true,"href":"https:\/\/mlcluster.com\/en\/wp-json\/wp\/v2\/users\/1"}],"replies":[{"embeddable":true,"href":"https:\/\/mlcluster.com\/en\/wp-json\/wp\/v2\/comments?post=198527"}],"version-history":[{"count":2,"href":"https:\/\/mlcluster.com\/en\/wp-json\/wp\/v2\/pages\/198527\/revisions"}],"predecessor-version":[{"id":453098,"href":"https:\/\/mlcluster.com\/en\/wp-json\/wp\/v2\/pages\/198527\/revisions\/453098"}],"wp:attachment":[{"href":"https:\/\/mlcluster.com\/en\/wp-json\/wp\/v2\/media?parent=198527"}],"curies":[{"name":"wp","href":"https:\/\/api.w.org\/{rel}","templated":true}]}}