{"id":198784,"date":"2021-05-18T14:26:30","date_gmt":"2021-05-18T12:26:30","guid":{"rendered":"https:\/\/mlcluster.com\/grupos-de-trabajo\/"},"modified":"2022-05-16T17:01:29","modified_gmt":"2022-05-16T15:01:29","slug":"working-groups","status":"publish","type":"page","link":"https:\/\/mlcluster.com\/en\/working-groups\/","title":{"rendered":"Committees and working groups"},"content":{"rendered":"<div class=\"wpb-content-wrapper\"><p>[vc_row full_width=&#8221;stretch_row&#8221; bg_type=&#8221;bg_color&#8221; bg_override=&#8221;ex-full&#8221; bg_color_value=&#8221;#dd3333&#8243; css=&#8221;.vc_custom_1622460152519{margin-bottom: 20px !important;}&#8221;][vc_column][vc_column_text css=&#8221;.vc_custom_1638525033373{margin-top: -20px !important;margin-bottom: 15px !important;padding-top: 0px !important;padding-bottom: 0px !important;}&#8221;]<\/p>\n<p style=\"color: white; text-align: right;\"><a style=\"color: white;\" href=\"\/en\/\">Home<\/a> \/ Activity \/ <a style=\"color: white;\" href=\"\/en\/working-groups\/ \">Working groups<\/a><\/p>\n<p>[\/vc_column_text][\/vc_column][\/vc_row][vc_row equal_height=&#8221;yes&#8221; css=&#8221;.vc_custom_1621844457202{margin-top: -35px !important;}&#8221;][vc_column css=&#8221;.vc_custom_1620731232713{background-position: 0 0 !important;background-repeat: no-repeat !important;}&#8221;]<div id=\"ultimate-heading-881069dd4304b95b1\" class=\"uvc-heading ult-adjust-bottom-margin ultimate-heading-881069dd4304b95b1 uvc-3252 \" data-hspacer=\"line_with_icon\" data-hline_width=\"100\" data-hicon_type=\"selector\" data-hborder_style=\"solid\" data-hborder_height=\"3\" data-hborder_color=\"#b0b0af\" data-icon_width=\"20\" data-hfixer=\"10\"  data-halign=\"center\" style=\"text-align:center\"><div class=\"uvc-main-heading ult-responsive\"  data-ultimate-target='.uvc-heading.ultimate-heading-881069dd4304b95b1 h1'  data-responsive-json-new='{\"font-size\":\"mobile_landscape:22px;mobile:22px;\",\"line-height\":\"mobile_landscape:28px;mobile:28px;\"}' ><h1 style=\"--font-weight:theme;\">Committees and working groups<\/h1><\/div><div class=\"uvc-heading-spacer line_with_icon\" style=\"margin-top:10px;margin-bottom:10px;height:20px;\"><div class=\"ult-just-icon-wrapper  \"><div class=\"align-icon\" style=\"text-align:center;\">\n<div class=\"aio-icon none \"  style=\"font-size:20px;display:inline-block;\">\n\t<i class=\"icomoon-the7-font-the7-arrow-05\"><\/i>\n<\/div><\/div><\/div><\/div><\/div>[\/vc_column][\/vc_row][vc_row full_width=&#8221;stretch_row&#8221; equal_height=&#8221;yes&#8221;][vc_column css=&#8221;.vc_custom_1620991834681{margin-top: 0px !important;padding-top: 0px !important;}&#8221;]<div class=\"ult-spacer spacer-69dd4304b9606\" data-id=\"69dd4304b9606\" data-height=\"30\" data-height-mobile=\"20\" data-height-tab=\"30\" data-height-tab-portrait=\"30\" data-height-mobile-landscape=\"20\" style=\"clear:both;display:block;\"><\/div>[vc_row][vc_column width=\"1\/5\"]<span class=\"searchtitle cifras\">Committees and working groups<\/span>\n\t\t<div class=\"info-figures standard-arrow list-divider bullet-top\">\n\t\tThe Cluster resorts to committees and working groups to stimulate specific activities.\n\t\t<\/div>\n\t\t[vc_separator border_width=\"2\"]<form id=\"search_grupos_trabajo_form\" action=\"https:\/\/mlcluster.com\/en\/working-groups\/\"><span class=\"searchtitle\">Search engine<\/span><span class=\"formtitle\">By modality<\/span><ul class='formfilter'>\n    <li>\n      <label><input type='checkbox' name='caracter[]' value='1'> Open<\/label>\n    <\/li>\n    <li>\n      <label><input type='checkbox' name='caracter[]' value='2'> By invitation<\/label>\n    <\/li>\n  <\/ul><span class=\"formtitle\">By status<\/span><ul class='formfilter'>\n    <li>\n      <label><input type='checkbox' name='estado[]' value='1'> Underway<\/label>\n    <\/li>\n    <li>\n      <label><input type='checkbox' name='estado[]' value='2'> Completed<\/label>\n    <\/li>\n  <\/ul><div class='btn-align-center'><button id='clean_filter' input class='default-btn-shortcode dt-btn dt-btn-s link-hover-off'><i class='icomoon-the7-font-icon-gallery-011-2'><\/i> CLEAR SELECTION<\/button><\/div><\/form><div class=\"ult-spacer spacer-69dd4304bf98d\" data-id=\"69dd4304bf98d\" data-height=\"40\" data-height-mobile=\"20\" data-height-tab=\"40\" data-height-tab-portrait=\"40\" data-height-mobile-landscape=\"20\" style=\"clear:both;display:block;\"><\/div><style>\n    ul.formfilter {\n      font-family: \"Dosis\", Helvetica, Arial, Verdana, sans-serif;\n      color: #000;\n      font-size: 15px;\n      font-weight: 600;\n      margin: 0px 0px 20px 0px;\n    }\n    ul.formfilter li {  \n      list-style-type: none; \n    }\n\n    ul.formfilter > li {\n      font-size: 15px;  \n      font-weight: 400;\n    }\n\n    \/*ul.formfilter > li input[type=checkbox] {\n      display: none;\n    }*\/\n\n    span.formtitle {\n      display: inline-block;\n      font-family: \"Dosis\", Helvetica, Arial, Verdana, sans-serif;\n      color: #000;\n      font-size: 16px;\n      font-weight: 600;\n      text-transform: uppercase;\n      margin: 0px 0px 10px 0px;\n      position: relative;\n    }\n\n    span.formtitle:after {\n      content: '|';\n      display: block;\n      position: absolute;\n      top: 0px;\n      right: -9px;\n      color: #b5b5b5;\n    }\n\n    .search-grupos_trabajo-item span.formtitle:after {\n      display: none;\n    }\n\n    span.searchtitle {\n      display: block;\n      padding: 0px;\n      margin: 0px 0px 20px 0px;\n      font-family: 'Dosis', Helvetica, Arial, Verdana, sans-serif;\n      text-transform: uppercase;\n      color: #000;\n      font-size: 22px;\n      position: relative;\n      font-weight: 600;\n    }\n    \n    span.searchtitle.cifras {\n      background: url('https:\/\/mlcluster.com\/wp-content\/uploads\/2021\/04\/empleo.png') left top no-repeat;\n      background-size: auto 28px;\n      padding: 3px 5px 3px 34px;\n    }\n    \n    \n    .info-figures.standard-arrow {\n      margin-left: 34px;\n    }\n  \n\n    .dt-btn {\n      font-size: 12px;\n      width: 100%;\n    }\n\n    .vc_hidden {\n      opacity: 1 !important;\n    }\n  <\/style><script type='text\/javascript'>  \n  jQuery(function(){\n    jQuery('#search_grupos_trabajo_form input[type=checkbox]').on('change',function(){\n      jQuery('#search_grupos_trabajo_form').submit();\n    });\n\n    jQuery('#clean_filter').click(function(e) {\n      e.preventDefault();\n      jQuery('#search_grupos_trabajo_form input[type=checkbox]').prop('checked', false );\n      jQuery('#search_grupos_trabajo_form').submit();\n    });\n  });\n<\/script>[\/vc_column][vc_column width=\"4\/5\"]<div class='search-grupos_trabajo'><div class='search-grupos_trabajo-item'>\n      <span class='formtitle'><a href='https:\/\/mlcluster.com\/en\/working-groups\/?orderby=_grupo_trabajo_titulo&order=ASC'>Name<\/a><\/span>\n      <span class='formtitle'>Description<\/span>\n      <span class='formtitle'><a href='https:\/\/mlcluster.com\/en\/working-groups\/?orderby=_grupo_trabajo_caracter&order=ASC'>Modality<\/a><\/span>\n      <span class='formtitle'><a href='https:\/\/mlcluster.com\/en\/working-groups\/?orderby=_grupo_trabajo_estado&order=ASC'>Status<\/a><\/span>\n    <\/div><div class='search-grupos_trabajo-item'>\n          <a href='https:\/\/mlcluster.com\/en\/grupo_trabajo\/administraciones\/' title='ADMINISTRACIONES'>ADMINISTRACIONES<\/a>\n          <p>Integrado principalmente por t&eacute;cnicos de la administraci&oacute;n, el objetivo de este grupo es servir de foro de encuentro de las&hellip;<\/p>\n          <p>By invitation<\/p>\n          <p><img src='https:\/\/mlcluster.com\/wp-content\/themes\/dt-the7-child\/img\/en-ejecucion.svg' style='width: 25px;' alt='Underway'  title='Underway' \/><\/p>\n        <\/div><div class='search-grupos_trabajo-item'>\n          <a href='https:\/\/mlcluster.com\/en\/grupo_trabajo\/agenda-tecnologica\/' title='AGENDA TECNOLOGICA'>AGENDA TECNOLOGICA<\/a>\n          <p>La Agenda Tecnol&oacute;gica es un proyecto en colaboraci&oacute;n con UniPort que tiene como objetivo conseguir una visi&oacute;n compartida de la&hellip;<\/p>\n          <p>By invitation<\/p>\n          <p><img src='https:\/\/mlcluster.com\/wp-content\/themes\/dt-the7-child\/img\/en-ejecucion.svg' style='width: 25px;' alt='Underway'  title='Underway' \/><\/p>\n        <\/div><div class='search-grupos_trabajo-item'>\n          <a href='https:\/\/mlcluster.com\/en\/grupo_trabajo\/formacion\/' title='COMIT\u00c9 DE FORMACI\u00d3N'>COMIT\u00c9 DE FORMACI\u00d3N<\/a>\n          <p>Grupo de Trabajo compuesto por entidades ofertadoras de formaci&oacute;n, ya sea reglada, como no reglada, y en todos los niveles&hellip;<\/p>\n          <p>By invitation<\/p>\n          <p><img src='https:\/\/mlcluster.com\/wp-content\/themes\/dt-the7-child\/img\/en-ejecucion.svg' style='width: 25px;' alt='Underway'  title='Underway' \/><\/p>\n        <\/div><div class='search-grupos_trabajo-item'>\n          <a href='https:\/\/mlcluster.com\/en\/grupo_trabajo\/dum-bilbao\/' title='DUM BILBAO'>DUM BILBAO<\/a>\n          <p>El Foro de Distribuci&oacute;n Urbana de Mercanc&iacute;as de Bilbao, integrado por operadores, distribuidores, comercios y otros agentes relevantes en la&hellip;<\/p>\n          <p>By invitation<\/p>\n          <p><img src='https:\/\/mlcluster.com\/wp-content\/themes\/dt-the7-child\/img\/en-ejecucion.svg' style='width: 25px;' alt='Underway'  title='Underway' \/><\/p>\n        <\/div><div class='search-grupos_trabajo-item'>\n          <a href='https:\/\/mlcluster.com\/en\/grupo_trabajo\/dum-donostia\/' title='DUM DONOSTIA'>DUM DONOSTIA<\/a>\n          <p>El Foro de Distribuci&oacute;n Urbana de Mercanc&iacute;as de Donostia-San Sebasti&aacute;n, integrado por operadores, distribuidores, comercios y otros agentes relevantes en&hellip;<\/p>\n          <p>By invitation<\/p>\n          <p><img src='https:\/\/mlcluster.com\/wp-content\/themes\/dt-the7-child\/img\/en-ejecucion.svg' style='width: 25px;' alt='Underway'  title='Underway' \/><\/p>\n        <\/div><div class='search-grupos_trabajo-item'>\n          <a href='https:\/\/mlcluster.com\/en\/grupo_trabajo\/grupo-de-trabajo-de-nodo-logistico-de-pasaia\/' title='Grupo de trabajo de Nodo Log\u00edstico de Pasaia'>Grupo de trabajo de Nodo Log\u00edstico de Pasaia<\/a>\n          <p>Este grupo de trabajo se centrar&aacute; en el an&aacute;lisis y mejora de los puntos clave de conexi&oacute;n en las cadenas&hellip;<\/p>\n          <p>By invitation<\/p>\n          <p><img src='https:\/\/mlcluster.com\/wp-content\/themes\/dt-the7-child\/img\/en-ejecucion.svg' style='width: 25px;' alt='Underway'  title='Underway' \/><\/p>\n        <\/div><div class='search-grupos_trabajo-item'>\n          <a href='https:\/\/mlcluster.com\/en\/grupo_trabajo\/grupo-estrategico\/' title='GRUPO ESTRAT\u00c9GICO'>GRUPO ESTRAT\u00c9GICO<\/a>\n          <p>El grupo estrat&eacute;gico est&aacute; integrado por un conjunto de agentes con necesidades de inter&eacute;s com&uacute;n en el &aacute;mbito de la&hellip;<\/p>\n          <p>By invitation<\/p>\n          <p><img src='https:\/\/mlcluster.com\/wp-content\/themes\/dt-the7-child\/img\/en-ejecucion.svg' style='width: 25px;' alt='Underway'  title='Underway' \/><\/p>\n        <\/div><div class='search-grupos_trabajo-item'>\n          <a href='https:\/\/mlcluster.com\/en\/grupo_trabajo\/internacionalizacion-logistica\/' title='INTERNACIONALIZACI\u00d3N LOG\u00cdSTICA'>INTERNACIONALIZACI\u00d3N LOG\u00cdSTICA<\/a>\n          <p>Este comit&eacute; responde a los retos (oportunidades &amp; amenazas) de un mercado cada vez m&aacute;s global. Se acometer&aacute; la internacionalizaci&oacute;n&hellip;<\/p>\n          <p>By invitation<\/p>\n          <p><img src='https:\/\/mlcluster.com\/wp-content\/themes\/dt-the7-child\/img\/en-ejecucion.svg' style='width: 25px;' alt='Underway'  title='Underway' \/><\/p>\n        <\/div><div class='search-grupos_trabajo-item'>\n          <a href='https:\/\/mlcluster.com\/en\/grupo_trabajo\/internacionalizacion-movilidad\/' title='INTERNACIONALIZACI\u00d3N MOVILIDAD'>INTERNACIONALIZACI\u00d3N MOVILIDAD<\/a>\n          <p>Este comit&eacute; responde a los retos (oportunidades &amp; amenazas) de un mercado cada vez m&aacute;s global. Se acometer&aacute; la internacionalizaci&oacute;n&hellip;<\/p>\n          <p>By invitation<\/p>\n          <p><img src='https:\/\/mlcluster.com\/wp-content\/themes\/dt-the7-child\/img\/en-ejecucion.svg' style='width: 25px;' alt='Underway'  title='Underway' \/><\/p>\n        <\/div><div class='search-grupos_trabajo-item'>\n          <a href='https:\/\/mlcluster.com\/en\/grupo_trabajo\/mesa-dum\/' title='MESA DUM'>MESA DUM<\/a>\n          <p>La Mesa DUM propone abordar la Distribuci&oacute;n Urbana de Mercanc&iacute;as que hasta ahora se ven&iacute;a haciendo a trav&eacute;s del Foro&hellip;<\/p>\n          <p>By invitation<\/p>\n          <p><img src='https:\/\/mlcluster.com\/wp-content\/themes\/dt-the7-child\/img\/en-ejecucion.svg' style='width: 25px;' alt='Underway'  title='Underway' \/><\/p>\n        <\/div><div class='search-grupos_trabajo-item'>\n          <a href='https:\/\/mlcluster.com\/en\/grupo_trabajo\/planes-de-movilidad-al-trabajo\/' title='PLANES DE MOVILIDAD AL TRABAJO'>PLANES DE MOVILIDAD AL TRABAJO<\/a>\n          <p>Grupo de Trabajo que pertenece al &aacute;rea de oportunidad de Movilidad y Log&iacute;stica Limpia cuyo objetivo es impulsar acciones concretas&hellip;<\/p>\n          <p>By invitation<\/p>\n          <p><img src='https:\/\/mlcluster.com\/wp-content\/themes\/dt-the7-child\/img\/en-ejecucion.svg' style='width: 25px;' alt='Underway'  title='Underway' \/><\/p>\n        <\/div><div class='search-grupos_trabajo-item'>\n          <a href='https:\/\/mlcluster.com\/en\/grupo_trabajo\/talento\/' title='TALENTO'>TALENTO<\/a>\n          <p>Las empresas asociadas han expresado las dificultades que encuentran tanto para la formaci&oacute;n de sus colaboradores debido a la disrupci&oacute;n&hellip;<\/p>\n          <p>By invitation<\/p>\n          <p><img src='https:\/\/mlcluster.com\/wp-content\/themes\/dt-the7-child\/img\/en-ejecucion.svg' style='width: 25px;' alt='Underway'  title='Underway' \/><\/p>\n        <\/div><div class='search-grupos_trabajo-item'>\n          <a href='https:\/\/mlcluster.com\/en\/grupo_trabajo\/bilbao-zero2\/' title='BILBAO ZERO2'>BILBAO ZERO2<\/a>\n          <p>Bilbao Zero2 es un proceso de innovaci&oacute;n abierta para fomentar la colaboraci&oacute;n intersectoriales estrat&eacute;gicas entre los sectores de: construcci&oacute;n, energ&iacute;a,&hellip;<\/p>\n          <p>By invitation<\/p>\n          <p><img src='https:\/\/mlcluster.com\/wp-content\/themes\/dt-the7-child\/img\/finalizado.svg' style='width: 25px;' alt='Completed'  title='Completed' \/><\/p>\n        <\/div><div class='search-grupos_trabajo-item'>\n          <a href='https:\/\/mlcluster.com\/en\/grupo_trabajo\/bilbao-zero2-2da-iteracion\/' title='BILBAO ZERO2 &#8211; 2\u00ba ITERACI\u00d3N'>BILBAO ZERO2 &#8211; 2\u00ba ITERACI\u00d3N<\/a>\n          <p>Bilbao Zero2 (2da iteraci&oacute;n) es un proceso de innovaci&oacute;n abierta para fomentar la colaboraci&oacute;n intersectoriales estrat&eacute;gicas entre los sectores de:&hellip;<\/p>\n          <p>By invitation<\/p>\n          <p><img src='https:\/\/mlcluster.com\/wp-content\/themes\/dt-the7-child\/img\/finalizado.svg' style='width: 25px;' alt='Completed'  title='Completed' \/><\/p>\n        <\/div><div class='search-grupos_trabajo-item'>\n          <a href='https:\/\/mlcluster.com\/en\/grupo_trabajo\/grupo-de-trabajo-de-its-avanzados-bizkaia-2020-2023\/' title='GRUPO DE TRABAJO DE ITS AVANZADOS BIZKAIA 2020-2023'>GRUPO DE TRABAJO DE ITS AVANZADOS BIZKAIA 2020-2023<\/a>\n          <p>Puesta en marcha y dinamizaci&oacute;n del grupo de trabajo de ITS avanzados del plan de innovaci&oacute;n en infraestructuras viarias de&hellip;<\/p>\n          <p>By invitation<\/p>\n          <p><img src='https:\/\/mlcluster.com\/wp-content\/themes\/dt-the7-child\/img\/finalizado.svg' style='width: 25px;' alt='Completed'  title='Completed' \/><\/p>\n        <\/div><div class='search-grupos_trabajo-item'>\n          <a href='https:\/\/mlcluster.com\/en\/grupo_trabajo\/transversal\/' title='TRANSVERSAL'>TRANSVERSAL<\/a>\n          <p><\/p>\n          <p>Open<\/p>\n          <p><img src='https:\/\/mlcluster.com\/wp-content\/themes\/dt-the7-child\/img\/finalizado.svg' style='width: 25px;' alt='Completed'  title='Completed' \/><\/p>\n        <\/div><\/div><style>\n      .search-grupos_trabajo {\n        display: flex;\n        flex-direction: row;\n        flex-wrap: wrap;\n        justify-content: start;\n      }\n      .search-grupos_trabajo .search-grupos_trabajo-item {\n        width: 100%;\n        padding-bottom: 10px;\n        border-bottom: 1px solid #cecece;\n        margin-bottom: 10px;\n        display: flex;\n        flex-direction: row;\n        flex-wrap: wrap;\n        justify-content: start;\n      }\n      .search-grupos_trabajo .search-grupos_trabajo-item > * {   \n        box-sizing: border-box; \n        display: block;\n        width: 30%;\n        padding-right: 10px;\n      }\n      .search-grupos_trabajo .search-grupos_trabajo-item > *:nth-child(2) { width: 51%; }\n      .search-grupos_trabajo .search-grupos_trabajo-item > *:nth-child(3) { width: 12%; }\n      .search-grupos_trabajo .search-grupos_trabajo-item > *:nth-child(4) { width: 7%; }\n      \n      @media only screen and (max-width: 800px) {\n        \/*.search-grupos_trabajo .search-grupos_trabajo-item:first-child {\n          display: none;\n        }*\/\n        .search-grupos_trabajo .search-grupos_trabajo-item > * {    \n          width: 100%;\n        }\n        .search-grupos_trabajo .search-grupos_trabajo-item > p {\n          margin-top: 10px;\n        }    \n      }\n      \n      span.formtitle {\n      display: inline-block;\n      font-family: \"Dosis\", Helvetica, Arial, Verdana, sans-serif;\n      color: #000;\n      font-size: 16px;\n      font-weight: 600;\n      text-transform: uppercase;\n      margin: 0px 0px 10px 0px;\n      position: relative;\n    }<\/style><div class='paginator'><\/div>[\/vc_column][\/vc_row]<div class=\"ult-spacer spacer-69dd4304bf9fa\" data-id=\"69dd4304bf9fa\" data-height=\"40\" data-height-mobile=\"40\" data-height-tab=\"40\" data-height-tab-portrait=\"40\" data-height-mobile-landscape=\"40\" style=\"clear:both;display:block;\"><\/div>[\/vc_column][\/vc_row]<\/p>\n<\/div>","protected":false},"excerpt":{"rendered":"<p>[vc_row full_width=&#8221;stretch_row&#8221; bg_type=&#8221;bg_color&#8221; bg_override=&#8221;ex-full&#8221; bg_color_value=&#8221;#dd3333&#8243; css=&#8221;.vc_custom_1622460152519{margin-bottom: 20px !important;}&#8221;][vc_column][vc_column_text css=&#8221;.vc_custom_1638525033373{margin-top: -20px !important;margin-bottom: 15px !important;padding-top: 0px !important;padding-bottom: 0px !important;}&#8221;] Home \/ Activity&hellip;<\/p>\n","protected":false},"author":1,"featured_media":0,"parent":0,"menu_order":100,"comment_status":"closed","ping_status":"closed","template":"","meta":{"footnotes":""},"yoast_head":"<!-- This site is optimized with the Yoast SEO plugin v24.5 - https:\/\/yoast.com\/wordpress\/plugins\/seo\/ -->\n<title>Committees and working groups - Basque Country Mobility and Logistics Cluster<\/title>\n<meta name=\"robots\" content=\"index, follow, max-snippet:-1, max-image-preview:large, max-video-preview:-1\" \/>\n<link rel=\"canonical\" href=\"https:\/\/mlcluster.com\/en\/working-groups\/\" \/>\n<meta property=\"og:locale\" content=\"en_US\" \/>\n<meta property=\"og:type\" content=\"article\" \/>\n<meta property=\"og:title\" content=\"Committees and working groups - Basque Country Mobility and Logistics Cluster\" \/>\n<meta property=\"og:description\" content=\"[vc_row full_width=&#8221;stretch_row&#8221; bg_type=&#8221;bg_color&#8221; bg_override=&#8221;ex-full&#8221; bg_color_value=&#8221;#dd3333&#8243; css=&#8221;.vc_custom_1622460152519{margin-bottom: 20px !important;}&#8221;][vc_column][vc_column_text css=&#8221;.vc_custom_1638525033373{margin-top: -20px !important;margin-bottom: 15px !important;padding-top: 0px !important;padding-bottom: 0px !important;}&#8221;] Home \/ Activity&hellip;\" \/>\n<meta property=\"og:url\" content=\"https:\/\/mlcluster.com\/en\/working-groups\/\" \/>\n<meta property=\"og:site_name\" content=\"Basque Country Mobility and Logistics Cluster\" \/>\n<meta property=\"article:modified_time\" content=\"2022-05-16T15:01:29+00:00\" \/>\n<meta name=\"twitter:card\" content=\"summary_large_image\" \/>\n<meta name=\"twitter:label1\" content=\"Est. reading time\" \/>\n\t<meta name=\"twitter:data1\" content=\"1 minute\" \/>\n<script type=\"application\/ld+json\" class=\"yoast-schema-graph\">{\"@context\":\"https:\/\/schema.org\",\"@graph\":[{\"@type\":\"WebPage\",\"@id\":\"https:\/\/mlcluster.com\/en\/working-groups\/\",\"url\":\"https:\/\/mlcluster.com\/en\/working-groups\/\",\"name\":\"Committees and working groups - Basque Country Mobility and Logistics Cluster\",\"isPartOf\":{\"@id\":\"https:\/\/mlcluster.com\/#website\"},\"datePublished\":\"2021-05-18T12:26:30+00:00\",\"dateModified\":\"2022-05-16T15:01:29+00:00\",\"breadcrumb\":{\"@id\":\"https:\/\/mlcluster.com\/en\/working-groups\/#breadcrumb\"},\"inLanguage\":\"en-US\",\"potentialAction\":[{\"@type\":\"ReadAction\",\"target\":[\"https:\/\/mlcluster.com\/en\/working-groups\/\"]}]},{\"@type\":\"BreadcrumbList\",\"@id\":\"https:\/\/mlcluster.com\/en\/working-groups\/#breadcrumb\",\"itemListElement\":[{\"@type\":\"ListItem\",\"position\":1,\"name\":\"Portada\",\"item\":\"https:\/\/mlcluster.com\/en\/\"},{\"@type\":\"ListItem\",\"position\":2,\"name\":\"Committees and working groups\"}]},{\"@type\":\"WebSite\",\"@id\":\"https:\/\/mlcluster.com\/#website\",\"url\":\"https:\/\/mlcluster.com\/\",\"name\":\"Basque Country Mobility and Logistics Cluster\",\"description\":\"Asociaci\u00f3n de empresas de Movilidad y Log\u00edstica del Pa\u00eds Vasco cuya misi\u00f3n es favorecer la competitividad impulsando la innovaci\u00f3n, la cooperaci\u00f3n y la promoci\u00f3n.\",\"potentialAction\":[{\"@type\":\"SearchAction\",\"target\":{\"@type\":\"EntryPoint\",\"urlTemplate\":\"https:\/\/mlcluster.com\/?s={search_term_string}\"},\"query-input\":{\"@type\":\"PropertyValueSpecification\",\"valueRequired\":true,\"valueName\":\"search_term_string\"}}],\"inLanguage\":\"en-US\"}]}<\/script>\n<!-- \/ Yoast SEO plugin. -->","yoast_head_json":{"title":"Committees and working groups - Basque Country Mobility and Logistics Cluster","robots":{"index":"index","follow":"follow","max-snippet":"max-snippet:-1","max-image-preview":"max-image-preview:large","max-video-preview":"max-video-preview:-1"},"canonical":"https:\/\/mlcluster.com\/en\/working-groups\/","og_locale":"en_US","og_type":"article","og_title":"Committees and working groups - Basque Country Mobility and Logistics Cluster","og_description":"[vc_row full_width=&#8221;stretch_row&#8221; bg_type=&#8221;bg_color&#8221; bg_override=&#8221;ex-full&#8221; bg_color_value=&#8221;#dd3333&#8243; css=&#8221;.vc_custom_1622460152519{margin-bottom: 20px !important;}&#8221;][vc_column][vc_column_text css=&#8221;.vc_custom_1638525033373{margin-top: -20px !important;margin-bottom: 15px !important;padding-top: 0px !important;padding-bottom: 0px !important;}&#8221;] Home \/ Activity&hellip;","og_url":"https:\/\/mlcluster.com\/en\/working-groups\/","og_site_name":"Basque Country Mobility and Logistics Cluster","article_modified_time":"2022-05-16T15:01:29+00:00","twitter_card":"summary_large_image","twitter_misc":{"Est. reading time":"1 minute"},"schema":{"@context":"https:\/\/schema.org","@graph":[{"@type":"WebPage","@id":"https:\/\/mlcluster.com\/en\/working-groups\/","url":"https:\/\/mlcluster.com\/en\/working-groups\/","name":"Committees and working groups - Basque Country Mobility and Logistics Cluster","isPartOf":{"@id":"https:\/\/mlcluster.com\/#website"},"datePublished":"2021-05-18T12:26:30+00:00","dateModified":"2022-05-16T15:01:29+00:00","breadcrumb":{"@id":"https:\/\/mlcluster.com\/en\/working-groups\/#breadcrumb"},"inLanguage":"en-US","potentialAction":[{"@type":"ReadAction","target":["https:\/\/mlcluster.com\/en\/working-groups\/"]}]},{"@type":"BreadcrumbList","@id":"https:\/\/mlcluster.com\/en\/working-groups\/#breadcrumb","itemListElement":[{"@type":"ListItem","position":1,"name":"Portada","item":"https:\/\/mlcluster.com\/en\/"},{"@type":"ListItem","position":2,"name":"Committees and working groups"}]},{"@type":"WebSite","@id":"https:\/\/mlcluster.com\/#website","url":"https:\/\/mlcluster.com\/","name":"Basque Country Mobility and Logistics Cluster","description":"Asociaci\u00f3n de empresas de Movilidad y Log\u00edstica del Pa\u00eds Vasco cuya misi\u00f3n es favorecer la competitividad impulsando la innovaci\u00f3n, la cooperaci\u00f3n y la promoci\u00f3n.","potentialAction":[{"@type":"SearchAction","target":{"@type":"EntryPoint","urlTemplate":"https:\/\/mlcluster.com\/?s={search_term_string}"},"query-input":{"@type":"PropertyValueSpecification","valueRequired":true,"valueName":"search_term_string"}}],"inLanguage":"en-US"}]}},"_links":{"self":[{"href":"https:\/\/mlcluster.com\/en\/wp-json\/wp\/v2\/pages\/198784"}],"collection":[{"href":"https:\/\/mlcluster.com\/en\/wp-json\/wp\/v2\/pages"}],"about":[{"href":"https:\/\/mlcluster.com\/en\/wp-json\/wp\/v2\/types\/page"}],"author":[{"embeddable":true,"href":"https:\/\/mlcluster.com\/en\/wp-json\/wp\/v2\/users\/1"}],"replies":[{"embeddable":true,"href":"https:\/\/mlcluster.com\/en\/wp-json\/wp\/v2\/comments?post=198784"}],"version-history":[{"count":0,"href":"https:\/\/mlcluster.com\/en\/wp-json\/wp\/v2\/pages\/198784\/revisions"}],"wp:attachment":[{"href":"https:\/\/mlcluster.com\/en\/wp-json\/wp\/v2\/media?parent=198784"}],"curies":[{"name":"wp","href":"https:\/\/api.w.org\/{rel}","templated":true}]}}