{"id":198798,"date":"2021-10-05T15:59:54","date_gmt":"2021-10-05T13:59:54","guid":{"rendered":"https:\/\/mlcluster.com\/events\/colaboraciones-activas\/"},"modified":"2025-12-23T15:17:18","modified_gmt":"2025-12-23T14:17:18","slug":"active-partnerships","status":"publish","type":"page","link":"https:\/\/mlcluster.com\/en\/events\/active-partnerships\/","title":{"rendered":"Active partnerships"},"content":{"rendered":"<div class=\"wpb-content-wrapper\"><p>[vc_row full_width=&#8221;stretch_row&#8221; equal_height=&#8221;yes&#8221; content_placement=&#8221;middle&#8221; bg_type=&#8221;bg_color&#8221; bg_override=&#8221;ex-full&#8221; bg_color_value=&#8221;#dd3333&#8243; css=&#8221;.vc_custom_1626255693270{margin-bottom: 20px !important;}&#8221;][vc_column][vc_column_text css=&#8221;.vc_custom_1638526057245{margin-top: -15px !important;margin-bottom: 15px !important;}&#8221;]<\/p>\n<p style=\"color: white; text-align: right;\"><a style=\"color: white;\" href=\"\/en\/\">Home<\/a> \/ <a style=\"color: white;\" href=\"\/en\/events\/active-partnerships\/\">Active partnerships<\/a><\/p>\n<p>[\/vc_column_text][\/vc_column][\/vc_row][vc_row equal_height=&#8221;yes&#8221; css=&#8221;.vc_custom_1621844457202{margin-top: -35px !important;}&#8221;][vc_column css=&#8221;.vc_custom_1620731232713{background-position: 0 0 !important;background-repeat: no-repeat !important;}&#8221;]<div id=\"ultimate-heading-830769d7c5d75b6aa\" class=\"uvc-heading ult-adjust-bottom-margin ultimate-heading-830769d7c5d75b6aa uvc-8517 \" data-hspacer=\"line_with_icon\" data-hline_width=\"100\" data-hicon_type=\"selector\" data-hborder_style=\"solid\" data-hborder_height=\"3\" data-hborder_color=\"#b0b0af\" data-icon_width=\"20\" data-hfixer=\"10\"  data-halign=\"center\" style=\"text-align:center\"><div class=\"uvc-main-heading ult-responsive\"  data-ultimate-target='.uvc-heading.ultimate-heading-830769d7c5d75b6aa h1'  data-responsive-json-new='{\"font-size\":\"mobile_landscape:22px;mobile:22px;\",\"line-height\":\"mobile_landscape:28px;mobile:28px;\"}' ><h1 style=\"--font-weight:theme;\">Active partnerships<\/h1><\/div><div class=\"uvc-heading-spacer line_with_icon\" style=\"margin-top:10px;margin-bottom:10px;height:20px;\"><div class=\"ult-just-icon-wrapper  \"><div class=\"align-icon\" style=\"text-align:center;\">\n<div class=\"aio-icon none \"  style=\"font-size:20px;display:inline-block;\">\n\t<i class=\"icomoon-the7-font-the7-arrow-05\"><\/i>\n<\/div><\/div><\/div><\/div><\/div><div class=\"ult-spacer spacer-69d7c5d75b6ff\" data-id=\"69d7c5d75b6ff\" data-height=\"20\" data-height-mobile=\"20\" data-height-tab=\"20\" data-height-tab-portrait=\"20\" data-height-mobile-landscape=\"20\" style=\"clear:both;display:block;\"><\/div>[\/vc_column][\/vc_row][vc_row full_width=&#8221;stretch_row&#8221; equal_height=&#8221;yes&#8221;][vc_column width=&#8221;1\/6&#8243; css=&#8221;.vc_custom_1635241133950{margin-top: 0px !important;padding-top: 0px !important;}&#8221;]<span class=\"searchtitle cifras\">Active partnerships<\/span><div class=\"info-figures standard-arrow list-divider bullet-top\">\n\t\tThe Cluster works with sector events and negotiates favourable terms for its members. Contact us if you want to promote your event.\n\t\t<\/div><div class='btn-align-center'><a href='\/en\/contact\/?comentarios=I would like more information on active partnerships' class='default-btn-shortcode dt-btn dt-btn-s link-hover-off'>CONTACT<\/a><\/div><div class=\"ult-spacer spacer-69d7c5d75b9f2\" data-id=\"69d7c5d75b9f2\" data-height=\"20\" data-height-mobile=\"20\" data-height-tab=\"20\" data-height-tab-portrait=\"20\" data-height-mobile-landscape=\"20\" style=\"clear:both;display:block;\"><\/div>[vc_separator border_width=\"2\"]<style>\n\tspan.searchtitle {\n      display: block;\n      padding: 0px;\n      margin: 0px 0px 20px 0px;\n      font-family: 'Dosis', Helvetica, Arial, Verdana, sans-serif;\n      text-transform: uppercase;\n      color: #000;\n      font-size: 22px;\n      position: relative;\n      font-weight: 600;\n    }\n    \n    span.searchtitle.cifras {\n      background: url('https:\/\/mlcluster.com\/wp-content\/uploads\/2021\/10\/cooperar.png')left top no-repeat;\n      background-size: auto 28px;\n      padding: 3px 5px 3px 34px;\n    }.info-figures.standard-arrow { margin-left: 34px; }<\/style>[\/vc_column][vc_column width=&#8221;5\/6&#8243;]<div class='grid-anuncios'><a href='https:\/\/mlcluster.com\/evento\/%e2%96%ba-pick-pack-for-food-industry-2026\/' target='_blank'><div class='grid-anuncios-item' style=\"background-image: url('https:\/\/mlcluster.com\/wp-content\/uploads\/2021\/11\/Diseno-sin-titulo-5-1024x1024.jpg'\");'><\/div><\/a><a href='https:\/\/mlcluster.com\/evento\/%e2%96%ba-advanced-factories-2026\/' target='_blank'><div class='grid-anuncios-item' style=\"background-image: url('https:\/\/mlcluster.com\/wp-content\/uploads\/2022\/01\/advanced.png'\");'><\/div><\/a><a href='https:\/\/mlcluster.com\/evento\/%e2%96%ba-global-mobility-call-2026\/' target='_blank'><div class='grid-anuncios-item' style=\"background-image: url('https:\/\/mlcluster.com\/wp-content\/uploads\/2022\/03\/Global-mobility-call.jpg'\");'><\/div><\/a><a href='https:\/\/mlcluster.com\/evento\/%e2%96%ba-its-european-congress-2026\/' target='_blank'><div class='grid-anuncios-item' style=\"background-image: url('https:\/\/mlcluster.com\/wp-content\/uploads\/2022\/04\/Diseno-sin-titulo-7-1024x1024.jpg'\");'><\/div><\/a><a href='https:\/\/mlcluster.com\/evento\/%e2%96%ba-intralogistics-vlc-2026\/' target='_blank'><div class='grid-anuncios-item' style=\"background-image: url('https:\/\/mlcluster.com\/wp-content\/uploads\/2024\/03\/Diseno-sin-titulo-4-1024x1024.jpg'\");'><\/div><\/a><a href='https:\/\/mlcluster.com\/evento\/%e2%96%ba-des-digital-enterprise-show-2026\/' target='_blank'><div class='grid-anuncios-item' style=\"background-image: url('https:\/\/mlcluster.com\/wp-content\/uploads\/2024\/04\/cartel-500x500-2.png'\");'><\/div><\/a><a href='https:\/\/mlcluster.com\/evento\/%e2%96%ba-fiaa-feria-internacional-del-autobus-y-autocar-2026\/' target='_blank'><div class='grid-anuncios-item' style=\"background-image: url('https:\/\/mlcluster.com\/wp-content\/uploads\/2025\/12\/Imagen-FIAA.webp'\");'><\/div><\/a><\/div><style>\n    .grid-anuncios {\n      display: flex;\n      flex-direction: row;\n      flex-wrap: wrap;\n      justify-content: center;\n    }\n    .grid-anuncios .grid-anuncios-item {\n      box-sizing: border-box;\n      min-height: 235px;\n      background: #fff none no-repeat center center;\n      background-size: contain;\n      width: 235px;\n      overflow: hidden;\n      border: 1px solid #e1e8ec;\n      margin: 5px;\n    }<\/style><div class=\"ult-spacer spacer-69d7c5d75e328\" data-id=\"69d7c5d75e328\" data-height=\"20\" data-height-mobile=\"20\" data-height-tab=\"20\" data-height-tab-portrait=\"20\" data-height-mobile-landscape=\"20\" style=\"clear:both;display:block;\"><\/div>[\/vc_column][\/vc_row]<\/p>\n<\/div>","protected":false},"excerpt":{"rendered":"<p>[vc_row full_width=&#8221;stretch_row&#8221; equal_height=&#8221;yes&#8221; content_placement=&#8221;middle&#8221; bg_type=&#8221;bg_color&#8221; bg_override=&#8221;ex-full&#8221; bg_color_value=&#8221;#dd3333&#8243; css=&#8221;.vc_custom_1626255693270{margin-bottom: 20px !important;}&#8221;][vc_column][vc_column_text css=&#8221;.vc_custom_1638526057245{margin-top: -15px !important;margin-bottom: 15px !important;}&#8221;] Home \/ Active partnerships [\/vc_column_text][\/vc_column][\/vc_row][vc_row equal_height=&#8221;yes&#8221; css=&#8221;.vc_custom_1621844457202{margin-top: -35px !important;}&#8221;][vc_column css=&#8221;.vc_custom_1620731232713{background-position: 0 0 !important;background-repeat: no-repeat !important;}&#8221;][\/vc_column][\/vc_row][vc_row full_width=&#8221;stretch_row&#8221; equal_height=&#8221;yes&#8221;][vc_column width=&#8221;1\/6&#8243; css=&#8221;.vc_custom_1635241133950{margin-top: 0px !important;padding-top: 0px !important;}&#8221;][\/vc_column][vc_column width=&#8221;5\/6&#8243;][\/vc_column][\/vc_row]<\/p>\n","protected":false},"author":1,"featured_media":0,"parent":198565,"menu_order":60,"comment_status":"closed","ping_status":"closed","template":"","meta":{"footnotes":""},"yoast_head":"<!-- This site is optimized with the Yoast SEO plugin v24.5 - https:\/\/yoast.com\/wordpress\/plugins\/seo\/ -->\n<title>Active partnerships - Basque Country Mobility and Logistics Cluster<\/title>\n<meta name=\"robots\" content=\"index, follow, max-snippet:-1, max-image-preview:large, max-video-preview:-1\" \/>\n<link rel=\"canonical\" href=\"https:\/\/mlcluster.com\/en\/events\/active-partnerships\/\" \/>\n<meta property=\"og:locale\" content=\"en_US\" \/>\n<meta property=\"og:type\" content=\"article\" \/>\n<meta property=\"og:title\" content=\"Active partnerships - Basque Country Mobility and Logistics Cluster\" \/>\n<meta property=\"og:description\" content=\"[vc_row full_width=&#8221;stretch_row&#8221; equal_height=&#8221;yes&#8221; content_placement=&#8221;middle&#8221; bg_type=&#8221;bg_color&#8221; bg_override=&#8221;ex-full&#8221; bg_color_value=&#8221;#dd3333&#8243; css=&#8221;.vc_custom_1626255693270{margin-bottom: 20px !important;}&#8221;][vc_column][vc_column_text css=&#8221;.vc_custom_1638526057245{margin-top: -15px !important;margin-bottom: 15px !important;}&#8221;] Home \/ Active partnerships [\/vc_column_text][\/vc_column][\/vc_row][vc_row equal_height=&#8221;yes&#8221; css=&#8221;.vc_custom_1621844457202{margin-top: -35px !important;}&#8221;][vc_column css=&#8221;.vc_custom_1620731232713{background-position: 0 0 !important;background-repeat: no-repeat !important;}&#8221;][\/vc_column][\/vc_row][vc_row full_width=&#8221;stretch_row&#8221; equal_height=&#8221;yes&#8221;][vc_column width=&#8221;1\/6&#8243; css=&#8221;.vc_custom_1635241133950{margin-top: 0px !important;padding-top: 0px !important;}&#8221;][\/vc_column][vc_column width=&#8221;5\/6&#8243;][\/vc_column][\/vc_row]\" \/>\n<meta property=\"og:url\" content=\"https:\/\/mlcluster.com\/en\/events\/active-partnerships\/\" \/>\n<meta property=\"og:site_name\" content=\"Basque Country Mobility and Logistics Cluster\" \/>\n<meta property=\"article:modified_time\" content=\"2025-12-23T14:17:18+00:00\" \/>\n<meta name=\"twitter:card\" content=\"summary_large_image\" \/>\n<meta name=\"twitter:label1\" content=\"Est. reading time\" \/>\n\t<meta name=\"twitter:data1\" content=\"1 minute\" \/>\n<script type=\"application\/ld+json\" class=\"yoast-schema-graph\">{\"@context\":\"https:\/\/schema.org\",\"@graph\":[{\"@type\":\"WebPage\",\"@id\":\"https:\/\/mlcluster.com\/en\/events\/active-partnerships\/\",\"url\":\"https:\/\/mlcluster.com\/en\/events\/active-partnerships\/\",\"name\":\"Active partnerships - Basque Country Mobility and Logistics Cluster\",\"isPartOf\":{\"@id\":\"https:\/\/mlcluster.com\/#website\"},\"datePublished\":\"2021-10-05T13:59:54+00:00\",\"dateModified\":\"2025-12-23T14:17:18+00:00\",\"breadcrumb\":{\"@id\":\"https:\/\/mlcluster.com\/en\/events\/active-partnerships\/#breadcrumb\"},\"inLanguage\":\"en-US\",\"potentialAction\":[{\"@type\":\"ReadAction\",\"target\":[\"https:\/\/mlcluster.com\/en\/events\/active-partnerships\/\"]}]},{\"@type\":\"BreadcrumbList\",\"@id\":\"https:\/\/mlcluster.com\/en\/events\/active-partnerships\/#breadcrumb\",\"itemListElement\":[{\"@type\":\"ListItem\",\"position\":1,\"name\":\"Portada\",\"item\":\"https:\/\/mlcluster.com\/en\/\"},{\"@type\":\"ListItem\",\"position\":2,\"name\":\"Events\",\"item\":\"https:\/\/mlcluster.com\/en\/events\/\"},{\"@type\":\"ListItem\",\"position\":3,\"name\":\"Active partnerships\"}]},{\"@type\":\"WebSite\",\"@id\":\"https:\/\/mlcluster.com\/#website\",\"url\":\"https:\/\/mlcluster.com\/\",\"name\":\"Basque Country Mobility and Logistics Cluster\",\"description\":\"Asociaci\u00f3n de empresas de Movilidad y Log\u00edstica del Pa\u00eds Vasco cuya misi\u00f3n es favorecer la competitividad impulsando la innovaci\u00f3n, la cooperaci\u00f3n y la promoci\u00f3n.\",\"potentialAction\":[{\"@type\":\"SearchAction\",\"target\":{\"@type\":\"EntryPoint\",\"urlTemplate\":\"https:\/\/mlcluster.com\/?s={search_term_string}\"},\"query-input\":{\"@type\":\"PropertyValueSpecification\",\"valueRequired\":true,\"valueName\":\"search_term_string\"}}],\"inLanguage\":\"en-US\"}]}<\/script>\n<!-- \/ Yoast SEO plugin. -->","yoast_head_json":{"title":"Active partnerships - Basque Country Mobility and Logistics Cluster","robots":{"index":"index","follow":"follow","max-snippet":"max-snippet:-1","max-image-preview":"max-image-preview:large","max-video-preview":"max-video-preview:-1"},"canonical":"https:\/\/mlcluster.com\/en\/events\/active-partnerships\/","og_locale":"en_US","og_type":"article","og_title":"Active partnerships - Basque Country Mobility and Logistics Cluster","og_description":"[vc_row full_width=&#8221;stretch_row&#8221; equal_height=&#8221;yes&#8221; content_placement=&#8221;middle&#8221; bg_type=&#8221;bg_color&#8221; bg_override=&#8221;ex-full&#8221; bg_color_value=&#8221;#dd3333&#8243; css=&#8221;.vc_custom_1626255693270{margin-bottom: 20px !important;}&#8221;][vc_column][vc_column_text css=&#8221;.vc_custom_1638526057245{margin-top: -15px !important;margin-bottom: 15px !important;}&#8221;] Home \/ Active partnerships [\/vc_column_text][\/vc_column][\/vc_row][vc_row equal_height=&#8221;yes&#8221; css=&#8221;.vc_custom_1621844457202{margin-top: -35px !important;}&#8221;][vc_column css=&#8221;.vc_custom_1620731232713{background-position: 0 0 !important;background-repeat: no-repeat !important;}&#8221;][\/vc_column][\/vc_row][vc_row full_width=&#8221;stretch_row&#8221; equal_height=&#8221;yes&#8221;][vc_column width=&#8221;1\/6&#8243; css=&#8221;.vc_custom_1635241133950{margin-top: 0px !important;padding-top: 0px !important;}&#8221;][\/vc_column][vc_column width=&#8221;5\/6&#8243;][\/vc_column][\/vc_row]","og_url":"https:\/\/mlcluster.com\/en\/events\/active-partnerships\/","og_site_name":"Basque Country Mobility and Logistics Cluster","article_modified_time":"2025-12-23T14:17:18+00:00","twitter_card":"summary_large_image","twitter_misc":{"Est. reading time":"1 minute"},"schema":{"@context":"https:\/\/schema.org","@graph":[{"@type":"WebPage","@id":"https:\/\/mlcluster.com\/en\/events\/active-partnerships\/","url":"https:\/\/mlcluster.com\/en\/events\/active-partnerships\/","name":"Active partnerships - Basque Country Mobility and Logistics Cluster","isPartOf":{"@id":"https:\/\/mlcluster.com\/#website"},"datePublished":"2021-10-05T13:59:54+00:00","dateModified":"2025-12-23T14:17:18+00:00","breadcrumb":{"@id":"https:\/\/mlcluster.com\/en\/events\/active-partnerships\/#breadcrumb"},"inLanguage":"en-US","potentialAction":[{"@type":"ReadAction","target":["https:\/\/mlcluster.com\/en\/events\/active-partnerships\/"]}]},{"@type":"BreadcrumbList","@id":"https:\/\/mlcluster.com\/en\/events\/active-partnerships\/#breadcrumb","itemListElement":[{"@type":"ListItem","position":1,"name":"Portada","item":"https:\/\/mlcluster.com\/en\/"},{"@type":"ListItem","position":2,"name":"Events","item":"https:\/\/mlcluster.com\/en\/events\/"},{"@type":"ListItem","position":3,"name":"Active partnerships"}]},{"@type":"WebSite","@id":"https:\/\/mlcluster.com\/#website","url":"https:\/\/mlcluster.com\/","name":"Basque Country Mobility and Logistics Cluster","description":"Asociaci\u00f3n de empresas de Movilidad y Log\u00edstica del Pa\u00eds Vasco cuya misi\u00f3n es favorecer la competitividad impulsando la innovaci\u00f3n, la cooperaci\u00f3n y la promoci\u00f3n.","potentialAction":[{"@type":"SearchAction","target":{"@type":"EntryPoint","urlTemplate":"https:\/\/mlcluster.com\/?s={search_term_string}"},"query-input":{"@type":"PropertyValueSpecification","valueRequired":true,"valueName":"search_term_string"}}],"inLanguage":"en-US"}]}},"_links":{"self":[{"href":"https:\/\/mlcluster.com\/en\/wp-json\/wp\/v2\/pages\/198798"}],"collection":[{"href":"https:\/\/mlcluster.com\/en\/wp-json\/wp\/v2\/pages"}],"about":[{"href":"https:\/\/mlcluster.com\/en\/wp-json\/wp\/v2\/types\/page"}],"author":[{"embeddable":true,"href":"https:\/\/mlcluster.com\/en\/wp-json\/wp\/v2\/users\/1"}],"replies":[{"embeddable":true,"href":"https:\/\/mlcluster.com\/en\/wp-json\/wp\/v2\/comments?post=198798"}],"version-history":[{"count":1,"href":"https:\/\/mlcluster.com\/en\/wp-json\/wp\/v2\/pages\/198798\/revisions"}],"predecessor-version":[{"id":432724,"href":"https:\/\/mlcluster.com\/en\/wp-json\/wp\/v2\/pages\/198798\/revisions\/432724"}],"up":[{"embeddable":true,"href":"https:\/\/mlcluster.com\/en\/wp-json\/wp\/v2\/pages\/198565"}],"wp:attachment":[{"href":"https:\/\/mlcluster.com\/en\/wp-json\/wp\/v2\/media?parent=198798"}],"curies":[{"name":"wp","href":"https:\/\/api.w.org\/{rel}","templated":true}]}}