{"id":198816,"date":"2021-07-19T20:45:27","date_gmt":"2021-07-19T18:45:27","guid":{"rendered":"https:\/\/mlcluster.com\/ferias-y-misiones\/"},"modified":"2021-12-03T11:48:35","modified_gmt":"2021-12-03T10:48:35","slug":"trade-fairs-and-missions","status":"publish","type":"page","link":"https:\/\/mlcluster.com\/en\/trade-fairs-and-missions\/","title":{"rendered":"Trade fairs and missions"},"content":{"rendered":"<div class=\"wpb-content-wrapper\"><p>[vc_row full_width=&#8221;stretch_row&#8221; bg_type=&#8221;bg_color&#8221; bg_override=&#8221;ex-full&#8221; bg_color_value=&#8221;#dd3333&#8243; css=&#8221;.vc_custom_1626172276344{margin-bottom: 20px !important;}&#8221;][vc_column][vc_column_text css=&#8221;.vc_custom_1638528468733{margin-top: -20px !important;margin-bottom: 15px !important;padding-top: 0px !important;padding-bottom: 0px !important;}&#8221;]<\/p>\n<p style=\"color: white; text-align: right;\"><a style=\"color: white;\" href=\"\/en\">Home<\/a> \/ Activity \/ <a style=\"color: white;\" href=\"\/en\/trade-fairs-and-missions\/\">Trade fairs and missions<\/a><\/p>\n<p>[\/vc_column_text][\/vc_column][\/vc_row][vc_row equal_height=&#8221;yes&#8221; css=&#8221;.vc_custom_1621844457202{margin-top: -35px !important;}&#8221;][vc_column css=&#8221;.vc_custom_1620731232713{background-position: 0 0 !important;background-repeat: no-repeat !important;}&#8221;]<div id=\"ultimate-heading-86969d62816dd9ab\" class=\"uvc-heading ult-adjust-bottom-margin ultimate-heading-86969d62816dd9ab uvc-1693 \" data-hspacer=\"line_with_icon\" data-hline_width=\"100\" data-hicon_type=\"selector\" data-hborder_style=\"solid\" data-hborder_height=\"3\" data-hborder_color=\"#b0b0af\" data-icon_width=\"20\" data-hfixer=\"10\"  data-halign=\"center\" style=\"text-align:center\"><div class=\"uvc-main-heading ult-responsive\"  data-ultimate-target='.uvc-heading.ultimate-heading-86969d62816dd9ab h1'  data-responsive-json-new='{\"font-size\":\"mobile_landscape:22px;mobile:22px;\",\"line-height\":\"mobile_landscape:28px;mobile:28px;\"}' ><h1 style=\"--font-weight:theme;\">Trade fairs and missions<\/h1><\/div><div class=\"uvc-heading-spacer line_with_icon\" style=\"margin-top:10px;margin-bottom:10px;height:20px;\"><div class=\"ult-just-icon-wrapper  \"><div class=\"align-icon\" style=\"text-align:center;\">\n<div class=\"aio-icon none \"  style=\"font-size:20px;display:inline-block;\">\n\t<i class=\"icomoon-the7-font-the7-arrow-05\"><\/i>\n<\/div><\/div><\/div><\/div><\/div>[\/vc_column][\/vc_row][vc_row full_width=&#8221;stretch_row&#8221; equal_height=&#8221;yes&#8221;][vc_column css=&#8221;.vc_custom_1620991834681{margin-top: 0px !important;padding-top: 0px !important;}&#8221;]<div class=\"ult-spacer spacer-69d62816dda04\" data-id=\"69d62816dda04\" data-height=\"30\" data-height-mobile=\"20\" data-height-tab=\"30\" data-height-tab-portrait=\"30\" data-height-mobile-landscape=\"20\" style=\"clear:both;display:block;\"><\/div>[vc_row][vc_column width=\"1\/5\"]<span class=\"searchtitle cifras\">Trade fairs and missions<\/span>\n\t\t<div class=\"info-figures standard-arrow list-divider bullet-top\">\n\t\tThe Cluster takes part in trade fairs and missions to showcase its members.\n\t\t<\/div>\n\t\t[vc_separator border_width=\"2\"]<form id=\"search_eventos_form\" action=\"https:\/\/mlcluster.com\/en\/trade-fairs-and-missions\/\"><span class=\"searchtitle\">Search engine<\/span><span class=\"formtitle categoria\">Missions and trade fairs<\/span><ul class='formfilter categoria'>\n      <li>\n        <label><input type='checkbox' name='categoria[]' value='17'> Trade fairs<\/label>\n      <\/li>\n      <li>\n        <label><input type='checkbox' name='categoria[]' value='18'> Outbound trade missions<\/label>\n      <\/li>\n      <li>\n        <label><input type='checkbox' name='categoria[]' value='19'> Inbound trade missions<\/label>\n      <\/li>\n    <\/ul><span class=\"formtitle caracter\">By modality<\/span><ul class='formfilter caracter'>\n\t\t  <li>\n\t\t    <label><input type='checkbox' name='caracter[]' value='1'> Open<\/label>\n\t\t  <\/li>\n\t\t  <li>\n\t\t    <label><input type='checkbox' name='caracter[]' value='2'> By invitation<\/label>\n\t\t  <\/li>\n\t\t<\/ul><span class=\"formtitle estado\">By status<\/span><ul class='formfilter estado'>\n    <li>\n      <label><input type='checkbox' name='estado[]' value='1'> Underway<\/label>\n    <\/li>\n    <li>\n      <label><input type='checkbox' name='estado[]' value='2'> Completed<\/label>\n    <\/li>\n  <\/ul><span class=\"formtitle tematica\">By theme<\/span><ul class='formfilter tematica'>\n    <li>\n      <label><input type='checkbox' name='tematica[]' value='1'> Passenger mobility<\/label>\n    <\/li>\n    <li>\n      <label><input type='checkbox' name='tematica[]' value='2'> Logistics-SCM<\/label>\n    <\/li>\n    <li>\n      <label><input type='checkbox' name='tematica[]' value='3'> ITS<\/label>\n    <\/li>\n  <\/ul><div class='btn-align-center'><button id='clean_filter' input class='default-btn-shortcode dt-btn dt-btn-s link-hover-off'><i class='icomoon-the7-font-icon-gallery-011-2'><\/i> CLEAR SELECTION<\/button><\/div><\/form><div class=\"ult-spacer spacer-69d62816eb2bb\" data-id=\"69d62816eb2bb\" data-height=\"40\" data-height-mobile=\"20\" data-height-tab=\"40\" data-height-tab-portrait=\"40\" data-height-mobile-landscape=\"20\" style=\"clear:both;display:block;\"><\/div><style>\n    ul.formfilter {\n      font-family: \"Dosis\", Helvetica, Arial, Verdana, sans-serif;\n      color: #000;\n      font-size: 15px;\n      font-weight: 600;\n      margin: 0px 0px 20px 0px;\n    }\n    ul.formfilter li {  \n      list-style-type: none; \n    }\n\n    ul.formfilter > li {\n      font-size: 15px;  \n      font-weight: 400;\n    }\n\n    \/*ul.formfilter > li input[type=checkbox] {\n      display: none;\n    }*\/\n\n    span.formtitle {\n      display: inline-block;\n      font-family: \"Dosis\", Helvetica, Arial, Verdana, sans-serif;\n      color: #000;\n      font-size: 16px;\n      font-weight: 600;\n      text-transform: uppercase;\n      margin: 0px 0px 10px 0px;\n      position: relative;\n    }\n\n    span.formtitle:after {\n      content: '|';\n      display: block;\n      position: absolute;\n      top: 0px;\n      right: -9px;\n      color: #b5b5b5;\n    }\n\n    .search-eventos-item span.formtitle:after {\n      display: none;\n    }\n\n    span.searchtitle {\n      display: block;\n      padding: 0px;\n      margin: 0px 0px 20px 0px;\n      font-family: 'Dosis', Helvetica, Arial, Verdana, sans-serif;\n      text-transform: uppercase;\n      color: #000;\n      font-size: 22px;\n      position: relative;\n      font-weight: 600;\n    }\n    \n    span.searchtitle.cifras {\n      background: url('https:\/\/mlcluster.com\/wp-content\/uploads\/2021\/04\/internacionalizarte.png') left top no-repeat;\n      background-size: auto 28px;\n      padding: 3px 5px 3px 34px;\n    }\n    \n    \n    .info-figures.standard-arrow {\n      margin-left: 34px;\n    }\n  \n    \n\n    .dt-btn {\n      font-size: 12px;\n      width: 100%;\n    }\n\n    .vc_hidden {\n      opacity: 1 !important;\n    }\n  <\/style><script type='text\/javascript'>  \n  jQuery(function(){\n    jQuery('#search_eventos_form input[type=checkbox]').on('change',function(){\n      jQuery('#search_eventos_form').submit();\n    });\n\n    jQuery('#clean_filter').click(function(e) {\n      e.preventDefault();\n      jQuery('#search_eventos_form input[type=checkbox]').prop('checked', false );\n      jQuery('#search_eventos_form').submit();\n    });\n  });\n<\/script>[\/vc_column][vc_column width=\"4\/5\"]<div class='search-eventos'><div class='search-eventos-item'>\n      <span class='formtitle'><a href='https:\/\/mlcluster.com\/en\/trade-fairs-and-missions\/?orderby=_evento_titulo&order=ASC'>Name<\/a><\/span>\n      <span class='formtitle'><a href='https:\/\/mlcluster.com\/en\/trade-fairs-and-missions\/?orderby=_evento_fecha_inicio&order=ASC'>Start<\/a><\/span><span class='formtitle'><a href='https:\/\/mlcluster.com\/en\/trade-fairs-and-missions\/?orderby=_evento_fecha_fin&order=ASC'>End<\/a><\/span><span class='formtitle'>Modality<\/span><span class='formtitle'>Type<\/span>\n      <span class='formtitle'>Status<\/span>\n    <\/div><div class='search-eventos-item'>\n          <a href='https:\/\/mlcluster.com\/en\/evento\/mubil-mobility-expo-2026-stand-modulares\/' title='Mubil Mobility Expo 2026 &#8211; Stand compartido'>Mubil Mobility Expo 2026 &#8211; Stand compartido<\/a>\n\n          <p>2026\/03\/25<\/p><p>2026\/03\/26<\/p><p>Open<\/p><p>Ferias<\/p>\n          <p><img src='https:\/\/mlcluster.com\/wp-content\/themes\/dt-the7-child\/img\/finalizado.svg' style='width: 25px;' title='Past event' \/><\/p>\n          \n        <\/div><div class='search-eventos-item'>\n          <a href='https:\/\/mlcluster.com\/en\/evento\/intertraffic-amsterdam-2026-stand-cluster\/' title='\u25ba Intertraffic \u00c1msterdam 2026 &#8211; Stand Cl\u00faster'>\u25ba Intertraffic \u00c1msterdam 2026 &#8211; Stand Cl\u00faster<\/a>\n\n          <p>2026\/03\/10<\/p><p>2026\/03\/13<\/p><p>Open<\/p><p>Ferias<\/p>\n          <p><img src='https:\/\/mlcluster.com\/wp-content\/themes\/dt-the7-child\/img\/finalizado.svg' style='width: 25px;' title='Past event' \/><\/p>\n          \n        <\/div><div class='search-eventos-item'>\n          <a href='https:\/\/mlcluster.com\/en\/evento\/smart-city-expo-tomorrow-mobility-world-congress-visita\/' title='Smart City Expo &amp; Tomorrow Mobility World Congress Barcelona 2025 &#8211; Visita'>Smart City Expo &amp; Tomorrow Mobility World Congress Barcelona 2025 &#8211; Visita<\/a>\n\n          <p>2025\/11\/04<\/p><p>2025\/11\/06<\/p><p>Open<\/p><p>Ferias<\/p>\n          <p><img src='https:\/\/mlcluster.com\/wp-content\/themes\/dt-the7-child\/img\/finalizado.svg' style='width: 25px;' title='Past event' \/><\/p>\n          \n        <\/div><div class='search-eventos-item'>\n          <a href='https:\/\/mlcluster.com\/en\/evento\/conferencia-icex-soluciones-tecnologicas-para-cadenas-globales-de-valor-2025-2\/' title='Conferencia ICEX: Soluciones tecnol\u00f3gicas para cadenas globales de valor 2025'>Conferencia ICEX: Soluciones tecnol\u00f3gicas para cadenas globales de valor 2025<\/a>\n\n          <p>2025\/10\/16<\/p><p>2025\/10\/16<\/p><p>Open<\/p><p>Ferias<\/p>\n          <p><img src='https:\/\/mlcluster.com\/wp-content\/themes\/dt-the7-child\/img\/finalizado.svg' style='width: 25px;' title='Past event' \/><\/p>\n          \n        <\/div><div class='search-eventos-item'>\n          <a href='https:\/\/mlcluster.com\/en\/evento\/logistics-and-automation-madrid-2025-visita\/' title='Logistics and Automation Madrid 2025 &#8211; Visita'>Logistics and Automation Madrid 2025 &#8211; Visita<\/a>\n\n          <p>2025\/10\/15<\/p><p>2025\/10\/16<\/p><p>Open<\/p><p>Ferias<\/p>\n          <p><img src='https:\/\/mlcluster.com\/wp-content\/themes\/dt-the7-child\/img\/finalizado.svg' style='width: 25px;' title='Past event' \/><\/p>\n          \n        <\/div><div class='search-eventos-item'>\n          <a href='https:\/\/mlcluster.com\/en\/evento\/mision-empresarial-a-panama\/' title='Misi\u00f3n empresarial a Panam\u00e1'>Misi\u00f3n empresarial a Panam\u00e1<\/a>\n\n          <p>2025\/07\/07<\/p><p>2025\/07\/11<\/p><p>Open<\/p><p>Misiones directas<\/p>\n          <p><img src='https:\/\/mlcluster.com\/wp-content\/themes\/dt-the7-child\/img\/finalizado.svg' style='width: 25px;' title='Past event' \/><\/p>\n          \n        <\/div><div class='search-eventos-item'>\n          <a href='https:\/\/mlcluster.com\/en\/evento\/sil-barcelona-2025-stand\/' title='SIL Barcelona 2025 &#8211; Stand'>SIL Barcelona 2025 &#8211; Stand<\/a>\n\n          <p>2025\/06\/18<\/p><p>2025\/06\/20<\/p><p>Open<\/p><p>Ferias<\/p>\n          <p><img src='https:\/\/mlcluster.com\/wp-content\/themes\/dt-the7-child\/img\/finalizado.svg' style='width: 25px;' title='Past event' \/><\/p>\n          \n        <\/div><div class='search-eventos-item'>\n          <a href='https:\/\/mlcluster.com\/en\/evento\/stand-its-european-congress-2025\/' title='ITS European Congress 2025 &#8211; Stand Cl\u00faster'>ITS European Congress 2025 &#8211; Stand Cl\u00faster<\/a>\n\n          <p>2025\/05\/19<\/p><p>2025\/05\/21<\/p><p>Open<\/p><p>Ferias<\/p>\n          <p><img src='https:\/\/mlcluster.com\/wp-content\/themes\/dt-the7-child\/img\/finalizado.svg' style='width: 25px;' title='Past event' \/><\/p>\n          \n        <\/div><div class='search-eventos-item'>\n          <a href='https:\/\/mlcluster.com\/en\/evento\/mision-inversa-cpk-polonia-air-cargo-coty\/' title='Misi\u00f3n inversa: CPK POLONIA- AIR CARGO COTY'>Misi\u00f3n inversa: CPK POLONIA- AIR CARGO COTY<\/a>\n\n          <p>2025\/05\/12<\/p><p>2025\/05\/13<\/p><p>By invitation<\/p><p>Misiones inversas<\/p>\n          <p><img src='https:\/\/mlcluster.com\/wp-content\/themes\/dt-the7-child\/img\/finalizado.svg' style='width: 25px;' title='Past event' \/><\/p>\n          \n        <\/div><div class='search-eventos-item'>\n          <a href='https:\/\/mlcluster.com\/en\/evento\/its-world-congress-2024\/' title='Stand &#8211; ITS World Congress 2024'>Stand &#8211; ITS World Congress 2024<\/a>\n\n          <p>2024\/09\/16<\/p><p>2024\/09\/20<\/p><p>Open<\/p><p>Ferias<\/p>\n          <p><img src='https:\/\/mlcluster.com\/wp-content\/themes\/dt-the7-child\/img\/finalizado.svg' style='width: 25px;' title='Past event' \/><\/p>\n          \n        <\/div><div class='search-eventos-item'>\n          <a href='https:\/\/mlcluster.com\/en\/evento\/stand-sil-barcelona-2024\/' title='Stand &#8211; SIL Barcelona 2024'>Stand &#8211; SIL Barcelona 2024<\/a>\n\n          <p>2024\/06\/05<\/p><p>2024\/06\/07<\/p><p>Open<\/p><p>Ferias<\/p>\n          <p><img src='https:\/\/mlcluster.com\/wp-content\/themes\/dt-the7-child\/img\/finalizado.svg' style='width: 25px;' title='Past event' \/><\/p>\n          \n        <\/div><div class='search-eventos-item'>\n          <a href='https:\/\/mlcluster.com\/en\/evento\/stand-intertraffic-amsterdam-2024\/' title='Stand &#8211; Intertraffic Amsterdam 2024'>Stand &#8211; Intertraffic Amsterdam 2024<\/a>\n\n          <p>2024\/04\/16<\/p><p>2024\/04\/19<\/p><p>Open<\/p><p>Ferias<\/p>\n          <p><img src='https:\/\/mlcluster.com\/wp-content\/themes\/dt-the7-child\/img\/finalizado.svg' style='width: 25px;' title='Past event' \/><\/p>\n          \n        <\/div><div class='search-eventos-item'>\n          <a href='https:\/\/mlcluster.com\/en\/evento\/prospeccion-sil-barcelona\/' title='Prospecci\u00f3n &#8211; SIL Barcelona'>Prospecci\u00f3n &#8211; SIL Barcelona<\/a>\n\n          <p>2022\/05\/31<\/p><p>2022\/06\/02<\/p><p>Open<\/p><p>Ferias<\/p>\n          <p><img src='https:\/\/mlcluster.com\/wp-content\/themes\/dt-the7-child\/img\/finalizado.svg' style='width: 25px;' title='Past event' \/><\/p>\n          \n        <\/div><div class='search-eventos-item'>\n          <a href='https:\/\/mlcluster.com\/en\/evento\/prospeccion-breakbulk-europe\/' title='Prospecci\u00f3n &#8211; BREAKBULK EUROPE'>Prospecci\u00f3n &#8211; BREAKBULK EUROPE<\/a>\n\n          <p>2022\/05\/17<\/p><p>2022\/05\/19<\/p><p>Open<\/p><p>Ferias<\/p>\n          <p><img src='https:\/\/mlcluster.com\/wp-content\/themes\/dt-the7-child\/img\/finalizado.svg' style='width: 25px;' title='Past event' \/><\/p>\n          \n        <\/div><div class='search-eventos-item'>\n          <a href='https:\/\/mlcluster.com\/en\/evento\/go-mobility-by-mubil-2\/' title='Stand &#8211; GO MOBILITY by Mubil'>Stand &#8211; GO MOBILITY by Mubil<\/a>\n\n          <p>2022\/04\/27<\/p><p>2022\/04\/28<\/p><p>Open<\/p><p>Ferias<\/p>\n          <p><img src='https:\/\/mlcluster.com\/wp-content\/themes\/dt-the7-child\/img\/finalizado.svg' style='width: 25px;' title='Past event' \/><\/p>\n          \n        <\/div><\/div><style>\n      .search-eventos {\n        display: flex;\n        flex-direction: row;\n        flex-wrap: wrap;\n        justify-content: start;\n      }\n      .search-eventos .search-eventos-item {\n        width: 100%;\n        padding-bottom: 10px;\n        border-bottom: 1px solid #cecece;\n        margin-bottom: 10px;\n        display: flex;\n        flex-direction: row;\n        flex-wrap: wrap;\n        justify-content: start;\n      }\n      .search-eventos .search-eventos-item > * {   \n        box-sizing: border-box; \n        display: block;\n        width: 43%;\n        padding-right: 10px;\n      }\n      .search-eventos .search-eventos-item > *:nth-child(2) { width: 11%; }\n      .search-eventos .search-eventos-item > *:nth-child(3) { width: 11%; }\n      .search-eventos .search-eventos-item > *:nth-child(4) { width: 12%; }\n      .search-eventos .search-eventos-item > *:nth-child(5) { width: 16%; }\n      .search-eventos .search-eventos-item > *:nth-child(6) { width: 7%; }\n\n      .search-eventos.extrawidth .search-eventos-item > * { width: 59%; }\n      .search-eventos.extrawidth .search-eventos-item > *:nth-child(2) { width: 11%; }\n      .search-eventos.extrawidth .search-eventos-item > *:nth-child(3) { width: 11%; }\n      .search-eventos.extrawidth .search-eventos-item > *:nth-child(4) { width: 12%; }\n      .search-eventos.extrawidth .search-eventos-item > *:nth-child(5) { width: 7%; }\n      \n      @media only screen and (max-width: 800px) {\n        \/*.search-eventos .search-eventos-item:first-child {\n          display: none;\n        }*\/\n        .search-eventos .search-eventos-item > * {    \n          width: 100%;\n        }\n        .search-eventos .search-eventos-item > p {\n          margin-top: 10px;\n        }    \n      }\n      \n      span.formtitle {\n      display: inline-block;\n      font-family: \"Dosis\", Helvetica, Arial, Verdana, sans-serif;\n      color: #000;\n      font-size: 16px;\n      font-weight: 600;\n      text-transform: uppercase;\n      margin: 0px 0px 10px 0px;\n      position: relative;\n    }<\/style><div class='paginator'><div class='wp-pagenavi' role='navigation'>\n<span aria-current='page' class='current'>1<\/span><a class=\"page larger\" title=\"Page 2\" href=\"https:\/\/mlcluster.com\/en\/wp-json\/wp\/v2\/pages\/198816\/page\/2\/\">2<\/a><a class=\"nextpostslink\" rel=\"next\" aria-label=\"Next Page\" href=\"https:\/\/mlcluster.com\/en\/wp-json\/wp\/v2\/pages\/198816\/page\/2\/\"><i class=\"dt-icon-the7-arrow-0-41\" aria-hidden=\"true\"><\/i><\/a>\n<\/div><\/div>[\/vc_column][\/vc_row]<div class=\"ult-spacer spacer-69d62816eb32a\" data-id=\"69d62816eb32a\" data-height=\"40\" data-height-mobile=\"40\" data-height-tab=\"40\" data-height-tab-portrait=\"40\" data-height-mobile-landscape=\"40\" style=\"clear:both;display:block;\"><\/div>[\/vc_column][\/vc_row]<\/p>\n<\/div>","protected":false},"excerpt":{"rendered":"<p>[vc_row full_width=&#8221;stretch_row&#8221; bg_type=&#8221;bg_color&#8221; bg_override=&#8221;ex-full&#8221; bg_color_value=&#8221;#dd3333&#8243; css=&#8221;.vc_custom_1626172276344{margin-bottom: 20px !important;}&#8221;][vc_column][vc_column_text css=&#8221;.vc_custom_1638528468733{margin-top: -20px !important;margin-bottom: 15px !important;padding-top: 0px !important;padding-bottom: 0px !important;}&#8221;] Home \/ Activity \/ Trade fairs and missions [\/vc_column_text][\/vc_column][\/vc_row][vc_row equal_height=&#8221;yes&#8221; css=&#8221;.vc_custom_1621844457202{margin-top: -35px !important;}&#8221;][vc_column css=&#8221;.vc_custom_1620731232713{background-position: 0 0 !important;background-repeat: no-repeat !important;}&#8221;][\/vc_column][\/vc_row][vc_row full_width=&#8221;stretch_row&#8221; equal_height=&#8221;yes&#8221;][vc_column css=&#8221;.vc_custom_1620991834681{margin-top: 0px !important;padding-top: 0px !important;}&#8221;][\/vc_column][\/vc_row]<\/p>\n","protected":false},"author":1,"featured_media":0,"parent":0,"menu_order":120,"comment_status":"closed","ping_status":"closed","template":"","meta":{"footnotes":""},"yoast_head":"<!-- This site is optimized with the Yoast SEO plugin v24.5 - https:\/\/yoast.com\/wordpress\/plugins\/seo\/ -->\n<title>Trade fairs and missions - Basque Country Mobility and Logistics Cluster<\/title>\n<meta name=\"robots\" content=\"index, follow, max-snippet:-1, max-image-preview:large, max-video-preview:-1\" \/>\n<link rel=\"canonical\" href=\"https:\/\/mlcluster.com\/en\/trade-fairs-and-missions\/\" \/>\n<meta property=\"og:locale\" content=\"en_US\" \/>\n<meta property=\"og:type\" content=\"article\" \/>\n<meta property=\"og:title\" content=\"Trade fairs and missions - Basque Country Mobility and Logistics Cluster\" \/>\n<meta property=\"og:description\" content=\"[vc_row full_width=&#8221;stretch_row&#8221; bg_type=&#8221;bg_color&#8221; bg_override=&#8221;ex-full&#8221; bg_color_value=&#8221;#dd3333&#8243; css=&#8221;.vc_custom_1626172276344{margin-bottom: 20px !important;}&#8221;][vc_column][vc_column_text css=&#8221;.vc_custom_1638528468733{margin-top: -20px !important;margin-bottom: 15px !important;padding-top: 0px !important;padding-bottom: 0px !important;}&#8221;] Home \/ Activity \/ Trade fairs and missions [\/vc_column_text][\/vc_column][\/vc_row][vc_row equal_height=&#8221;yes&#8221; css=&#8221;.vc_custom_1621844457202{margin-top: -35px !important;}&#8221;][vc_column css=&#8221;.vc_custom_1620731232713{background-position: 0 0 !important;background-repeat: no-repeat !important;}&#8221;][\/vc_column][\/vc_row][vc_row full_width=&#8221;stretch_row&#8221; equal_height=&#8221;yes&#8221;][vc_column css=&#8221;.vc_custom_1620991834681{margin-top: 0px !important;padding-top: 0px !important;}&#8221;][\/vc_column][\/vc_row]\" \/>\n<meta property=\"og:url\" content=\"https:\/\/mlcluster.com\/en\/trade-fairs-and-missions\/\" \/>\n<meta property=\"og:site_name\" content=\"Basque Country Mobility and Logistics Cluster\" \/>\n<meta property=\"article:modified_time\" content=\"2021-12-03T10:48:35+00:00\" \/>\n<meta name=\"twitter:card\" content=\"summary_large_image\" \/>\n<meta name=\"twitter:label1\" content=\"Est. reading time\" \/>\n\t<meta name=\"twitter:data1\" content=\"1 minute\" \/>\n<script type=\"application\/ld+json\" class=\"yoast-schema-graph\">{\"@context\":\"https:\/\/schema.org\",\"@graph\":[{\"@type\":\"WebPage\",\"@id\":\"https:\/\/mlcluster.com\/en\/trade-fairs-and-missions\/\",\"url\":\"https:\/\/mlcluster.com\/en\/trade-fairs-and-missions\/\",\"name\":\"Trade fairs and missions - Basque Country Mobility and Logistics Cluster\",\"isPartOf\":{\"@id\":\"https:\/\/mlcluster.com\/#website\"},\"datePublished\":\"2021-07-19T18:45:27+00:00\",\"dateModified\":\"2021-12-03T10:48:35+00:00\",\"breadcrumb\":{\"@id\":\"https:\/\/mlcluster.com\/en\/trade-fairs-and-missions\/#breadcrumb\"},\"inLanguage\":\"en-US\",\"potentialAction\":[{\"@type\":\"ReadAction\",\"target\":[\"https:\/\/mlcluster.com\/en\/trade-fairs-and-missions\/\"]}]},{\"@type\":\"BreadcrumbList\",\"@id\":\"https:\/\/mlcluster.com\/en\/trade-fairs-and-missions\/#breadcrumb\",\"itemListElement\":[{\"@type\":\"ListItem\",\"position\":1,\"name\":\"Portada\",\"item\":\"https:\/\/mlcluster.com\/en\/\"},{\"@type\":\"ListItem\",\"position\":2,\"name\":\"Trade fairs and missions\"}]},{\"@type\":\"WebSite\",\"@id\":\"https:\/\/mlcluster.com\/#website\",\"url\":\"https:\/\/mlcluster.com\/\",\"name\":\"Basque Country Mobility and Logistics Cluster\",\"description\":\"Asociaci\u00f3n de empresas de Movilidad y Log\u00edstica del Pa\u00eds Vasco cuya misi\u00f3n es favorecer la competitividad impulsando la innovaci\u00f3n, la cooperaci\u00f3n y la promoci\u00f3n.\",\"potentialAction\":[{\"@type\":\"SearchAction\",\"target\":{\"@type\":\"EntryPoint\",\"urlTemplate\":\"https:\/\/mlcluster.com\/?s={search_term_string}\"},\"query-input\":{\"@type\":\"PropertyValueSpecification\",\"valueRequired\":true,\"valueName\":\"search_term_string\"}}],\"inLanguage\":\"en-US\"}]}<\/script>\n<!-- \/ Yoast SEO plugin. -->","yoast_head_json":{"title":"Trade fairs and missions - Basque Country Mobility and Logistics Cluster","robots":{"index":"index","follow":"follow","max-snippet":"max-snippet:-1","max-image-preview":"max-image-preview:large","max-video-preview":"max-video-preview:-1"},"canonical":"https:\/\/mlcluster.com\/en\/trade-fairs-and-missions\/","og_locale":"en_US","og_type":"article","og_title":"Trade fairs and missions - Basque Country Mobility and Logistics Cluster","og_description":"[vc_row full_width=&#8221;stretch_row&#8221; bg_type=&#8221;bg_color&#8221; bg_override=&#8221;ex-full&#8221; bg_color_value=&#8221;#dd3333&#8243; css=&#8221;.vc_custom_1626172276344{margin-bottom: 20px !important;}&#8221;][vc_column][vc_column_text css=&#8221;.vc_custom_1638528468733{margin-top: -20px !important;margin-bottom: 15px !important;padding-top: 0px !important;padding-bottom: 0px !important;}&#8221;] Home \/ Activity \/ Trade fairs and missions [\/vc_column_text][\/vc_column][\/vc_row][vc_row equal_height=&#8221;yes&#8221; css=&#8221;.vc_custom_1621844457202{margin-top: -35px !important;}&#8221;][vc_column css=&#8221;.vc_custom_1620731232713{background-position: 0 0 !important;background-repeat: no-repeat !important;}&#8221;][\/vc_column][\/vc_row][vc_row full_width=&#8221;stretch_row&#8221; equal_height=&#8221;yes&#8221;][vc_column css=&#8221;.vc_custom_1620991834681{margin-top: 0px !important;padding-top: 0px !important;}&#8221;][\/vc_column][\/vc_row]","og_url":"https:\/\/mlcluster.com\/en\/trade-fairs-and-missions\/","og_site_name":"Basque Country Mobility and Logistics Cluster","article_modified_time":"2021-12-03T10:48:35+00:00","twitter_card":"summary_large_image","twitter_misc":{"Est. reading time":"1 minute"},"schema":{"@context":"https:\/\/schema.org","@graph":[{"@type":"WebPage","@id":"https:\/\/mlcluster.com\/en\/trade-fairs-and-missions\/","url":"https:\/\/mlcluster.com\/en\/trade-fairs-and-missions\/","name":"Trade fairs and missions - Basque Country Mobility and Logistics Cluster","isPartOf":{"@id":"https:\/\/mlcluster.com\/#website"},"datePublished":"2021-07-19T18:45:27+00:00","dateModified":"2021-12-03T10:48:35+00:00","breadcrumb":{"@id":"https:\/\/mlcluster.com\/en\/trade-fairs-and-missions\/#breadcrumb"},"inLanguage":"en-US","potentialAction":[{"@type":"ReadAction","target":["https:\/\/mlcluster.com\/en\/trade-fairs-and-missions\/"]}]},{"@type":"BreadcrumbList","@id":"https:\/\/mlcluster.com\/en\/trade-fairs-and-missions\/#breadcrumb","itemListElement":[{"@type":"ListItem","position":1,"name":"Portada","item":"https:\/\/mlcluster.com\/en\/"},{"@type":"ListItem","position":2,"name":"Trade fairs and missions"}]},{"@type":"WebSite","@id":"https:\/\/mlcluster.com\/#website","url":"https:\/\/mlcluster.com\/","name":"Basque Country Mobility and Logistics Cluster","description":"Asociaci\u00f3n de empresas de Movilidad y Log\u00edstica del Pa\u00eds Vasco cuya misi\u00f3n es favorecer la competitividad impulsando la innovaci\u00f3n, la cooperaci\u00f3n y la promoci\u00f3n.","potentialAction":[{"@type":"SearchAction","target":{"@type":"EntryPoint","urlTemplate":"https:\/\/mlcluster.com\/?s={search_term_string}"},"query-input":{"@type":"PropertyValueSpecification","valueRequired":true,"valueName":"search_term_string"}}],"inLanguage":"en-US"}]}},"_links":{"self":[{"href":"https:\/\/mlcluster.com\/en\/wp-json\/wp\/v2\/pages\/198816"}],"collection":[{"href":"https:\/\/mlcluster.com\/en\/wp-json\/wp\/v2\/pages"}],"about":[{"href":"https:\/\/mlcluster.com\/en\/wp-json\/wp\/v2\/types\/page"}],"author":[{"embeddable":true,"href":"https:\/\/mlcluster.com\/en\/wp-json\/wp\/v2\/users\/1"}],"replies":[{"embeddable":true,"href":"https:\/\/mlcluster.com\/en\/wp-json\/wp\/v2\/comments?post=198816"}],"version-history":[{"count":0,"href":"https:\/\/mlcluster.com\/en\/wp-json\/wp\/v2\/pages\/198816\/revisions"}],"wp:attachment":[{"href":"https:\/\/mlcluster.com\/en\/wp-json\/wp\/v2\/media?parent=198816"}],"curies":[{"name":"wp","href":"https:\/\/api.w.org\/{rel}","templated":true}]}}