{"id":198835,"date":"2021-07-20T07:18:10","date_gmt":"2021-07-20T07:18:10","guid":{"rendered":"https:\/\/mlcluster.com\/events\/jornada-logistica\/"},"modified":"2021-12-03T12:34:19","modified_gmt":"2021-12-03T11:34:19","slug":"logistic-seminar","status":"publish","type":"page","link":"https:\/\/mlcluster.com\/en\/events\/logistic-seminar\/","title":{"rendered":"Logistic Seminar"},"content":{"rendered":"<div class=\"wpb-content-wrapper\"><p>[vc_row full_width=&#8221;stretch_row&#8221; bg_type=&#8221;bg_color&#8221; bg_override=&#8221;ex-full&#8221; bg_color_value=&#8221;#dd3333&#8243; css=&#8221;.vc_custom_1626172276344{margin-bottom: 20px !important;}&#8221;][vc_column][vc_column_text css=&#8221;.vc_custom_1638531212520{margin-top: -20px !important;margin-bottom: 15px !important;padding-top: 0px !important;padding-bottom: 0px !important;}&#8221;]<\/p>\n<p style=\"color: white; text-align: right;\"><a style=\"color: white;\" href=\"\/en\/\">Home<\/a> \/ <a style=\"color: white;\" href=\"\/en\/events\/\">Events<\/a> \/ <a style=\"color: white;\" href=\"\/en\/events\/logistic-seminar\/\">Logistic Seminar<\/a><\/p>\n<p>[\/vc_column_text][\/vc_column][\/vc_row][vc_row equal_height=&#8221;yes&#8221; css=&#8221;.vc_custom_1621844457202{margin-top: -35px !important;}&#8221;][vc_column css=&#8221;.vc_custom_1620731232713{background-position: 0 0 !important;background-repeat: no-repeat !important;}&#8221;]<div id=\"ultimate-heading-846669e9cbcb6510b\" class=\"uvc-heading ult-adjust-bottom-margin ultimate-heading-846669e9cbcb6510b uvc-7705 \" data-hspacer=\"line_with_icon\" data-hline_width=\"100\" data-hicon_type=\"selector\" data-hborder_style=\"solid\" data-hborder_height=\"3\" data-hborder_color=\"#b0b0af\" data-icon_width=\"20\" data-hfixer=\"10\"  data-halign=\"center\" style=\"text-align:center\"><div class=\"uvc-main-heading ult-responsive\"  data-ultimate-target='.uvc-heading.ultimate-heading-846669e9cbcb6510b h1'  data-responsive-json-new='{\"font-size\":\"mobile_landscape:22px;mobile:22px;\",\"line-height\":\"mobile_landscape:28px;mobile:28px;\"}' ><h1 style=\"--font-weight:theme;\">Logistic Seminar<\/h1><\/div><div class=\"uvc-heading-spacer line_with_icon\" style=\"margin-top:10px;margin-bottom:10px;height:20px;\"><div class=\"ult-just-icon-wrapper  \"><div class=\"align-icon\" style=\"text-align:center;\">\n<div class=\"aio-icon none \"  style=\"font-size:20px;display:inline-block;\">\n\t<i class=\"icomoon-the7-font-the7-arrow-05\"><\/i>\n<\/div><\/div><\/div><\/div><\/div>[\/vc_column][\/vc_row][vc_row full_width=&#8221;stretch_row&#8221; equal_height=&#8221;yes&#8221;][vc_column css=&#8221;.vc_custom_1620991834681{margin-top: 0px !important;padding-top: 0px !important;}&#8221;]<div class=\"ult-spacer spacer-69e9cbcb6519b\" data-id=\"69e9cbcb6519b\" data-height=\"30\" data-height-mobile=\"20\" data-height-tab=\"30\" data-height-tab-portrait=\"30\" data-height-mobile-landscape=\"20\" style=\"clear:both;display:block;\"><\/div>[vc_row][vc_column width=\"1\/5\"]<span class=\"searchtitle cifras\">Basque Logistic Seminar<\/span>\n\t\t<div class=\"info-figures standard-arrow list-divider bullet-top\">\n\t\tThe Cluster organises this seminar that looks at the latest developments in freight logistics focused on cleaner and safer intermodal transport that is more efficient and sustainable both for interurban transport and last-mile distribution.\n\t\t<\/div>\n\t\t[vc_separator border_width=\"2\"]<form id=\"search_eventos_form\" action=\"https:\/\/mlcluster.com\/en\/events\/logistic-seminar\/\"><span class=\"searchtitle\">Search engine<\/span><span class=\"formtitle caracter\">By modality<\/span><ul class='formfilter caracter'>\n\t\t  <li>\n\t\t    <label><input type='checkbox' name='caracter[]' value='1'> Open<\/label>\n\t\t  <\/li>\n\t\t  <li>\n\t\t    <label><input type='checkbox' name='caracter[]' value='2'> By invitation<\/label>\n\t\t  <\/li>\n\t\t<\/ul><span class=\"formtitle estado\">By status<\/span><ul class='formfilter estado'>\n    <li>\n      <label><input type='checkbox' name='estado[]' value='1'> Underway<\/label>\n    <\/li>\n    <li>\n      <label><input type='checkbox' name='estado[]' value='2'> Completed<\/label>\n    <\/li>\n  <\/ul><span class=\"formtitle tematica\">By theme<\/span><ul class='formfilter tematica'>\n    <li>\n      <label><input type='checkbox' name='tematica[]' value='1'> Passenger mobility<\/label>\n    <\/li>\n    <li>\n      <label><input type='checkbox' name='tematica[]' value='2'> Logistics-SCM<\/label>\n    <\/li>\n    <li>\n      <label><input type='checkbox' name='tematica[]' value='3'> ITS<\/label>\n    <\/li>\n  <\/ul><div class='btn-align-center'><button id='clean_filter' input class='default-btn-shortcode dt-btn dt-btn-s link-hover-off'><i class='icomoon-the7-font-icon-gallery-011-2'><\/i> CLEAR SELECTION<\/button><\/div><\/form><div class=\"ult-spacer spacer-69e9cbcb730d2\" data-id=\"69e9cbcb730d2\" data-height=\"40\" data-height-mobile=\"20\" data-height-tab=\"40\" data-height-tab-portrait=\"40\" data-height-mobile-landscape=\"20\" style=\"clear:both;display:block;\"><\/div><style>\n    ul.formfilter {\n      font-family: \"Dosis\", Helvetica, Arial, Verdana, sans-serif;\n      color: #000;\n      font-size: 15px;\n      font-weight: 600;\n      margin: 0px 0px 20px 0px;\n    }\n    ul.formfilter li {  \n      list-style-type: none; \n    }\n\n    ul.formfilter > li {\n      font-size: 15px;  \n      font-weight: 400;\n    }\n\n    \/*ul.formfilter > li input[type=checkbox] {\n      display: none;\n    }*\/\n\n    span.formtitle {\n      display: inline-block;\n      font-family: \"Dosis\", Helvetica, Arial, Verdana, sans-serif;\n      color: #000;\n      font-size: 16px;\n      font-weight: 600;\n      text-transform: uppercase;\n      margin: 0px 0px 10px 0px;\n      position: relative;\n    }\n\n    span.formtitle:after {\n      content: '|';\n      display: block;\n      position: absolute;\n      top: 0px;\n      right: -9px;\n      color: #b5b5b5;\n    }\n\n    .search-eventos-item span.formtitle:after {\n      display: none;\n    }\n\n    span.searchtitle {\n      display: block;\n      padding: 0px;\n      margin: 0px 0px 20px 0px;\n      font-family: 'Dosis', Helvetica, Arial, Verdana, sans-serif;\n      text-transform: uppercase;\n      color: #000;\n      font-size: 22px;\n      position: relative;\n      font-weight: 600;\n    }\n    \n    span.searchtitle.cifras {\n      background: url('https:\/\/mlcluster.com\/wp-content\/uploads\/2021\/10\/Supply-chain-icon-1.png') left top no-repeat;\n      background-size: auto 28px;\n      padding: 3px 5px 3px 34px;\n    }\n    \n    \n    .info-figures.standard-arrow {\n      margin-left: 34px;\n    }\n  \n    \n\n    .dt-btn {\n      font-size: 12px;\n      width: 100%;\n    }\n\n    .vc_hidden {\n      opacity: 1 !important;\n    }\n  <\/style><script type='text\/javascript'>  \n  jQuery(function(){\n    jQuery('#search_eventos_form input[type=checkbox]').on('change',function(){\n      jQuery('#search_eventos_form').submit();\n    });\n\n    jQuery('#clean_filter').click(function(e) {\n      e.preventDefault();\n      jQuery('#search_eventos_form input[type=checkbox]').prop('checked', false );\n      jQuery('#search_eventos_form').submit();\n    });\n  });\n<\/script>[\/vc_column][vc_column width=\"4\/5\"]<div class='search-eventos extrawidth'><div class='search-eventos-item'>\n      <span class='formtitle'><a href='https:\/\/mlcluster.com\/en\/events\/logistic-seminar\/?orderby=_evento_titulo&order=ASC'>Name<\/a><\/span>\n      <span class='formtitle'><a href='https:\/\/mlcluster.com\/en\/events\/logistic-seminar\/?orderby=_evento_fecha_inicio&order=ASC'>Start<\/a><\/span><span class='formtitle'><a href='https:\/\/mlcluster.com\/en\/events\/logistic-seminar\/?orderby=_evento_fecha_fin&order=ASC'>End<\/a><\/span><span class='formtitle'>Modality<\/span>\n      <span class='formtitle'>Status<\/span>\n    <\/div><div class='search-eventos-item'>\n          <a href='https:\/\/mlcluster.com\/en\/evento\/x-jornada-logistica-de-euskadi\/' title='X Jornada Log\u00edstica de Euskadi'>X Jornada Log\u00edstica de Euskadi<\/a>\n\n          <p>2025\/02\/26<\/p><p>2025\/02\/26<\/p><p>Open<\/p>\n          <p><img src='https:\/\/mlcluster.com\/wp-content\/themes\/dt-the7-child\/img\/finalizado.svg' style='width: 25px;' title='Past event' \/><\/p>\n          \n        <\/div><div class='search-eventos-item'>\n          <a href='https:\/\/mlcluster.com\/en\/evento\/ix-jornada-logistica-de-euskadi\/' title='IX Jornada Log\u00edstica de Euskadi'>IX Jornada Log\u00edstica de Euskadi<\/a>\n\n          <p>2024\/02\/28<\/p><p>2024\/02\/28<\/p><p>Open<\/p>\n          <p><img src='https:\/\/mlcluster.com\/wp-content\/themes\/dt-the7-child\/img\/finalizado.svg' style='width: 25px;' title='Past event' \/><\/p>\n          \n        <\/div><div class='search-eventos-item'>\n          <a href='https:\/\/mlcluster.com\/en\/evento\/viii-jornada-logistica-de-euskadi\/' title='VIII Jornada Log\u00edstica de Euskadi'>VIII Jornada Log\u00edstica de Euskadi<\/a>\n\n          <p>2023\/03\/01<\/p><p>2023\/03\/01<\/p><p>Open<\/p>\n          <p><img src='https:\/\/mlcluster.com\/wp-content\/themes\/dt-the7-child\/img\/finalizado.svg' style='width: 25px;' title='Past event' \/><\/p>\n          \n        <\/div><div class='search-eventos-item'>\n          <a href='https:\/\/mlcluster.com\/en\/evento\/vii-jornada-logistica-de-euskadi\/' title='VII Jornada Log\u00edstica de Euskadi'>VII Jornada Log\u00edstica de Euskadi<\/a>\n\n          <p>2022\/05\/11<\/p><p>2022\/05\/11<\/p><p>Open<\/p>\n          <p><img src='https:\/\/mlcluster.com\/wp-content\/themes\/dt-the7-child\/img\/finalizado.svg' style='width: 25px;' title='Past event' \/><\/p>\n          \n        <\/div><div class='search-eventos-item'>\n          <a href='https:\/\/mlcluster.com\/en\/evento\/vi-jornada-logistica-de-euskadi\/' title='VI Jornada Log\u00edstica de Euskadi'>VI Jornada Log\u00edstica de Euskadi<\/a>\n\n          <p>2018\/06\/29<\/p><p>2018\/06\/29<\/p><p>Open<\/p>\n          <p><img src='https:\/\/mlcluster.com\/wp-content\/themes\/dt-the7-child\/img\/finalizado.svg' style='width: 25px;' title='Past event' \/><\/p>\n          \n        <\/div><div class='search-eventos-item'>\n          <a href='https:\/\/mlcluster.com\/en\/evento\/v-jornada-logistica-de-euskadi\/' title='V Jornada Log\u00edstica de Euskadi'>V Jornada Log\u00edstica de Euskadi<\/a>\n\n          <p>2016\/07\/01<\/p><p>2016\/07\/01<\/p><p>Open<\/p>\n          <p><img src='https:\/\/mlcluster.com\/wp-content\/themes\/dt-the7-child\/img\/finalizado.svg' style='width: 25px;' title='Past event' \/><\/p>\n          \n        <\/div><div class='search-eventos-item'>\n          <a href='https:\/\/mlcluster.com\/en\/evento\/iv-jornada-logistica-de-euskadi\/' title='IV Jornada Log\u00edstica de Euskadi'>IV Jornada Log\u00edstica de Euskadi<\/a>\n\n          <p>2014\/04\/03<\/p><p>2014\/04\/03<\/p><p>Open<\/p>\n          <p><img src='https:\/\/mlcluster.com\/wp-content\/themes\/dt-the7-child\/img\/finalizado.svg' style='width: 25px;' title='Past event' \/><\/p>\n          \n        <\/div><div class='search-eventos-item'>\n          <a href='https:\/\/mlcluster.com\/en\/evento\/iii-jornada-logistica-de-euskadi\/' title='III Jornada Log\u00edstica de Euskadi'>III Jornada Log\u00edstica de Euskadi<\/a>\n\n          <p>2013\/07\/04<\/p><p>2013\/07\/04<\/p><p>Open<\/p>\n          <p><img src='https:\/\/mlcluster.com\/wp-content\/themes\/dt-the7-child\/img\/finalizado.svg' style='width: 25px;' title='Past event' \/><\/p>\n          \n        <\/div><div class='search-eventos-item'>\n          <a href='https:\/\/mlcluster.com\/en\/evento\/ii-jornada-logistica-de-euskadi\/' title='II Jornada Log\u00edstica de Euskadi'>II Jornada Log\u00edstica de Euskadi<\/a>\n\n          <p>2012\/03\/08<\/p><p>2012\/03\/08<\/p><p>Open<\/p>\n          <p><img src='https:\/\/mlcluster.com\/wp-content\/themes\/dt-the7-child\/img\/finalizado.svg' style='width: 25px;' title='Past event' \/><\/p>\n          \n        <\/div><div class='search-eventos-item'>\n          <a href='https:\/\/mlcluster.com\/en\/evento\/i-jornada-logistica-de-euskadi\/' title='I Jornada Log\u00edstica de Euskadi'>I Jornada Log\u00edstica de Euskadi<\/a>\n\n          <p>2011\/03\/03<\/p><p>2011\/03\/03<\/p><p>Open<\/p>\n          <p><img src='https:\/\/mlcluster.com\/wp-content\/themes\/dt-the7-child\/img\/finalizado.svg' style='width: 25px;' title='Past event' \/><\/p>\n          \n        <\/div><\/div><style>\n      .search-eventos {\n        display: flex;\n        flex-direction: row;\n        flex-wrap: wrap;\n        justify-content: start;\n      }\n      .search-eventos .search-eventos-item {\n        width: 100%;\n        padding-bottom: 10px;\n        border-bottom: 1px solid #cecece;\n        margin-bottom: 10px;\n        display: flex;\n        flex-direction: row;\n        flex-wrap: wrap;\n        justify-content: start;\n      }\n      .search-eventos .search-eventos-item > * {   \n        box-sizing: border-box; \n        display: block;\n        width: 43%;\n        padding-right: 10px;\n      }\n      .search-eventos .search-eventos-item > *:nth-child(2) { width: 11%; }\n      .search-eventos .search-eventos-item > *:nth-child(3) { width: 11%; }\n      .search-eventos .search-eventos-item > *:nth-child(4) { width: 12%; }\n      .search-eventos .search-eventos-item > *:nth-child(5) { width: 16%; }\n      .search-eventos .search-eventos-item > *:nth-child(6) { width: 7%; }\n\n      .search-eventos.extrawidth .search-eventos-item > * { width: 59%; }\n      .search-eventos.extrawidth .search-eventos-item > *:nth-child(2) { width: 11%; }\n      .search-eventos.extrawidth .search-eventos-item > *:nth-child(3) { width: 11%; }\n      .search-eventos.extrawidth .search-eventos-item > *:nth-child(4) { width: 12%; }\n      .search-eventos.extrawidth .search-eventos-item > *:nth-child(5) { width: 7%; }\n      \n      @media only screen and (max-width: 800px) {\n        \/*.search-eventos .search-eventos-item:first-child {\n          display: none;\n        }*\/\n        .search-eventos .search-eventos-item > * {    \n          width: 100%;\n        }\n        .search-eventos .search-eventos-item > p {\n          margin-top: 10px;\n        }    \n      }\n      \n      span.formtitle {\n      display: inline-block;\n      font-family: \"Dosis\", Helvetica, Arial, Verdana, sans-serif;\n      color: #000;\n      font-size: 16px;\n      font-weight: 600;\n      text-transform: uppercase;\n      margin: 0px 0px 10px 0px;\n      position: relative;\n    }<\/style><div class='paginator'><\/div>[\/vc_column][\/vc_row]<div class=\"ult-spacer spacer-69e9cbcb73136\" data-id=\"69e9cbcb73136\" data-height=\"40\" data-height-mobile=\"40\" data-height-tab=\"40\" data-height-tab-portrait=\"40\" data-height-mobile-landscape=\"40\" style=\"clear:both;display:block;\"><\/div>[\/vc_column][\/vc_row]<\/p>\n<\/div>","protected":false},"excerpt":{"rendered":"<p>[vc_row full_width=&#8221;stretch_row&#8221; bg_type=&#8221;bg_color&#8221; bg_override=&#8221;ex-full&#8221; bg_color_value=&#8221;#dd3333&#8243; css=&#8221;.vc_custom_1626172276344{margin-bottom: 20px !important;}&#8221;][vc_column][vc_column_text css=&#8221;.vc_custom_1638531212520{margin-top: -20px !important;margin-bottom: 15px !important;padding-top: 0px !important;padding-bottom: 0px !important;}&#8221;] Home \/ Events \/ Logistic Seminar [\/vc_column_text][\/vc_column][\/vc_row][vc_row equal_height=&#8221;yes&#8221; css=&#8221;.vc_custom_1621844457202{margin-top: -35px !important;}&#8221;][vc_column css=&#8221;.vc_custom_1620731232713{background-position: 0 0 !important;background-repeat: no-repeat !important;}&#8221;][\/vc_column][\/vc_row][vc_row full_width=&#8221;stretch_row&#8221; equal_height=&#8221;yes&#8221;][vc_column css=&#8221;.vc_custom_1620991834681{margin-top: 0px !important;padding-top: 0px !important;}&#8221;][\/vc_column][\/vc_row]<\/p>\n","protected":false},"author":1,"featured_media":0,"parent":198565,"menu_order":20,"comment_status":"closed","ping_status":"closed","template":"","meta":{"footnotes":""},"yoast_head":"<!-- This site is optimized with the Yoast SEO plugin v24.5 - https:\/\/yoast.com\/wordpress\/plugins\/seo\/ -->\n<title>Logistic Seminar - Basque Country Mobility and Logistics Cluster<\/title>\n<meta name=\"robots\" content=\"index, follow, max-snippet:-1, max-image-preview:large, max-video-preview:-1\" \/>\n<link rel=\"canonical\" href=\"https:\/\/mlcluster.com\/en\/events\/logistic-seminar\/\" \/>\n<meta property=\"og:locale\" content=\"en_US\" \/>\n<meta property=\"og:type\" content=\"article\" \/>\n<meta property=\"og:title\" content=\"Logistic Seminar - Basque Country Mobility and Logistics Cluster\" \/>\n<meta property=\"og:description\" content=\"[vc_row full_width=&#8221;stretch_row&#8221; bg_type=&#8221;bg_color&#8221; bg_override=&#8221;ex-full&#8221; bg_color_value=&#8221;#dd3333&#8243; css=&#8221;.vc_custom_1626172276344{margin-bottom: 20px !important;}&#8221;][vc_column][vc_column_text css=&#8221;.vc_custom_1638531212520{margin-top: -20px !important;margin-bottom: 15px !important;padding-top: 0px !important;padding-bottom: 0px !important;}&#8221;] Home \/ Events \/ Logistic Seminar [\/vc_column_text][\/vc_column][\/vc_row][vc_row equal_height=&#8221;yes&#8221; css=&#8221;.vc_custom_1621844457202{margin-top: -35px !important;}&#8221;][vc_column css=&#8221;.vc_custom_1620731232713{background-position: 0 0 !important;background-repeat: no-repeat !important;}&#8221;][\/vc_column][\/vc_row][vc_row full_width=&#8221;stretch_row&#8221; equal_height=&#8221;yes&#8221;][vc_column css=&#8221;.vc_custom_1620991834681{margin-top: 0px !important;padding-top: 0px !important;}&#8221;][\/vc_column][\/vc_row]\" \/>\n<meta property=\"og:url\" content=\"https:\/\/mlcluster.com\/en\/events\/logistic-seminar\/\" \/>\n<meta property=\"og:site_name\" content=\"Basque Country Mobility and Logistics Cluster\" \/>\n<meta property=\"article:modified_time\" content=\"2021-12-03T11:34:19+00:00\" \/>\n<meta name=\"twitter:card\" content=\"summary_large_image\" \/>\n<meta name=\"twitter:label1\" content=\"Est. reading time\" \/>\n\t<meta name=\"twitter:data1\" content=\"1 minute\" \/>\n<script type=\"application\/ld+json\" class=\"yoast-schema-graph\">{\"@context\":\"https:\/\/schema.org\",\"@graph\":[{\"@type\":\"WebPage\",\"@id\":\"https:\/\/mlcluster.com\/en\/events\/logistic-seminar\/\",\"url\":\"https:\/\/mlcluster.com\/en\/events\/logistic-seminar\/\",\"name\":\"Logistic Seminar - Basque Country Mobility and Logistics Cluster\",\"isPartOf\":{\"@id\":\"https:\/\/mlcluster.com\/#website\"},\"datePublished\":\"2021-07-20T07:18:10+00:00\",\"dateModified\":\"2021-12-03T11:34:19+00:00\",\"breadcrumb\":{\"@id\":\"https:\/\/mlcluster.com\/en\/events\/logistic-seminar\/#breadcrumb\"},\"inLanguage\":\"en-US\",\"potentialAction\":[{\"@type\":\"ReadAction\",\"target\":[\"https:\/\/mlcluster.com\/en\/events\/logistic-seminar\/\"]}]},{\"@type\":\"BreadcrumbList\",\"@id\":\"https:\/\/mlcluster.com\/en\/events\/logistic-seminar\/#breadcrumb\",\"itemListElement\":[{\"@type\":\"ListItem\",\"position\":1,\"name\":\"Portada\",\"item\":\"https:\/\/mlcluster.com\/en\/\"},{\"@type\":\"ListItem\",\"position\":2,\"name\":\"Events\",\"item\":\"https:\/\/mlcluster.com\/en\/events\/\"},{\"@type\":\"ListItem\",\"position\":3,\"name\":\"Logistic Seminar\"}]},{\"@type\":\"WebSite\",\"@id\":\"https:\/\/mlcluster.com\/#website\",\"url\":\"https:\/\/mlcluster.com\/\",\"name\":\"Basque Country Mobility and Logistics Cluster\",\"description\":\"Asociaci\u00f3n de empresas de Movilidad y Log\u00edstica del Pa\u00eds Vasco cuya misi\u00f3n es favorecer la competitividad impulsando la innovaci\u00f3n, la cooperaci\u00f3n y la promoci\u00f3n.\",\"potentialAction\":[{\"@type\":\"SearchAction\",\"target\":{\"@type\":\"EntryPoint\",\"urlTemplate\":\"https:\/\/mlcluster.com\/?s={search_term_string}\"},\"query-input\":{\"@type\":\"PropertyValueSpecification\",\"valueRequired\":true,\"valueName\":\"search_term_string\"}}],\"inLanguage\":\"en-US\"}]}<\/script>\n<!-- \/ Yoast SEO plugin. -->","yoast_head_json":{"title":"Logistic Seminar - Basque Country Mobility and Logistics Cluster","robots":{"index":"index","follow":"follow","max-snippet":"max-snippet:-1","max-image-preview":"max-image-preview:large","max-video-preview":"max-video-preview:-1"},"canonical":"https:\/\/mlcluster.com\/en\/events\/logistic-seminar\/","og_locale":"en_US","og_type":"article","og_title":"Logistic Seminar - Basque Country Mobility and Logistics Cluster","og_description":"[vc_row full_width=&#8221;stretch_row&#8221; bg_type=&#8221;bg_color&#8221; bg_override=&#8221;ex-full&#8221; bg_color_value=&#8221;#dd3333&#8243; css=&#8221;.vc_custom_1626172276344{margin-bottom: 20px !important;}&#8221;][vc_column][vc_column_text css=&#8221;.vc_custom_1638531212520{margin-top: -20px !important;margin-bottom: 15px !important;padding-top: 0px !important;padding-bottom: 0px !important;}&#8221;] Home \/ Events \/ Logistic Seminar [\/vc_column_text][\/vc_column][\/vc_row][vc_row equal_height=&#8221;yes&#8221; css=&#8221;.vc_custom_1621844457202{margin-top: -35px !important;}&#8221;][vc_column css=&#8221;.vc_custom_1620731232713{background-position: 0 0 !important;background-repeat: no-repeat !important;}&#8221;][\/vc_column][\/vc_row][vc_row full_width=&#8221;stretch_row&#8221; equal_height=&#8221;yes&#8221;][vc_column css=&#8221;.vc_custom_1620991834681{margin-top: 0px !important;padding-top: 0px !important;}&#8221;][\/vc_column][\/vc_row]","og_url":"https:\/\/mlcluster.com\/en\/events\/logistic-seminar\/","og_site_name":"Basque Country Mobility and Logistics Cluster","article_modified_time":"2021-12-03T11:34:19+00:00","twitter_card":"summary_large_image","twitter_misc":{"Est. reading time":"1 minute"},"schema":{"@context":"https:\/\/schema.org","@graph":[{"@type":"WebPage","@id":"https:\/\/mlcluster.com\/en\/events\/logistic-seminar\/","url":"https:\/\/mlcluster.com\/en\/events\/logistic-seminar\/","name":"Logistic Seminar - Basque Country Mobility and Logistics Cluster","isPartOf":{"@id":"https:\/\/mlcluster.com\/#website"},"datePublished":"2021-07-20T07:18:10+00:00","dateModified":"2021-12-03T11:34:19+00:00","breadcrumb":{"@id":"https:\/\/mlcluster.com\/en\/events\/logistic-seminar\/#breadcrumb"},"inLanguage":"en-US","potentialAction":[{"@type":"ReadAction","target":["https:\/\/mlcluster.com\/en\/events\/logistic-seminar\/"]}]},{"@type":"BreadcrumbList","@id":"https:\/\/mlcluster.com\/en\/events\/logistic-seminar\/#breadcrumb","itemListElement":[{"@type":"ListItem","position":1,"name":"Portada","item":"https:\/\/mlcluster.com\/en\/"},{"@type":"ListItem","position":2,"name":"Events","item":"https:\/\/mlcluster.com\/en\/events\/"},{"@type":"ListItem","position":3,"name":"Logistic Seminar"}]},{"@type":"WebSite","@id":"https:\/\/mlcluster.com\/#website","url":"https:\/\/mlcluster.com\/","name":"Basque Country Mobility and Logistics Cluster","description":"Asociaci\u00f3n de empresas de Movilidad y Log\u00edstica del Pa\u00eds Vasco cuya misi\u00f3n es favorecer la competitividad impulsando la innovaci\u00f3n, la cooperaci\u00f3n y la promoci\u00f3n.","potentialAction":[{"@type":"SearchAction","target":{"@type":"EntryPoint","urlTemplate":"https:\/\/mlcluster.com\/?s={search_term_string}"},"query-input":{"@type":"PropertyValueSpecification","valueRequired":true,"valueName":"search_term_string"}}],"inLanguage":"en-US"}]}},"_links":{"self":[{"href":"https:\/\/mlcluster.com\/en\/wp-json\/wp\/v2\/pages\/198835"}],"collection":[{"href":"https:\/\/mlcluster.com\/en\/wp-json\/wp\/v2\/pages"}],"about":[{"href":"https:\/\/mlcluster.com\/en\/wp-json\/wp\/v2\/types\/page"}],"author":[{"embeddable":true,"href":"https:\/\/mlcluster.com\/en\/wp-json\/wp\/v2\/users\/1"}],"replies":[{"embeddable":true,"href":"https:\/\/mlcluster.com\/en\/wp-json\/wp\/v2\/comments?post=198835"}],"version-history":[{"count":0,"href":"https:\/\/mlcluster.com\/en\/wp-json\/wp\/v2\/pages\/198835\/revisions"}],"up":[{"embeddable":true,"href":"https:\/\/mlcluster.com\/en\/wp-json\/wp\/v2\/pages\/198565"}],"wp:attachment":[{"href":"https:\/\/mlcluster.com\/en\/wp-json\/wp\/v2\/media?parent=198835"}],"curies":[{"name":"wp","href":"https:\/\/api.w.org\/{rel}","templated":true}]}}