{"id":199406,"date":"2021-09-29T13:41:48","date_gmt":"2021-09-29T13:41:48","guid":{"rendered":"https:\/\/mlcluster.com\/plantilla-noticia\/"},"modified":"2021-12-10T14:44:50","modified_gmt":"2021-12-10T13:44:50","slug":"plantilla-noticia-en","status":"publish","type":"page","link":"https:\/\/mlcluster.com\/en\/plantilla-noticia-en\/","title":{"rendered":"PLANTILLA NOTICIA EN"},"content":{"rendered":"<div class=\"wpb-content-wrapper\"><p>[vc_row full_width=&#8221;stretch_row&#8221; equal_height=&#8221;yes&#8221; content_placement=&#8221;middle&#8221; bg_type=&#8221;bg_color&#8221; bg_override=&#8221;ex-full&#8221; bg_color_value=&#8221;#dd3333&#8243;][vc_column][vc_column_text css=&#8221;.vc_custom_1639143834698{margin-top: -15px !important;margin-bottom: 15px !important;}&#8221;]<\/p>\n<p style=\"color: white; text-align: right;\"><a style=\"color: white;\" href=\"\/en\/\">Home<\/a> \/ <a style=\"color: white;\" href=\"\/en\/news\/\">News<\/a> \/ <a style=\"color: white;\" href=\"\/en\/news\/cluster\/\">Cluster News<\/a> \/ *|titulo|*<\/p>\n<p>[\/vc_column_text][\/vc_column][\/vc_row][vc_row full_width=&#8221;stretch_row&#8221; equal_height=&#8221;yes&#8221; content_placement=&#8221;middle&#8221; css=&#8221;.vc_custom_1626077868665{margin-top: 15px !important;}&#8221;][vc_column width=&#8221;1\/6&#8243; css=&#8221;.vc_custom_1632925007785{background-position: center !important;background-repeat: no-repeat !important;background-size: contain !important;}&#8221;][\/vc_column][vc_column width=&#8221;2\/3&#8243;]<div id=\"ultimate-heading-310269d2af80bab1e\" class=\"uvc-heading ult-adjust-bottom-margin ultimate-heading-310269d2af80bab1e uvc-7382 antetitulohidden uvc-heading-default-font-sizes\" data-hspacer=\"no_spacer\"  data-halign=\"left\" style=\"text-align:left\"><div class=\"uvc-heading-spacer no_spacer\" style=\"top\"><\/div><div class=\"uvc-sub-heading ult-responsive\"  data-ultimate-target='.uvc-heading.ultimate-heading-310269d2af80bab1e .uvc-sub-heading '  data-responsive-json-new='{\"font-size\":\"desktop:18px;\",\"line-height\":\"\"}'  style=\"font-weight:normal;margin-bottom:20px;\">*|antetitulo|*<\/div><\/div><div id=\"ultimate-heading-109669d2af80bab97\" class=\"uvc-heading ult-adjust-bottom-margin ultimate-heading-109669d2af80bab97 uvc-9624 \" data-hspacer=\"no_spacer\"  data-halign=\"left\" style=\"text-align:left\"><div class=\"uvc-heading-spacer no_spacer\" style=\"top\"><\/div><div class=\"uvc-main-heading ult-responsive\"  data-ultimate-target='.uvc-heading.ultimate-heading-109669d2af80bab97 h1'  data-responsive-json-new='{\"font-size\":\"desktop:30px;\",\"line-height\":\"desktop:37px;\"}' ><h1 style=\"--font-weight:theme;color:#dd052b;margin-bottom:20px;\">*|titulo|*<\/h1><\/div><\/div><div id=\"ultimate-heading-376269d2af80babe2\" class=\"uvc-heading ult-adjust-bottom-margin ultimate-heading-376269d2af80babe2 uvc-7138 subtitulohidden uvc-heading-default-font-sizes\" data-hspacer=\"no_spacer\"  data-halign=\"left\" style=\"text-align:left\"><div class=\"uvc-heading-spacer no_spacer\" style=\"top\"><\/div><div class=\"uvc-sub-heading ult-responsive\"  data-ultimate-target='.uvc-heading.ultimate-heading-376269d2af80babe2 .uvc-sub-heading '  data-responsive-json-new='{\"font-size\":\"desktop:18px;\",\"line-height\":\"\"}'  style=\"font-weight:normal;margin-bottom:25px;\">*|subtitulo|*<\/div><\/div>[vc_column_text css=&#8221;.vc_custom_1633001910361{margin-bottom: 0px !important;}&#8221; el_class=&#8221;imagenhidden&#8221;]<\/p>\n<div style=\"text-align: center; margin-bottom: 10px;\"><img decoding=\"async\" style=\"width: 100%; border: 1px solid #cecece;\" src=\"*|imagen|*\" alt=\"\" \/><\/div>\n<p>[\/vc_column_text][vc_column_text el_class=&#8221;piefotohidden&#8221;]<\/p>\n<div style=\"font-style: italic; text-align: right; color: #80808094; line-height: 18px; font-size: 13px; margin-top: -10px; margin-bottom: 10px;\">*|piefoto|*<\/div>\n<p>[\/vc_column_text][vc_column_text css=&#8221;.vc_custom_1635931780047{margin-bottom: 0px !important;}&#8221; el_class=&#8221;galeriahidden&#8221;]*|gallery|*[\/vc_column_text][vc_row_inner el_class=&#8221;sumariohidden&#8221;][vc_column_inner]<div class=\"standard-arrow list-divider bullet-top\"><p>*|sumario|*<\/p>\n<\/div>[\/vc_column_inner][\/vc_row_inner][vc_column_text]<\/p>\n<div class=\"postdate\"><i style=\"color: grey;\">*|fecha|*<\/i><\/div>\n<p>*|texto|*[\/vc_column_text][\/vc_column][vc_column width=&#8221;1\/6&#8243;][\/vc_column][\/vc_row]<\/p>\n<\/div>","protected":false},"excerpt":{"rendered":"<p>[vc_row full_width=&#8221;stretch_row&#8221; equal_height=&#8221;yes&#8221; content_placement=&#8221;middle&#8221; bg_type=&#8221;bg_color&#8221; bg_override=&#8221;ex-full&#8221; bg_color_value=&#8221;#dd3333&#8243;][vc_column][vc_column_text css=&#8221;.vc_custom_1639143834698{margin-top: -15px !important;margin-bottom: 15px !important;}&#8221;] Home \/ News \/ Cluster News \/ *|titulo|* [\/vc_column_text][\/vc_column][\/vc_row][vc_row full_width=&#8221;stretch_row&#8221; equal_height=&#8221;yes&#8221; content_placement=&#8221;middle&#8221; css=&#8221;.vc_custom_1626077868665{margin-top: 15px !important;}&#8221;][vc_column width=&#8221;1\/6&#8243; css=&#8221;.vc_custom_1632925007785{background-position: center !important;background-repeat: no-repeat !important;background-size: contain !important;}&#8221;][\/vc_column][vc_column width=&#8221;2\/3&#8243;][vc_column_text css=&#8221;.vc_custom_1633001910361{margin-bottom: 0px !important;}&#8221; el_class=&#8221;imagenhidden&#8221;] [\/vc_column_text][vc_column_text el_class=&#8221;piefotohidden&#8221;] *|piefoto|* [\/vc_column_text][vc_column_text css=&#8221;.vc_custom_1635931780047{margin-bottom: 0px !important;}&#8221; el_class=&#8221;galeriahidden&#8221;]*|gallery|*[\/vc_column_text][vc_row_inner el_class=&#8221;sumariohidden&#8221;][vc_column_inner][\/vc_column_inner][\/vc_row_inner][vc_column_text] *|fecha|* *|texto|*[\/vc_column_text][\/vc_column][vc_column width=&#8221;1\/6&#8243;][\/vc_column][\/vc_row]<\/p>\n","protected":false},"author":1,"featured_media":0,"parent":0,"menu_order":3020,"comment_status":"closed","ping_status":"closed","template":"","meta":{"footnotes":""},"yoast_head":"<!-- This site is optimized with the Yoast SEO plugin v24.5 - https:\/\/yoast.com\/wordpress\/plugins\/seo\/ -->\n<title>PLANTILLA NOTICIA EN - Basque Country Mobility and Logistics Cluster<\/title>\n<meta name=\"robots\" content=\"noindex, nofollow\" \/>\n<meta property=\"og:locale\" content=\"en_US\" \/>\n<meta property=\"og:type\" content=\"article\" \/>\n<meta property=\"og:title\" content=\"PLANTILLA NOTICIA EN - Basque Country Mobility and Logistics Cluster\" \/>\n<meta property=\"og:description\" content=\"[vc_row full_width=&#8221;stretch_row&#8221; equal_height=&#8221;yes&#8221; content_placement=&#8221;middle&#8221; bg_type=&#8221;bg_color&#8221; bg_override=&#8221;ex-full&#8221; bg_color_value=&#8221;#dd3333&#8243;][vc_column][vc_column_text css=&#8221;.vc_custom_1639143834698{margin-top: -15px !important;margin-bottom: 15px !important;}&#8221;] Home \/ News \/ Cluster News \/ *|titulo|* [\/vc_column_text][\/vc_column][\/vc_row][vc_row full_width=&#8221;stretch_row&#8221; equal_height=&#8221;yes&#8221; content_placement=&#8221;middle&#8221; css=&#8221;.vc_custom_1626077868665{margin-top: 15px !important;}&#8221;][vc_column width=&#8221;1\/6&#8243; css=&#8221;.vc_custom_1632925007785{background-position: center !important;background-repeat: no-repeat !important;background-size: contain !important;}&#8221;][\/vc_column][vc_column width=&#8221;2\/3&#8243;][vc_column_text css=&#8221;.vc_custom_1633001910361{margin-bottom: 0px !important;}&#8221; el_class=&#8221;imagenhidden&#8221;] [\/vc_column_text][vc_column_text el_class=&#8221;piefotohidden&#8221;] *|piefoto|* [\/vc_column_text][vc_column_text css=&#8221;.vc_custom_1635931780047{margin-bottom: 0px !important;}&#8221; el_class=&#8221;galeriahidden&#8221;]*|gallery|*[\/vc_column_text][vc_row_inner el_class=&#8221;sumariohidden&#8221;][vc_column_inner][\/vc_column_inner][\/vc_row_inner][vc_column_text] *|fecha|* *|texto|*[\/vc_column_text][\/vc_column][vc_column width=&#8221;1\/6&#8243;][\/vc_column][\/vc_row]\" \/>\n<meta property=\"og:url\" content=\"https:\/\/mlcluster.com\/en\/plantilla-noticia-en\/\" \/>\n<meta property=\"og:site_name\" content=\"Basque Country Mobility and Logistics Cluster\" \/>\n<meta property=\"article:modified_time\" content=\"2021-12-10T13:44:50+00:00\" \/>\n<meta property=\"og:image\" content=\"http:\/\/*|imagen|*\" \/>\n<meta name=\"twitter:card\" content=\"summary_large_image\" \/>\n<meta name=\"twitter:label1\" content=\"Est. reading time\" \/>\n\t<meta name=\"twitter:data1\" content=\"1 minute\" \/>\n<script type=\"application\/ld+json\" class=\"yoast-schema-graph\">{\"@context\":\"https:\/\/schema.org\",\"@graph\":[{\"@type\":\"WebPage\",\"@id\":\"https:\/\/mlcluster.com\/en\/plantilla-noticia-en\/\",\"url\":\"https:\/\/mlcluster.com\/en\/plantilla-noticia-en\/\",\"name\":\"PLANTILLA NOTICIA EN - Basque Country Mobility and Logistics Cluster\",\"isPartOf\":{\"@id\":\"https:\/\/mlcluster.com\/#website\"},\"datePublished\":\"2021-09-29T13:41:48+00:00\",\"dateModified\":\"2021-12-10T13:44:50+00:00\",\"breadcrumb\":{\"@id\":\"https:\/\/mlcluster.com\/en\/plantilla-noticia-en\/#breadcrumb\"},\"inLanguage\":\"en-US\",\"potentialAction\":[{\"@type\":\"ReadAction\",\"target\":[\"https:\/\/mlcluster.com\/en\/plantilla-noticia-en\/\"]}]},{\"@type\":\"BreadcrumbList\",\"@id\":\"https:\/\/mlcluster.com\/en\/plantilla-noticia-en\/#breadcrumb\",\"itemListElement\":[{\"@type\":\"ListItem\",\"position\":1,\"name\":\"Portada\",\"item\":\"https:\/\/mlcluster.com\/en\/\"},{\"@type\":\"ListItem\",\"position\":2,\"name\":\"PLANTILLA NOTICIA EN\"}]},{\"@type\":\"WebSite\",\"@id\":\"https:\/\/mlcluster.com\/#website\",\"url\":\"https:\/\/mlcluster.com\/\",\"name\":\"Basque Country Mobility and Logistics Cluster\",\"description\":\"Asociaci\u00f3n de empresas de Movilidad y Log\u00edstica del Pa\u00eds Vasco cuya misi\u00f3n es favorecer la competitividad impulsando la innovaci\u00f3n, la cooperaci\u00f3n y la promoci\u00f3n.\",\"potentialAction\":[{\"@type\":\"SearchAction\",\"target\":{\"@type\":\"EntryPoint\",\"urlTemplate\":\"https:\/\/mlcluster.com\/?s={search_term_string}\"},\"query-input\":{\"@type\":\"PropertyValueSpecification\",\"valueRequired\":true,\"valueName\":\"search_term_string\"}}],\"inLanguage\":\"en-US\"}]}<\/script>\n<!-- \/ Yoast SEO plugin. -->","yoast_head_json":{"title":"PLANTILLA NOTICIA EN - Basque Country Mobility and Logistics Cluster","robots":{"index":"noindex","follow":"nofollow"},"og_locale":"en_US","og_type":"article","og_title":"PLANTILLA NOTICIA EN - Basque Country Mobility and Logistics Cluster","og_description":"[vc_row full_width=&#8221;stretch_row&#8221; equal_height=&#8221;yes&#8221; content_placement=&#8221;middle&#8221; bg_type=&#8221;bg_color&#8221; bg_override=&#8221;ex-full&#8221; bg_color_value=&#8221;#dd3333&#8243;][vc_column][vc_column_text css=&#8221;.vc_custom_1639143834698{margin-top: -15px !important;margin-bottom: 15px !important;}&#8221;] Home \/ News \/ Cluster News \/ *|titulo|* [\/vc_column_text][\/vc_column][\/vc_row][vc_row full_width=&#8221;stretch_row&#8221; equal_height=&#8221;yes&#8221; content_placement=&#8221;middle&#8221; css=&#8221;.vc_custom_1626077868665{margin-top: 15px !important;}&#8221;][vc_column width=&#8221;1\/6&#8243; css=&#8221;.vc_custom_1632925007785{background-position: center !important;background-repeat: no-repeat !important;background-size: contain !important;}&#8221;][\/vc_column][vc_column width=&#8221;2\/3&#8243;][vc_column_text css=&#8221;.vc_custom_1633001910361{margin-bottom: 0px !important;}&#8221; el_class=&#8221;imagenhidden&#8221;] [\/vc_column_text][vc_column_text el_class=&#8221;piefotohidden&#8221;] *|piefoto|* [\/vc_column_text][vc_column_text css=&#8221;.vc_custom_1635931780047{margin-bottom: 0px !important;}&#8221; el_class=&#8221;galeriahidden&#8221;]*|gallery|*[\/vc_column_text][vc_row_inner el_class=&#8221;sumariohidden&#8221;][vc_column_inner][\/vc_column_inner][\/vc_row_inner][vc_column_text] *|fecha|* *|texto|*[\/vc_column_text][\/vc_column][vc_column width=&#8221;1\/6&#8243;][\/vc_column][\/vc_row]","og_url":"https:\/\/mlcluster.com\/en\/plantilla-noticia-en\/","og_site_name":"Basque Country Mobility and Logistics Cluster","article_modified_time":"2021-12-10T13:44:50+00:00","og_image":[{"url":"*|imagen|*","type":"","width":"","height":""}],"twitter_card":"summary_large_image","twitter_misc":{"Est. reading time":"1 minute"},"schema":{"@context":"https:\/\/schema.org","@graph":[{"@type":"WebPage","@id":"https:\/\/mlcluster.com\/en\/plantilla-noticia-en\/","url":"https:\/\/mlcluster.com\/en\/plantilla-noticia-en\/","name":"PLANTILLA NOTICIA EN - Basque Country Mobility and Logistics Cluster","isPartOf":{"@id":"https:\/\/mlcluster.com\/#website"},"datePublished":"2021-09-29T13:41:48+00:00","dateModified":"2021-12-10T13:44:50+00:00","breadcrumb":{"@id":"https:\/\/mlcluster.com\/en\/plantilla-noticia-en\/#breadcrumb"},"inLanguage":"en-US","potentialAction":[{"@type":"ReadAction","target":["https:\/\/mlcluster.com\/en\/plantilla-noticia-en\/"]}]},{"@type":"BreadcrumbList","@id":"https:\/\/mlcluster.com\/en\/plantilla-noticia-en\/#breadcrumb","itemListElement":[{"@type":"ListItem","position":1,"name":"Portada","item":"https:\/\/mlcluster.com\/en\/"},{"@type":"ListItem","position":2,"name":"PLANTILLA NOTICIA EN"}]},{"@type":"WebSite","@id":"https:\/\/mlcluster.com\/#website","url":"https:\/\/mlcluster.com\/","name":"Basque Country Mobility and Logistics Cluster","description":"Asociaci\u00f3n de empresas de Movilidad y Log\u00edstica del Pa\u00eds Vasco cuya misi\u00f3n es favorecer la competitividad impulsando la innovaci\u00f3n, la cooperaci\u00f3n y la promoci\u00f3n.","potentialAction":[{"@type":"SearchAction","target":{"@type":"EntryPoint","urlTemplate":"https:\/\/mlcluster.com\/?s={search_term_string}"},"query-input":{"@type":"PropertyValueSpecification","valueRequired":true,"valueName":"search_term_string"}}],"inLanguage":"en-US"}]}},"_links":{"self":[{"href":"https:\/\/mlcluster.com\/en\/wp-json\/wp\/v2\/pages\/199406"}],"collection":[{"href":"https:\/\/mlcluster.com\/en\/wp-json\/wp\/v2\/pages"}],"about":[{"href":"https:\/\/mlcluster.com\/en\/wp-json\/wp\/v2\/types\/page"}],"author":[{"embeddable":true,"href":"https:\/\/mlcluster.com\/en\/wp-json\/wp\/v2\/users\/1"}],"replies":[{"embeddable":true,"href":"https:\/\/mlcluster.com\/en\/wp-json\/wp\/v2\/comments?post=199406"}],"version-history":[{"count":0,"href":"https:\/\/mlcluster.com\/en\/wp-json\/wp\/v2\/pages\/199406\/revisions"}],"wp:attachment":[{"href":"https:\/\/mlcluster.com\/en\/wp-json\/wp\/v2\/media?parent=199406"}],"curies":[{"name":"wp","href":"https:\/\/api.w.org\/{rel}","templated":true}]}}