{"id":402070,"date":"2024-11-27T12:08:23","date_gmt":"2024-11-27T11:08:23","guid":{"rendered":"https:\/\/mlcluster.com\/politica-cluster\/"},"modified":"2025-06-20T13:25:21","modified_gmt":"2025-06-20T11:25:21","slug":"cluster-policy","status":"publish","type":"page","link":"https:\/\/mlcluster.com\/en\/cluster-policy\/","title":{"rendered":"Cluster Policy"},"content":{"rendered":"<div class=\"wpb-content-wrapper\"><p>[vc_row full_width=&#8221;stretch_row&#8221; equal_height=&#8221;yes&#8221; content_placement=&#8221;middle&#8221; bg_type=&#8221;bg_color&#8221; bg_override=&#8221;ex-full&#8221; bg_color_value=&#8221;#dd3333&#8243; css=&#8221;.vc_custom_1626257027503{margin-bottom: 20px !important;}&#8221;][vc_column][vc_column_text css=&#8221;.vc_custom_1750418717860{margin-top: -15px !important;margin-bottom: 15px !important;}&#8221;]<\/p>\n<p style=\"color: white; text-align: right;\"><a style=\"color: white;\" href=\"\/en\/\">Home<\/a> \/ The Cluster \/ <a style=\"color: white;\" href=\"\/cluster-policy\/\">Cluster Policy<\/a><\/p>\n<p>[\/vc_column_text][\/vc_column][\/vc_row][vc_row equal_height=&#8221;yes&#8221;][vc_column width=&#8221;1\/6&#8243; css=&#8221;.vc_custom_1620992772888{margin-top: 0px !important;padding-top: 0px !important;}&#8221;][\/vc_column][vc_column width=&#8221;2\/3&#8243;]<div id=\"ultimate-heading-768569dcba90e00c3\" class=\"uvc-heading ult-adjust-bottom-margin ultimate-heading-768569dcba90e00c3 uvc-6931 \" data-hspacer=\"line_with_icon\" data-hline_width=\"100\" data-hicon_type=\"selector\" data-hborder_style=\"solid\" data-hborder_height=\"3\" data-hborder_color=\"#b0b0af\" data-icon_width=\"20\" data-hfixer=\"10\"  data-halign=\"center\" style=\"text-align:center\"><div class=\"uvc-main-heading ult-responsive\"  data-ultimate-target='.uvc-heading.ultimate-heading-768569dcba90e00c3 h1'  data-responsive-json-new='{\"font-size\":\"mobile_landscape:22px;mobile:22px;\",\"line-height\":\"mobile_landscape:28px;mobile:28px;\"}' ><h1 style=\"--font-weight:theme;\">CLUSTER POLICY<\/h1><\/div><div class=\"uvc-heading-spacer line_with_icon\" style=\"margin-top:10px;margin-bottom:10px;height:20px;\"><div class=\"ult-just-icon-wrapper  \"><div class=\"align-icon\" style=\"text-align:center;\">\n<div class=\"aio-icon none \"  style=\"font-size:20px;display:inline-block;\">\n\t<i class=\"icomoon-the7-font-the7-arrow-05\"><\/i>\n<\/div><\/div><\/div><\/div><\/div><div class=\"ult-spacer spacer-69dcba90e011c\" data-id=\"69dcba90e011c\" data-height=\"20\" data-height-mobile=\"20\" data-height-tab=\"20\" data-height-tab-portrait=\"20\" data-height-mobile-landscape=\"20\" style=\"clear:both;display:block;\"><\/div>[\/vc_column][vc_column width=&#8221;1\/6&#8243;][\/vc_column][\/vc_row][vc_row][vc_column width=&#8221;1\/2&#8243;][vc_column_text css=&#8221;&#8221;]<strong>Promoting technical and commercial collaboration between companies in the sector<\/strong>[\/vc_column_text][vc_column_text css=&#8221;&#8221;]A significant <a href=\"https:\/\/www.spri.eus\/en\/ris3-euskadi\/cluster-policy\/\" target=\"_blank\" rel=\"noopener\">network of clusters <\/a> has been created in the Basque Country, aimed at increasing the competitiveness of companies through cooperation and with the support of institutions and universities, which has meant strengthening the Basque industrial fabric.[\/vc_column_text]<div class=\"standard-arrow list-divider bullet-top\"><ul>\n<li>The Mobility and Logistics Cluster is part of the Basque Country&#8217;s Cluster Policy.<\/li>\n<\/ul>\n<\/div>[vc_column_text css=&#8221;&#8221;]<a href=\"https:\/\/www.spri.eus\/en\/\" target=\"_blank\" rel=\"noopener\">SPRI Group<\/a>\u00a0coordinates the support programme for the Basque cluster promotion organisations, maintain an open, facilitating communication in the follow-up of their action plans.[\/vc_column_text][\/vc_column][vc_column width=&#8221;1\/2&#8243;][vc_column_text css=&#8221;&#8221;]<strong>Ser parte de un Cl\u00faster significa:<\/strong>[\/vc_column_text]<div class=\"standard-arrow list-divider bullet-top\"><ul>\n<li>Power of <strong>coordination<\/strong> between companies.<\/li>\n<li>Access to relevant <strong>information<\/strong> for the sector.<\/li>\n<li>Crossing <strong>knowledge<\/strong> and <strong>opportunities<\/strong>.<\/li>\n<li>The possibility of working with collaborators on <strong>projects<\/strong> that we could hardly carry out alone<\/li>\n<li>National and international <strong>visibility<\/strong>.<\/li>\n<li>Technological and business <strong>innovation<\/strong> and the <strong>internationalisation<\/strong> of our companies.<\/li>\n<\/ul>\n<\/div>[\/vc_column][\/vc_row][vc_row][vc_column]<div class=\"ult-spacer spacer-69dcba90e0241\" data-id=\"69dcba90e0241\" data-height=\"20\" data-height-mobile=\"20\" data-height-tab=\"20\" data-height-tab-portrait=\"20\" data-height-mobile-landscape=\"20\" style=\"clear:both;display:block;\"><\/div>[\/vc_column][\/vc_row][vc_row][vc_column]<div class=\"text-centered\"><a href=\"https:\/\/mlcluster.com\/en\/join-us\/\" class=\"btn-shortcode dt-btn-s dt-btn default-btn-color default-btn-hover-color default-btn-bg-color default-btn-bg-hover-color\" id=\"dt-btn-1\"><span>JOIN AND GET INVOLVED<\/span><\/a><\/div><div class=\"ult-spacer spacer-69dcba90e02ba\" data-id=\"69dcba90e02ba\" data-height=\"20\" data-height-mobile=\"20\" data-height-tab=\"20\" data-height-tab-portrait=\"20\" data-height-mobile-landscape=\"20\" style=\"clear:both;display:block;\"><\/div>[\/vc_column][\/vc_row]<\/p>\n<\/div>","protected":false},"excerpt":{"rendered":"<p>[vc_row full_width=&#8221;stretch_row&#8221; equal_height=&#8221;yes&#8221; content_placement=&#8221;middle&#8221; bg_type=&#8221;bg_color&#8221; bg_override=&#8221;ex-full&#8221; bg_color_value=&#8221;#dd3333&#8243; css=&#8221;.vc_custom_1626257027503{margin-bottom: 20px !important;}&#8221;][vc_column][vc_column_text css=&#8221;.vc_custom_1750418717860{margin-top: -15px !important;margin-bottom: 15px !important;}&#8221;] Home \/ The Cluster \/ Cluster Policy [\/vc_column_text][\/vc_column][\/vc_row][vc_row equal_height=&#8221;yes&#8221;][vc_column width=&#8221;1\/6&#8243; css=&#8221;.vc_custom_1620992772888{margin-top: 0px !important;padding-top: 0px !important;}&#8221;][\/vc_column][vc_column width=&#8221;2\/3&#8243;][\/vc_column][vc_column width=&#8221;1\/6&#8243;][\/vc_column][\/vc_row][vc_row][vc_column width=&#8221;1\/2&#8243;][vc_column_text css=&#8221;&#8221;]Promoting technical and commercial collaboration between companies in the sector[\/vc_column_text][vc_column_text css=&#8221;&#8221;]A significant network of clusters has been created in the Basque Country,&hellip;<\/p>\n","protected":false},"author":2,"featured_media":0,"parent":0,"menu_order":60,"comment_status":"closed","ping_status":"closed","template":"","meta":{"footnotes":""},"yoast_head":"<!-- This site is optimized with the Yoast SEO plugin v24.5 - https:\/\/yoast.com\/wordpress\/plugins\/seo\/ -->\n<title>Cluster Policy - Basque Country Mobility and Logistics Cluster<\/title>\n<meta name=\"robots\" content=\"index, follow, max-snippet:-1, max-image-preview:large, max-video-preview:-1\" \/>\n<link rel=\"canonical\" href=\"https:\/\/mlcluster.com\/en\/cluster-policy\/\" \/>\n<meta property=\"og:locale\" content=\"en_US\" \/>\n<meta property=\"og:type\" content=\"article\" \/>\n<meta property=\"og:title\" content=\"Cluster Policy - Basque Country Mobility and Logistics Cluster\" \/>\n<meta property=\"og:description\" content=\"[vc_row full_width=&#8221;stretch_row&#8221; equal_height=&#8221;yes&#8221; content_placement=&#8221;middle&#8221; bg_type=&#8221;bg_color&#8221; bg_override=&#8221;ex-full&#8221; bg_color_value=&#8221;#dd3333&#8243; css=&#8221;.vc_custom_1626257027503{margin-bottom: 20px !important;}&#8221;][vc_column][vc_column_text css=&#8221;.vc_custom_1750418717860{margin-top: -15px !important;margin-bottom: 15px !important;}&#8221;] Home \/ The Cluster \/ Cluster Policy [\/vc_column_text][\/vc_column][\/vc_row][vc_row equal_height=&#8221;yes&#8221;][vc_column width=&#8221;1\/6&#8243; css=&#8221;.vc_custom_1620992772888{margin-top: 0px !important;padding-top: 0px !important;}&#8221;][\/vc_column][vc_column width=&#8221;2\/3&#8243;][\/vc_column][vc_column width=&#8221;1\/6&#8243;][\/vc_column][\/vc_row][vc_row][vc_column width=&#8221;1\/2&#8243;][vc_column_text css=&#8221;&#8221;]Promoting technical and commercial collaboration between companies in the sector[\/vc_column_text][vc_column_text css=&#8221;&#8221;]A significant network of clusters has been created in the Basque Country,&hellip;\" \/>\n<meta property=\"og:url\" content=\"https:\/\/mlcluster.com\/en\/cluster-policy\/\" \/>\n<meta property=\"og:site_name\" content=\"Basque Country Mobility and Logistics Cluster\" \/>\n<meta property=\"article:modified_time\" content=\"2025-06-20T11:25:21+00:00\" \/>\n<meta name=\"twitter:card\" content=\"summary_large_image\" \/>\n<meta name=\"twitter:label1\" content=\"Est. reading time\" \/>\n\t<meta name=\"twitter:data1\" content=\"1 minute\" \/>\n<script type=\"application\/ld+json\" class=\"yoast-schema-graph\">{\"@context\":\"https:\/\/schema.org\",\"@graph\":[{\"@type\":\"WebPage\",\"@id\":\"https:\/\/mlcluster.com\/en\/cluster-policy\/\",\"url\":\"https:\/\/mlcluster.com\/en\/cluster-policy\/\",\"name\":\"Cluster Policy - Basque Country Mobility and Logistics Cluster\",\"isPartOf\":{\"@id\":\"https:\/\/mlcluster.com\/#website\"},\"datePublished\":\"2024-11-27T11:08:23+00:00\",\"dateModified\":\"2025-06-20T11:25:21+00:00\",\"breadcrumb\":{\"@id\":\"https:\/\/mlcluster.com\/en\/cluster-policy\/#breadcrumb\"},\"inLanguage\":\"en-US\",\"potentialAction\":[{\"@type\":\"ReadAction\",\"target\":[\"https:\/\/mlcluster.com\/en\/cluster-policy\/\"]}]},{\"@type\":\"BreadcrumbList\",\"@id\":\"https:\/\/mlcluster.com\/en\/cluster-policy\/#breadcrumb\",\"itemListElement\":[{\"@type\":\"ListItem\",\"position\":1,\"name\":\"Portada\",\"item\":\"https:\/\/mlcluster.com\/en\/\"},{\"@type\":\"ListItem\",\"position\":2,\"name\":\"Cluster Policy\"}]},{\"@type\":\"WebSite\",\"@id\":\"https:\/\/mlcluster.com\/#website\",\"url\":\"https:\/\/mlcluster.com\/\",\"name\":\"Basque Country Mobility and Logistics Cluster\",\"description\":\"Asociaci\u00f3n de empresas de Movilidad y Log\u00edstica del Pa\u00eds Vasco cuya misi\u00f3n es favorecer la competitividad impulsando la innovaci\u00f3n, la cooperaci\u00f3n y la promoci\u00f3n.\",\"potentialAction\":[{\"@type\":\"SearchAction\",\"target\":{\"@type\":\"EntryPoint\",\"urlTemplate\":\"https:\/\/mlcluster.com\/?s={search_term_string}\"},\"query-input\":{\"@type\":\"PropertyValueSpecification\",\"valueRequired\":true,\"valueName\":\"search_term_string\"}}],\"inLanguage\":\"en-US\"}]}<\/script>\n<!-- \/ Yoast SEO plugin. -->","yoast_head_json":{"title":"Cluster Policy - Basque Country Mobility and Logistics Cluster","robots":{"index":"index","follow":"follow","max-snippet":"max-snippet:-1","max-image-preview":"max-image-preview:large","max-video-preview":"max-video-preview:-1"},"canonical":"https:\/\/mlcluster.com\/en\/cluster-policy\/","og_locale":"en_US","og_type":"article","og_title":"Cluster Policy - Basque Country Mobility and Logistics Cluster","og_description":"[vc_row full_width=&#8221;stretch_row&#8221; equal_height=&#8221;yes&#8221; content_placement=&#8221;middle&#8221; bg_type=&#8221;bg_color&#8221; bg_override=&#8221;ex-full&#8221; bg_color_value=&#8221;#dd3333&#8243; css=&#8221;.vc_custom_1626257027503{margin-bottom: 20px !important;}&#8221;][vc_column][vc_column_text css=&#8221;.vc_custom_1750418717860{margin-top: -15px !important;margin-bottom: 15px !important;}&#8221;] Home \/ The Cluster \/ Cluster Policy [\/vc_column_text][\/vc_column][\/vc_row][vc_row equal_height=&#8221;yes&#8221;][vc_column width=&#8221;1\/6&#8243; css=&#8221;.vc_custom_1620992772888{margin-top: 0px !important;padding-top: 0px !important;}&#8221;][\/vc_column][vc_column width=&#8221;2\/3&#8243;][\/vc_column][vc_column width=&#8221;1\/6&#8243;][\/vc_column][\/vc_row][vc_row][vc_column width=&#8221;1\/2&#8243;][vc_column_text css=&#8221;&#8221;]Promoting technical and commercial collaboration between companies in the sector[\/vc_column_text][vc_column_text css=&#8221;&#8221;]A significant network of clusters has been created in the Basque Country,&hellip;","og_url":"https:\/\/mlcluster.com\/en\/cluster-policy\/","og_site_name":"Basque Country Mobility and Logistics Cluster","article_modified_time":"2025-06-20T11:25:21+00:00","twitter_card":"summary_large_image","twitter_misc":{"Est. reading time":"1 minute"},"schema":{"@context":"https:\/\/schema.org","@graph":[{"@type":"WebPage","@id":"https:\/\/mlcluster.com\/en\/cluster-policy\/","url":"https:\/\/mlcluster.com\/en\/cluster-policy\/","name":"Cluster Policy - Basque Country Mobility and Logistics Cluster","isPartOf":{"@id":"https:\/\/mlcluster.com\/#website"},"datePublished":"2024-11-27T11:08:23+00:00","dateModified":"2025-06-20T11:25:21+00:00","breadcrumb":{"@id":"https:\/\/mlcluster.com\/en\/cluster-policy\/#breadcrumb"},"inLanguage":"en-US","potentialAction":[{"@type":"ReadAction","target":["https:\/\/mlcluster.com\/en\/cluster-policy\/"]}]},{"@type":"BreadcrumbList","@id":"https:\/\/mlcluster.com\/en\/cluster-policy\/#breadcrumb","itemListElement":[{"@type":"ListItem","position":1,"name":"Portada","item":"https:\/\/mlcluster.com\/en\/"},{"@type":"ListItem","position":2,"name":"Cluster Policy"}]},{"@type":"WebSite","@id":"https:\/\/mlcluster.com\/#website","url":"https:\/\/mlcluster.com\/","name":"Basque Country Mobility and Logistics Cluster","description":"Asociaci\u00f3n de empresas de Movilidad y Log\u00edstica del Pa\u00eds Vasco cuya misi\u00f3n es favorecer la competitividad impulsando la innovaci\u00f3n, la cooperaci\u00f3n y la promoci\u00f3n.","potentialAction":[{"@type":"SearchAction","target":{"@type":"EntryPoint","urlTemplate":"https:\/\/mlcluster.com\/?s={search_term_string}"},"query-input":{"@type":"PropertyValueSpecification","valueRequired":true,"valueName":"search_term_string"}}],"inLanguage":"en-US"}]}},"_links":{"self":[{"href":"https:\/\/mlcluster.com\/en\/wp-json\/wp\/v2\/pages\/402070"}],"collection":[{"href":"https:\/\/mlcluster.com\/en\/wp-json\/wp\/v2\/pages"}],"about":[{"href":"https:\/\/mlcluster.com\/en\/wp-json\/wp\/v2\/types\/page"}],"author":[{"embeddable":true,"href":"https:\/\/mlcluster.com\/en\/wp-json\/wp\/v2\/users\/2"}],"replies":[{"embeddable":true,"href":"https:\/\/mlcluster.com\/en\/wp-json\/wp\/v2\/comments?post=402070"}],"version-history":[{"count":3,"href":"https:\/\/mlcluster.com\/en\/wp-json\/wp\/v2\/pages\/402070\/revisions"}],"predecessor-version":[{"id":402073,"href":"https:\/\/mlcluster.com\/en\/wp-json\/wp\/v2\/pages\/402070\/revisions\/402073"}],"wp:attachment":[{"href":"https:\/\/mlcluster.com\/en\/wp-json\/wp\/v2\/media?parent=402070"}],"curies":[{"name":"wp","href":"https:\/\/api.w.org\/{rel}","templated":true}]}}