{"id":432617,"date":"2025-08-07T14:26:42","date_gmt":"2025-08-07T12:26:42","guid":{"rendered":"https:\/\/mlcluster.com\/vectores_de_cambio\/"},"modified":"2025-12-23T12:51:04","modified_gmt":"2025-12-23T11:51:04","slug":"drivers-of-change","status":"publish","type":"page","link":"https:\/\/mlcluster.com\/en\/drivers-of-change\/","title":{"rendered":"Drivers of change"},"content":{"rendered":"<div class=\"wpb-content-wrapper\"><p>[vc_row full_width=&#8221;stretch_row&#8221; equal_height=&#8221;yes&#8221; content_placement=&#8221;middle&#8221; bg_type=&#8221;bg_color&#8221; bg_override=&#8221;ex-full&#8221; bg_color_value=&#8221;#dd3333&#8243; css=&#8221;.vc_custom_1626078560605{margin-bottom: 20px !important;}&#8221;][vc_column][vc_column_text css=&#8221;.vc_custom_1747418774440{margin-top: -15px !important;margin-bottom: 15px !important;}&#8221;]<\/p>\n<p style=\"color: white; text-align: right;\"><a style=\"color: white;\" href=\"\/\">Inicio<\/a> \/ <a style=\"color: white;\" href=\"https:\/\/mlcluster.com\/en\/strategic-plan\/\">Plan Estrat\u00e9gico<\/a><\/p>\n<p>[\/vc_column_text][\/vc_column][\/vc_row][vc_row full_width=&#8221;stretch_row_content&#8221; equal_height=&#8221;yes&#8221; css=&#8221;.vc_custom_1626252318692{margin-top: -35px !important;}&#8221;][vc_column]<div id=\"ultimate-heading-384869d4c2b6b400e\" class=\"uvc-heading ult-adjust-bottom-margin ultimate-heading-384869d4c2b6b400e uvc-2105 \" data-hspacer=\"line_with_icon\" data-hline_width=\"100\" data-hicon_type=\"selector\" data-hborder_style=\"solid\" data-hborder_height=\"3\" data-hborder_color=\"#b0b0af\" data-icon_width=\"20\" data-hfixer=\"10\"  data-halign=\"center\" style=\"text-align:center\"><div class=\"uvc-main-heading ult-responsive\"  data-ultimate-target='.uvc-heading.ultimate-heading-384869d4c2b6b400e h1'  data-responsive-json-new='{\"font-size\":\"mobile_landscape:22px;mobile:22px;\",\"line-height\":\"mobile_landscape:28px;mobile:28px;\"}' ><h1 style=\"--font-weight:theme;\">Drivers of Change<\/h1><\/div><div class=\"uvc-heading-spacer line_with_icon\" style=\"margin-top:10px;margin-bottom:10px;height:20px;\"><div class=\"ult-just-icon-wrapper  \"><div class=\"align-icon\" style=\"text-align:center;\">\n<div class=\"aio-icon none \"  style=\"font-size:20px;display:inline-block;\">\n\t<i class=\"icomoon-the7-font-the7-arrow-05\"><\/i>\n<\/div><\/div><\/div><\/div><\/div><div class=\"ult-spacer spacer-69d4c2b6b4083\" data-id=\"69d4c2b6b4083\" data-height=\"30\" data-height-mobile=\"30\" data-height-tab=\"30\" data-height-tab-portrait=\"30\" data-height-mobile-landscape=\"30\" style=\"clear:both;display:block;\"><\/div>[\/vc_column][\/vc_row][vc_row full_width=&#8221;stretch_row&#8221;][vc_column width=&#8221;1\/3&#8243; css=&#8221;.vc_custom_1620816094608{padding-right: 5% !important;padding-left: 5% !important;}&#8221;]<div class=\"aio-icon-component    style_1\"><div id=\"Info-box-wrap-8329\" class=\"aio-icon-box top-icon\" style=\"\"  ><div class=\"aio-icon-top\"><div class=\"ult-just-icon-wrapper  \"><div class=\"align-icon\" style=\"text-align:center;\">\n<div class=\"aio-icon-img \" style=\"font-size:55px;display:inline-block;\" >\n\t<img decoding=\"async\" class=\"img-icon\" alt=\"null\" src=\"https:\/\/mlcluster.com\/wp-content\/uploads\/2025\/08\/Transicion-energetica.png\"\/>\n<\/div><\/div><\/div><\/div><div class=\"aio-icon-header\" ><h4 class=\"aio-icon-title ult-responsive\"  data-ultimate-target='#Info-box-wrap-8329 .aio-icon-title'  data-responsive-json-new='{\"font-size\":\"\",\"line-height\":\"\"}'  style=\"\">ENERGY AND GREEN TRANSITION<\/h4><\/div> <!-- header --><\/div> <!-- aio-icon-box --><\/div> <!-- aio-icon-component -->[vc_column_text css=&#8221;&#8221;]The transition towards sustainable mobility and logistics requires a focus on reducing emissions and adopting clean energy. Implementing sustainable practices within the sector contributes to the decarbonization of the industry, addressing the growing need to minimise environmental impact.<\/p>\n<p>This process not only helps achieve global net-zero goals but also strengthens the sector by making it more resilient to future challenges.<\/p>\n<p>The energy transition in Euskadi also has positive effects on quality of life, improving urban environments and promoting long-term sustainability.[\/vc_column_text][\/vc_column][vc_column width=&#8221;1\/3&#8243;]<div class=\"aio-icon-component    style_1\"><div id=\"Info-box-wrap-8743\" class=\"aio-icon-box top-icon\" style=\"\"  ><div class=\"aio-icon-top\"><div class=\"ult-just-icon-wrapper  \"><div class=\"align-icon\" style=\"text-align:center;\">\n<div class=\"aio-icon-img \" style=\"font-size:55px;display:inline-block;\" >\n\t<img decoding=\"async\" class=\"img-icon\" alt=\"null\" src=\"https:\/\/mlcluster.com\/wp-content\/uploads\/2025\/08\/Transicion-digital.png\"\/>\n<\/div><\/div><\/div><\/div><div class=\"aio-icon-header\" ><h4 class=\"aio-icon-title ult-responsive\"  data-ultimate-target='#Info-box-wrap-8743 .aio-icon-title'  data-responsive-json-new='{\"font-size\":\"\",\"line-height\":\"\"}'  style=\"\">DIGITAL TRANSITION<\/h4><\/div> <!-- header --><\/div> <!-- aio-icon-box --><\/div> <!-- aio-icon-component -->[vc_column_text css=&#8221;&#8221;]In the field of mobility and logistics, digitalisation is key to achieving a connected and intelligent infrastructure that enables a more efficient and accessible transportation system. The implementation of advanced technologies such as artificial intelligence, the Internet of Things (IoT), and data analytics facilitates the optimisation of logistics flows, reducing costs and operation times while improving traceability and transparency across the entire value chain.<\/p>\n<p>The digital transition also enhances the sector\u2019s competitiveness by improving the transportation system\u2019s responsiveness and adaptability, while providing tangible benefits to society, such as better urban mobility and reduced congestion in cities.[\/vc_column_text][\/vc_column][vc_column width=&#8221;1\/3&#8243;]<div class=\"aio-icon-component    style_1\"><div id=\"Info-box-wrap-2839\" class=\"aio-icon-box top-icon\" style=\"\"  ><div class=\"aio-icon-top\"><div class=\"ult-just-icon-wrapper  \"><div class=\"align-icon\" style=\"text-align:center;\">\n<div class=\"aio-icon-img \" style=\"font-size:55px;display:inline-block;\" >\n\t<img decoding=\"async\" class=\"img-icon\" alt=\"null\" src=\"https:\/\/mlcluster.com\/wp-content\/uploads\/2025\/08\/Competitividad-sectorial.jpg\"\/>\n<\/div><\/div><\/div><\/div><div class=\"aio-icon-header\" ><h4 class=\"aio-icon-title ult-responsive\"  data-ultimate-target='#Info-box-wrap-2839 .aio-icon-title'  data-responsive-json-new='{\"font-size\":\"\",\"line-height\":\"\"}'  style=\"\">SECTORAL COMPETITIVENESS<\/h4><\/div> <!-- header --><\/div> <!-- aio-icon-box --><\/div> <!-- aio-icon-component -->[vc_column_text css=&#8221;&#8221;]Improving the sector\u2019s competitiveness is essential for Euskadi\u2019s economic development. Promoting innovation and multi-stakeholder collaboration strengthens the region\u2019s ability to attract investment and generate quality employment. These advances contribute to the modernisation of the industry, enhancing service efficiency and facilitating access for citizens.<\/p>\n<p>The sector\u2019s continuous transformation has a direct impact on Euskadi\u2019s economic growth, fostering a model that supports both business development and social well-being, as well as social cohesion in the region.[\/vc_column_text][\/vc_column][\/vc_row][vc_row][vc_column]<div class=\"ult-spacer spacer-69d4c2b6b4b08\" data-id=\"69d4c2b6b4b08\" data-height=\"30\" data-height-mobile=\"30\" data-height-tab=\"30\" data-height-tab-portrait=\"30\" data-height-mobile-landscape=\"30\" style=\"clear:both;display:block;\"><\/div>[\/vc_column][\/vc_row]<\/p>\n<\/div>","protected":false},"excerpt":{"rendered":"<p>[vc_row full_width=&#8221;stretch_row&#8221; equal_height=&#8221;yes&#8221; content_placement=&#8221;middle&#8221; bg_type=&#8221;bg_color&#8221; bg_override=&#8221;ex-full&#8221; bg_color_value=&#8221;#dd3333&#8243; css=&#8221;.vc_custom_1626078560605{margin-bottom: 20px !important;}&#8221;][vc_column][vc_column_text css=&#8221;.vc_custom_1747418774440{margin-top: -15px !important;margin-bottom: 15px !important;}&#8221;] Inicio \/ Plan Estrat\u00e9gico [\/vc_column_text][\/vc_column][\/vc_row][vc_row full_width=&#8221;stretch_row_content&#8221; equal_height=&#8221;yes&#8221; css=&#8221;.vc_custom_1626252318692{margin-top: -35px !important;}&#8221;][vc_column][\/vc_column][\/vc_row][vc_row full_width=&#8221;stretch_row&#8221;][vc_column width=&#8221;1\/3&#8243; css=&#8221;.vc_custom_1620816094608{padding-right: 5% !important;padding-left: 5% !important;}&#8221;][vc_column_text css=&#8221;&#8221;]The transition towards sustainable mobility and logistics requires a focus on reducing emissions and adopting clean energy. Implementing sustainable practices within the sector&hellip;<\/p>\n","protected":false},"author":2,"featured_media":0,"parent":0,"menu_order":90,"comment_status":"closed","ping_status":"closed","template":"","meta":{"footnotes":""},"yoast_head":"<!-- This site is optimized with the Yoast SEO plugin v24.5 - https:\/\/yoast.com\/wordpress\/plugins\/seo\/ -->\n<title>Drivers of change - Basque Country Mobility and Logistics Cluster<\/title>\n<meta name=\"robots\" content=\"index, follow, max-snippet:-1, max-image-preview:large, max-video-preview:-1\" \/>\n<link rel=\"canonical\" href=\"https:\/\/mlcluster.com\/en\/drivers-of-change\/\" \/>\n<meta property=\"og:locale\" content=\"en_US\" \/>\n<meta property=\"og:type\" content=\"article\" \/>\n<meta property=\"og:title\" content=\"Drivers of change - Basque Country Mobility and Logistics Cluster\" \/>\n<meta property=\"og:description\" content=\"[vc_row full_width=&#8221;stretch_row&#8221; equal_height=&#8221;yes&#8221; content_placement=&#8221;middle&#8221; bg_type=&#8221;bg_color&#8221; bg_override=&#8221;ex-full&#8221; bg_color_value=&#8221;#dd3333&#8243; css=&#8221;.vc_custom_1626078560605{margin-bottom: 20px !important;}&#8221;][vc_column][vc_column_text css=&#8221;.vc_custom_1747418774440{margin-top: -15px !important;margin-bottom: 15px !important;}&#8221;] Inicio \/ Plan Estrat\u00e9gico [\/vc_column_text][\/vc_column][\/vc_row][vc_row full_width=&#8221;stretch_row_content&#8221; equal_height=&#8221;yes&#8221; css=&#8221;.vc_custom_1626252318692{margin-top: -35px !important;}&#8221;][vc_column][\/vc_column][\/vc_row][vc_row full_width=&#8221;stretch_row&#8221;][vc_column width=&#8221;1\/3&#8243; css=&#8221;.vc_custom_1620816094608{padding-right: 5% !important;padding-left: 5% !important;}&#8221;][vc_column_text css=&#8221;&#8221;]The transition towards sustainable mobility and logistics requires a focus on reducing emissions and adopting clean energy. Implementing sustainable practices within the sector&hellip;\" \/>\n<meta property=\"og:url\" content=\"https:\/\/mlcluster.com\/en\/drivers-of-change\/\" \/>\n<meta property=\"og:site_name\" content=\"Basque Country Mobility and Logistics Cluster\" \/>\n<meta property=\"article:modified_time\" content=\"2025-12-23T11:51:04+00:00\" \/>\n<meta name=\"twitter:card\" content=\"summary_large_image\" \/>\n<meta name=\"twitter:label1\" content=\"Est. reading time\" \/>\n\t<meta name=\"twitter:data1\" content=\"2 minutes\" \/>\n<script type=\"application\/ld+json\" class=\"yoast-schema-graph\">{\"@context\":\"https:\/\/schema.org\",\"@graph\":[{\"@type\":\"WebPage\",\"@id\":\"https:\/\/mlcluster.com\/en\/drivers-of-change\/\",\"url\":\"https:\/\/mlcluster.com\/en\/drivers-of-change\/\",\"name\":\"Drivers of change - Basque Country Mobility and Logistics Cluster\",\"isPartOf\":{\"@id\":\"https:\/\/mlcluster.com\/#website\"},\"datePublished\":\"2025-08-07T12:26:42+00:00\",\"dateModified\":\"2025-12-23T11:51:04+00:00\",\"breadcrumb\":{\"@id\":\"https:\/\/mlcluster.com\/en\/drivers-of-change\/#breadcrumb\"},\"inLanguage\":\"en-US\",\"potentialAction\":[{\"@type\":\"ReadAction\",\"target\":[\"https:\/\/mlcluster.com\/en\/drivers-of-change\/\"]}]},{\"@type\":\"BreadcrumbList\",\"@id\":\"https:\/\/mlcluster.com\/en\/drivers-of-change\/#breadcrumb\",\"itemListElement\":[{\"@type\":\"ListItem\",\"position\":1,\"name\":\"Portada\",\"item\":\"https:\/\/mlcluster.com\/en\/\"},{\"@type\":\"ListItem\",\"position\":2,\"name\":\"Drivers of change\"}]},{\"@type\":\"WebSite\",\"@id\":\"https:\/\/mlcluster.com\/#website\",\"url\":\"https:\/\/mlcluster.com\/\",\"name\":\"Basque Country Mobility and Logistics Cluster\",\"description\":\"Asociaci\u00f3n de empresas de Movilidad y Log\u00edstica del Pa\u00eds Vasco cuya misi\u00f3n es favorecer la competitividad impulsando la innovaci\u00f3n, la cooperaci\u00f3n y la promoci\u00f3n.\",\"potentialAction\":[{\"@type\":\"SearchAction\",\"target\":{\"@type\":\"EntryPoint\",\"urlTemplate\":\"https:\/\/mlcluster.com\/?s={search_term_string}\"},\"query-input\":{\"@type\":\"PropertyValueSpecification\",\"valueRequired\":true,\"valueName\":\"search_term_string\"}}],\"inLanguage\":\"en-US\"}]}<\/script>\n<!-- \/ Yoast SEO plugin. -->","yoast_head_json":{"title":"Drivers of change - Basque Country Mobility and Logistics Cluster","robots":{"index":"index","follow":"follow","max-snippet":"max-snippet:-1","max-image-preview":"max-image-preview:large","max-video-preview":"max-video-preview:-1"},"canonical":"https:\/\/mlcluster.com\/en\/drivers-of-change\/","og_locale":"en_US","og_type":"article","og_title":"Drivers of change - Basque Country Mobility and Logistics Cluster","og_description":"[vc_row full_width=&#8221;stretch_row&#8221; equal_height=&#8221;yes&#8221; content_placement=&#8221;middle&#8221; bg_type=&#8221;bg_color&#8221; bg_override=&#8221;ex-full&#8221; bg_color_value=&#8221;#dd3333&#8243; css=&#8221;.vc_custom_1626078560605{margin-bottom: 20px !important;}&#8221;][vc_column][vc_column_text css=&#8221;.vc_custom_1747418774440{margin-top: -15px !important;margin-bottom: 15px !important;}&#8221;] Inicio \/ Plan Estrat\u00e9gico [\/vc_column_text][\/vc_column][\/vc_row][vc_row full_width=&#8221;stretch_row_content&#8221; equal_height=&#8221;yes&#8221; css=&#8221;.vc_custom_1626252318692{margin-top: -35px !important;}&#8221;][vc_column][\/vc_column][\/vc_row][vc_row full_width=&#8221;stretch_row&#8221;][vc_column width=&#8221;1\/3&#8243; css=&#8221;.vc_custom_1620816094608{padding-right: 5% !important;padding-left: 5% !important;}&#8221;][vc_column_text css=&#8221;&#8221;]The transition towards sustainable mobility and logistics requires a focus on reducing emissions and adopting clean energy. Implementing sustainable practices within the sector&hellip;","og_url":"https:\/\/mlcluster.com\/en\/drivers-of-change\/","og_site_name":"Basque Country Mobility and Logistics Cluster","article_modified_time":"2025-12-23T11:51:04+00:00","twitter_card":"summary_large_image","twitter_misc":{"Est. reading time":"2 minutes"},"schema":{"@context":"https:\/\/schema.org","@graph":[{"@type":"WebPage","@id":"https:\/\/mlcluster.com\/en\/drivers-of-change\/","url":"https:\/\/mlcluster.com\/en\/drivers-of-change\/","name":"Drivers of change - Basque Country Mobility and Logistics Cluster","isPartOf":{"@id":"https:\/\/mlcluster.com\/#website"},"datePublished":"2025-08-07T12:26:42+00:00","dateModified":"2025-12-23T11:51:04+00:00","breadcrumb":{"@id":"https:\/\/mlcluster.com\/en\/drivers-of-change\/#breadcrumb"},"inLanguage":"en-US","potentialAction":[{"@type":"ReadAction","target":["https:\/\/mlcluster.com\/en\/drivers-of-change\/"]}]},{"@type":"BreadcrumbList","@id":"https:\/\/mlcluster.com\/en\/drivers-of-change\/#breadcrumb","itemListElement":[{"@type":"ListItem","position":1,"name":"Portada","item":"https:\/\/mlcluster.com\/en\/"},{"@type":"ListItem","position":2,"name":"Drivers of change"}]},{"@type":"WebSite","@id":"https:\/\/mlcluster.com\/#website","url":"https:\/\/mlcluster.com\/","name":"Basque Country Mobility and Logistics Cluster","description":"Asociaci\u00f3n de empresas de Movilidad y Log\u00edstica del Pa\u00eds Vasco cuya misi\u00f3n es favorecer la competitividad impulsando la innovaci\u00f3n, la cooperaci\u00f3n y la promoci\u00f3n.","potentialAction":[{"@type":"SearchAction","target":{"@type":"EntryPoint","urlTemplate":"https:\/\/mlcluster.com\/?s={search_term_string}"},"query-input":{"@type":"PropertyValueSpecification","valueRequired":true,"valueName":"search_term_string"}}],"inLanguage":"en-US"}]}},"_links":{"self":[{"href":"https:\/\/mlcluster.com\/en\/wp-json\/wp\/v2\/pages\/432617"}],"collection":[{"href":"https:\/\/mlcluster.com\/en\/wp-json\/wp\/v2\/pages"}],"about":[{"href":"https:\/\/mlcluster.com\/en\/wp-json\/wp\/v2\/types\/page"}],"author":[{"embeddable":true,"href":"https:\/\/mlcluster.com\/en\/wp-json\/wp\/v2\/users\/2"}],"replies":[{"embeddable":true,"href":"https:\/\/mlcluster.com\/en\/wp-json\/wp\/v2\/comments?post=432617"}],"version-history":[{"count":2,"href":"https:\/\/mlcluster.com\/en\/wp-json\/wp\/v2\/pages\/432617\/revisions"}],"predecessor-version":[{"id":432620,"href":"https:\/\/mlcluster.com\/en\/wp-json\/wp\/v2\/pages\/432617\/revisions\/432620"}],"wp:attachment":[{"href":"https:\/\/mlcluster.com\/en\/wp-json\/wp\/v2\/media?parent=432617"}],"curies":[{"name":"wp","href":"https:\/\/api.w.org\/{rel}","templated":true}]}}