{"id":198109,"date":"2021-10-28T12:26:33","date_gmt":"2021-10-28T10:26:33","guid":{"rendered":"https:\/\/mlcluster.com\/innovacion\/"},"modified":"2021-11-29T10:12:45","modified_gmt":"2021-11-29T09:12:45","slug":"berrikuntza","status":"publish","type":"page","link":"https:\/\/mlcluster.com\/eu\/berrikuntza\/","title":{"rendered":"Berrikuntza"},"content":{"rendered":"<div class=\"wpb-content-wrapper\"><p>[vc_row full_width=&#8221;stretch_row&#8221; bg_type=&#8221;bg_color&#8221; bg_override=&#8221;ex-full&#8221; bg_color_value=&#8221;#dd3333&#8243; css=&#8221;.vc_custom_1626172276344{margin-bottom: 20px !important;}&#8221;][vc_column][vc_column_text css=&#8221;.vc_custom_1638176972436{margin-top: -20px !important;margin-bottom: 15px !important;padding-top: 0px !important;padding-bottom: 0px !important;}&#8221;]<\/p>\n<p style=\"color: white; text-align: right;\"><a style=\"color: white;\" href=\"\/eu\/\">Hasiera<\/a> \/ Zerbitzuak \/ <a style=\"color: white;\" href=\"\/eu\/berrikuntza\/\">Berrikuntza<\/a><\/p>\n<p>[\/vc_column_text][\/vc_column][\/vc_row][vc_row equal_height=&#8221;yes&#8221; css=&#8221;.vc_custom_1621844457202{margin-top: -35px !important;}&#8221;][vc_column css=&#8221;.vc_custom_1620731232713{background-position: 0 0 !important;background-repeat: no-repeat !important;}&#8221;]<div id=\"ultimate-heading-466769d34fed28965\" class=\"uvc-heading ult-adjust-bottom-margin ultimate-heading-466769d34fed28965 uvc-7826 \" data-hspacer=\"line_with_icon\" data-hline_width=\"100\" data-hicon_type=\"selector\" data-hborder_style=\"solid\" data-hborder_height=\"3\" data-hborder_color=\"#b0b0af\" data-icon_width=\"20\" data-hfixer=\"10\"  data-halign=\"center\" style=\"text-align:center\"><div class=\"uvc-main-heading ult-responsive\"  data-ultimate-target='.uvc-heading.ultimate-heading-466769d34fed28965 h1'  data-responsive-json-new='{\"font-size\":\"mobile_landscape:22px;mobile:22px;\",\"line-height\":\"mobile_landscape:28px;mobile:28px;\"}' ><h1 style=\"--font-weight:theme;\">Berrikuntza<\/h1><\/div><div class=\"uvc-heading-spacer line_with_icon\" style=\"margin-top:10px;margin-bottom:10px;height:20px;\"><div class=\"ult-just-icon-wrapper  \"><div class=\"align-icon\" style=\"text-align:center;\">\n<div class=\"aio-icon none \"  style=\"font-size:20px;display:inline-block;\">\n\t<i class=\"icomoon-the7-font-the7-arrow-05\"><\/i>\n<\/div><\/div><\/div><\/div><\/div>[\/vc_column][\/vc_row][vc_row full_width=&#8221;stretch_row&#8221; equal_height=&#8221;yes&#8221; css=&#8221;.vc_custom_1635409948437{margin-bottom: 20px !important;}&#8221;][vc_column width=&#8221;1\/4&#8243; css=&#8221;.vc_custom_1620991834681{margin-top: 0px !important;padding-top: 0px !important;}&#8221;]<span class=\"searchtitle cifras\">Berrikuntza<\/span><div class=\"info-figures standard-arrow list-divider bullet-top\">\n\t\tProzesu, produktu edo antolaketaren berrikuntzaren asmoa da merkatuko posizio lehiakorra hobetzea.<\/p>\n<p>Gure sektorean, beraren helburua da pertsonen eta merkantzien mugikortasuna efizienteagoa, jasangarriagoa, seguruagoa eta garbiagoa izatea, hau da, adimendunagoa.<\/p>\n<p>Gure Klusterrak bere bazkideen parte-hartzea bultzatzen du berrikuntza-prozesu eta \u2013proiektuetan.\n\t\t<\/div><div class='btn-align-center'><a href='\/eu\/bazkidetu-zaitez\/' class='default-btn-shortcode dt-btn dt-btn-s link-hover-off'>BAZKIDETU ZAITEZ<\/a><\/div><div class=\"ult-spacer spacer-69d34fed28ce5\" data-id=\"69d34fed28ce5\" data-height=\"20\" data-height-mobile=\"20\" data-height-tab=\"20\" data-height-tab-portrait=\"20\" data-height-mobile-landscape=\"20\" style=\"clear:both;display:block;\"><\/div>[vc_separator border_width=\"2\"]<style>\n\tspan.searchtitle {\n      display: block;\n      padding: 0px;\n      margin: 0px 0px 20px 0px;\n      font-family: 'Dosis', Helvetica, Arial, Verdana, sans-serif;\n      text-transform: uppercase;\n      color: #000;\n      font-size: 22px;\n      position: relative;\n      font-weight: 600;\n    }\n    \n    span.searchtitle.cifras {\n      background: url('https:\/\/mlcluster.com\/wp-content\/uploads\/2021\/04\/innovacion.png')left top no-repeat;\n      background-size: auto 28px;\n      padding: 3px 5px 3px 34px;\n    }.info-figures.standard-arrow { margin-left: 34px; }<\/style>[\/vc_column][vc_column width=&#8221;3\/4&#8243;]<div id=\"ultimate-heading-530069d34fed28d3c\" class=\"uvc-heading ult-adjust-bottom-margin ultimate-heading-530069d34fed28d3c uvc-2580 \" data-hspacer=\"no_spacer\"  data-halign=\"left\" style=\"text-align:left\"><div class=\"uvc-heading-spacer no_spacer\" style=\"top\"><\/div><div class=\"uvc-main-heading ult-responsive\"  data-ultimate-target='.uvc-heading.ultimate-heading-530069d34fed28d3c h3'  data-responsive-json-new='{\"font-size\":\"mobile_landscape:22px;mobile:22px;\",\"line-height\":\"mobile_landscape:28px;mobile:28px;\"}' ><h3 style=\"--font-weight:theme;color:#dd052b;margin-bottom:20px;\">ZER ESKAINTZEN DUGU?<\/h3><\/div><\/div><div class=\"standard-arrow list-divider bullet-top\"><ul>\n<li>Lantaldeen eraketa eta dinamizazioa sektorearentzat interesgarriak diren gaietan.<\/li>\n<li>Lantaldetan parte hartzea.<\/li>\n<li>Berrikuntza-proiektuetan lankidetzaz parte hartzea, eskualde, nazio eta nazioarteko mailan.<\/li>\n<li>Berrikuntzarako laguntzei buruzko informazio sektoriala.<\/li>\n<li>Berrikuntzarako finantziazio esklusibora iristen laguntzea.<\/li>\n<li>I+G proiektuak prestatzeko laguntza.<\/li>\n<li>Partnerrak bilatzea eta I+G partzuergoetan sartzea.<\/li>\n<\/ul>\n<\/div><div class=\"ult-spacer spacer-69d34fed28e0c\" data-id=\"69d34fed28e0c\" data-height=\"40\" data-height-mobile=\"40\" data-height-tab=\"40\" data-height-tab-portrait=\"40\" data-height-mobile-landscape=\"40\" style=\"clear:both;display:block;\"><\/div>[vc_column_text]<span lang=\"eu-ES\">Gure berrikuntza-zerbitzuei buruzko informazio gehiago jaso nahi baduzu, gurekin kontakta dezakezu inolako konpromisorik gabe.<\/span>[\/vc_column_text][\/vc_column][\/vc_row]<\/p>\n<\/div>","protected":false},"excerpt":{"rendered":"<p>[vc_row full_width=&#8221;stretch_row&#8221; bg_type=&#8221;bg_color&#8221; bg_override=&#8221;ex-full&#8221; bg_color_value=&#8221;#dd3333&#8243; css=&#8221;.vc_custom_1626172276344{margin-bottom: 20px !important;}&#8221;][vc_column][vc_column_text css=&#8221;.vc_custom_1638176972436{margin-top: -20px !important;margin-bottom: 15px !important;padding-top: 0px !important;padding-bottom: 0px !important;}&#8221;] Hasiera \/ Zerbitzuak \/ Berrikuntza [\/vc_column_text][\/vc_column][\/vc_row][vc_row equal_height=&#8221;yes&#8221; css=&#8221;.vc_custom_1621844457202{margin-top: -35px !important;}&#8221;][vc_column css=&#8221;.vc_custom_1620731232713{background-position: 0 0 !important;background-repeat: no-repeat !important;}&#8221;][\/vc_column][\/vc_row][vc_row full_width=&#8221;stretch_row&#8221; equal_height=&#8221;yes&#8221; css=&#8221;.vc_custom_1635409948437{margin-bottom: 20px !important;}&#8221;][vc_column width=&#8221;1\/4&#8243; css=&#8221;.vc_custom_1620991834681{margin-top: 0px !important;padding-top: 0px !important;}&#8221;][\/vc_column][vc_column width=&#8221;3\/4&#8243;][vc_column_text]Gure berrikuntza-zerbitzuei buruzko informazio gehiago jaso nahi baduzu, gurekin kontakta dezakezu&hellip;<\/p>\n","protected":false},"author":1,"featured_media":0,"parent":0,"menu_order":630,"comment_status":"closed","ping_status":"closed","template":"","meta":{"footnotes":""},"yoast_head":"<!-- This site is optimized with the Yoast SEO plugin v24.5 - https:\/\/yoast.com\/wordpress\/plugins\/seo\/ -->\n<title>Berrikuntza - Euskadiko Mugikortasun eta Logistika Klusterra<\/title>\n<meta name=\"robots\" content=\"index, follow, max-snippet:-1, max-image-preview:large, max-video-preview:-1\" \/>\n<link rel=\"canonical\" href=\"https:\/\/mlcluster.com\/eu\/berrikuntza\/\" \/>\n<meta property=\"og:locale\" content=\"en_US\" \/>\n<meta property=\"og:type\" content=\"article\" \/>\n<meta property=\"og:title\" content=\"Berrikuntza - Euskadiko Mugikortasun eta Logistika Klusterra\" \/>\n<meta property=\"og:description\" content=\"[vc_row full_width=&#8221;stretch_row&#8221; bg_type=&#8221;bg_color&#8221; bg_override=&#8221;ex-full&#8221; bg_color_value=&#8221;#dd3333&#8243; css=&#8221;.vc_custom_1626172276344{margin-bottom: 20px !important;}&#8221;][vc_column][vc_column_text css=&#8221;.vc_custom_1638176972436{margin-top: -20px !important;margin-bottom: 15px !important;padding-top: 0px !important;padding-bottom: 0px !important;}&#8221;] Hasiera \/ Zerbitzuak \/ Berrikuntza [\/vc_column_text][\/vc_column][\/vc_row][vc_row equal_height=&#8221;yes&#8221; css=&#8221;.vc_custom_1621844457202{margin-top: -35px !important;}&#8221;][vc_column css=&#8221;.vc_custom_1620731232713{background-position: 0 0 !important;background-repeat: no-repeat !important;}&#8221;][\/vc_column][\/vc_row][vc_row full_width=&#8221;stretch_row&#8221; equal_height=&#8221;yes&#8221; css=&#8221;.vc_custom_1635409948437{margin-bottom: 20px !important;}&#8221;][vc_column width=&#8221;1\/4&#8243; css=&#8221;.vc_custom_1620991834681{margin-top: 0px !important;padding-top: 0px !important;}&#8221;][\/vc_column][vc_column width=&#8221;3\/4&#8243;][vc_column_text]Gure berrikuntza-zerbitzuei buruzko informazio gehiago jaso nahi baduzu, gurekin kontakta dezakezu&hellip;\" \/>\n<meta property=\"og:url\" content=\"https:\/\/mlcluster.com\/eu\/berrikuntza\/\" \/>\n<meta property=\"og:site_name\" content=\"Euskadiko Mugikortasun eta Logistika Klusterra\" \/>\n<meta property=\"article:modified_time\" content=\"2021-11-29T09:12:45+00:00\" \/>\n<meta name=\"twitter:card\" content=\"summary_large_image\" \/>\n<meta name=\"twitter:label1\" content=\"Est. reading time\" \/>\n\t<meta name=\"twitter:data1\" content=\"1 minutua\" \/>\n<script type=\"application\/ld+json\" class=\"yoast-schema-graph\">{\"@context\":\"https:\/\/schema.org\",\"@graph\":[{\"@type\":\"WebPage\",\"@id\":\"https:\/\/mlcluster.com\/eu\/berrikuntza\/\",\"url\":\"https:\/\/mlcluster.com\/eu\/berrikuntza\/\",\"name\":\"Berrikuntza - Euskadiko Mugikortasun eta Logistika Klusterra\",\"isPartOf\":{\"@id\":\"https:\/\/mlcluster.com\/#website\"},\"datePublished\":\"2021-10-28T10:26:33+00:00\",\"dateModified\":\"2021-11-29T09:12:45+00:00\",\"breadcrumb\":{\"@id\":\"https:\/\/mlcluster.com\/eu\/berrikuntza\/#breadcrumb\"},\"inLanguage\":\"eu\",\"potentialAction\":[{\"@type\":\"ReadAction\",\"target\":[\"https:\/\/mlcluster.com\/eu\/berrikuntza\/\"]}]},{\"@type\":\"BreadcrumbList\",\"@id\":\"https:\/\/mlcluster.com\/eu\/berrikuntza\/#breadcrumb\",\"itemListElement\":[{\"@type\":\"ListItem\",\"position\":1,\"name\":\"Portada\",\"item\":\"https:\/\/mlcluster.com\/eu\/\"},{\"@type\":\"ListItem\",\"position\":2,\"name\":\"Berrikuntza\"}]},{\"@type\":\"WebSite\",\"@id\":\"https:\/\/mlcluster.com\/#website\",\"url\":\"https:\/\/mlcluster.com\/\",\"name\":\"Euskadiko Mugikortasun eta Logistika Klusterra\",\"description\":\"Asociaci\u00f3n de empresas de Movilidad y Log\u00edstica del Pa\u00eds Vasco cuya misi\u00f3n es favorecer la competitividad impulsando la innovaci\u00f3n, la cooperaci\u00f3n y la promoci\u00f3n.\",\"potentialAction\":[{\"@type\":\"SearchAction\",\"target\":{\"@type\":\"EntryPoint\",\"urlTemplate\":\"https:\/\/mlcluster.com\/?s={search_term_string}\"},\"query-input\":{\"@type\":\"PropertyValueSpecification\",\"valueRequired\":true,\"valueName\":\"search_term_string\"}}],\"inLanguage\":\"eu\"}]}<\/script>\n<!-- \/ Yoast SEO plugin. -->","yoast_head_json":{"title":"Berrikuntza - Euskadiko Mugikortasun eta Logistika Klusterra","robots":{"index":"index","follow":"follow","max-snippet":"max-snippet:-1","max-image-preview":"max-image-preview:large","max-video-preview":"max-video-preview:-1"},"canonical":"https:\/\/mlcluster.com\/eu\/berrikuntza\/","og_locale":"en_US","og_type":"article","og_title":"Berrikuntza - Euskadiko Mugikortasun eta Logistika Klusterra","og_description":"[vc_row full_width=&#8221;stretch_row&#8221; bg_type=&#8221;bg_color&#8221; bg_override=&#8221;ex-full&#8221; bg_color_value=&#8221;#dd3333&#8243; css=&#8221;.vc_custom_1626172276344{margin-bottom: 20px !important;}&#8221;][vc_column][vc_column_text css=&#8221;.vc_custom_1638176972436{margin-top: -20px !important;margin-bottom: 15px !important;padding-top: 0px !important;padding-bottom: 0px !important;}&#8221;] Hasiera \/ Zerbitzuak \/ Berrikuntza [\/vc_column_text][\/vc_column][\/vc_row][vc_row equal_height=&#8221;yes&#8221; css=&#8221;.vc_custom_1621844457202{margin-top: -35px !important;}&#8221;][vc_column css=&#8221;.vc_custom_1620731232713{background-position: 0 0 !important;background-repeat: no-repeat !important;}&#8221;][\/vc_column][\/vc_row][vc_row full_width=&#8221;stretch_row&#8221; equal_height=&#8221;yes&#8221; css=&#8221;.vc_custom_1635409948437{margin-bottom: 20px !important;}&#8221;][vc_column width=&#8221;1\/4&#8243; css=&#8221;.vc_custom_1620991834681{margin-top: 0px !important;padding-top: 0px !important;}&#8221;][\/vc_column][vc_column width=&#8221;3\/4&#8243;][vc_column_text]Gure berrikuntza-zerbitzuei buruzko informazio gehiago jaso nahi baduzu, gurekin kontakta dezakezu&hellip;","og_url":"https:\/\/mlcluster.com\/eu\/berrikuntza\/","og_site_name":"Euskadiko Mugikortasun eta Logistika Klusterra","article_modified_time":"2021-11-29T09:12:45+00:00","twitter_card":"summary_large_image","twitter_misc":{"Est. reading time":"1 minutua"},"schema":{"@context":"https:\/\/schema.org","@graph":[{"@type":"WebPage","@id":"https:\/\/mlcluster.com\/eu\/berrikuntza\/","url":"https:\/\/mlcluster.com\/eu\/berrikuntza\/","name":"Berrikuntza - Euskadiko Mugikortasun eta Logistika Klusterra","isPartOf":{"@id":"https:\/\/mlcluster.com\/#website"},"datePublished":"2021-10-28T10:26:33+00:00","dateModified":"2021-11-29T09:12:45+00:00","breadcrumb":{"@id":"https:\/\/mlcluster.com\/eu\/berrikuntza\/#breadcrumb"},"inLanguage":"eu","potentialAction":[{"@type":"ReadAction","target":["https:\/\/mlcluster.com\/eu\/berrikuntza\/"]}]},{"@type":"BreadcrumbList","@id":"https:\/\/mlcluster.com\/eu\/berrikuntza\/#breadcrumb","itemListElement":[{"@type":"ListItem","position":1,"name":"Portada","item":"https:\/\/mlcluster.com\/eu\/"},{"@type":"ListItem","position":2,"name":"Berrikuntza"}]},{"@type":"WebSite","@id":"https:\/\/mlcluster.com\/#website","url":"https:\/\/mlcluster.com\/","name":"Euskadiko Mugikortasun eta Logistika Klusterra","description":"Asociaci\u00f3n de empresas de Movilidad y Log\u00edstica del Pa\u00eds Vasco cuya misi\u00f3n es favorecer la competitividad impulsando la innovaci\u00f3n, la cooperaci\u00f3n y la promoci\u00f3n.","potentialAction":[{"@type":"SearchAction","target":{"@type":"EntryPoint","urlTemplate":"https:\/\/mlcluster.com\/?s={search_term_string}"},"query-input":{"@type":"PropertyValueSpecification","valueRequired":true,"valueName":"search_term_string"}}],"inLanguage":"eu"}]}},"_links":{"self":[{"href":"https:\/\/mlcluster.com\/eu\/wp-json\/wp\/v2\/pages\/198109"}],"collection":[{"href":"https:\/\/mlcluster.com\/eu\/wp-json\/wp\/v2\/pages"}],"about":[{"href":"https:\/\/mlcluster.com\/eu\/wp-json\/wp\/v2\/types\/page"}],"author":[{"embeddable":true,"href":"https:\/\/mlcluster.com\/eu\/wp-json\/wp\/v2\/users\/1"}],"replies":[{"embeddable":true,"href":"https:\/\/mlcluster.com\/eu\/wp-json\/wp\/v2\/comments?post=198109"}],"version-history":[{"count":0,"href":"https:\/\/mlcluster.com\/eu\/wp-json\/wp\/v2\/pages\/198109\/revisions"}],"wp:attachment":[{"href":"https:\/\/mlcluster.com\/eu\/wp-json\/wp\/v2\/media?parent=198109"}],"curies":[{"name":"wp","href":"https:\/\/api.w.org\/{rel}","templated":true}]}}