{"id":198127,"date":"2021-05-12T10:49:08","date_gmt":"2021-05-12T08:49:08","guid":{"rendered":"https:\/\/mlcluster.com\/areas-estrategicas\/"},"modified":"2025-12-23T16:22:57","modified_gmt":"2025-12-23T15:22:57","slug":"plan-estrategikoa","status":"publish","type":"page","link":"https:\/\/mlcluster.com\/eu\/plan-estrategikoa\/","title":{"rendered":"Plan Estrategikoa"},"content":{"rendered":"<div class=\"wpb-content-wrapper\"><p>[vc_row full_width=&#8221;stretch_row&#8221; equal_height=&#8221;yes&#8221; content_placement=&#8221;middle&#8221; bg_type=&#8221;bg_color&#8221; bg_override=&#8221;ex-full&#8221; bg_color_value=&#8221;#dd3333&#8243; css=&#8221;.vc_custom_1626078560605{margin-bottom: 20px !important;}&#8221;][vc_column][vc_column_text css=&#8221;.vc_custom_1747845552863{margin-top: -15px !important;margin-bottom: 15px !important;}&#8221;]<\/p>\n<p style=\"color: white; text-align: right;\"><a style=\"color: white;\" href=\"\/eu\/\">Hasiera<\/a> \/ <a style=\"color: white;\" href=\"\/eu\/plan-estrategikoa\/\">Plan Estrategikoa<\/a><\/p>\n<p>[\/vc_column_text][\/vc_column][\/vc_row][vc_row full_width=&#8221;stretch_row_content&#8221; equal_height=&#8221;yes&#8221; css=&#8221;.vc_custom_1626252318692{margin-top: -35px !important;}&#8221;][vc_column]<div id=\"ultimate-heading-687769e0784c4a8c0\" class=\"uvc-heading ult-adjust-bottom-margin ultimate-heading-687769e0784c4a8c0 uvc-4300 \" data-hspacer=\"line_with_icon\" data-hline_width=\"100\" data-hicon_type=\"selector\" data-hborder_style=\"solid\" data-hborder_height=\"3\" data-hborder_color=\"#b0b0af\" data-icon_width=\"20\" data-hfixer=\"10\"  data-halign=\"center\" style=\"text-align:center\"><div class=\"uvc-main-heading ult-responsive\"  data-ultimate-target='.uvc-heading.ultimate-heading-687769e0784c4a8c0 h1'  data-responsive-json-new='{\"font-size\":\"mobile_landscape:22px;mobile:22px;\",\"line-height\":\"mobile_landscape:28px;mobile:28px;\"}' ><h1 style=\"--font-weight:theme;\">PLAN ESTRATEGIKOA<\/h1><\/div><div class=\"uvc-heading-spacer line_with_icon\" style=\"margin-top:10px;margin-bottom:10px;height:20px;\"><div class=\"ult-just-icon-wrapper  \"><div class=\"align-icon\" style=\"text-align:center;\">\n<div class=\"aio-icon none \"  style=\"font-size:20px;display:inline-block;\">\n\t<i class=\"icomoon-the7-font-the7-arrow-05\"><\/i>\n<\/div><\/div><\/div><\/div><\/div><div class=\"ult-spacer spacer-69e0784c4a916\" data-id=\"69e0784c4a916\" data-height=\"30\" data-height-mobile=\"30\" data-height-tab=\"30\" data-height-tab-portrait=\"30\" data-height-mobile-landscape=\"30\" style=\"clear:both;display:block;\"><\/div>[\/vc_column][\/vc_row][vc_row full_width=&#8221;stretch_row&#8221;][vc_column width=&#8221;1\/3&#8243; css=&#8221;.vc_custom_1620816094608{padding-right: 5% !important;padding-left: 5% !important;}&#8221;]<div class=\"aio-icon-component    style_1\"><div id=\"Info-box-wrap-5843\" class=\"aio-icon-box top-icon\" style=\"\"  ><div class=\"aio-icon-top\"><div class=\"ult-just-icon-wrapper  \"><div class=\"align-icon\" style=\"text-align:center;\">\n<div class=\"aio-icon-img \" style=\"font-size:55px;display:inline-block;\" >\n\t<img decoding=\"async\" class=\"img-icon\" alt=\"null\" src=\"https:\/\/mlcluster.com\/wp-content\/uploads\/2025\/05\/Vectores-de-cambio-1.png\"\/>\n<\/div><\/div><\/div><\/div><div class=\"aio-icon-header\" ><h4 class=\"aio-icon-title ult-responsive\"  data-ultimate-target='#Info-box-wrap-5843 .aio-icon-title'  data-responsive-json-new='{\"font-size\":\"\",\"line-height\":\"\"}'  style=\"\">3 ALDAKETA-BEKTORE<\/h4><\/div> <!-- header --><\/div> <!-- aio-icon-box --><\/div> <!-- aio-icon-component -->[vc_column_text css=&#8221;&#8221;]Sektorearen etorkizuna bultzatzen duten bektoreak dira, gure jardueraren konfigurazioan eta erronka estrategikoetan zuzenean eta zeharka eragiten dutenak.[\/vc_column_text]<div class=\"standard-arrow list-divider bullet-top\"><ul>\n<li>Trantsizio energetikoa eta berdea<\/li>\n<li>Trantsizio digitala<\/li>\n<li>Sektorearen lehiakortasuna<\/li>\n<\/ul>\n<\/div><div class=\"aio-icon-component    style_1\"><a class=\"aio-icon-box-link\" href=\"https:\/\/mlcluster.com\/eu\/aldaketa-bektoreak\/\" title=\"Aldaketa bektoreak\" ><div id=\"Info-box-wrap-3527\" class=\"aio-icon-box top-icon\" style=\"\"  ><div class=\"aio-icon-top\"><div class=\"ult-just-icon-wrapper  \"><div class=\"align-icon\" style=\"text-align:center;\">\n<div class=\"aio-icon none \"  style=\"color:#756D6D;font-size:14px;display:inline-block;\">\n\t<i class=\"dt-icon-the7-play-large\"><\/i>\n<\/div><\/div><\/div><\/div><div class=\"aio-icon-header\" ><h6 class=\"aio-icon-title ult-responsive\"  data-ultimate-target='#Info-box-wrap-3527 .aio-icon-title'  data-responsive-json-new='{\"font-size\":\"\",\"line-height\":\"\"}'  style=\"\">GEHIAGO<\/h6><\/div> <!-- header --><\/div> <!-- aio-icon-box --><\/a><\/div> <!-- aio-icon-component -->[\/vc_column][vc_column width=&#8221;1\/3&#8243;]<div class=\"aio-icon-component    style_1\"><div id=\"Info-box-wrap-9908\" class=\"aio-icon-box top-icon\" style=\"\"  ><div class=\"aio-icon-top\"><div class=\"ult-just-icon-wrapper  \"><div class=\"align-icon\" style=\"text-align:center;\">\n<div class=\"aio-icon-img \" style=\"font-size:55px;display:inline-block;\" >\n\t<img decoding=\"async\" class=\"img-icon\" alt=\"null\" src=\"https:\/\/mlcluster.com\/wp-content\/uploads\/2025\/05\/Ambitos-de-especializacion.jpg\"\/>\n<\/div><\/div><\/div><\/div><div class=\"aio-icon-header\" ><h4 class=\"aio-icon-title ult-responsive\"  data-ultimate-target='#Info-box-wrap-9908 .aio-icon-title'  data-responsive-json-new='{\"font-size\":\"\",\"line-height\":\"\"}'  style=\"\">5 ESPEZIALIZAZIO-EREMU<\/h4><\/div> <!-- header --><\/div> <!-- aio-icon-box --><\/div> <!-- aio-icon-component -->[vc_column_text css=&#8221;&#8221;]Pertsonen mugikortasunaren, salgaien logistikaren eta lotutako industriaren sektoreetan espezializazio sektorial handiena dugu.[\/vc_column_text]<div class=\"standard-arrow list-divider bullet-top\"><h5>MUGIKORTASUNA<\/h5>\n<ul>\n<li>CCAM mugikortasuna (Kooperatiba, Konektatua eta Automatizatua)<\/li>\n<li>Mugikortasun berria<\/li>\n<\/ul>\n<p>&nbsp;<\/p>\n<h5>LOGISTIKA<\/h5>\n<ul>\n<li>Hiri Logistika<\/li>\n<li>Intralogistika<\/li>\n<li>Distantzia Luzeko eta Multimodaleko Logistika<\/li>\n<\/ul>\n<\/div><div class=\"aio-icon-component    style_1\"><a class=\"aio-icon-box-link\" href=\"https:\/\/mlcluster.com\/eu\/espezializazio-eremuak\/\" title=\"Espezializazio-eremuak\" ><div id=\"Info-box-wrap-6531\" class=\"aio-icon-box top-icon\" style=\"\"  ><div class=\"aio-icon-top\"><div class=\"ult-just-icon-wrapper  \"><div class=\"align-icon\" style=\"text-align:center;\">\n<div class=\"aio-icon none \"  style=\"color:#756D6D;font-size:14px;display:inline-block;\">\n\t<i class=\"dt-icon-the7-play-large\"><\/i>\n<\/div><\/div><\/div><\/div><div class=\"aio-icon-header\" ><h6 class=\"aio-icon-title ult-responsive\"  data-ultimate-target='#Info-box-wrap-6531 .aio-icon-title'  data-responsive-json-new='{\"font-size\":\"\",\"line-height\":\"\"}'  style=\"\">GEHIAGO<\/h6><\/div> <!-- header --><\/div> <!-- aio-icon-box --><\/a><\/div> <!-- aio-icon-component -->[\/vc_column][vc_column width=&#8221;1\/3&#8243;]<div class=\"aio-icon-component    style_1\"><div id=\"Info-box-wrap-2797\" class=\"aio-icon-box top-icon\" style=\"\"  ><div class=\"aio-icon-top\"><div class=\"ult-just-icon-wrapper  \"><div class=\"align-icon\" style=\"text-align:center;\">\n<div class=\"aio-icon-img \" style=\"font-size:55px;display:inline-block;\" >\n\t<img decoding=\"async\" class=\"img-icon\" alt=\"null\" src=\"https:\/\/mlcluster.com\/wp-content\/uploads\/2025\/05\/Ejes-estrategicos-1.jpg\"\/>\n<\/div><\/div><\/div><\/div><div class=\"aio-icon-header\" ><h4 class=\"aio-icon-title ult-responsive\"  data-ultimate-target='#Info-box-wrap-2797 .aio-icon-title'  data-responsive-json-new='{\"font-size\":\"\",\"line-height\":\"\"}'  style=\"\">6 ARDATZ ESTRATEGIKO<\/h4><\/div> <!-- header --><\/div> <!-- aio-icon-box --><\/div> <!-- aio-icon-component -->[vc_column_text css=&#8221;&#8221;]Gure ardatz bultzatzaileek egituratzen dute Klusterraren jarduera, eta horien inguruan egituratzen da 2028ra arte gidatuko gaituen Plan Estrategiko berria.[\/vc_column_text]<div class=\"standard-arrow list-divider bullet-top\"><ul>\n<li>Zaintza estrategikoa<\/li>\n<li>Berrikuntza<\/li>\n<li>Nazioartekotzea eta merkatuak<\/li>\n<li>Talentua<\/li>\n<li>Dinamizazio sektoriala<\/li>\n<li>Kudeaketa bikaina<\/li>\n<\/ul>\n<\/div><div class=\"aio-icon-component    style_1\"><a class=\"aio-icon-box-link\" href=\"https:\/\/mlcluster.com\/eu\/ardatz-estrategikoak\/\" title=\"Ardatz estrategikoak\" ><div id=\"Info-box-wrap-3701\" class=\"aio-icon-box top-icon\" style=\"\"  ><div class=\"aio-icon-top\"><div class=\"ult-just-icon-wrapper  \"><div class=\"align-icon\" style=\"text-align:center;\">\n<div class=\"aio-icon none \"  style=\"color:#756D6D;font-size:14px;display:inline-block;\">\n\t<i class=\"dt-icon-the7-play-large\"><\/i>\n<\/div><\/div><\/div><\/div><div class=\"aio-icon-header\" ><h6 class=\"aio-icon-title ult-responsive\"  data-ultimate-target='#Info-box-wrap-3701 .aio-icon-title'  data-responsive-json-new='{\"font-size\":\"\",\"line-height\":\"\"}'  style=\"\">GEHIAGO<\/h6><\/div> <!-- header --><\/div> <!-- aio-icon-box --><\/a><\/div> <!-- aio-icon-component -->[\/vc_column][\/vc_row][vc_row][vc_column]<div class=\"ult-spacer spacer-69e0784c4b5ce\" data-id=\"69e0784c4b5ce\" data-height=\"30\" data-height-mobile=\"30\" data-height-tab=\"30\" data-height-tab-portrait=\"30\" data-height-mobile-landscape=\"30\" style=\"clear:both;display:block;\"><\/div>[\/vc_column][\/vc_row]<\/p>\n<\/div>","protected":false},"excerpt":{"rendered":"<p>[vc_row full_width=&#8221;stretch_row&#8221; equal_height=&#8221;yes&#8221; content_placement=&#8221;middle&#8221; bg_type=&#8221;bg_color&#8221; bg_override=&#8221;ex-full&#8221; bg_color_value=&#8221;#dd3333&#8243; css=&#8221;.vc_custom_1626078560605{margin-bottom: 20px !important;}&#8221;][vc_column][vc_column_text css=&#8221;.vc_custom_1747845552863{margin-top: -15px !important;margin-bottom: 15px !important;}&#8221;] Hasiera \/ Plan Estrategikoa [\/vc_column_text][\/vc_column][\/vc_row][vc_row full_width=&#8221;stretch_row_content&#8221; equal_height=&#8221;yes&#8221; css=&#8221;.vc_custom_1626252318692{margin-top: -35px !important;}&#8221;][vc_column][\/vc_column][\/vc_row][vc_row full_width=&#8221;stretch_row&#8221;][vc_column width=&#8221;1\/3&#8243; css=&#8221;.vc_custom_1620816094608{padding-right: 5% !important;padding-left: 5% !important;}&#8221;][vc_column_text css=&#8221;&#8221;]Sektorearen etorkizuna bultzatzen duten bektoreak dira, gure jardueraren konfigurazioan eta erronka estrategikoetan zuzenean eta zeharka eragiten dutenak.[\/vc_column_text][\/vc_column][vc_column width=&#8221;1\/3&#8243;][vc_column_text css=&#8221;&#8221;]Pertsonen mugikortasunaren, salgaien logistikaren eta&hellip;<\/p>\n","protected":false},"author":1,"featured_media":0,"parent":0,"menu_order":90,"comment_status":"closed","ping_status":"closed","template":"","meta":{"footnotes":""},"yoast_head":"<!-- This site is optimized with the Yoast SEO plugin v24.5 - https:\/\/yoast.com\/wordpress\/plugins\/seo\/ -->\n<title>Plan Estrategikoa - Euskadiko Mugikortasun eta Logistika Klusterra<\/title>\n<meta name=\"robots\" content=\"index, follow, max-snippet:-1, max-image-preview:large, max-video-preview:-1\" \/>\n<link rel=\"canonical\" href=\"https:\/\/mlcluster.com\/eu\/plan-estrategikoa\/\" \/>\n<meta property=\"og:locale\" content=\"en_US\" \/>\n<meta property=\"og:type\" content=\"article\" \/>\n<meta property=\"og:title\" content=\"Plan Estrategikoa - Euskadiko Mugikortasun eta Logistika Klusterra\" \/>\n<meta property=\"og:description\" content=\"[vc_row full_width=&#8221;stretch_row&#8221; equal_height=&#8221;yes&#8221; content_placement=&#8221;middle&#8221; bg_type=&#8221;bg_color&#8221; bg_override=&#8221;ex-full&#8221; bg_color_value=&#8221;#dd3333&#8243; css=&#8221;.vc_custom_1626078560605{margin-bottom: 20px !important;}&#8221;][vc_column][vc_column_text css=&#8221;.vc_custom_1747845552863{margin-top: -15px !important;margin-bottom: 15px !important;}&#8221;] Hasiera \/ Plan Estrategikoa [\/vc_column_text][\/vc_column][\/vc_row][vc_row full_width=&#8221;stretch_row_content&#8221; equal_height=&#8221;yes&#8221; css=&#8221;.vc_custom_1626252318692{margin-top: -35px !important;}&#8221;][vc_column][\/vc_column][\/vc_row][vc_row full_width=&#8221;stretch_row&#8221;][vc_column width=&#8221;1\/3&#8243; css=&#8221;.vc_custom_1620816094608{padding-right: 5% !important;padding-left: 5% !important;}&#8221;][vc_column_text css=&#8221;&#8221;]Sektorearen etorkizuna bultzatzen duten bektoreak dira, gure jardueraren konfigurazioan eta erronka estrategikoetan zuzenean eta zeharka eragiten dutenak.[\/vc_column_text][\/vc_column][vc_column width=&#8221;1\/3&#8243;][vc_column_text css=&#8221;&#8221;]Pertsonen mugikortasunaren, salgaien logistikaren eta&hellip;\" \/>\n<meta property=\"og:url\" content=\"https:\/\/mlcluster.com\/eu\/plan-estrategikoa\/\" \/>\n<meta property=\"og:site_name\" content=\"Euskadiko Mugikortasun eta Logistika Klusterra\" \/>\n<meta property=\"article:modified_time\" content=\"2025-12-23T15:22:57+00:00\" \/>\n<meta name=\"twitter:card\" content=\"summary_large_image\" \/>\n<meta name=\"twitter:label1\" content=\"Est. reading time\" \/>\n\t<meta name=\"twitter:data1\" content=\"1 minutua\" \/>\n<script type=\"application\/ld+json\" class=\"yoast-schema-graph\">{\"@context\":\"https:\/\/schema.org\",\"@graph\":[{\"@type\":\"WebPage\",\"@id\":\"https:\/\/mlcluster.com\/eu\/plan-estrategikoa\/\",\"url\":\"https:\/\/mlcluster.com\/eu\/plan-estrategikoa\/\",\"name\":\"Plan Estrategikoa - Euskadiko Mugikortasun eta Logistika Klusterra\",\"isPartOf\":{\"@id\":\"https:\/\/mlcluster.com\/#website\"},\"datePublished\":\"2021-05-12T08:49:08+00:00\",\"dateModified\":\"2025-12-23T15:22:57+00:00\",\"breadcrumb\":{\"@id\":\"https:\/\/mlcluster.com\/eu\/plan-estrategikoa\/#breadcrumb\"},\"inLanguage\":\"eu\",\"potentialAction\":[{\"@type\":\"ReadAction\",\"target\":[\"https:\/\/mlcluster.com\/eu\/plan-estrategikoa\/\"]}]},{\"@type\":\"BreadcrumbList\",\"@id\":\"https:\/\/mlcluster.com\/eu\/plan-estrategikoa\/#breadcrumb\",\"itemListElement\":[{\"@type\":\"ListItem\",\"position\":1,\"name\":\"Portada\",\"item\":\"https:\/\/mlcluster.com\/eu\/\"},{\"@type\":\"ListItem\",\"position\":2,\"name\":\"Plan Estrategikoa\"}]},{\"@type\":\"WebSite\",\"@id\":\"https:\/\/mlcluster.com\/#website\",\"url\":\"https:\/\/mlcluster.com\/\",\"name\":\"Euskadiko Mugikortasun eta Logistika Klusterra\",\"description\":\"Asociaci\u00f3n de empresas de Movilidad y Log\u00edstica del Pa\u00eds Vasco cuya misi\u00f3n es favorecer la competitividad impulsando la innovaci\u00f3n, la cooperaci\u00f3n y la promoci\u00f3n.\",\"potentialAction\":[{\"@type\":\"SearchAction\",\"target\":{\"@type\":\"EntryPoint\",\"urlTemplate\":\"https:\/\/mlcluster.com\/?s={search_term_string}\"},\"query-input\":{\"@type\":\"PropertyValueSpecification\",\"valueRequired\":true,\"valueName\":\"search_term_string\"}}],\"inLanguage\":\"eu\"}]}<\/script>\n<!-- \/ Yoast SEO plugin. -->","yoast_head_json":{"title":"Plan Estrategikoa - Euskadiko Mugikortasun eta Logistika Klusterra","robots":{"index":"index","follow":"follow","max-snippet":"max-snippet:-1","max-image-preview":"max-image-preview:large","max-video-preview":"max-video-preview:-1"},"canonical":"https:\/\/mlcluster.com\/eu\/plan-estrategikoa\/","og_locale":"en_US","og_type":"article","og_title":"Plan Estrategikoa - Euskadiko Mugikortasun eta Logistika Klusterra","og_description":"[vc_row full_width=&#8221;stretch_row&#8221; equal_height=&#8221;yes&#8221; content_placement=&#8221;middle&#8221; bg_type=&#8221;bg_color&#8221; bg_override=&#8221;ex-full&#8221; bg_color_value=&#8221;#dd3333&#8243; css=&#8221;.vc_custom_1626078560605{margin-bottom: 20px !important;}&#8221;][vc_column][vc_column_text css=&#8221;.vc_custom_1747845552863{margin-top: -15px !important;margin-bottom: 15px !important;}&#8221;] Hasiera \/ Plan Estrategikoa [\/vc_column_text][\/vc_column][\/vc_row][vc_row full_width=&#8221;stretch_row_content&#8221; equal_height=&#8221;yes&#8221; css=&#8221;.vc_custom_1626252318692{margin-top: -35px !important;}&#8221;][vc_column][\/vc_column][\/vc_row][vc_row full_width=&#8221;stretch_row&#8221;][vc_column width=&#8221;1\/3&#8243; css=&#8221;.vc_custom_1620816094608{padding-right: 5% !important;padding-left: 5% !important;}&#8221;][vc_column_text css=&#8221;&#8221;]Sektorearen etorkizuna bultzatzen duten bektoreak dira, gure jardueraren konfigurazioan eta erronka estrategikoetan zuzenean eta zeharka eragiten dutenak.[\/vc_column_text][\/vc_column][vc_column width=&#8221;1\/3&#8243;][vc_column_text css=&#8221;&#8221;]Pertsonen mugikortasunaren, salgaien logistikaren eta&hellip;","og_url":"https:\/\/mlcluster.com\/eu\/plan-estrategikoa\/","og_site_name":"Euskadiko Mugikortasun eta Logistika Klusterra","article_modified_time":"2025-12-23T15:22:57+00:00","twitter_card":"summary_large_image","twitter_misc":{"Est. reading time":"1 minutua"},"schema":{"@context":"https:\/\/schema.org","@graph":[{"@type":"WebPage","@id":"https:\/\/mlcluster.com\/eu\/plan-estrategikoa\/","url":"https:\/\/mlcluster.com\/eu\/plan-estrategikoa\/","name":"Plan Estrategikoa - Euskadiko Mugikortasun eta Logistika Klusterra","isPartOf":{"@id":"https:\/\/mlcluster.com\/#website"},"datePublished":"2021-05-12T08:49:08+00:00","dateModified":"2025-12-23T15:22:57+00:00","breadcrumb":{"@id":"https:\/\/mlcluster.com\/eu\/plan-estrategikoa\/#breadcrumb"},"inLanguage":"eu","potentialAction":[{"@type":"ReadAction","target":["https:\/\/mlcluster.com\/eu\/plan-estrategikoa\/"]}]},{"@type":"BreadcrumbList","@id":"https:\/\/mlcluster.com\/eu\/plan-estrategikoa\/#breadcrumb","itemListElement":[{"@type":"ListItem","position":1,"name":"Portada","item":"https:\/\/mlcluster.com\/eu\/"},{"@type":"ListItem","position":2,"name":"Plan Estrategikoa"}]},{"@type":"WebSite","@id":"https:\/\/mlcluster.com\/#website","url":"https:\/\/mlcluster.com\/","name":"Euskadiko Mugikortasun eta Logistika Klusterra","description":"Asociaci\u00f3n de empresas de Movilidad y Log\u00edstica del Pa\u00eds Vasco cuya misi\u00f3n es favorecer la competitividad impulsando la innovaci\u00f3n, la cooperaci\u00f3n y la promoci\u00f3n.","potentialAction":[{"@type":"SearchAction","target":{"@type":"EntryPoint","urlTemplate":"https:\/\/mlcluster.com\/?s={search_term_string}"},"query-input":{"@type":"PropertyValueSpecification","valueRequired":true,"valueName":"search_term_string"}}],"inLanguage":"eu"}]}},"_links":{"self":[{"href":"https:\/\/mlcluster.com\/eu\/wp-json\/wp\/v2\/pages\/198127"}],"collection":[{"href":"https:\/\/mlcluster.com\/eu\/wp-json\/wp\/v2\/pages"}],"about":[{"href":"https:\/\/mlcluster.com\/eu\/wp-json\/wp\/v2\/types\/page"}],"author":[{"embeddable":true,"href":"https:\/\/mlcluster.com\/eu\/wp-json\/wp\/v2\/users\/1"}],"replies":[{"embeddable":true,"href":"https:\/\/mlcluster.com\/eu\/wp-json\/wp\/v2\/comments?post=198127"}],"version-history":[{"count":17,"href":"https:\/\/mlcluster.com\/eu\/wp-json\/wp\/v2\/pages\/198127\/revisions"}],"predecessor-version":[{"id":432760,"href":"https:\/\/mlcluster.com\/eu\/wp-json\/wp\/v2\/pages\/198127\/revisions\/432760"}],"wp:attachment":[{"href":"https:\/\/mlcluster.com\/eu\/wp-json\/wp\/v2\/media?parent=198127"}],"curies":[{"name":"wp","href":"https:\/\/api.w.org\/{rel}","templated":true}]}}