{"id":198177,"date":"2021-10-21T11:28:42","date_gmt":"2021-10-21T09:28:42","guid":{"rendered":"https:\/\/mlcluster.com\/directorio-socios\/"},"modified":"2025-06-03T16:24:32","modified_gmt":"2025-06-03T14:24:32","slug":"bazkideen-direktorioa-pdf","status":"publish","type":"page","link":"https:\/\/mlcluster.com\/eu\/bazkideen-direktorioa-pdf\/","title":{"rendered":"Bazkideen direktorioa"},"content":{"rendered":"<div class=\"wpb-content-wrapper\"><p>[vc_row full_width=&#8221;stretch_row&#8221; equal_height=&#8221;yes&#8221; content_placement=&#8221;middle&#8221; bg_type=&#8221;bg_color&#8221; bg_override=&#8221;ex-full&#8221; bg_color_value=&#8221;#dd3333&#8243; css=&#8221;.vc_custom_1626165215326{margin-bottom: 0px !important;}&#8221;][vc_column][vc_column_text css=&#8221;.vc_custom_1638202410596{margin-top: -15px !important;margin-bottom: 15px !important;}&#8221;]<\/p>\n<p style=\"color: white; text-align: right;\"><a style=\"color: white;\" href=\"\/eu\/\">Hasiera<\/a> \/ Bazkideak \/ <a style=\"color: white;\" href=\"\/eu\/bazkideen-direktorioa-pdf\/\">Bazkideen direktorioa<\/a><\/p>\n<p>[\/vc_column_text][\/vc_column][\/vc_row][vc_row equal_height=&#8221;yes&#8221; css=&#8221;.vc_custom_1621844457202{margin-top: -35px !important;}&#8221;][vc_column css=&#8221;.vc_custom_1634811761814{margin-top: 30px !important;background-position: 0 0 !important;background-repeat: no-repeat !important;}&#8221;]<div id=\"ultimate-heading-800169e07b1db2f77\" class=\"uvc-heading ult-adjust-bottom-margin ultimate-heading-800169e07b1db2f77 uvc-7408 \" data-hspacer=\"line_with_icon\" data-hline_width=\"100\" data-hicon_type=\"selector\" data-hborder_style=\"solid\" data-hborder_height=\"3\" data-hborder_color=\"#b0b0af\" data-icon_width=\"20\" data-hfixer=\"10\"  data-halign=\"center\" style=\"text-align:center\"><div class=\"uvc-main-heading ult-responsive\"  data-ultimate-target='.uvc-heading.ultimate-heading-800169e07b1db2f77 h1'  data-responsive-json-new='{\"font-size\":\"mobile_landscape:22px;mobile:22px;\",\"line-height\":\"mobile_landscape:28px;mobile:28px;\"}' ><h1 style=\"--font-weight:theme;\">Bazkideen direktorioa<\/h1><\/div><div class=\"uvc-heading-spacer line_with_icon\" style=\"margin-top:10px;margin-bottom:10px;height:20px;\"><div class=\"ult-just-icon-wrapper  \"><div class=\"align-icon\" style=\"text-align:center;\">\n<div class=\"aio-icon none \"  style=\"font-size:20px;display:inline-block;\">\n\t<i class=\"icomoon-the7-font-the7-arrow-05\"><\/i>\n<\/div><\/div><\/div><\/div><\/div>[\/vc_column][\/vc_row][vc_row full_width=&#8221;stretch_row&#8221; bg_type=&#8221;bg_color&#8221; bg_override=&#8221;ex-full&#8221; bg_color_value=&#8221;rgba(255,255,255,0.59)&#8221;][vc_column width=&#8221;1\/5&#8243; css=&#8221;.vc_custom_1634812165367{margin-top: 0px !important;padding-top: 35px !important;}&#8221;]<style type=\"text\/css\" data-type=\"the7_shortcodes-inline-css\">#default-btn-bcf019a842595a8df5de1ce467f86877.ico-right-side > i {\n  margin-right: 0px;\n  margin-left: 8px;\n}\n#default-btn-bcf019a842595a8df5de1ce467f86877 > i {\n  margin-right: 8px;\n}\n<\/style><a href=\"\/bazkideen_direktorioa.pdf\" class=\"default-btn-shortcode dt-btn dt-btn-s link-hover-off btn-inline-left \" target=\"_blank\" id=\"default-btn-bcf019a842595a8df5de1ce467f86877\" rel=\"noopener\"><i class=\"dt-icon-the7-download\"><\/i><span>BAZKIDEEN DIREKTORIOA PDF FORMATUAN<\/span><\/a>[\/vc_column][vc_column width=&#8221;4\/5&#8243;][vc_column_text css=&#8221;&#8221;]<a href=\"https:\/\/mlcluster.com\/bazkideen_direktorioa.pdf\" class=\"pdfemb-viewer\" style=\"\" data-width=\"max\" data-height=\"max\" data-toolbar=\"both\" data-toolbar-fixed=\"on\">bazkideen_direktorioa<\/a>[\/vc_column_text]<div class=\"ult-spacer spacer-69e07b1db3fb3\" data-id=\"69e07b1db3fb3\" data-height=\"30\" data-height-mobile=\"30\" data-height-tab=\"30\" data-height-tab-portrait=\"\" data-height-mobile-landscape=\"\" style=\"clear:both;display:block;\"><\/div>[\/vc_column][\/vc_row]<\/p>\n<\/div>","protected":false},"excerpt":{"rendered":"<p>[vc_row full_width=&#8221;stretch_row&#8221; equal_height=&#8221;yes&#8221; content_placement=&#8221;middle&#8221; bg_type=&#8221;bg_color&#8221; bg_override=&#8221;ex-full&#8221; bg_color_value=&#8221;#dd3333&#8243; css=&#8221;.vc_custom_1626165215326{margin-bottom: 0px !important;}&#8221;][vc_column][vc_column_text css=&#8221;.vc_custom_1638202410596{margin-top: -15px !important;margin-bottom: 15px !important;}&#8221;] Hasiera \/ Bazkideak \/ Bazkideen direktorioa [\/vc_column_text][\/vc_column][\/vc_row][vc_row equal_height=&#8221;yes&#8221; css=&#8221;.vc_custom_1621844457202{margin-top: -35px !important;}&#8221;][vc_column css=&#8221;.vc_custom_1634811761814{margin-top: 30px !important;background-position: 0 0 !important;background-repeat: no-repeat !important;}&#8221;][\/vc_column][\/vc_row][vc_row full_width=&#8221;stretch_row&#8221; bg_type=&#8221;bg_color&#8221; bg_override=&#8221;ex-full&#8221; bg_color_value=&#8221;rgba(255,255,255,0.59)&#8221;][vc_column width=&#8221;1\/5&#8243; css=&#8221;.vc_custom_1634812165367{margin-top: 0px !important;padding-top: 35px !important;}&#8221;][\/vc_column][vc_column width=&#8221;4\/5&#8243;][vc_column_text css=&#8221;&#8221;][\/vc_column_text][\/vc_column][\/vc_row]<\/p>\n","protected":false},"author":1,"featured_media":0,"parent":0,"menu_order":50,"comment_status":"closed","ping_status":"closed","template":"","meta":{"footnotes":""},"yoast_head":"<!-- This site is optimized with the Yoast SEO plugin v24.5 - https:\/\/yoast.com\/wordpress\/plugins\/seo\/ -->\n<title>Bazkideen direktorioa - Euskadiko Mugikortasun eta Logistika Klusterra<\/title>\n<meta name=\"robots\" content=\"index, follow, max-snippet:-1, max-image-preview:large, max-video-preview:-1\" \/>\n<link rel=\"canonical\" href=\"https:\/\/mlcluster.com\/eu\/bazkideen-direktorioa-pdf\/\" \/>\n<meta property=\"og:locale\" content=\"en_US\" \/>\n<meta property=\"og:type\" content=\"article\" \/>\n<meta property=\"og:title\" content=\"Bazkideen direktorioa - Euskadiko Mugikortasun eta Logistika Klusterra\" \/>\n<meta property=\"og:description\" content=\"[vc_row full_width=&#8221;stretch_row&#8221; equal_height=&#8221;yes&#8221; content_placement=&#8221;middle&#8221; bg_type=&#8221;bg_color&#8221; bg_override=&#8221;ex-full&#8221; bg_color_value=&#8221;#dd3333&#8243; css=&#8221;.vc_custom_1626165215326{margin-bottom: 0px !important;}&#8221;][vc_column][vc_column_text css=&#8221;.vc_custom_1638202410596{margin-top: -15px !important;margin-bottom: 15px !important;}&#8221;] Hasiera \/ Bazkideak \/ Bazkideen direktorioa [\/vc_column_text][\/vc_column][\/vc_row][vc_row equal_height=&#8221;yes&#8221; css=&#8221;.vc_custom_1621844457202{margin-top: -35px !important;}&#8221;][vc_column css=&#8221;.vc_custom_1634811761814{margin-top: 30px !important;background-position: 0 0 !important;background-repeat: no-repeat !important;}&#8221;][\/vc_column][\/vc_row][vc_row full_width=&#8221;stretch_row&#8221; bg_type=&#8221;bg_color&#8221; bg_override=&#8221;ex-full&#8221; bg_color_value=&#8221;rgba(255,255,255,0.59)&#8221;][vc_column width=&#8221;1\/5&#8243; css=&#8221;.vc_custom_1634812165367{margin-top: 0px !important;padding-top: 35px !important;}&#8221;][\/vc_column][vc_column width=&#8221;4\/5&#8243;][vc_column_text css=&#8221;&#8221;][\/vc_column_text][\/vc_column][\/vc_row]\" \/>\n<meta property=\"og:url\" content=\"https:\/\/mlcluster.com\/eu\/bazkideen-direktorioa-pdf\/\" \/>\n<meta property=\"og:site_name\" content=\"Euskadiko Mugikortasun eta Logistika Klusterra\" \/>\n<meta property=\"article:modified_time\" content=\"2025-06-03T14:24:32+00:00\" \/>\n<meta name=\"twitter:card\" content=\"summary_large_image\" \/>\n<meta name=\"twitter:label1\" content=\"Est. reading time\" \/>\n\t<meta name=\"twitter:data1\" content=\"1 minutua\" \/>\n<script type=\"application\/ld+json\" class=\"yoast-schema-graph\">{\"@context\":\"https:\/\/schema.org\",\"@graph\":[{\"@type\":\"WebPage\",\"@id\":\"https:\/\/mlcluster.com\/eu\/bazkideen-direktorioa-pdf\/\",\"url\":\"https:\/\/mlcluster.com\/eu\/bazkideen-direktorioa-pdf\/\",\"name\":\"Bazkideen direktorioa - Euskadiko Mugikortasun eta Logistika Klusterra\",\"isPartOf\":{\"@id\":\"https:\/\/mlcluster.com\/#website\"},\"datePublished\":\"2021-10-21T09:28:42+00:00\",\"dateModified\":\"2025-06-03T14:24:32+00:00\",\"breadcrumb\":{\"@id\":\"https:\/\/mlcluster.com\/eu\/bazkideen-direktorioa-pdf\/#breadcrumb\"},\"inLanguage\":\"eu\",\"potentialAction\":[{\"@type\":\"ReadAction\",\"target\":[\"https:\/\/mlcluster.com\/eu\/bazkideen-direktorioa-pdf\/\"]}]},{\"@type\":\"BreadcrumbList\",\"@id\":\"https:\/\/mlcluster.com\/eu\/bazkideen-direktorioa-pdf\/#breadcrumb\",\"itemListElement\":[{\"@type\":\"ListItem\",\"position\":1,\"name\":\"Portada\",\"item\":\"https:\/\/mlcluster.com\/eu\/\"},{\"@type\":\"ListItem\",\"position\":2,\"name\":\"Bazkideen direktorioa\"}]},{\"@type\":\"WebSite\",\"@id\":\"https:\/\/mlcluster.com\/#website\",\"url\":\"https:\/\/mlcluster.com\/\",\"name\":\"Euskadiko Mugikortasun eta Logistika Klusterra\",\"description\":\"Asociaci\u00f3n de empresas de Movilidad y Log\u00edstica del Pa\u00eds Vasco cuya misi\u00f3n es favorecer la competitividad impulsando la innovaci\u00f3n, la cooperaci\u00f3n y la promoci\u00f3n.\",\"potentialAction\":[{\"@type\":\"SearchAction\",\"target\":{\"@type\":\"EntryPoint\",\"urlTemplate\":\"https:\/\/mlcluster.com\/?s={search_term_string}\"},\"query-input\":{\"@type\":\"PropertyValueSpecification\",\"valueRequired\":true,\"valueName\":\"search_term_string\"}}],\"inLanguage\":\"eu\"}]}<\/script>\n<!-- \/ Yoast SEO plugin. -->","yoast_head_json":{"title":"Bazkideen direktorioa - Euskadiko Mugikortasun eta Logistika Klusterra","robots":{"index":"index","follow":"follow","max-snippet":"max-snippet:-1","max-image-preview":"max-image-preview:large","max-video-preview":"max-video-preview:-1"},"canonical":"https:\/\/mlcluster.com\/eu\/bazkideen-direktorioa-pdf\/","og_locale":"en_US","og_type":"article","og_title":"Bazkideen direktorioa - Euskadiko Mugikortasun eta Logistika Klusterra","og_description":"[vc_row full_width=&#8221;stretch_row&#8221; equal_height=&#8221;yes&#8221; content_placement=&#8221;middle&#8221; bg_type=&#8221;bg_color&#8221; bg_override=&#8221;ex-full&#8221; bg_color_value=&#8221;#dd3333&#8243; css=&#8221;.vc_custom_1626165215326{margin-bottom: 0px !important;}&#8221;][vc_column][vc_column_text css=&#8221;.vc_custom_1638202410596{margin-top: -15px !important;margin-bottom: 15px !important;}&#8221;] Hasiera \/ Bazkideak \/ Bazkideen direktorioa [\/vc_column_text][\/vc_column][\/vc_row][vc_row equal_height=&#8221;yes&#8221; css=&#8221;.vc_custom_1621844457202{margin-top: -35px !important;}&#8221;][vc_column css=&#8221;.vc_custom_1634811761814{margin-top: 30px !important;background-position: 0 0 !important;background-repeat: no-repeat !important;}&#8221;][\/vc_column][\/vc_row][vc_row full_width=&#8221;stretch_row&#8221; bg_type=&#8221;bg_color&#8221; bg_override=&#8221;ex-full&#8221; bg_color_value=&#8221;rgba(255,255,255,0.59)&#8221;][vc_column width=&#8221;1\/5&#8243; css=&#8221;.vc_custom_1634812165367{margin-top: 0px !important;padding-top: 35px !important;}&#8221;][\/vc_column][vc_column width=&#8221;4\/5&#8243;][vc_column_text css=&#8221;&#8221;][\/vc_column_text][\/vc_column][\/vc_row]","og_url":"https:\/\/mlcluster.com\/eu\/bazkideen-direktorioa-pdf\/","og_site_name":"Euskadiko Mugikortasun eta Logistika Klusterra","article_modified_time":"2025-06-03T14:24:32+00:00","twitter_card":"summary_large_image","twitter_misc":{"Est. reading time":"1 minutua"},"schema":{"@context":"https:\/\/schema.org","@graph":[{"@type":"WebPage","@id":"https:\/\/mlcluster.com\/eu\/bazkideen-direktorioa-pdf\/","url":"https:\/\/mlcluster.com\/eu\/bazkideen-direktorioa-pdf\/","name":"Bazkideen direktorioa - Euskadiko Mugikortasun eta Logistika Klusterra","isPartOf":{"@id":"https:\/\/mlcluster.com\/#website"},"datePublished":"2021-10-21T09:28:42+00:00","dateModified":"2025-06-03T14:24:32+00:00","breadcrumb":{"@id":"https:\/\/mlcluster.com\/eu\/bazkideen-direktorioa-pdf\/#breadcrumb"},"inLanguage":"eu","potentialAction":[{"@type":"ReadAction","target":["https:\/\/mlcluster.com\/eu\/bazkideen-direktorioa-pdf\/"]}]},{"@type":"BreadcrumbList","@id":"https:\/\/mlcluster.com\/eu\/bazkideen-direktorioa-pdf\/#breadcrumb","itemListElement":[{"@type":"ListItem","position":1,"name":"Portada","item":"https:\/\/mlcluster.com\/eu\/"},{"@type":"ListItem","position":2,"name":"Bazkideen direktorioa"}]},{"@type":"WebSite","@id":"https:\/\/mlcluster.com\/#website","url":"https:\/\/mlcluster.com\/","name":"Euskadiko Mugikortasun eta Logistika Klusterra","description":"Asociaci\u00f3n de empresas de Movilidad y Log\u00edstica del Pa\u00eds Vasco cuya misi\u00f3n es favorecer la competitividad impulsando la innovaci\u00f3n, la cooperaci\u00f3n y la promoci\u00f3n.","potentialAction":[{"@type":"SearchAction","target":{"@type":"EntryPoint","urlTemplate":"https:\/\/mlcluster.com\/?s={search_term_string}"},"query-input":{"@type":"PropertyValueSpecification","valueRequired":true,"valueName":"search_term_string"}}],"inLanguage":"eu"}]}},"_links":{"self":[{"href":"https:\/\/mlcluster.com\/eu\/wp-json\/wp\/v2\/pages\/198177"}],"collection":[{"href":"https:\/\/mlcluster.com\/eu\/wp-json\/wp\/v2\/pages"}],"about":[{"href":"https:\/\/mlcluster.com\/eu\/wp-json\/wp\/v2\/types\/page"}],"author":[{"embeddable":true,"href":"https:\/\/mlcluster.com\/eu\/wp-json\/wp\/v2\/users\/1"}],"replies":[{"embeddable":true,"href":"https:\/\/mlcluster.com\/eu\/wp-json\/wp\/v2\/comments?post=198177"}],"version-history":[{"count":3,"href":"https:\/\/mlcluster.com\/eu\/wp-json\/wp\/v2\/pages\/198177\/revisions"}],"predecessor-version":[{"id":398264,"href":"https:\/\/mlcluster.com\/eu\/wp-json\/wp\/v2\/pages\/198177\/revisions\/398264"}],"wp:attachment":[{"href":"https:\/\/mlcluster.com\/eu\/wp-json\/wp\/v2\/media?parent=198177"}],"curies":[{"name":"wp","href":"https:\/\/api.w.org\/{rel}","templated":true}]}}