{"id":198223,"date":"2021-05-03T08:39:28","date_gmt":"2021-05-03T06:39:28","guid":{"rendered":"https:\/\/mlcluster.com\/redes-y-colaboradores\/"},"modified":"2025-12-23T15:04:39","modified_gmt":"2025-12-23T14:04:39","slug":"sareak-eta-kolaboratzaileak","status":"publish","type":"page","link":"https:\/\/mlcluster.com\/eu\/sareak-eta-kolaboratzaileak\/","title":{"rendered":"Sareak eta kolaboratzaileak"},"content":{"rendered":"<div class=\"wpb-content-wrapper\"><p>[vc_row full_width=&#8221;stretch_row&#8221; equal_height=&#8221;yes&#8221; content_placement=&#8221;middle&#8221; bg_type=&#8221;bg_color&#8221; bg_override=&#8221;ex-full&#8221; bg_color_value=&#8221;#dd3333&#8243; css=&#8221;.vc_custom_1626257027503{margin-bottom: 20px !important;}&#8221;][vc_column][vc_column_text css=&#8221;.vc_custom_1638189512094{margin-top: -15px !important;margin-bottom: 15px !important;}&#8221;]<\/p>\n<p style=\"color: white; text-align: right;\"><a style=\"color: white;\" href=\"\/eu\/\">Hasiera<\/a> \/ Klusterra \/ <a style=\"color: white;\" href=\"\/eu\/sareak-eta-kolaboratzaileak\/\">Sareak eta kolaboratzaileak<\/a><\/p>\n<p>[\/vc_column_text][\/vc_column][\/vc_row][vc_row full_width=&#8221;stretch_row&#8221; equal_height=&#8221;yes&#8221;][vc_column css=&#8221;.vc_custom_1620992772888{margin-top: 0px !important;padding-top: 0px !important;}&#8221;]<div id=\"ultimate-heading-989169df3fb50ada8\" class=\"uvc-heading ult-adjust-bottom-margin ultimate-heading-989169df3fb50ada8 uvc-7202 \" data-hspacer=\"line_with_icon\" data-hline_width=\"100\" data-hicon_type=\"selector\" data-hborder_style=\"solid\" data-hborder_height=\"3\" data-hborder_color=\"#b0b0af\" data-icon_width=\"20\" data-hfixer=\"10\"  data-halign=\"center\" style=\"text-align:center\"><div class=\"uvc-main-heading ult-responsive\"  data-ultimate-target='.uvc-heading.ultimate-heading-989169df3fb50ada8 h1'  data-responsive-json-new='{\"font-size\":\"mobile_landscape:22px;mobile:22px;\",\"line-height\":\"mobile_landscape:28px;mobile:28px;\"}' ><h1 style=\"--font-weight:theme;\">Sareak eta kolaboratzaileak<\/h1><\/div><div class=\"uvc-heading-spacer line_with_icon\" style=\"margin-top:10px;margin-bottom:10px;height:20px;\"><div class=\"ult-just-icon-wrapper  \"><div class=\"align-icon\" style=\"text-align:center;\">\n<div class=\"aio-icon none \"  style=\"font-size:20px;display:inline-block;\">\n\t<i class=\"icomoon-the7-font-the7-arrow-05\"><\/i>\n<\/div><\/div><\/div><\/div><\/div><div class=\"ult-spacer spacer-69df3fb50ae04\" data-id=\"69df3fb50ae04\" data-height=\"20\" data-height-mobile=\"20\" data-height-tab=\"20\" data-height-tab-portrait=\"20\" data-height-mobile-landscape=\"20\" style=\"clear:both;display:block;\"><\/div>[vc_column_text]<strong>Euskadiko Mugikortasun eta Logistika Klusterra<\/strong> <strong>Eusko Jaurlaritzaren<\/strong> Kluster Politikaren partaidea da, eta <strong>BCLM<\/strong> \u2013 Euskadiko Logistika eta Mugikortasun Federazioaren eragile eta bazkide fundatzailea.<\/p>\n<p>Klusterra Zientzia, <strong>Teknologia eta Berrikuntzaren Euskal Sarearen<\/strong> Bitartekaritza Eragilea da, eta <strong>Espainian Enpresa Elkarte Berritzaile<\/strong> gisa dago akreditatuta.<\/p>\n<p>Gainera, Klusterra lankidetzan aritzen da <strong>eskualdeko eta nazioarteko beste elkarte eta erakunde batzuekin<\/strong>.[\/vc_column_text]<div id=\"ultimate-heading-775069df3fb50aee3\" class=\"uvc-heading ult-adjust-bottom-margin ultimate-heading-775069df3fb50aee3 uvc-7824 \" data-hspacer=\"line_with_icon\" data-hline_width=\"100\" data-hicon_type=\"selector\" data-hborder_style=\"solid\" data-hborder_height=\"3\" data-hborder_color=\"#b0b0af\" data-icon_width=\"20\" data-hfixer=\"10\"  data-halign=\"center\" style=\"text-align:center\"><div class=\"uvc-main-heading ult-responsive\"  data-ultimate-target='.uvc-heading.ultimate-heading-775069df3fb50aee3 h3'  data-responsive-json-new='{\"font-size\":\"mobile_landscape:20px;mobile:20px;\",\"line-height\":\"mobile_landscape:28px;mobile:28px;\"}' ><h3 style=\"--font-weight:theme;\">LAGUNTZAILEAK<\/h3><\/div><div class=\"uvc-heading-spacer line_with_icon\" style=\"margin-top:10px;margin-bottom:20px;height:20px;\"><div class=\"ult-just-icon-wrapper  \"><div class=\"align-icon\" style=\"text-align:center;\">\n<div class=\"aio-icon none \"  style=\"font-size:20px;display:inline-block;\">\n\t<i class=\"icomoon-the7-font-the7-arrow-05\"><\/i>\n<\/div><\/div><\/div><\/div><\/div><div class='grid-apoyos'><a href='http:\/\/www.garraioak.ejgv.euskadi.net\/r41-429\/es\/' target='_blank'><div class='grid-apoyos-item' style=\"background-image: url('https:\/\/mlcluster.com\/wp-content\/uploads\/2021\/02\/Gobierno-Vasco-logo.jpg'\");'><\/div><\/a><a href='http:\/\/www.gipuzkoa.eus' target='_blank'><div class='grid-apoyos-item' style=\"background-image: url('https:\/\/mlcluster.com\/wp-content\/uploads\/2021\/04\/Diputacion-Gipuzkoa.png'\");'><\/div><\/a><a href='https:\/\/web.bizkaia.eus\/es\/promocion-economica' target='_blank'><div class='grid-apoyos-item' style=\"background-image: url('https:\/\/mlcluster.com\/wp-content\/uploads\/2022\/08\/Diputacion-Bizkaia-logo.png'\");'><\/div><\/a><a href='http:\/\/www.minetur.gob.es\/es-ES\/Paginas\/index.aspx' target='_blank'><div class='grid-apoyos-item' style=\"background-image: url('https:\/\/mlcluster.com\/wp-content\/uploads\/2021\/04\/Ministerio-Industria.png'\");'><\/div><\/a><a href='https:\/\/ec.europa.eu\/regional_policy\/es\/funding\/erdf\/' target='_blank'><div class='grid-apoyos-item' style=\"background-image: url('https:\/\/mlcluster.com\/wp-content\/uploads\/2021\/04\/Feder-logo-1.png'\");'><\/div><\/a><\/div><style>\n    .grid-apoyos {\n      display: flex;\n      flex-direction: row;\n      flex-wrap: wrap;\n      justify-content: center;\n    }\n    .grid-apoyos .grid-apoyos-item {\n      box-sizing: border-box;\n      min-height: 150px;\n      background: #fff none no-repeat center center;\n      background-size: calc(100% - 40px) auto;\n      width: 150px;\n      overflow: hidden;\n      border: 1px solid #e1e8ec;\n      margin: 5px;\n    }<\/style><div class=\"ult-spacer spacer-69df3fb50c819\" data-id=\"69df3fb50c819\" data-height=\"20\" data-height-mobile=\"20\" data-height-tab=\"20\" data-height-tab-portrait=\"20\" data-height-mobile-landscape=\"20\" style=\"clear:both;display:block;\"><\/div><div id=\"ultimate-heading-520869df3fb50c8fc\" class=\"uvc-heading ult-adjust-bottom-margin ultimate-heading-520869df3fb50c8fc uvc-7829 \" data-hspacer=\"line_with_icon\" data-hline_width=\"100\" data-hicon_type=\"selector\" data-hborder_style=\"solid\" data-hborder_height=\"3\" data-hborder_color=\"#b0b0af\" data-icon_width=\"20\" data-hfixer=\"10\"  data-halign=\"center\" style=\"text-align:center\"><div class=\"uvc-main-heading ult-responsive\"  data-ultimate-target='.uvc-heading.ultimate-heading-520869df3fb50c8fc h3'  data-responsive-json-new='{\"font-size\":\"mobile_landscape:20px;mobile:20px;\",\"line-height\":\"mobile_landscape:28px;mobile:28px;\"}' ><h3 style=\"--font-weight:theme;\">ESKUALDEKO SAREAK<\/h3><\/div><div class=\"uvc-heading-spacer line_with_icon\" style=\"margin-top:10px;margin-bottom:20px;height:20px;\"><div class=\"ult-just-icon-wrapper  \"><div class=\"align-icon\" style=\"text-align:center;\">\n<div class=\"aio-icon none \"  style=\"font-size:20px;display:inline-block;\">\n\t<i class=\"icomoon-the7-font-the7-arrow-05\"><\/i>\n<\/div><\/div><\/div><\/div><\/div><div class='grid-miembrosde'><a href='http:\/\/clusters.ipyme.org\/es-es\/Identificar\/Paginas\/ListadoAEI.aspx' target='_blank'><div class='grid-miembrosde-item' style=\"background-image: url('https:\/\/mlcluster.com\/wp-content\/uploads\/2021\/04\/Logo-AEI-web-nuevo.jpg'\");'><\/div><\/a><a href='http:\/\/www.itsspain.com\/' target='_blank'><div class='grid-miembrosde-item' style=\"background-image: url('https:\/\/mlcluster.com\/wp-content\/uploads\/2021\/04\/LogoITSHigh-1024x479.gif'\");'><\/div><\/a><a href='https:\/\/logistop.org\/' target='_blank'><div class='grid-miembrosde-item' style=\"background-image: url('https:\/\/mlcluster.com\/wp-content\/uploads\/2021\/09\/Logo-Logistop-fondo-blanco.png'\");'><\/div><\/a><a href='http:\/\/www.bclm-federacion.com\/' target='_blank'><div class='grid-miembrosde-item' style=\"background-image: url('https:\/\/mlcluster.com\/wp-content\/uploads\/2021\/04\/Logo-BCLM-recuadro.gif'\");'><\/div><\/a><a href='https:\/\/www.euskadi.eus\/registro\/red-vasca-ciencia-tecnologia-innovacion-solicitud-agente\/web01-a2lehiar\/es\/' target='_blank'><div class='grid-miembrosde-item' style=\"background-image: url('https:\/\/mlcluster.com\/wp-content\/uploads\/2021\/08\/RVCTI.jpg'\");'><\/div><\/a><a href='https:\/\/www.innovabide.eus\/?lang=es' target='_blank'><div class='grid-miembrosde-item' style=\"background-image: url('https:\/\/mlcluster.com\/wp-content\/uploads\/2022\/01\/Noticia-Innovabide.gif'\");'><\/div><\/a><a href='https:\/\/www.innobasque.eus\/microsite\/entidades_socias\/catalogo\/#search-by-letra_c&page-5' target='_blank'><div class='grid-miembrosde-item' style=\"background-image: url('https:\/\/mlcluster.com\/wp-content\/uploads\/2021\/08\/innobasque-EU-ES-1024x445.jpg'\");'><\/div><\/a><a href='https:\/\/baidata.eu\/' target='_blank'><div class='grid-miembrosde-item' style=\"background-image: url('https:\/\/mlcluster.com\/wp-content\/uploads\/2022\/05\/Logo-BaiData.png'\");'><\/div><\/a><a href='https:\/\/mlcluster.com\/el-cluster-de-movilidad-y-logistica-de-euskadi-se-adhiere-a-la-iniciativa-pyme-circular-euskadi\/' target='_blank'><div class='grid-miembrosde-item' style=\"background-image: url('https:\/\/mlcluster.com\/wp-content\/uploads\/2022\/03\/Pyme-circular.png'\");'><\/div><\/a><a href='https:\/\/www.vitoria-gasteiz.org\/wb021\/was\/contenidoAction.do?idioma=es&uid=u_833ce30_133affe9adf__7fd8' target='_blank'><div class='grid-miembrosde-item' style=\"background-image: url('https:\/\/mlcluster.com\/wp-content\/uploads\/2022\/09\/pacto-verde-logo-1.jpg'\");'><\/div><\/a><a href='https:\/\/mlcluster.com\/bcl-y-el-cluster-de-movilidad-y-logistica-de-euskadi-firman-un-convenio-para-desarrollar-la-actividad-logistica\/' target='_blank'><div class='grid-miembrosde-item' style=\"background-image: url('https:\/\/mlcluster.com\/wp-content\/uploads\/2021\/09\/bcl-logo.png'\");'><\/div><\/a><a href='https:\/\/mlcluster.com\/los-clusteres-logisticos-de-andalucia-y-pais-vasco-se-alian-para-impulsar-la-industria-del-sector\/' target='_blank'><div class='grid-miembrosde-item' style=\"background-image: url('https:\/\/mlcluster.com\/wp-content\/uploads\/2025\/05\/Andalucia-logistics_logo.jpg'\");'><\/div><\/a><a href='https:\/\/witam.es\/' target='_blank'><div class='grid-miembrosde-item' style=\"background-image: url('https:\/\/mlcluster.com\/wp-content\/uploads\/2025\/12\/witammobility_logo.jpg'\");'><\/div><\/a><\/div><style>\n    .grid-miembrosde {\n      display: flex;\n      flex-direction: row;\n      flex-wrap: wrap;\n      justify-content: center;\n    }\n    .grid-miembrosde .grid-miembrosde-item {\n      box-sizing: border-box;\n      min-height: 150px;\n      background: #fff none no-repeat center center;\n      background-size: calc(100% - 10px) auto;\n      width: 150px;\n      overflow: hidden;\n      border: 1px solid #e1e8ec;\n      margin: 5px;\n    }<\/style><div class=\"ult-spacer spacer-69df3fb5103da\" data-id=\"69df3fb5103da\" data-height=\"20\" data-height-mobile=\"20\" data-height-tab=\"20\" data-height-tab-portrait=\"20\" data-height-mobile-landscape=\"20\" style=\"clear:both;display:block;\"><\/div>[vc_separator border_width=&#8221;2&#8243;]<div id=\"ultimate-heading-798869df3fb51055c\" class=\"uvc-heading ult-adjust-bottom-margin ultimate-heading-798869df3fb51055c uvc-3479 \" data-hspacer=\"line_with_icon\" data-hline_width=\"100\" data-hicon_type=\"selector\" data-hborder_style=\"solid\" data-hborder_height=\"3\" data-hborder_color=\"#b0b0af\" data-icon_width=\"20\" data-hfixer=\"10\"  data-halign=\"center\" style=\"text-align:center\"><div class=\"uvc-main-heading ult-responsive\"  data-ultimate-target='.uvc-heading.ultimate-heading-798869df3fb51055c h3'  data-responsive-json-new='{\"font-size\":\"mobile_landscape:20px;mobile:20px;\",\"line-height\":\"mobile_landscape:28px;mobile:28px;\"}' ><h3 style=\"--font-weight:theme;\">NAZIOARTEKO SAREAK<\/h3><\/div><div class=\"uvc-heading-spacer line_with_icon\" style=\"margin-top:10px;margin-bottom:20px;height:20px;\"><div class=\"ult-just-icon-wrapper  \"><div class=\"align-icon\" style=\"text-align:center;\">\n<div class=\"aio-icon none \"  style=\"font-size:20px;display:inline-block;\">\n\t<i class=\"icomoon-the7-font-the7-arrow-05\"><\/i>\n<\/div><\/div><\/div><\/div><\/div><div class='grid-miembrosde'><a href='http:\/\/www.itsnetwork.org\/' target='_blank'><div class='grid-miembrosde-item' style=\"background-image: url('https:\/\/mlcluster.com\/wp-content\/uploads\/2021\/04\/ITSNationals_Nuevo.png'\");'><\/div><\/a><a href='http:\/\/itxpt.org\/en\/home' target='_blank'><div class='grid-miembrosde-item' style=\"background-image: url('https:\/\/mlcluster.com\/wp-content\/uploads\/2021\/04\/Logo-ITxPT.gif'\");'><\/div><\/a><a href='https:\/\/maas-alliance.eu\/' target='_blank'><div class='grid-miembrosde-item' style=\"background-image: url('https:\/\/mlcluster.com\/wp-content\/uploads\/2022\/09\/maas-alliance_logo.gif'\");'><\/div><\/a><a href='http:\/\/redsimus.com\/' target='_blank'><div class='grid-miembrosde-item' style=\"background-image: url('https:\/\/mlcluster.com\/wp-content\/uploads\/2022\/09\/Simus-logo-2020.png'\");'><\/div><\/a><\/div><style>\n    .grid-miembrosde {\n      display: flex;\n      flex-direction: row;\n      flex-wrap: wrap;\n      justify-content: center;\n    }\n    .grid-miembrosde .grid-miembrosde-item {\n      box-sizing: border-box;\n      min-height: 150px;\n      background: #fff none no-repeat center center;\n      background-size: calc(100% - 10px) auto;\n      width: 150px;\n      overflow: hidden;\n      border: 1px solid #e1e8ec;\n      margin: 5px;\n    }<\/style><div class=\"ult-spacer spacer-69df3fb5121c4\" data-id=\"69df3fb5121c4\" data-height=\"20\" data-height-mobile=\"20\" data-height-tab=\"20\" data-height-tab-portrait=\"20\" data-height-mobile-landscape=\"20\" style=\"clear:both;display:block;\"><\/div>[vc_separator border_width=&#8221;2&#8243;]<div id=\"ultimate-heading-631269df3fb512316\" class=\"uvc-heading ult-adjust-bottom-margin ultimate-heading-631269df3fb512316 uvc-75 \" data-hspacer=\"line_with_icon\" data-hline_width=\"100\" data-hicon_type=\"selector\" data-hborder_style=\"solid\" data-hborder_height=\"3\" data-hborder_color=\"#b0b0af\" data-icon_width=\"20\" data-hfixer=\"10\"  data-halign=\"center\" style=\"text-align:center\"><div class=\"uvc-main-heading ult-responsive\"  data-ultimate-target='.uvc-heading.ultimate-heading-631269df3fb512316 h3'  data-responsive-json-new='{\"font-size\":\"mobile_landscape:20px;mobile:20px;\",\"line-height\":\"mobile_landscape:28px;mobile:28px;\"}' ><h3 style=\"--font-weight:theme;\">AIPAMEN BEREZIAK<\/h3><\/div><div class=\"uvc-heading-spacer line_with_icon\" style=\"margin-top:10px;margin-bottom:20px;height:20px;\"><div class=\"ult-just-icon-wrapper  \"><div class=\"align-icon\" style=\"text-align:center;\">\n<div class=\"aio-icon none \"  style=\"font-size:20px;display:inline-block;\">\n\t<i class=\"icomoon-the7-font-the7-arrow-05\"><\/i>\n<\/div><\/div><\/div><\/div><\/div><div class='grid-miembrosde'><a href='https:\/\/mlcluster.com\/el-cluster-de-movilidad-y-logistica-de-euskadi-galardonado-en-los-i-premios-euskadi-agenda-2030\/' target='_blank'><div class='grid-miembrosde-item' style=\"background-image: url('https:\/\/mlcluster.com\/wp-content\/uploads\/2025\/03\/Premio-Agenda-2030-1024x836.png'\");'><\/div><\/a><a href='https:\/\/www.cluster-analysis.org\/benchmarked-clusters' target='_blank'><div class='grid-miembrosde-item' style=\"background-image: url('https:\/\/mlcluster.com\/wp-content\/uploads\/2022\/01\/Bronze-label_20180907093010-1-1024x400.png'\");'><\/div><\/a><\/div><style>\n    .grid-miembrosde {\n      display: flex;\n      flex-direction: row;\n      flex-wrap: wrap;\n      justify-content: center;\n    }\n    .grid-miembrosde .grid-miembrosde-item {\n      box-sizing: border-box;\n      min-height: 150px;\n      background: #fff none no-repeat center center;\n      background-size: calc(100% - 10px) auto;\n      width: 150px;\n      overflow: hidden;\n      border: 1px solid #e1e8ec;\n      margin: 5px;\n    }<\/style><div class=\"ult-spacer spacer-69df3fb513905\" data-id=\"69df3fb513905\" data-height=\"20\" data-height-mobile=\"20\" data-height-tab=\"20\" data-height-tab-portrait=\"20\" data-height-mobile-landscape=\"20\" style=\"clear:both;display:block;\"><\/div>[vc_separator border_width=&#8221;2&#8243;][\/vc_column][\/vc_row]<\/p>\n<\/div>","protected":false},"excerpt":{"rendered":"<p>[vc_row full_width=&#8221;stretch_row&#8221; equal_height=&#8221;yes&#8221; content_placement=&#8221;middle&#8221; bg_type=&#8221;bg_color&#8221; bg_override=&#8221;ex-full&#8221; bg_color_value=&#8221;#dd3333&#8243; css=&#8221;.vc_custom_1626257027503{margin-bottom: 20px !important;}&#8221;][vc_column][vc_column_text css=&#8221;.vc_custom_1638189512094{margin-top: -15px !important;margin-bottom: 15px !important;}&#8221;] Hasiera \/ Klusterra \/ Sareak eta kolaboratzaileak [\/vc_column_text][\/vc_column][\/vc_row][vc_row full_width=&#8221;stretch_row&#8221; equal_height=&#8221;yes&#8221;][vc_column css=&#8221;.vc_custom_1620992772888{margin-top: 0px !important;padding-top: 0px !important;}&#8221;][vc_column_text]Euskadiko Mugikortasun eta Logistika Klusterra Eusko Jaurlaritzaren Kluster Politikaren partaidea da, eta BCLM \u2013 Euskadiko Logistika eta Mugikortasun Federazioaren eragile eta bazkide fundatzailea. Klusterra Zientzia, Teknologia&hellip;<\/p>\n","protected":false},"author":1,"featured_media":0,"parent":0,"menu_order":60,"comment_status":"closed","ping_status":"closed","template":"","meta":{"footnotes":""},"yoast_head":"<!-- This site is optimized with the Yoast SEO plugin v24.5 - https:\/\/yoast.com\/wordpress\/plugins\/seo\/ -->\n<title>Sareak eta kolaboratzaileak - Euskadiko Mugikortasun eta Logistika Klusterra<\/title>\n<meta name=\"robots\" content=\"index, follow, max-snippet:-1, max-image-preview:large, max-video-preview:-1\" \/>\n<link rel=\"canonical\" href=\"https:\/\/mlcluster.com\/eu\/sareak-eta-kolaboratzaileak\/\" \/>\n<meta property=\"og:locale\" content=\"en_US\" \/>\n<meta property=\"og:type\" content=\"article\" \/>\n<meta property=\"og:title\" content=\"Sareak eta kolaboratzaileak - Euskadiko Mugikortasun eta Logistika Klusterra\" \/>\n<meta property=\"og:description\" content=\"[vc_row full_width=&#8221;stretch_row&#8221; equal_height=&#8221;yes&#8221; content_placement=&#8221;middle&#8221; bg_type=&#8221;bg_color&#8221; bg_override=&#8221;ex-full&#8221; bg_color_value=&#8221;#dd3333&#8243; css=&#8221;.vc_custom_1626257027503{margin-bottom: 20px !important;}&#8221;][vc_column][vc_column_text css=&#8221;.vc_custom_1638189512094{margin-top: -15px !important;margin-bottom: 15px !important;}&#8221;] Hasiera \/ Klusterra \/ Sareak eta kolaboratzaileak [\/vc_column_text][\/vc_column][\/vc_row][vc_row full_width=&#8221;stretch_row&#8221; equal_height=&#8221;yes&#8221;][vc_column css=&#8221;.vc_custom_1620992772888{margin-top: 0px !important;padding-top: 0px !important;}&#8221;][vc_column_text]Euskadiko Mugikortasun eta Logistika Klusterra Eusko Jaurlaritzaren Kluster Politikaren partaidea da, eta BCLM \u2013 Euskadiko Logistika eta Mugikortasun Federazioaren eragile eta bazkide fundatzailea. Klusterra Zientzia, Teknologia&hellip;\" \/>\n<meta property=\"og:url\" content=\"https:\/\/mlcluster.com\/eu\/sareak-eta-kolaboratzaileak\/\" \/>\n<meta property=\"og:site_name\" content=\"Euskadiko Mugikortasun eta Logistika Klusterra\" \/>\n<meta property=\"article:modified_time\" content=\"2025-12-23T14:04:39+00:00\" \/>\n<meta name=\"twitter:card\" content=\"summary_large_image\" \/>\n<meta name=\"twitter:label1\" content=\"Est. reading time\" \/>\n\t<meta name=\"twitter:data1\" content=\"1 minutua\" \/>\n<script type=\"application\/ld+json\" class=\"yoast-schema-graph\">{\"@context\":\"https:\/\/schema.org\",\"@graph\":[{\"@type\":\"WebPage\",\"@id\":\"https:\/\/mlcluster.com\/eu\/sareak-eta-kolaboratzaileak\/\",\"url\":\"https:\/\/mlcluster.com\/eu\/sareak-eta-kolaboratzaileak\/\",\"name\":\"Sareak eta kolaboratzaileak - Euskadiko Mugikortasun eta Logistika Klusterra\",\"isPartOf\":{\"@id\":\"https:\/\/mlcluster.com\/#website\"},\"datePublished\":\"2021-05-03T06:39:28+00:00\",\"dateModified\":\"2025-12-23T14:04:39+00:00\",\"breadcrumb\":{\"@id\":\"https:\/\/mlcluster.com\/eu\/sareak-eta-kolaboratzaileak\/#breadcrumb\"},\"inLanguage\":\"eu\",\"potentialAction\":[{\"@type\":\"ReadAction\",\"target\":[\"https:\/\/mlcluster.com\/eu\/sareak-eta-kolaboratzaileak\/\"]}]},{\"@type\":\"BreadcrumbList\",\"@id\":\"https:\/\/mlcluster.com\/eu\/sareak-eta-kolaboratzaileak\/#breadcrumb\",\"itemListElement\":[{\"@type\":\"ListItem\",\"position\":1,\"name\":\"Portada\",\"item\":\"https:\/\/mlcluster.com\/eu\/\"},{\"@type\":\"ListItem\",\"position\":2,\"name\":\"Sareak eta kolaboratzaileak\"}]},{\"@type\":\"WebSite\",\"@id\":\"https:\/\/mlcluster.com\/#website\",\"url\":\"https:\/\/mlcluster.com\/\",\"name\":\"Euskadiko Mugikortasun eta Logistika Klusterra\",\"description\":\"Asociaci\u00f3n de empresas de Movilidad y Log\u00edstica del Pa\u00eds Vasco cuya misi\u00f3n es favorecer la competitividad impulsando la innovaci\u00f3n, la cooperaci\u00f3n y la promoci\u00f3n.\",\"potentialAction\":[{\"@type\":\"SearchAction\",\"target\":{\"@type\":\"EntryPoint\",\"urlTemplate\":\"https:\/\/mlcluster.com\/?s={search_term_string}\"},\"query-input\":{\"@type\":\"PropertyValueSpecification\",\"valueRequired\":true,\"valueName\":\"search_term_string\"}}],\"inLanguage\":\"eu\"}]}<\/script>\n<!-- \/ Yoast SEO plugin. -->","yoast_head_json":{"title":"Sareak eta kolaboratzaileak - Euskadiko Mugikortasun eta Logistika Klusterra","robots":{"index":"index","follow":"follow","max-snippet":"max-snippet:-1","max-image-preview":"max-image-preview:large","max-video-preview":"max-video-preview:-1"},"canonical":"https:\/\/mlcluster.com\/eu\/sareak-eta-kolaboratzaileak\/","og_locale":"en_US","og_type":"article","og_title":"Sareak eta kolaboratzaileak - Euskadiko Mugikortasun eta Logistika Klusterra","og_description":"[vc_row full_width=&#8221;stretch_row&#8221; equal_height=&#8221;yes&#8221; content_placement=&#8221;middle&#8221; bg_type=&#8221;bg_color&#8221; bg_override=&#8221;ex-full&#8221; bg_color_value=&#8221;#dd3333&#8243; css=&#8221;.vc_custom_1626257027503{margin-bottom: 20px !important;}&#8221;][vc_column][vc_column_text css=&#8221;.vc_custom_1638189512094{margin-top: -15px !important;margin-bottom: 15px !important;}&#8221;] Hasiera \/ Klusterra \/ Sareak eta kolaboratzaileak [\/vc_column_text][\/vc_column][\/vc_row][vc_row full_width=&#8221;stretch_row&#8221; equal_height=&#8221;yes&#8221;][vc_column css=&#8221;.vc_custom_1620992772888{margin-top: 0px !important;padding-top: 0px !important;}&#8221;][vc_column_text]Euskadiko Mugikortasun eta Logistika Klusterra Eusko Jaurlaritzaren Kluster Politikaren partaidea da, eta BCLM \u2013 Euskadiko Logistika eta Mugikortasun Federazioaren eragile eta bazkide fundatzailea. Klusterra Zientzia, Teknologia&hellip;","og_url":"https:\/\/mlcluster.com\/eu\/sareak-eta-kolaboratzaileak\/","og_site_name":"Euskadiko Mugikortasun eta Logistika Klusterra","article_modified_time":"2025-12-23T14:04:39+00:00","twitter_card":"summary_large_image","twitter_misc":{"Est. reading time":"1 minutua"},"schema":{"@context":"https:\/\/schema.org","@graph":[{"@type":"WebPage","@id":"https:\/\/mlcluster.com\/eu\/sareak-eta-kolaboratzaileak\/","url":"https:\/\/mlcluster.com\/eu\/sareak-eta-kolaboratzaileak\/","name":"Sareak eta kolaboratzaileak - Euskadiko Mugikortasun eta Logistika Klusterra","isPartOf":{"@id":"https:\/\/mlcluster.com\/#website"},"datePublished":"2021-05-03T06:39:28+00:00","dateModified":"2025-12-23T14:04:39+00:00","breadcrumb":{"@id":"https:\/\/mlcluster.com\/eu\/sareak-eta-kolaboratzaileak\/#breadcrumb"},"inLanguage":"eu","potentialAction":[{"@type":"ReadAction","target":["https:\/\/mlcluster.com\/eu\/sareak-eta-kolaboratzaileak\/"]}]},{"@type":"BreadcrumbList","@id":"https:\/\/mlcluster.com\/eu\/sareak-eta-kolaboratzaileak\/#breadcrumb","itemListElement":[{"@type":"ListItem","position":1,"name":"Portada","item":"https:\/\/mlcluster.com\/eu\/"},{"@type":"ListItem","position":2,"name":"Sareak eta kolaboratzaileak"}]},{"@type":"WebSite","@id":"https:\/\/mlcluster.com\/#website","url":"https:\/\/mlcluster.com\/","name":"Euskadiko Mugikortasun eta Logistika Klusterra","description":"Asociaci\u00f3n de empresas de Movilidad y Log\u00edstica del Pa\u00eds Vasco cuya misi\u00f3n es favorecer la competitividad impulsando la innovaci\u00f3n, la cooperaci\u00f3n y la promoci\u00f3n.","potentialAction":[{"@type":"SearchAction","target":{"@type":"EntryPoint","urlTemplate":"https:\/\/mlcluster.com\/?s={search_term_string}"},"query-input":{"@type":"PropertyValueSpecification","valueRequired":true,"valueName":"search_term_string"}}],"inLanguage":"eu"}]}},"_links":{"self":[{"href":"https:\/\/mlcluster.com\/eu\/wp-json\/wp\/v2\/pages\/198223"}],"collection":[{"href":"https:\/\/mlcluster.com\/eu\/wp-json\/wp\/v2\/pages"}],"about":[{"href":"https:\/\/mlcluster.com\/eu\/wp-json\/wp\/v2\/types\/page"}],"author":[{"embeddable":true,"href":"https:\/\/mlcluster.com\/eu\/wp-json\/wp\/v2\/users\/1"}],"replies":[{"embeddable":true,"href":"https:\/\/mlcluster.com\/eu\/wp-json\/wp\/v2\/comments?post=198223"}],"version-history":[{"count":2,"href":"https:\/\/mlcluster.com\/eu\/wp-json\/wp\/v2\/pages\/198223\/revisions"}],"predecessor-version":[{"id":395177,"href":"https:\/\/mlcluster.com\/eu\/wp-json\/wp\/v2\/pages\/198223\/revisions\/395177"}],"wp:attachment":[{"href":"https:\/\/mlcluster.com\/eu\/wp-json\/wp\/v2\/media?parent=198223"}],"curies":[{"name":"wp","href":"https:\/\/api.w.org\/{rel}","templated":true}]}}