{"id":198532,"date":"2021-03-22T12:08:18","date_gmt":"2021-03-22T12:08:18","guid":{"rendered":"https:\/\/mlcluster.com\/aviso-legal\/"},"modified":"2021-11-30T12:29:36","modified_gmt":"2021-11-30T11:29:36","slug":"lege-oharra","status":"publish","type":"page","link":"https:\/\/mlcluster.com\/eu\/lege-oharra\/","title":{"rendered":"Lege Oharra"},"content":{"rendered":"<div class=\"wpb-content-wrapper\"><p>[vc_row][vc_column][vc_column_text]<b>Informaci\u00f3n legal. Responsable web<\/b>\u00a0Cl\u00faster de Movilidad y Log\u00edstica, MLC ITS Euskadi (en lo sucesivo MLC ITS) Avenida de Tolosa 75, 1\u00ba. 20018 Donostia-San Sebasti\u00e1n<\/p>\n<p>\u2022 CIF: G01387414<\/p>\n<p>\u2022 Correo electr\u00f3nico: <a href=\"mailto:mlcluster@mlcluster.com\">mlcluster@mlcluster.com<\/a><\/p>\n<p>\u2022 Registro de Asociaciones: Registro General de Asociaciones del Pa\u00eds Vasco, con el n\u00famero de Registro AS\/A\/11953\/2005.<\/p>\n<p>Adem\u00e1s de la direcci\u00f3n f\u00edsica, se pone a disposici\u00f3n de los usuarios la siguiente direcci\u00f3n mlcluster@mlcluster.com donde podr\u00e1n dirigir sus peticiones, cuestiones o reclamaciones. El acceso y utilizaci\u00f3n de la\/s Web\/s le atribuyen la condici\u00f3n de Usuario, lo cual implica la adhesi\u00f3n al presente Aviso Legal en la versi\u00f3n publicada en el momento en que se acceda a la misma. Si no estuviera de acuerdo con el mismo, deber\u00e1 abstenerse de acceder a la Web o de utilizar los servicios que se prestan a trav\u00e9s de la misma. El presente Aviso Legal se rige por los principios de legalidad y de buena fe, comprometi\u00e9ndose el Usuario a utilizar la Web, as\u00ed como la informaci\u00f3n o servicios suministrados, de conformidad con la ley, la moral, las buenas costumbres y el orden p\u00fablico. La utilizaci\u00f3n no autorizada de la informaci\u00f3n contenida en esta Web, su reventa, as\u00ed como la lesi\u00f3n de derechos de terceros, dar\u00e1n lugar a las responsabilidades legalmente establecidas. Especialmente, le recomendamos que preste atenci\u00f3n y lea nuestras pol\u00edticas relacionadas con la<a title=\"Pol\u00edtica de Privacidad\" href=\"\/politica-de-privacidad\/\" target=\"_blank\" rel=\"noopener\">\u00a0Pol\u00edtica de Privacidad<\/a>\u00a0y\u00a0<a title=\"Pol\u00edtica de Cookies\" href=\"\/politica-de-cookies\/\" target=\"_blank\" rel=\"noopener\">Pol\u00edtica de Cookies<\/a>. El acceso a determinados Contenidos, Productos y\/o Servicios ofrecidos a trav\u00e9s de la Web puede encontrarse sometido a ciertas condiciones particulares propias que, seg\u00fan los casos, sustituyen, completan y\/o modifican este Aviso Legal. Por tanto, con anterioridad al acceso y\/o utilizaci\u00f3n de dichos Contenidos, Productos y\/o Servicios, el Usuario ha de leer atentamente tambi\u00e9n las correspondientes condiciones particulares. En caso de existir discrepancia entre lo establecido en el presente Aviso Legal y las condiciones particulares de cada servicio o producto espec\u00edfico, prevalecer\u00e1 lo dispuesto en \u00e9stas \u00faltimas. MLC ITS no se responsabiliza por el mal uso o apropiaci\u00f3n indebida de los contenidos o informaci\u00f3n publicada en la Web. El usuario reconoce y acepta que toda la informaci\u00f3n y\/o contenidos a los que acceda a trav\u00e9s de la Web lo es para su \u00fanico y exclusivo uso personal e intransferible. Queda prohibida la cesi\u00f3n a terceros de cualquier tipo y forma de toda o parte de la informaci\u00f3n y\/o contenidos a los que pueda tener acceso el usuario a trav\u00e9s de la Web. En cumplimiento de lo establecido por la Ley de Servicios de la Sociedad de la Informaci\u00f3n y el Reglamento General de Protecci\u00f3n de Datos, MLC ITS podr\u00e1 remitirle, por correo electr\u00f3nico o a trav\u00e9s de cualquier otro medio an\u00e1logo, informaci\u00f3n publicitaria relacionada con la actividad de MLC ITS, bas\u00e1ndose en el inter\u00e9s leg\u00edtimo ponderado.<\/p>\n<p><b>Propiedad Industrial\/Intelectual<\/b>\u00a0Los dominios de las webs pertenecientes a MLC ITS son propiedad de MLC ITS. Este sitio web incorpora marcas comerciales, logotipos, im\u00e1genes, textos, dise\u00f1os, esl\u00f3ganes, y dem\u00e1s contenidos cuyos derechos son de MLC ITS o cuenta con la correspondiente licencia de uso. El usuario reconoce expresamente esta titularidad y entiende que no adquiere derecho alguno sobre los mismos, ni puede modificar o hacer uso de los mismos. Todos estos contenidos, sin el consentimiento expreso por escrito y firmado por sus propietarios, ser\u00e1n de uso no autorizado. El usuario no est\u00e1 autorizado a utilizar, en cualquier otro sitio web, las marcas comerciales de MLC ITS. En caso de que el usuario acceda y\/o descargue cualquier contenido y\/o elemento que se encuentre a su disposici\u00f3n a trav\u00e9s de la Web, as\u00ed como cualquiera de las aplicaciones disponibles para tal fin, no tendr\u00e1 por ello derecho alguno sobre \u00e9stas, dado que cada empresa \u00fanicamente le autoriza su uso personal e intransferible y conserva todos los derechos sobre las mismas. Cualquier acto de reproducci\u00f3n, distribuci\u00f3n, comunicaci\u00f3n p\u00fablica, puesta a disposici\u00f3n, o transformaci\u00f3n, as\u00ed como cualquier otra forma de explotaci\u00f3n de todo o parte de dichos contenidos o elementos, realizado bajo cualquier forma o mediante cualquier medio, requerir\u00e1 el consentimiento previo y por escrito del Cl\u00faster, o en su caso, de su titular. El acceso y navegaci\u00f3n por la Web en ning\u00fan caso se entender\u00e1 como una renuncia, transmisi\u00f3n, licencia o cesi\u00f3n total ni parcial de los derechos antes indicados, en su caso, del titular de los derechos al que correspondan.<\/p>\n<p><b>Uso no autorizado<\/b>\u00a0El Usuario se compromete a no hacer uso de la Web y sus contenidos para fines o actividades ilegales: no tendr\u00e1 derecho a modificar cualesquiera de los materiales incorporados en la Web, as\u00ed mismo no podr\u00e1 copiar, distribuir, transmitir, presentar, realizar, o en general, reproducir de cualquier modo, publicar, autorizar o crear cualquier trabajo en base a la informaci\u00f3n o el contenido incorporado en la Web.<\/p>\n<p><b>Modificaciones<\/b>\u00a0La Web puede contener algunos errores tipogr\u00e1ficos. Nos reservamos el derecho a modificar el contenido de la Web sin previa notificaci\u00f3n.<\/p>\n<p><b>Enlaces<\/b>\u00a0Para unas mejores prestaciones de la Web, es posible que se introduzcan enlaces a terceros para los que no resultan aplicables nuestro Aviso Legal y Pol\u00edtica de Privacidad y que quedan fuera de control de MLC ITS. As\u00ed estos sitios deben tener su propia Pol\u00edtica de Privacidad y Aviso Legal independiente y aunque intentamos proteger la integridad de nuestro sitio, MLC ITS no se puede hacer responsable, ni puede ser considerada como tal, del contenido y las actividades de estos sitios. Su visita o acceso a estos sitios es, por lo tanto, su responsabilidad.<\/p>\n<p><b>Pol\u00edtica de Privacidad y Cookies<\/b>\u00a0Para saber m\u00e1s sobre nuestra\u00a0<a title=\"Pol\u00edtica de Privacidad\" href=\"\/politica-de-privacidad\/\" target=\"_blank\" rel=\"noopener\">Pol\u00edtica de Privacidad<\/a>\u00a0y\u00a0<a title=\"Pol\u00edtica de Cookies\" href=\"\/politica-de-cookies\/\" target=\"_blank\" rel=\"noopener\">Pol\u00edtica de Cookies\u00a0<\/a>pulsa los correspondientes enlaces.<\/p>\n<p><b>Exenci\u00f3n de responsabilidad<\/b>\u00a0La informaci\u00f3n y contenidos que se ofrecen a trav\u00e9s de la Web, han sido elaborados por especialistas. A pesar de ello, desde MLC ITS le sugerimos que consulte siempre con un profesional antes de tomar cualquier decisi\u00f3n, motivo por el cual no nos hacemos responsables, hasta donde permite el ordenamiento jur\u00eddico, de cualquier responsabilidad por los da\u00f1os y perjuicios de toda naturaleza derivados de: \u2022 Alguna imprecisi\u00f3n que pudiera haber en el sistema. \u2022 El incumplimiento de las leyes, la buena fe, el orden p\u00fablico, los usos del tr\u00e1fico y el presente aviso legal como consecuencia del uso incorrecto de la Web.<\/p>\n<p><b>1. Exclusi\u00f3n de garant\u00edas y de responsabilidad por los Contenidos<\/b>\u00a0<b>(a) Calidad<\/b>\u00a0MLC ITS no garantiza que el contenido de la Web est\u00e9 actualizado, sea completo y exacto o que el contenido no contenga defectos y\/o errores. En ning\u00fan caso MLC ITS ser\u00e1 responsable de la producci\u00f3n de cualquier tipo de da\u00f1o que los Usuarios o terceros pudiesen ocasionar en la Web. MLC ITS no controla ni garantiza la ausencia de virus ni de otros elementos en los Contenidos que puedan producir alteraciones en su sistema inform\u00e1tico (software y hardware) o en los documentos electr\u00f3nicos y ficheros almacenados en su sistema inform\u00e1tico. MLC ITS excluye cualquier responsabilidad por los da\u00f1os y perjuicios de toda naturaleza que puedan deberse a la presencia de virus o a la presencia de otros elementos en los contenidos que puedan producir alteraciones en el sistema inform\u00e1tico, documentos electr\u00f3nicos o ficheros de los Usuarios.<\/p>\n<p><b>(b) Licitud, fiabilidad y utilidad.<\/b>\u00a0MLC ITS no garantiza la licitud, fiabilidad y utilidad de los Contenidos, y en ning\u00fan caso ser\u00e1 responsable por la falta de cumplimiento de las expectativas depositadas por el Usuario en la informaci\u00f3n, productos y\/o servicios ofrecidos a trav\u00e9s de la Web. MLC ITS no ser\u00e1 responsable de la utilidad y eficacia de las recomendaciones, tratamientos, medidas y dem\u00e1s informaci\u00f3n sobre prevenci\u00f3n, salud, mejora y calidad de vida, h\u00e1bitos y costumbres, los cuales son facilitados de forma gen\u00e9rica y global, debiendo los Usuarios consultar y asesorarse personalmente con un profesional. MLC ITS excluye, con toda la extensi\u00f3n permitida por el ordenamiento jur\u00eddico, cualquier responsabilidad por los da\u00f1os y perjuicios de toda naturaleza que puedan deberse a la transmisi\u00f3n, difusi\u00f3n, almacenamiento, puesta a disposici\u00f3n, recepci\u00f3n, obtenci\u00f3n o acceso a los contenidos, y en particular, aunque no de modo exclusivo, por los da\u00f1os y perjuicios que puedan deberse a: (I) el incumplimiento de la ley, la moral y las buenas costumbres generalmente aceptadas o el orden p\u00fablico como consecuencia de la transmisi\u00f3n, difusi\u00f3n, almacenamiento, puesta a disposici\u00f3n, recepci\u00f3n, obtenci\u00f3n o acceso a los contenidos; (II) la infracci\u00f3n de los derechos de propiedad intelectual e industrial, de los secretos empresariales, de compromisos contractuales de cualquier clase, de los derechos al honor, a la intimidad personal y familiar y a la imagen de las personas, de los derechos de propiedad y de toda otra naturaleza pertenecientes a un tercero como consecuencia de la transmisi\u00f3n, difusi\u00f3n, almacenamiento, puesta a disposici\u00f3n, recepci\u00f3n, obtenci\u00f3n o acceso a los contenidos; (III) la realizaci\u00f3n de actos de competencia desleal y publicidad il\u00edcita como consecuencia de la transmisi\u00f3n, difusi\u00f3n, almacenamiento, puesta a disposici\u00f3n, recepci\u00f3n, obtenci\u00f3n o acceso a los contenidos; (IV) la falta de veracidad, exactitud, exhaustividad, pertinencia y\/o actualidad de los contenidos; (V) la inadecuaci\u00f3n para cualquier clase de prop\u00f3sito y la defraudaci\u00f3n de las expectativas generadas por los contenidos; (VI) el incumplimiento, retraso en el cumplimiento, cumplimiento defectuoso o terminaci\u00f3n por cualquier causa de las obligaciones contra\u00eddas por terceros y contratos realizados con terceros a trav\u00e9s de o con motivo del acceso a los contenidos; (VII) los vicios y defectos de toda clase de los contenidos transmitidos, difundidos, almacenados, puestos a disposici\u00f3n o de otra forma transmitidos o puestos a disposici\u00f3n, recibidos, obtenidos o a los que se haya accedido a trav\u00e9s de la Web o de los servicios.<\/p>\n<p><b>(c) Veracidad, exactitud, exhaustividad y actualidad En los contenidos facilitados por terceros.<\/b>\u00a0MLC ITS no garantiza la veracidad, exactitud, exhaustividad y actualidad de los Contenidos, ni de la informaci\u00f3n vertida por sus colaboradores, clientes y\/o usuarios, ni de la efectividad y calidad del uso que hagan dichos colaboradores clientes y\/o usuarios de la Web y la informaci\u00f3n en ella contenida. MLC ITS no se hace responsable de las aportaciones, opiniones, juicios, comentarios o contenidos aportados por colaboradores, clientes y\/o usuarios a trav\u00e9s de cualquiera de los mecanismos que pudieran ser puestos a disposici\u00f3n de los usuarios, que infrinjan la normativa vigente y\/o lesione derechos de terceros, ni comparte necesariamente las opiniones y contenidos aportados. La responsabilidad legal corresponder\u00e1 al colaborador, cliente y\/o usuario que realice la infracci\u00f3n.<\/p>\n<p><b>2. Exclusi\u00f3n de garant\u00edas y de responsabilidad por el funcionamiento de la Web.<\/b>\u00a0<b>(a) Disponibilidad y continuidad, utilidad y falibilidad<\/b>\u00a0MLC ITS ha adoptado las medidas necesarias para asegurar el correcto funcionamiento de la Web. No obstante, MLC ITS no ser\u00e1 responsable de falta de disponibilidad de una Web en un momento determinado, ya sea por causas t\u00e9cnicas, tareas de mantenimiento del sistema, interferencias, interrupciones de los suministradores del servicio Internet o por cualquier otra causa o fallos que se produjeran en el acceso, funcionamiento y operatividad de la Web, as\u00ed como tampoco de las interrupciones, suspensiones o el mal funcionamiento del mismo por causas ajenas a MLC ITS. MLC ITS excluye cualquier responsabilidad por los da\u00f1os y perjuicios de toda naturaleza que puedan deberse a la falta de disponibilidad o de continuidad del funcionamiento de la Web, a la defraudaci\u00f3n de la utilidad que los Usuarios hubieren podido atribuir a la Web, a la falibilidad de la Web, y en particular, aunque no de modo exclusivo, a los fallos en el acceso a las distintas p\u00e1ginas de la Web o a aquellas desde las que se presta el servicio.\u00a0<b>(b) Privacidad y seguridad en la utilizaci\u00f3n de la Web.<\/b>\u00a0MLC ITS no garantiza la privacidad y seguridad de la utilizaci\u00f3n de la Web, en particular, no garantiza que terceros no autorizados no puedan tener conocimiento de la clase, condiciones, caracter\u00edsticas y circunstancias del uso que los Usuarios hacen de la Web. MLC ITS excluye cualquier responsabilidad por los da\u00f1os y perjuicios de toda naturaleza que pudieran deberse al conocimiento que puedan tener terceros no autorizados de la clase, condiciones, caracter\u00edsticas y circunstancias del uso que los Usuarios hacen de la Web.\u00a0<b>No renuncia<\/b>\u00a0En caso de que MLC ITS no aplique cualesquiera de las estipulaciones previstas en los puntos anteriores, esto \u00faltimo no se entender\u00e1, en ning\u00fan caso, como renuncia a dicha estipulaci\u00f3n.\u00a0<b>Ley aplicable y Jurisdicci\u00f3n:<\/b>\u00a0El presente Aviso Legal se rige por la legislaci\u00f3n espa\u00f1ola. Siempre que el Usuario no sea \u201cconsumidor o usuario\u201d conforme los define la normativa espa\u00f1ola, y salvo que la Ley que resulte aplicable disponga obligatoriamente otra cosa, las partes acuerdan someterse a los Juzgados y Tribunales de San Sebasti\u00e1n, Espa\u00f1a, con renuncia expresa de las partes a cualquier otro fuero.[\/vc_column_text][\/vc_column][\/vc_row]<\/p>\n<\/div>","protected":false},"excerpt":{"rendered":"<p>[vc_row][vc_column][vc_column_text]Informaci\u00f3n legal. Responsable web\u00a0Cl\u00faster de Movilidad y Log\u00edstica, MLC ITS Euskadi (en lo sucesivo MLC ITS) Avenida de Tolosa 75, 1\u00ba. 20018 Donostia-San Sebasti\u00e1n \u2022 CIF: G01387414 \u2022 Correo electr\u00f3nico: mlcluster@mlcluster.com \u2022 Registro de Asociaciones: Registro General de Asociaciones del Pa\u00eds Vasco, con el n\u00famero de Registro AS\/A\/11953\/2005. Adem\u00e1s de la direcci\u00f3n f\u00edsica, se pone&hellip;<\/p>\n","protected":false},"author":1,"featured_media":0,"parent":0,"menu_order":1000,"comment_status":"closed","ping_status":"closed","template":"","meta":{"footnotes":""},"yoast_head":"<!-- This site is optimized with the Yoast SEO plugin v24.5 - https:\/\/yoast.com\/wordpress\/plugins\/seo\/ -->\n<title>Lege Oharra - Euskadiko Mugikortasun eta Logistika Klusterra<\/title>\n<meta name=\"description\" content=\"Cl\u00faster de Movilidad y Log\u00edstica, MLC ITS Euskadi Avenida de Tolosa 75, 1\u00ba. 20018 Donostia-San Sebastian\" \/>\n<meta name=\"robots\" content=\"noindex, nofollow\" \/>\n<meta property=\"og:locale\" content=\"en_US\" \/>\n<meta property=\"og:type\" content=\"article\" \/>\n<meta property=\"og:title\" content=\"Lege Oharra - Euskadiko Mugikortasun eta Logistika Klusterra\" \/>\n<meta property=\"og:description\" content=\"Cl\u00faster de Movilidad y Log\u00edstica, MLC ITS Euskadi Avenida de Tolosa 75, 1\u00ba. 20018 Donostia-San Sebastian\" \/>\n<meta property=\"og:url\" content=\"https:\/\/mlcluster.com\/eu\/lege-oharra\/\" \/>\n<meta property=\"og:site_name\" content=\"Euskadiko Mugikortasun eta Logistika Klusterra\" \/>\n<meta property=\"article:modified_time\" content=\"2021-11-30T11:29:36+00:00\" \/>\n<meta name=\"twitter:card\" content=\"summary_large_image\" \/>\n<meta name=\"twitter:label1\" content=\"Est. reading time\" \/>\n\t<meta name=\"twitter:data1\" content=\"10 minutua\" \/>\n<script type=\"application\/ld+json\" class=\"yoast-schema-graph\">{\"@context\":\"https:\/\/schema.org\",\"@graph\":[{\"@type\":\"WebPage\",\"@id\":\"https:\/\/mlcluster.com\/eu\/lege-oharra\/\",\"url\":\"https:\/\/mlcluster.com\/eu\/lege-oharra\/\",\"name\":\"Lege Oharra - Euskadiko Mugikortasun eta Logistika Klusterra\",\"isPartOf\":{\"@id\":\"https:\/\/mlcluster.com\/#website\"},\"datePublished\":\"2021-03-22T12:08:18+00:00\",\"dateModified\":\"2021-11-30T11:29:36+00:00\",\"description\":\"Cl\u00faster de Movilidad y Log\u00edstica, MLC ITS Euskadi Avenida de Tolosa 75, 1\u00ba. 20018 Donostia-San Sebastian\",\"breadcrumb\":{\"@id\":\"https:\/\/mlcluster.com\/eu\/lege-oharra\/#breadcrumb\"},\"inLanguage\":\"eu\",\"potentialAction\":[{\"@type\":\"ReadAction\",\"target\":[\"https:\/\/mlcluster.com\/eu\/lege-oharra\/\"]}]},{\"@type\":\"BreadcrumbList\",\"@id\":\"https:\/\/mlcluster.com\/eu\/lege-oharra\/#breadcrumb\",\"itemListElement\":[{\"@type\":\"ListItem\",\"position\":1,\"name\":\"Portada\",\"item\":\"https:\/\/mlcluster.com\/eu\/\"},{\"@type\":\"ListItem\",\"position\":2,\"name\":\"Lege Oharra\"}]},{\"@type\":\"WebSite\",\"@id\":\"https:\/\/mlcluster.com\/#website\",\"url\":\"https:\/\/mlcluster.com\/\",\"name\":\"Euskadiko Mugikortasun eta Logistika Klusterra\",\"description\":\"Asociaci\u00f3n de empresas de Movilidad y Log\u00edstica del Pa\u00eds Vasco cuya misi\u00f3n es favorecer la competitividad impulsando la innovaci\u00f3n, la cooperaci\u00f3n y la promoci\u00f3n.\",\"potentialAction\":[{\"@type\":\"SearchAction\",\"target\":{\"@type\":\"EntryPoint\",\"urlTemplate\":\"https:\/\/mlcluster.com\/?s={search_term_string}\"},\"query-input\":{\"@type\":\"PropertyValueSpecification\",\"valueRequired\":true,\"valueName\":\"search_term_string\"}}],\"inLanguage\":\"eu\"}]}<\/script>\n<!-- \/ Yoast SEO plugin. -->","yoast_head_json":{"title":"Lege Oharra - Euskadiko Mugikortasun eta Logistika Klusterra","description":"Cl\u00faster de Movilidad y Log\u00edstica, MLC ITS Euskadi Avenida de Tolosa 75, 1\u00ba. 20018 Donostia-San Sebastian","robots":{"index":"noindex","follow":"nofollow"},"og_locale":"en_US","og_type":"article","og_title":"Lege Oharra - Euskadiko Mugikortasun eta Logistika Klusterra","og_description":"Cl\u00faster de Movilidad y Log\u00edstica, MLC ITS Euskadi Avenida de Tolosa 75, 1\u00ba. 20018 Donostia-San Sebastian","og_url":"https:\/\/mlcluster.com\/eu\/lege-oharra\/","og_site_name":"Euskadiko Mugikortasun eta Logistika Klusterra","article_modified_time":"2021-11-30T11:29:36+00:00","twitter_card":"summary_large_image","twitter_misc":{"Est. reading time":"10 minutua"},"schema":{"@context":"https:\/\/schema.org","@graph":[{"@type":"WebPage","@id":"https:\/\/mlcluster.com\/eu\/lege-oharra\/","url":"https:\/\/mlcluster.com\/eu\/lege-oharra\/","name":"Lege Oharra - Euskadiko Mugikortasun eta Logistika Klusterra","isPartOf":{"@id":"https:\/\/mlcluster.com\/#website"},"datePublished":"2021-03-22T12:08:18+00:00","dateModified":"2021-11-30T11:29:36+00:00","description":"Cl\u00faster de Movilidad y Log\u00edstica, MLC ITS Euskadi Avenida de Tolosa 75, 1\u00ba. 20018 Donostia-San Sebastian","breadcrumb":{"@id":"https:\/\/mlcluster.com\/eu\/lege-oharra\/#breadcrumb"},"inLanguage":"eu","potentialAction":[{"@type":"ReadAction","target":["https:\/\/mlcluster.com\/eu\/lege-oharra\/"]}]},{"@type":"BreadcrumbList","@id":"https:\/\/mlcluster.com\/eu\/lege-oharra\/#breadcrumb","itemListElement":[{"@type":"ListItem","position":1,"name":"Portada","item":"https:\/\/mlcluster.com\/eu\/"},{"@type":"ListItem","position":2,"name":"Lege Oharra"}]},{"@type":"WebSite","@id":"https:\/\/mlcluster.com\/#website","url":"https:\/\/mlcluster.com\/","name":"Euskadiko Mugikortasun eta Logistika Klusterra","description":"Asociaci\u00f3n de empresas de Movilidad y Log\u00edstica del Pa\u00eds Vasco cuya misi\u00f3n es favorecer la competitividad impulsando la innovaci\u00f3n, la cooperaci\u00f3n y la promoci\u00f3n.","potentialAction":[{"@type":"SearchAction","target":{"@type":"EntryPoint","urlTemplate":"https:\/\/mlcluster.com\/?s={search_term_string}"},"query-input":{"@type":"PropertyValueSpecification","valueRequired":true,"valueName":"search_term_string"}}],"inLanguage":"eu"}]}},"_links":{"self":[{"href":"https:\/\/mlcluster.com\/eu\/wp-json\/wp\/v2\/pages\/198532"}],"collection":[{"href":"https:\/\/mlcluster.com\/eu\/wp-json\/wp\/v2\/pages"}],"about":[{"href":"https:\/\/mlcluster.com\/eu\/wp-json\/wp\/v2\/types\/page"}],"author":[{"embeddable":true,"href":"https:\/\/mlcluster.com\/eu\/wp-json\/wp\/v2\/users\/1"}],"replies":[{"embeddable":true,"href":"https:\/\/mlcluster.com\/eu\/wp-json\/wp\/v2\/comments?post=198532"}],"version-history":[{"count":0,"href":"https:\/\/mlcluster.com\/eu\/wp-json\/wp\/v2\/pages\/198532\/revisions"}],"wp:attachment":[{"href":"https:\/\/mlcluster.com\/eu\/wp-json\/wp\/v2\/media?parent=198532"}],"curies":[{"name":"wp","href":"https:\/\/api.w.org\/{rel}","templated":true}]}}