{"id":198535,"date":"2021-03-22T12:03:01","date_gmt":"2021-03-22T12:03:01","guid":{"rendered":"https:\/\/mlcluster.com\/cookies-policy\/"},"modified":"2021-11-30T12:33:40","modified_gmt":"2021-11-30T11:33:40","slug":"cookie-politika","status":"publish","type":"page","link":"https:\/\/mlcluster.com\/eu\/cookie-politika\/","title":{"rendered":"Cookie Politika"},"content":{"rendered":"<div class=\"wpb-content-wrapper\"><p>[vc_row][vc_column][vc_column_text]Para que este sitio web funcione \u00f3ptimamente, a veces es necesario obtener diversa informaci\u00f3n del dispositivo que accede a ella o identificarlo. Por ejemplo, para poder contabilizar las visitas que recibe el sitio, para saber qu\u00e9 tipo de navegador utiliza cada usuario o para evitar que el usuario tenga que seleccionar el idioma en el que desea que se le muestre la web cada vez que accede a ella. En ning\u00fan caso esa identificaci\u00f3n proporciona informaci\u00f3n personal sobre el usuario o permite conocer el contenido de su ordenador. Para la identificaci\u00f3n mencionada, se utilizan ficheros de texto llamados \u201ccookies\u201d que se almacenan temporalmente en cada ordenador. Son absolutamente inocuos y tienen un tama\u00f1o muy peque\u00f1o. El sitio web consulta las cookies autom\u00e1ticamente cuando accede a \u00e9l y, gracias a ello, puede mostrar, por ejemplo, el contenido en el idioma que se seleccion\u00f3 durante la \u00faltima visita, ofrecer contenidos espec\u00edficos en funci\u00f3n de elecciones anteriores, permitir el acceso a zonas reservadas u otras funciones. Es posible configurar el navegador de Internet que utiliza para que no acepte cookies, pero en ese caso es posible que no pueda acceder a todas las funcionalidades que ofrece el sitio web. Si has continuado navegando, sin realizar ninguna acci\u00f3n has aceptado la instalaci\u00f3n de cookies, tal y como se le informa en el panel de primera capa. Recomendamos que las cookies sean aceptadas al no invadir la privacidad de los usuarios y al suponer una informaci\u00f3n relevante para poder continuar ofreciendo contenido de calidad. En funci\u00f3n de su naturaleza, las cookies pueden clasificarse en:<\/p>\n<p><b>\u2022 Cookies de sesi\u00f3n y cookies permanentes:<\/b>\u00a0las primeras son eliminadas al cerrar el navegador, mientras que las segundas permanecen en el equipo inform\u00e1tico.<\/p>\n<p><b>\u2022 Cookies propias y cookies de terceros<\/b>: en funci\u00f3n de si pertenecen al titular de la web, o a un tercero. Las cookies pueden ser utilizadas para recopilar informaci\u00f3n espec\u00edfica durante su visita a la Web. El objetivo de la utilizaci\u00f3n es mejorar la navegaci\u00f3n y sus condiciones de funcionalidad, pues esta informaci\u00f3n puede ayudar a asegurar que la Web y los servicios se ajusten lo m\u00e1s posible a las necesidades y preferencias de los usuarios de la misma.<\/p>\n<p><b>\u2022 Cookies de terceros<\/b>: en este caso existe la posibilidad de que se instalen cookies de terceros con el objetivo de poder ofrecerle informaci\u00f3n que estimamos de su inter\u00e9s a lo largo de la navegaci\u00f3n. Habitualmente el uso de cookies de terceros se referir\u00e1 a las cookies anal\u00edticas de Google que proporcionan informaci\u00f3n an\u00f3nima respeto al n\u00famero de accesos a la web, tiempo que el usuario est\u00e1 en la web, as\u00ed como otros datos estad\u00edsticos. Adem\u00e1s, para el correcto funcionamiento de videos e interactuaci\u00f3n con redes sociales, es necesario que se implementen determinadas cookies que ser\u00e1n utilizadas por los terceros con estas finalidades.<\/p>\n<p><b>\u2022 Cookies necesarias para la navegaci\u00f3n<\/b>: La instalaci\u00f3n de este tipo de cookies es necesaria para la navegaci\u00f3n, as\u00ed como para contar con informaci\u00f3n que legalmente requerida, como por ejemplo que el titular de datos ha aceptado la pol\u00edtica de cookies o que ha rechazado. Esta p\u00e1gina web utiliza las siguientes cookies:<\/p>\n<p><b>\u2022 Cookies de terceros:<\/b>\u00a0en la web hay incluidos botones de redes sociales; se trae informaci\u00f3n y noticias de otras fuentes (rss); las personas pueden compartir las urls de la web en otros medios\u2026<\/p>\n<p><b>\u2022 Cookies persistentes y cookies personalizadas:<\/b>\u00a0por ejemplo, la web est\u00e1 en tres idiomas, el usuario puede escoger en que idioma quiere navegar por ella, por tanto el propio navegador guardar\u00e1 esta configuraci\u00f3n un tiempo para que la pr\u00f3xima vez que se conecte lo lleve directo al idioma escogido anteriormente.<\/p>\n<p><b>\u2022 Cookies anal\u00edticas:<\/b>\u00a0por ejemplo, est\u00e1 instalado el c\u00f3digo de Google Analytics a trav\u00e9s del cual se pueden sacar todas las estad\u00edsticas de visitas a la web que proporciona esta aplicaci\u00f3n. Adem\u00e1s, de la configuraci\u00f3n indicada anteriormente, se puede configurar el navegador de Internet para que avise cada vez que se almacene una nueva cookie en el ordenador y as\u00ed poder decidir si aceptarla o rechazarla. No debes olvidar que algunas partes de la Web podr\u00edan no funcionar adecuadamente si rechazas las cookies. Para permitir, conocer, bloquear o eliminar las cookies instaladas en tu equipo puedes hacerlo mediante la configuraci\u00f3n de las opciones del navegador. Por ejemplo, puedes encontrar informaci\u00f3n sobre c\u00f3mo hacerlo en el caso que uses como navegador:<\/p>\n<p><b>\u2022 Si utilizas Microsoft Internet Explorer<\/b>, en la opci\u00f3n de men\u00fa Herramientas &gt; Opciones de Internet &gt; Privacidad &gt; Configuraci\u00f3n. M\u00e1s informaci\u00f3n\u00a0<a title=\"Cookies Explorer\" href=\"https:\/\/support.microsoft.com\/es-es\/help\/17442\/windows-internet-explorer-delete-manage-cookies\" target=\"_blank\" rel=\"noopener\">(+)<\/a>\u00a0<b>\u2022 Si utilizas Firefox<\/b>, en la opci\u00f3n de men\u00fa Herramientas &gt; Opciones &gt; Privacidad &gt; Cookies. M\u00e1s informaci\u00f3n\u00a0<a title=\"Firefox Cookies\" href=\"https:\/\/support.mozilla.org\/es\/kb\/habilitar-y-deshabilitar-cookies-sitios-web-rastrear-preferencias\" target=\"_blank\" rel=\"noopener\">(+)<\/a>\u00a0<b>\u2022 Si utilizas Chrome<\/b>, en la secci\u00f3n de Opciones &gt; Opciones avanzadas &gt; Privacidad. M\u00e1s informaci\u00f3n\u00a0<a title=\"Chrome Cookies\" href=\"https:\/\/support.google.com\/chrome\/answer\/95647?hl=es#_blank\" target=\"_blank\" rel=\"noopener\">(+)<\/a>\u00a0<b>\u2022 Si utilizas Opera<\/b>, en la opci\u00f3n de Seguridad y Privacidad, podr\u00e1s configurar el navegador. M\u00e1s informaci\u00f3n\u00a0<a title=\"Opera cookies\" href=\"http:\/\/www.opera.com\/help\/tutorials\/security\/cookies\/\" target=\"_blank\" rel=\"noopener\">(+)<\/a>\u00a0<b>\u2022 Si utilizas Safari<\/b>, en la opci\u00f3n Preferencias &gt; Seguridad o Privacidad, podr\u00e1s configurar Navegador. M\u00e1s informaci\u00f3n\u00a0<a title=\"Safari Cookies\" href=\"https:\/\/support.apple.com\/es-es\/guide\/safari\/sfri11471\/mac\" target=\"_blank\" rel=\"noopener\">(+)<\/a>[\/vc_column_text][\/vc_column][\/vc_row]<\/p>\n<\/div>","protected":false},"excerpt":{"rendered":"<p>[vc_row][vc_column][vc_column_text]Para que este sitio web funcione \u00f3ptimamente, a veces es necesario obtener diversa informaci\u00f3n del dispositivo que accede a ella o identificarlo. Por ejemplo, para poder contabilizar las visitas que recibe el sitio, para saber qu\u00e9 tipo de navegador utiliza cada usuario o para evitar que el usuario tenga que seleccionar el idioma en el&hellip;<\/p>\n","protected":false},"author":1,"featured_media":0,"parent":0,"menu_order":1010,"comment_status":"closed","ping_status":"closed","template":"","meta":{"footnotes":""},"yoast_head":"<!-- This site is optimized with the Yoast SEO plugin v24.5 - https:\/\/yoast.com\/wordpress\/plugins\/seo\/ -->\n<title>Cookie Politika - Euskadiko Mugikortasun eta Logistika Klusterra<\/title>\n<meta name=\"description\" content=\"Cl\u00faster de Movilidad y Log\u00edstica, MLC ITS Euskadi Avenida de Tolosa 75, 1\u00ba. 20018 Donostia-San Sebastian\" \/>\n<meta name=\"robots\" content=\"noindex, nofollow\" \/>\n<meta property=\"og:locale\" content=\"en_US\" \/>\n<meta property=\"og:type\" content=\"article\" \/>\n<meta property=\"og:title\" content=\"Cookie Politika - Euskadiko Mugikortasun eta Logistika Klusterra\" \/>\n<meta property=\"og:description\" content=\"Cl\u00faster de Movilidad y Log\u00edstica, MLC ITS Euskadi Avenida de Tolosa 75, 1\u00ba. 20018 Donostia-San Sebastian\" \/>\n<meta property=\"og:url\" content=\"https:\/\/mlcluster.com\/eu\/cookie-politika\/\" \/>\n<meta property=\"og:site_name\" content=\"Euskadiko Mugikortasun eta Logistika Klusterra\" \/>\n<meta property=\"article:modified_time\" content=\"2021-11-30T11:33:40+00:00\" \/>\n<meta name=\"twitter:card\" content=\"summary_large_image\" \/>\n<meta name=\"twitter:label1\" content=\"Est. reading time\" \/>\n\t<meta name=\"twitter:data1\" content=\"4 minutua\" \/>\n<script type=\"application\/ld+json\" class=\"yoast-schema-graph\">{\"@context\":\"https:\/\/schema.org\",\"@graph\":[{\"@type\":\"WebPage\",\"@id\":\"https:\/\/mlcluster.com\/eu\/cookie-politika\/\",\"url\":\"https:\/\/mlcluster.com\/eu\/cookie-politika\/\",\"name\":\"Cookie Politika - Euskadiko Mugikortasun eta Logistika Klusterra\",\"isPartOf\":{\"@id\":\"https:\/\/mlcluster.com\/#website\"},\"datePublished\":\"2021-03-22T12:03:01+00:00\",\"dateModified\":\"2021-11-30T11:33:40+00:00\",\"description\":\"Cl\u00faster de Movilidad y Log\u00edstica, MLC ITS Euskadi Avenida de Tolosa 75, 1\u00ba. 20018 Donostia-San Sebastian\",\"breadcrumb\":{\"@id\":\"https:\/\/mlcluster.com\/eu\/cookie-politika\/#breadcrumb\"},\"inLanguage\":\"eu\",\"potentialAction\":[{\"@type\":\"ReadAction\",\"target\":[\"https:\/\/mlcluster.com\/eu\/cookie-politika\/\"]}]},{\"@type\":\"BreadcrumbList\",\"@id\":\"https:\/\/mlcluster.com\/eu\/cookie-politika\/#breadcrumb\",\"itemListElement\":[{\"@type\":\"ListItem\",\"position\":1,\"name\":\"Portada\",\"item\":\"https:\/\/mlcluster.com\/eu\/\"},{\"@type\":\"ListItem\",\"position\":2,\"name\":\"Cookie Politika\"}]},{\"@type\":\"WebSite\",\"@id\":\"https:\/\/mlcluster.com\/#website\",\"url\":\"https:\/\/mlcluster.com\/\",\"name\":\"Euskadiko Mugikortasun eta Logistika Klusterra\",\"description\":\"Asociaci\u00f3n de empresas de Movilidad y Log\u00edstica del Pa\u00eds Vasco cuya misi\u00f3n es favorecer la competitividad impulsando la innovaci\u00f3n, la cooperaci\u00f3n y la promoci\u00f3n.\",\"potentialAction\":[{\"@type\":\"SearchAction\",\"target\":{\"@type\":\"EntryPoint\",\"urlTemplate\":\"https:\/\/mlcluster.com\/?s={search_term_string}\"},\"query-input\":{\"@type\":\"PropertyValueSpecification\",\"valueRequired\":true,\"valueName\":\"search_term_string\"}}],\"inLanguage\":\"eu\"}]}<\/script>\n<!-- \/ Yoast SEO plugin. -->","yoast_head_json":{"title":"Cookie Politika - Euskadiko Mugikortasun eta Logistika Klusterra","description":"Cl\u00faster de Movilidad y Log\u00edstica, MLC ITS Euskadi Avenida de Tolosa 75, 1\u00ba. 20018 Donostia-San Sebastian","robots":{"index":"noindex","follow":"nofollow"},"og_locale":"en_US","og_type":"article","og_title":"Cookie Politika - Euskadiko Mugikortasun eta Logistika Klusterra","og_description":"Cl\u00faster de Movilidad y Log\u00edstica, MLC ITS Euskadi Avenida de Tolosa 75, 1\u00ba. 20018 Donostia-San Sebastian","og_url":"https:\/\/mlcluster.com\/eu\/cookie-politika\/","og_site_name":"Euskadiko Mugikortasun eta Logistika Klusterra","article_modified_time":"2021-11-30T11:33:40+00:00","twitter_card":"summary_large_image","twitter_misc":{"Est. reading time":"4 minutua"},"schema":{"@context":"https:\/\/schema.org","@graph":[{"@type":"WebPage","@id":"https:\/\/mlcluster.com\/eu\/cookie-politika\/","url":"https:\/\/mlcluster.com\/eu\/cookie-politika\/","name":"Cookie Politika - Euskadiko Mugikortasun eta Logistika Klusterra","isPartOf":{"@id":"https:\/\/mlcluster.com\/#website"},"datePublished":"2021-03-22T12:03:01+00:00","dateModified":"2021-11-30T11:33:40+00:00","description":"Cl\u00faster de Movilidad y Log\u00edstica, MLC ITS Euskadi Avenida de Tolosa 75, 1\u00ba. 20018 Donostia-San Sebastian","breadcrumb":{"@id":"https:\/\/mlcluster.com\/eu\/cookie-politika\/#breadcrumb"},"inLanguage":"eu","potentialAction":[{"@type":"ReadAction","target":["https:\/\/mlcluster.com\/eu\/cookie-politika\/"]}]},{"@type":"BreadcrumbList","@id":"https:\/\/mlcluster.com\/eu\/cookie-politika\/#breadcrumb","itemListElement":[{"@type":"ListItem","position":1,"name":"Portada","item":"https:\/\/mlcluster.com\/eu\/"},{"@type":"ListItem","position":2,"name":"Cookie Politika"}]},{"@type":"WebSite","@id":"https:\/\/mlcluster.com\/#website","url":"https:\/\/mlcluster.com\/","name":"Euskadiko Mugikortasun eta Logistika Klusterra","description":"Asociaci\u00f3n de empresas de Movilidad y Log\u00edstica del Pa\u00eds Vasco cuya misi\u00f3n es favorecer la competitividad impulsando la innovaci\u00f3n, la cooperaci\u00f3n y la promoci\u00f3n.","potentialAction":[{"@type":"SearchAction","target":{"@type":"EntryPoint","urlTemplate":"https:\/\/mlcluster.com\/?s={search_term_string}"},"query-input":{"@type":"PropertyValueSpecification","valueRequired":true,"valueName":"search_term_string"}}],"inLanguage":"eu"}]}},"_links":{"self":[{"href":"https:\/\/mlcluster.com\/eu\/wp-json\/wp\/v2\/pages\/198535"}],"collection":[{"href":"https:\/\/mlcluster.com\/eu\/wp-json\/wp\/v2\/pages"}],"about":[{"href":"https:\/\/mlcluster.com\/eu\/wp-json\/wp\/v2\/types\/page"}],"author":[{"embeddable":true,"href":"https:\/\/mlcluster.com\/eu\/wp-json\/wp\/v2\/users\/1"}],"replies":[{"embeddable":true,"href":"https:\/\/mlcluster.com\/eu\/wp-json\/wp\/v2\/comments?post=198535"}],"version-history":[{"count":0,"href":"https:\/\/mlcluster.com\/eu\/wp-json\/wp\/v2\/pages\/198535\/revisions"}],"wp:attachment":[{"href":"https:\/\/mlcluster.com\/eu\/wp-json\/wp\/v2\/media?parent=198535"}],"curies":[{"name":"wp","href":"https:\/\/api.w.org\/{rel}","templated":true}]}}