{"id":199263,"date":"2021-07-20T07:13:57","date_gmt":"2021-07-20T07:13:57","guid":{"rendered":"https:\/\/mlcluster.com\/ekitaldiak\/congreso-its-euskadi\/"},"modified":"2021-12-09T15:19:48","modified_gmt":"2021-12-09T14:19:48","slug":"euskadiko-its-batzarra","status":"publish","type":"page","link":"https:\/\/mlcluster.com\/eu\/ekitaldiak\/euskadiko-its-batzarra\/","title":{"rendered":"Euskadiko ITS Batzarra"},"content":{"rendered":"<div class=\"wpb-content-wrapper\"><p>[vc_row full_width=&#8221;stretch_row&#8221; bg_type=&#8221;bg_color&#8221; bg_override=&#8221;ex-full&#8221; bg_color_value=&#8221;#dd3333&#8243; css=&#8221;.vc_custom_1626172276344{margin-bottom: 20px !important;}&#8221;][vc_column][vc_column_text css=&#8221;.vc_custom_1639059541525{margin-top: -20px !important;margin-bottom: 15px !important;padding-top: 0px !important;padding-bottom: 0px !important;}&#8221;]<\/p>\n<p style=\"color: white; text-align: right;\"><a style=\"color: white;\" href=\"\/eu\/\">Hasiera<\/a> \/ <a style=\"color: white;\" href=\"\/eu\/ekitaldiak\/\">Ekitaldiak<\/a> \/ <a style=\"color: white;\" href=\"\/eu\/ekitaldiak\/euskadiko-its-batzarra\/ \">Euskadiko ITS Batzarra<\/a><\/p>\n<p>[\/vc_column_text][\/vc_column][\/vc_row][vc_row equal_height=&#8221;yes&#8221; css=&#8221;.vc_custom_1621844457202{margin-top: -35px !important;}&#8221;][vc_column css=&#8221;.vc_custom_1620731232713{background-position: 0 0 !important;background-repeat: no-repeat !important;}&#8221;]<div id=\"ultimate-heading-455669d7e65ab7733\" class=\"uvc-heading ult-adjust-bottom-margin ultimate-heading-455669d7e65ab7733 uvc-522 \" data-hspacer=\"line_with_icon\" data-hline_width=\"100\" data-hicon_type=\"selector\" data-hborder_style=\"solid\" data-hborder_height=\"3\" data-hborder_color=\"#b0b0af\" data-icon_width=\"20\" data-hfixer=\"10\"  data-halign=\"center\" style=\"text-align:center\"><div class=\"uvc-main-heading ult-responsive\"  data-ultimate-target='.uvc-heading.ultimate-heading-455669d7e65ab7733 h1'  data-responsive-json-new='{\"font-size\":\"mobile_landscape:22px;mobile:22px;\",\"line-height\":\"mobile_landscape:28px;mobile:28px;\"}' ><h1 style=\"--font-weight:theme;\">Euskadiko ITS Batzarra<\/h1><\/div><div class=\"uvc-heading-spacer line_with_icon\" style=\"margin-top:10px;margin-bottom:10px;height:20px;\"><div class=\"ult-just-icon-wrapper  \"><div class=\"align-icon\" style=\"text-align:center;\">\n<div class=\"aio-icon none \"  style=\"font-size:20px;display:inline-block;\">\n\t<i class=\"icomoon-the7-font-the7-arrow-05\"><\/i>\n<\/div><\/div><\/div><\/div><\/div>[\/vc_column][\/vc_row][vc_row full_width=&#8221;stretch_row&#8221; equal_height=&#8221;yes&#8221;][vc_column css=&#8221;.vc_custom_1620991834681{margin-top: 0px !important;padding-top: 0px !important;}&#8221;]<div class=\"ult-spacer spacer-69d7e65ab77d1\" data-id=\"69d7e65ab77d1\" data-height=\"30\" data-height-mobile=\"20\" data-height-tab=\"30\" data-height-tab-portrait=\"30\" data-height-mobile-landscape=\"20\" style=\"clear:both;display:block;\"><\/div>[vc_row][vc_column width=\"1\/5\"]<span class=\"searchtitle cifras\">Euskadiko ITS Batzarra<\/span>\n\t\t<div class=\"info-figures standard-arrow list-divider bullet-top\">\n\t\tKlusterrak Batzar hau antolatzen du urtero, garraio efizienteagoa, seguruagoa, jasangarriagoa eta garbiagoa lortzera zuzendutako teknologia eta irtenbideen alorrean sektoreak izandako azken berrikuntzei errepasoa egiteko.\n\t\t<\/div>\n\t\t[vc_separator border_width=\"2\"]<form id=\"search_eventos_form\" action=\"https:\/\/mlcluster.com\/eu\/ekitaldiak\/euskadiko-its-batzarra\/\"><span class=\"searchtitle\">Bilatzailea<\/span><span class=\"formtitle caracter\">Izaeragatik<\/span><ul class='formfilter caracter'>\n\t\t  <li>\n\t\t    <label><input type='checkbox' name='caracter[]' value='1'> Irekia<\/label>\n\t\t  <\/li>\n\t\t  <li>\n\t\t    <label><input type='checkbox' name='caracter[]' value='2'> Gonbidapenarekin<\/label>\n\t\t  <\/li>\n\t\t<\/ul><span class=\"formtitle estado\">Egoeragatik<\/span><ul class='formfilter estado'>\n    <li>\n      <label><input type='checkbox' name='estado[]' value='1'> Aktiboa<\/label>\n    <\/li>\n    <li>\n      <label><input type='checkbox' name='estado[]' value='2'> Bukatuta<\/label>\n    <\/li>\n  <\/ul><span class=\"formtitle tematica\">Gaien arabera<\/span><ul class='formfilter tematica'>\n    <li>\n      <label><input type='checkbox' name='tematica[]' value='1'> Pertsonen mugikortasuna<\/label>\n    <\/li>\n    <li>\n      <label><input type='checkbox' name='tematica[]' value='2'> Logistika-SCM<\/label>\n    <\/li>\n    <li>\n      <label><input type='checkbox' name='tematica[]' value='3'> ITS<\/label>\n    <\/li>\n  <\/ul><div class='btn-align-center'><button id='clean_filter' input class='default-btn-shortcode dt-btn dt-btn-s link-hover-off'><i class='icomoon-the7-font-icon-gallery-011-2'><\/i> GARBI HAUTAKETA<\/button><\/div><\/form><div class=\"ult-spacer spacer-69d7e65ac2ff2\" data-id=\"69d7e65ac2ff2\" data-height=\"40\" data-height-mobile=\"20\" data-height-tab=\"40\" data-height-tab-portrait=\"40\" data-height-mobile-landscape=\"20\" style=\"clear:both;display:block;\"><\/div><style>\n    ul.formfilter {\n      font-family: \"Dosis\", Helvetica, Arial, Verdana, sans-serif;\n      color: #000;\n      font-size: 15px;\n      font-weight: 600;\n      margin: 0px 0px 20px 0px;\n    }\n    ul.formfilter li {  \n      list-style-type: none; \n    }\n\n    ul.formfilter > li {\n      font-size: 15px;  \n      font-weight: 400;\n    }\n\n    \/*ul.formfilter > li input[type=checkbox] {\n      display: none;\n    }*\/\n\n    span.formtitle {\n      display: inline-block;\n      font-family: \"Dosis\", Helvetica, Arial, Verdana, sans-serif;\n      color: #000;\n      font-size: 16px;\n      font-weight: 600;\n      text-transform: uppercase;\n      margin: 0px 0px 10px 0px;\n      position: relative;\n    }\n\n    span.formtitle:after {\n      content: '|';\n      display: block;\n      position: absolute;\n      top: 0px;\n      right: -9px;\n      color: #b5b5b5;\n    }\n\n    .search-eventos-item span.formtitle:after {\n      display: none;\n    }\n\n    span.searchtitle {\n      display: block;\n      padding: 0px;\n      margin: 0px 0px 20px 0px;\n      font-family: 'Dosis', Helvetica, Arial, Verdana, sans-serif;\n      text-transform: uppercase;\n      color: #000;\n      font-size: 22px;\n      position: relative;\n      font-weight: 600;\n    }\n    \n    span.searchtitle.cifras {\n      background: url('https:\/\/mlcluster.com\/wp-content\/uploads\/2021\/10\/ITS-1.png') left top no-repeat;\n      background-size: auto 28px;\n      padding: 3px 5px 3px 34px;\n    }\n    \n    \n    .info-figures.standard-arrow {\n      margin-left: 34px;\n    }\n  \n    \n\n    .dt-btn {\n      font-size: 12px;\n      width: 100%;\n    }\n\n    .vc_hidden {\n      opacity: 1 !important;\n    }\n  <\/style><script type='text\/javascript'>  \n  jQuery(function(){\n    jQuery('#search_eventos_form input[type=checkbox]').on('change',function(){\n      jQuery('#search_eventos_form').submit();\n    });\n\n    jQuery('#clean_filter').click(function(e) {\n      e.preventDefault();\n      jQuery('#search_eventos_form input[type=checkbox]').prop('checked', false );\n      jQuery('#search_eventos_form').submit();\n    });\n  });\n<\/script>[\/vc_column][vc_column width=\"4\/5\"]<div class='search-eventos extrawidth'><div class='search-eventos-item'>\n      <span class='formtitle'><a href='https:\/\/mlcluster.com\/eu\/ekitaldiak\/euskadiko-its-batzarra\/?orderby=_evento_titulo&order=ASC'>Izena<\/a><\/span>\n      <span class='formtitle'><a href='https:\/\/mlcluster.com\/eu\/ekitaldiak\/euskadiko-its-batzarra\/?orderby=_evento_fecha_inicio&order=ASC'>Hasiera<\/a><\/span><span class='formtitle'><a href='https:\/\/mlcluster.com\/eu\/ekitaldiak\/euskadiko-its-batzarra\/?orderby=_evento_fecha_fin&order=ASC'>Amaiera<\/a><\/span><span class='formtitle'>Izaera<\/span>\n      <span class='formtitle'>Egoera<\/span>\n    <\/div><div class='search-eventos-item'>\n          <a href='https:\/\/mlcluster.com\/eu\/evento\/xvi-congreso-its-euskadi\/' title='XVI Congreso ITS Euskadi'>XVI Congreso ITS Euskadi<\/a>\n\n          <p>2025\/11\/14<\/p><p>2025\/11\/14<\/p><p>Irekia<\/p>\n          <p><img src='https:\/\/mlcluster.com\/wp-content\/themes\/dt-the7-child\/img\/finalizado.svg' style='width: 25px;' title='Aurreko ekitaldia' \/><\/p>\n          \n        <\/div><div class='search-eventos-item'>\n          <a href='https:\/\/mlcluster.com\/eu\/evento\/xv-congreso-its-euskadi\/' title='XV Congreso ITS Euskadi'>XV Congreso ITS Euskadi<\/a>\n\n          <p>2024\/11\/15<\/p><p>2024\/11\/15<\/p><p>Irekia<\/p>\n          <p><img src='https:\/\/mlcluster.com\/wp-content\/themes\/dt-the7-child\/img\/finalizado.svg' style='width: 25px;' title='Aurreko ekitaldia' \/><\/p>\n          \n        <\/div><div class='search-eventos-item'>\n          <a href='https:\/\/mlcluster.com\/eu\/evento\/xiv-congreso-its-euskadi\/' title='XIV Congreso ITS Euskadi'>XIV Congreso ITS Euskadi<\/a>\n\n          <p>2023\/11\/17<\/p><p>2023\/11\/17<\/p><p>Irekia<\/p>\n          <p><img src='https:\/\/mlcluster.com\/wp-content\/themes\/dt-the7-child\/img\/finalizado.svg' style='width: 25px;' title='Aurreko ekitaldia' \/><\/p>\n          \n        <\/div><div class='search-eventos-item'>\n          <a href='https:\/\/mlcluster.com\/eu\/evento\/xiii-congreso-its-euskadi\/' title='XIII Congreso ITS Euskadi'>XIII Congreso ITS Euskadi<\/a>\n\n          <p>2022\/11\/18<\/p><p>2022\/11\/18<\/p><p>Irekia<\/p>\n          <p><img src='https:\/\/mlcluster.com\/wp-content\/themes\/dt-the7-child\/img\/finalizado.svg' style='width: 25px;' title='Aurreko ekitaldia' \/><\/p>\n          \n        <\/div><div class='search-eventos-item'>\n          <a href='https:\/\/mlcluster.com\/eu\/evento\/xii-congreso-its-euskadi\/' title='XII Congreso ITS Euskadi'>XII Congreso ITS Euskadi<\/a>\n\n          <p>2021\/11\/12<\/p><p>2021\/11\/12<\/p><p>Irekia<\/p>\n          <p><img src='https:\/\/mlcluster.com\/wp-content\/themes\/dt-the7-child\/img\/finalizado.svg' style='width: 25px;' title='Aurreko ekitaldia' \/><\/p>\n          \n        <\/div><div class='search-eventos-item'>\n          <a href='https:\/\/mlcluster.com\/eu\/evento\/xi-congreso-its-euskadi\/' title='XI Congreso ITS Euskadi'>XI Congreso ITS Euskadi<\/a>\n\n          <p>2020\/11\/26<\/p><p>2020\/11\/27<\/p><p>Irekia<\/p>\n          <p><img src='https:\/\/mlcluster.com\/wp-content\/themes\/dt-the7-child\/img\/finalizado.svg' style='width: 25px;' title='Aurreko ekitaldia' \/><\/p>\n          \n        <\/div><div class='search-eventos-item'>\n          <a href='https:\/\/mlcluster.com\/eu\/evento\/x-congreso-its-euskadi\/' title='X Congreso ITS Euskadi'>X Congreso ITS Euskadi<\/a>\n\n          <p>2019\/11\/15<\/p><p>2019\/11\/15<\/p><p>Irekia<\/p>\n          <p><img src='https:\/\/mlcluster.com\/wp-content\/themes\/dt-the7-child\/img\/finalizado.svg' style='width: 25px;' title='Aurreko ekitaldia' \/><\/p>\n          \n        <\/div><div class='search-eventos-item'>\n          <a href='https:\/\/mlcluster.com\/eu\/evento\/ix-congreso-its-euskadi\/' title='IX Congreso ITS Euskadi'>IX Congreso ITS Euskadi<\/a>\n\n          <p>2018\/11\/28<\/p><p>2018\/11\/28<\/p><p>Irekia<\/p>\n          <p><img src='https:\/\/mlcluster.com\/wp-content\/themes\/dt-the7-child\/img\/finalizado.svg' style='width: 25px;' title='Aurreko ekitaldia' \/><\/p>\n          \n        <\/div><div class='search-eventos-item'>\n          <a href='https:\/\/mlcluster.com\/eu\/evento\/viii-congreso-its-euskadi\/' title='VIII Congreso ITS Euskadi'>VIII Congreso ITS Euskadi<\/a>\n\n          <p>2017\/11\/10<\/p><p>2017\/11\/10<\/p><p>Irekia<\/p>\n          <p><img src='https:\/\/mlcluster.com\/wp-content\/themes\/dt-the7-child\/img\/finalizado.svg' style='width: 25px;' title='Aurreko ekitaldia' \/><\/p>\n          \n        <\/div><div class='search-eventos-item'>\n          <a href='https:\/\/mlcluster.com\/eu\/evento\/vii-congreso-its-euskadi\/' title='VII Congreso ITS Euskadi'>VII Congreso ITS Euskadi<\/a>\n\n          <p>2016\/11\/18<\/p><p>2016\/11\/18<\/p><p>Irekia<\/p>\n          <p><img src='https:\/\/mlcluster.com\/wp-content\/themes\/dt-the7-child\/img\/finalizado.svg' style='width: 25px;' title='Aurreko ekitaldia' \/><\/p>\n          \n        <\/div><div class='search-eventos-item'>\n          <a href='https:\/\/mlcluster.com\/eu\/evento\/vi-congreso-its-euskadi\/' title='VI Congreso ITS Euskadi'>VI Congreso ITS Euskadi<\/a>\n\n          <p>2015\/11\/06<\/p><p>2015\/11\/06<\/p><p>Irekia<\/p>\n          <p><img src='https:\/\/mlcluster.com\/wp-content\/themes\/dt-the7-child\/img\/finalizado.svg' style='width: 25px;' title='Aurreko ekitaldia' \/><\/p>\n          \n        <\/div><div class='search-eventos-item'>\n          <a href='https:\/\/mlcluster.com\/eu\/evento\/v-congreso-its-euskadi\/' title='V Congreso ITS Euskadi'>V Congreso ITS Euskadi<\/a>\n\n          <p>2014\/10\/24<\/p><p>2014\/10\/24<\/p><p>Irekia<\/p>\n          <p><img src='https:\/\/mlcluster.com\/wp-content\/themes\/dt-the7-child\/img\/finalizado.svg' style='width: 25px;' title='Aurreko ekitaldia' \/><\/p>\n          \n        <\/div><div class='search-eventos-item'>\n          <a href='https:\/\/mlcluster.com\/eu\/evento\/iv-congreso-its-euskadi\/' title='IV Congreso ITS Euskadi'>IV Congreso ITS Euskadi<\/a>\n\n          <p>2013\/12\/05<\/p><p>2013\/12\/05<\/p><p>Irekia<\/p>\n          <p><img src='https:\/\/mlcluster.com\/wp-content\/themes\/dt-the7-child\/img\/finalizado.svg' style='width: 25px;' title='Aurreko ekitaldia' \/><\/p>\n          \n        <\/div><div class='search-eventos-item'>\n          <a href='https:\/\/mlcluster.com\/eu\/evento\/iii-congreso-its-euskadi\/' title='III Congreso ITS Euskadi'>III Congreso ITS Euskadi<\/a>\n\n          <p>2012\/11\/22<\/p><p>2012\/11\/22<\/p><p>Irekia<\/p>\n          <p><img src='https:\/\/mlcluster.com\/wp-content\/themes\/dt-the7-child\/img\/finalizado.svg' style='width: 25px;' title='Aurreko ekitaldia' \/><\/p>\n          \n        <\/div><div class='search-eventos-item'>\n          <a href='https:\/\/mlcluster.com\/eu\/evento\/ii-congreso-its-euskadi\/' title='II Congreso ITS Euskadi'>II Congreso ITS Euskadi<\/a>\n\n          <p>2011\/10\/21<\/p><p>2011\/10\/21<\/p><p>Irekia<\/p>\n          <p><img src='https:\/\/mlcluster.com\/wp-content\/themes\/dt-the7-child\/img\/finalizado.svg' style='width: 25px;' title='Aurreko ekitaldia' \/><\/p>\n          \n        <\/div><\/div><style>\n      .search-eventos {\n        display: flex;\n        flex-direction: row;\n        flex-wrap: wrap;\n        justify-content: start;\n      }\n      .search-eventos .search-eventos-item {\n        width: 100%;\n        padding-bottom: 10px;\n        border-bottom: 1px solid #cecece;\n        margin-bottom: 10px;\n        display: flex;\n        flex-direction: row;\n        flex-wrap: wrap;\n        justify-content: start;\n      }\n      .search-eventos .search-eventos-item > * {   \n        box-sizing: border-box; \n        display: block;\n        width: 43%;\n        padding-right: 10px;\n      }\n      .search-eventos .search-eventos-item > *:nth-child(2) { width: 11%; }\n      .search-eventos .search-eventos-item > *:nth-child(3) { width: 11%; }\n      .search-eventos .search-eventos-item > *:nth-child(4) { width: 12%; }\n      .search-eventos .search-eventos-item > *:nth-child(5) { width: 16%; }\n      .search-eventos .search-eventos-item > *:nth-child(6) { width: 7%; }\n\n      .search-eventos.extrawidth .search-eventos-item > * { width: 59%; }\n      .search-eventos.extrawidth .search-eventos-item > *:nth-child(2) { width: 11%; }\n      .search-eventos.extrawidth .search-eventos-item > *:nth-child(3) { width: 11%; }\n      .search-eventos.extrawidth .search-eventos-item > *:nth-child(4) { width: 12%; }\n      .search-eventos.extrawidth .search-eventos-item > *:nth-child(5) { width: 7%; }\n      \n      @media only screen and (max-width: 800px) {\n        \/*.search-eventos .search-eventos-item:first-child {\n          display: none;\n        }*\/\n        .search-eventos .search-eventos-item > * {    \n          width: 100%;\n        }\n        .search-eventos .search-eventos-item > p {\n          margin-top: 10px;\n        }    \n      }\n      \n      span.formtitle {\n      display: inline-block;\n      font-family: \"Dosis\", Helvetica, Arial, Verdana, sans-serif;\n      color: #000;\n      font-size: 16px;\n      font-weight: 600;\n      text-transform: uppercase;\n      margin: 0px 0px 10px 0px;\n      position: relative;\n    }<\/style><div class='paginator'><div class='wp-pagenavi' role='navigation'>\n<span aria-current='page' class='current'>1<\/span><a class=\"page larger\" title=\"Page 2\" href=\"https:\/\/mlcluster.com\/eu\/wp-json\/wp\/v2\/pages\/199263\/page\/2\/\">2<\/a><a class=\"nextpostslink\" rel=\"next\" aria-label=\"Hurrengo Orrialdea\" href=\"https:\/\/mlcluster.com\/eu\/wp-json\/wp\/v2\/pages\/199263\/page\/2\/\"><i class=\"dt-icon-the7-arrow-0-41\" aria-hidden=\"true\"><\/i><\/a>\n<\/div><\/div>[\/vc_column][\/vc_row]<div class=\"ult-spacer spacer-69d7e65ac3057\" data-id=\"69d7e65ac3057\" data-height=\"40\" data-height-mobile=\"40\" data-height-tab=\"40\" data-height-tab-portrait=\"40\" data-height-mobile-landscape=\"40\" style=\"clear:both;display:block;\"><\/div>[\/vc_column][\/vc_row]<\/p>\n<\/div>","protected":false},"excerpt":{"rendered":"<p>[vc_row full_width=&#8221;stretch_row&#8221; bg_type=&#8221;bg_color&#8221; bg_override=&#8221;ex-full&#8221; bg_color_value=&#8221;#dd3333&#8243; css=&#8221;.vc_custom_1626172276344{margin-bottom: 20px !important;}&#8221;][vc_column][vc_column_text css=&#8221;.vc_custom_1639059541525{margin-top: -20px !important;margin-bottom: 15px !important;padding-top: 0px !important;padding-bottom: 0px !important;}&#8221;] Hasiera \/ Ekitaldiak \/ Euskadiko ITS Batzarra [\/vc_column_text][\/vc_column][\/vc_row][vc_row equal_height=&#8221;yes&#8221; css=&#8221;.vc_custom_1621844457202{margin-top: -35px !important;}&#8221;][vc_column css=&#8221;.vc_custom_1620731232713{background-position: 0 0 !important;background-repeat: no-repeat !important;}&#8221;][\/vc_column][\/vc_row][vc_row full_width=&#8221;stretch_row&#8221; equal_height=&#8221;yes&#8221;][vc_column css=&#8221;.vc_custom_1620991834681{margin-top: 0px !important;padding-top: 0px !important;}&#8221;][\/vc_column][\/vc_row]<\/p>\n","protected":false},"author":1,"featured_media":0,"parent":199258,"menu_order":10,"comment_status":"closed","ping_status":"closed","template":"","meta":{"footnotes":""},"yoast_head":"<!-- This site is optimized with the Yoast SEO plugin v24.5 - https:\/\/yoast.com\/wordpress\/plugins\/seo\/ -->\n<title>Euskadiko ITS Batzarra - Euskadiko Mugikortasun eta Logistika Klusterra<\/title>\n<meta name=\"robots\" content=\"index, follow, max-snippet:-1, max-image-preview:large, max-video-preview:-1\" \/>\n<link rel=\"canonical\" href=\"https:\/\/mlcluster.com\/eu\/ekitaldiak\/euskadiko-its-batzarra\/\" \/>\n<meta property=\"og:locale\" content=\"en_US\" \/>\n<meta property=\"og:type\" content=\"article\" \/>\n<meta property=\"og:title\" content=\"Euskadiko ITS Batzarra - Euskadiko Mugikortasun eta Logistika Klusterra\" \/>\n<meta property=\"og:description\" content=\"[vc_row full_width=&#8221;stretch_row&#8221; bg_type=&#8221;bg_color&#8221; bg_override=&#8221;ex-full&#8221; bg_color_value=&#8221;#dd3333&#8243; css=&#8221;.vc_custom_1626172276344{margin-bottom: 20px !important;}&#8221;][vc_column][vc_column_text css=&#8221;.vc_custom_1639059541525{margin-top: -20px !important;margin-bottom: 15px !important;padding-top: 0px !important;padding-bottom: 0px !important;}&#8221;] Hasiera \/ Ekitaldiak \/ Euskadiko ITS Batzarra [\/vc_column_text][\/vc_column][\/vc_row][vc_row equal_height=&#8221;yes&#8221; css=&#8221;.vc_custom_1621844457202{margin-top: -35px !important;}&#8221;][vc_column css=&#8221;.vc_custom_1620731232713{background-position: 0 0 !important;background-repeat: no-repeat !important;}&#8221;][\/vc_column][\/vc_row][vc_row full_width=&#8221;stretch_row&#8221; equal_height=&#8221;yes&#8221;][vc_column css=&#8221;.vc_custom_1620991834681{margin-top: 0px !important;padding-top: 0px !important;}&#8221;][\/vc_column][\/vc_row]\" \/>\n<meta property=\"og:url\" content=\"https:\/\/mlcluster.com\/eu\/ekitaldiak\/euskadiko-its-batzarra\/\" \/>\n<meta property=\"og:site_name\" content=\"Euskadiko Mugikortasun eta Logistika Klusterra\" \/>\n<meta property=\"article:modified_time\" content=\"2021-12-09T14:19:48+00:00\" \/>\n<meta name=\"twitter:card\" content=\"summary_large_image\" \/>\n<meta name=\"twitter:label1\" content=\"Est. reading time\" \/>\n\t<meta name=\"twitter:data1\" content=\"1 minutua\" \/>\n<script type=\"application\/ld+json\" class=\"yoast-schema-graph\">{\"@context\":\"https:\/\/schema.org\",\"@graph\":[{\"@type\":\"WebPage\",\"@id\":\"https:\/\/mlcluster.com\/eu\/ekitaldiak\/euskadiko-its-batzarra\/\",\"url\":\"https:\/\/mlcluster.com\/eu\/ekitaldiak\/euskadiko-its-batzarra\/\",\"name\":\"Euskadiko ITS Batzarra - Euskadiko Mugikortasun eta Logistika Klusterra\",\"isPartOf\":{\"@id\":\"https:\/\/mlcluster.com\/#website\"},\"datePublished\":\"2021-07-20T07:13:57+00:00\",\"dateModified\":\"2021-12-09T14:19:48+00:00\",\"breadcrumb\":{\"@id\":\"https:\/\/mlcluster.com\/eu\/ekitaldiak\/euskadiko-its-batzarra\/#breadcrumb\"},\"inLanguage\":\"eu\",\"potentialAction\":[{\"@type\":\"ReadAction\",\"target\":[\"https:\/\/mlcluster.com\/eu\/ekitaldiak\/euskadiko-its-batzarra\/\"]}]},{\"@type\":\"BreadcrumbList\",\"@id\":\"https:\/\/mlcluster.com\/eu\/ekitaldiak\/euskadiko-its-batzarra\/#breadcrumb\",\"itemListElement\":[{\"@type\":\"ListItem\",\"position\":1,\"name\":\"Portada\",\"item\":\"https:\/\/mlcluster.com\/eu\/\"},{\"@type\":\"ListItem\",\"position\":2,\"name\":\"Ekitaldiak\",\"item\":\"https:\/\/mlcluster.com\/eu\/ekitaldiak\/\"},{\"@type\":\"ListItem\",\"position\":3,\"name\":\"Euskadiko ITS Batzarra\"}]},{\"@type\":\"WebSite\",\"@id\":\"https:\/\/mlcluster.com\/#website\",\"url\":\"https:\/\/mlcluster.com\/\",\"name\":\"Euskadiko Mugikortasun eta Logistika Klusterra\",\"description\":\"Asociaci\u00f3n de empresas de Movilidad y Log\u00edstica del Pa\u00eds Vasco cuya misi\u00f3n es favorecer la competitividad impulsando la innovaci\u00f3n, la cooperaci\u00f3n y la promoci\u00f3n.\",\"potentialAction\":[{\"@type\":\"SearchAction\",\"target\":{\"@type\":\"EntryPoint\",\"urlTemplate\":\"https:\/\/mlcluster.com\/?s={search_term_string}\"},\"query-input\":{\"@type\":\"PropertyValueSpecification\",\"valueRequired\":true,\"valueName\":\"search_term_string\"}}],\"inLanguage\":\"eu\"}]}<\/script>\n<!-- \/ Yoast SEO plugin. -->","yoast_head_json":{"title":"Euskadiko ITS Batzarra - Euskadiko Mugikortasun eta Logistika Klusterra","robots":{"index":"index","follow":"follow","max-snippet":"max-snippet:-1","max-image-preview":"max-image-preview:large","max-video-preview":"max-video-preview:-1"},"canonical":"https:\/\/mlcluster.com\/eu\/ekitaldiak\/euskadiko-its-batzarra\/","og_locale":"en_US","og_type":"article","og_title":"Euskadiko ITS Batzarra - Euskadiko Mugikortasun eta Logistika Klusterra","og_description":"[vc_row full_width=&#8221;stretch_row&#8221; bg_type=&#8221;bg_color&#8221; bg_override=&#8221;ex-full&#8221; bg_color_value=&#8221;#dd3333&#8243; css=&#8221;.vc_custom_1626172276344{margin-bottom: 20px !important;}&#8221;][vc_column][vc_column_text css=&#8221;.vc_custom_1639059541525{margin-top: -20px !important;margin-bottom: 15px !important;padding-top: 0px !important;padding-bottom: 0px !important;}&#8221;] Hasiera \/ Ekitaldiak \/ Euskadiko ITS Batzarra [\/vc_column_text][\/vc_column][\/vc_row][vc_row equal_height=&#8221;yes&#8221; css=&#8221;.vc_custom_1621844457202{margin-top: -35px !important;}&#8221;][vc_column css=&#8221;.vc_custom_1620731232713{background-position: 0 0 !important;background-repeat: no-repeat !important;}&#8221;][\/vc_column][\/vc_row][vc_row full_width=&#8221;stretch_row&#8221; equal_height=&#8221;yes&#8221;][vc_column css=&#8221;.vc_custom_1620991834681{margin-top: 0px !important;padding-top: 0px !important;}&#8221;][\/vc_column][\/vc_row]","og_url":"https:\/\/mlcluster.com\/eu\/ekitaldiak\/euskadiko-its-batzarra\/","og_site_name":"Euskadiko Mugikortasun eta Logistika Klusterra","article_modified_time":"2021-12-09T14:19:48+00:00","twitter_card":"summary_large_image","twitter_misc":{"Est. reading time":"1 minutua"},"schema":{"@context":"https:\/\/schema.org","@graph":[{"@type":"WebPage","@id":"https:\/\/mlcluster.com\/eu\/ekitaldiak\/euskadiko-its-batzarra\/","url":"https:\/\/mlcluster.com\/eu\/ekitaldiak\/euskadiko-its-batzarra\/","name":"Euskadiko ITS Batzarra - Euskadiko Mugikortasun eta Logistika Klusterra","isPartOf":{"@id":"https:\/\/mlcluster.com\/#website"},"datePublished":"2021-07-20T07:13:57+00:00","dateModified":"2021-12-09T14:19:48+00:00","breadcrumb":{"@id":"https:\/\/mlcluster.com\/eu\/ekitaldiak\/euskadiko-its-batzarra\/#breadcrumb"},"inLanguage":"eu","potentialAction":[{"@type":"ReadAction","target":["https:\/\/mlcluster.com\/eu\/ekitaldiak\/euskadiko-its-batzarra\/"]}]},{"@type":"BreadcrumbList","@id":"https:\/\/mlcluster.com\/eu\/ekitaldiak\/euskadiko-its-batzarra\/#breadcrumb","itemListElement":[{"@type":"ListItem","position":1,"name":"Portada","item":"https:\/\/mlcluster.com\/eu\/"},{"@type":"ListItem","position":2,"name":"Ekitaldiak","item":"https:\/\/mlcluster.com\/eu\/ekitaldiak\/"},{"@type":"ListItem","position":3,"name":"Euskadiko ITS Batzarra"}]},{"@type":"WebSite","@id":"https:\/\/mlcluster.com\/#website","url":"https:\/\/mlcluster.com\/","name":"Euskadiko Mugikortasun eta Logistika Klusterra","description":"Asociaci\u00f3n de empresas de Movilidad y Log\u00edstica del Pa\u00eds Vasco cuya misi\u00f3n es favorecer la competitividad impulsando la innovaci\u00f3n, la cooperaci\u00f3n y la promoci\u00f3n.","potentialAction":[{"@type":"SearchAction","target":{"@type":"EntryPoint","urlTemplate":"https:\/\/mlcluster.com\/?s={search_term_string}"},"query-input":{"@type":"PropertyValueSpecification","valueRequired":true,"valueName":"search_term_string"}}],"inLanguage":"eu"}]}},"_links":{"self":[{"href":"https:\/\/mlcluster.com\/eu\/wp-json\/wp\/v2\/pages\/199263"}],"collection":[{"href":"https:\/\/mlcluster.com\/eu\/wp-json\/wp\/v2\/pages"}],"about":[{"href":"https:\/\/mlcluster.com\/eu\/wp-json\/wp\/v2\/types\/page"}],"author":[{"embeddable":true,"href":"https:\/\/mlcluster.com\/eu\/wp-json\/wp\/v2\/users\/1"}],"replies":[{"embeddable":true,"href":"https:\/\/mlcluster.com\/eu\/wp-json\/wp\/v2\/comments?post=199263"}],"version-history":[{"count":0,"href":"https:\/\/mlcluster.com\/eu\/wp-json\/wp\/v2\/pages\/199263\/revisions"}],"up":[{"embeddable":true,"href":"https:\/\/mlcluster.com\/eu\/wp-json\/wp\/v2\/pages\/199258"}],"wp:attachment":[{"href":"https:\/\/mlcluster.com\/eu\/wp-json\/wp\/v2\/media?parent=199263"}],"curies":[{"name":"wp","href":"https:\/\/api.w.org\/{rel}","templated":true}]}}