{"id":199279,"date":"2021-07-20T07:41:40","date_gmt":"2021-07-20T07:41:40","guid":{"rendered":"https:\/\/mlcluster.com\/ekitaldiak\/reuniones-del-cluster\/"},"modified":"2021-12-09T15:33:53","modified_gmt":"2021-12-09T14:33:53","slug":"klusterraren-bilerak","status":"publish","type":"page","link":"https:\/\/mlcluster.com\/eu\/ekitaldiak\/klusterraren-bilerak\/","title":{"rendered":"Klusterraren bilerak"},"content":{"rendered":"<div class=\"wpb-content-wrapper\"><p>[vc_row full_width=&#8221;stretch_row&#8221; bg_type=&#8221;bg_color&#8221; bg_override=&#8221;ex-full&#8221; bg_color_value=&#8221;#dd3333&#8243; css=&#8221;.vc_custom_1626172276344{margin-bottom: 20px !important;}&#8221;][vc_column][vc_column_text css=&#8221;.vc_custom_1639060258099{margin-top: -20px !important;margin-bottom: 15px !important;padding-top: 0px !important;padding-bottom: 0px !important;}&#8221;]<\/p>\n<p style=\"color: white; text-align: right;\"><a style=\"color: white;\" href=\"\/eu\/\">Hasiera<\/a> \/ <a style=\"color: white;\" href=\"\/eu\/ekitaldiak\/\">Ekitaldiak<\/a> \/ <a style=\"color: white;\" href=\"\/eu\/ekitaldiak\/klusterraren-bilerak\/\">Klusterraren bilerak<\/a><\/p>\n<p>[\/vc_column_text][\/vc_column][\/vc_row][vc_row equal_height=&#8221;yes&#8221; css=&#8221;.vc_custom_1621844457202{margin-top: -35px !important;}&#8221;][vc_column css=&#8221;.vc_custom_1620731232713{background-position: 0 0 !important;background-repeat: no-repeat !important;}&#8221;]<div id=\"ultimate-heading-781269dc48c202bdb\" class=\"uvc-heading ult-adjust-bottom-margin ultimate-heading-781269dc48c202bdb uvc-3947 \" data-hspacer=\"line_with_icon\" data-hline_width=\"100\" data-hicon_type=\"selector\" data-hborder_style=\"solid\" data-hborder_height=\"3\" data-hborder_color=\"#b0b0af\" data-icon_width=\"20\" data-hfixer=\"10\"  data-halign=\"center\" style=\"text-align:center\"><div class=\"uvc-main-heading ult-responsive\"  data-ultimate-target='.uvc-heading.ultimate-heading-781269dc48c202bdb h1'  data-responsive-json-new='{\"font-size\":\"mobile_landscape:22px;mobile:22px;\",\"line-height\":\"mobile_landscape:28px;mobile:28px;\"}' ><h1 style=\"--font-weight:theme;\">Klusterraren bilerak<\/h1><\/div><div class=\"uvc-heading-spacer line_with_icon\" style=\"margin-top:10px;margin-bottom:10px;height:20px;\"><div class=\"ult-just-icon-wrapper  \"><div class=\"align-icon\" style=\"text-align:center;\">\n<div class=\"aio-icon none \"  style=\"font-size:20px;display:inline-block;\">\n\t<i class=\"icomoon-the7-font-the7-arrow-05\"><\/i>\n<\/div><\/div><\/div><\/div><\/div>[\/vc_column][\/vc_row][vc_row full_width=&#8221;stretch_row&#8221; equal_height=&#8221;yes&#8221;][vc_column css=&#8221;.vc_custom_1620991834681{margin-top: 0px !important;padding-top: 0px !important;}&#8221;]<div class=\"ult-spacer spacer-69dc48c202c34\" data-id=\"69dc48c202c34\" data-height=\"30\" data-height-mobile=\"20\" data-height-tab=\"30\" data-height-tab-portrait=\"30\" data-height-mobile-landscape=\"20\" style=\"clear:both;display:block;\"><\/div>[vc_row][vc_column width=\"1\/5\"]<span class=\"searchtitle cifras\">Klusterraren bilerak<\/span>\n\t\t<div class=\"info-figures standard-arrow list-divider bullet-top\">\n\t\tKlusterrak bere bazkideek bileretan parte hartzearen alde egiten du, gai konkretuetan edo bere lantaldeen jardueran aurrera egiteko.\n\t\t<\/div>\n\t\t[vc_separator border_width=\"2\"]<form id=\"search_eventos_form\" action=\"https:\/\/mlcluster.com\/eu\/ekitaldiak\/klusterraren-bilerak\/\"><span class=\"searchtitle\">Bilatzailea<\/span><span class=\"formtitle caracter\">Izaeragatik<\/span><ul class='formfilter caracter'>\n\t\t  <li>\n\t\t    <label><input type='checkbox' name='caracter[]' value='1'> Irekia<\/label>\n\t\t  <\/li>\n\t\t  <li>\n\t\t    <label><input type='checkbox' name='caracter[]' value='2'> Gonbidapenarekin<\/label>\n\t\t  <\/li>\n\t\t<\/ul><span class=\"formtitle estado\">Egoeragatik<\/span><ul class='formfilter estado'>\n    <li>\n      <label><input type='checkbox' name='estado[]' value='1'> Aktiboa<\/label>\n    <\/li>\n    <li>\n      <label><input type='checkbox' name='estado[]' value='2'> Bukatuta<\/label>\n    <\/li>\n  <\/ul><span class=\"formtitle tematica\">Gaien arabera<\/span><ul class='formfilter tematica'>\n    <li>\n      <label><input type='checkbox' name='tematica[]' value='1'> Pertsonen mugikortasuna<\/label>\n    <\/li>\n    <li>\n      <label><input type='checkbox' name='tematica[]' value='2'> Logistika-SCM<\/label>\n    <\/li>\n    <li>\n      <label><input type='checkbox' name='tematica[]' value='3'> ITS<\/label>\n    <\/li>\n  <\/ul><div class='btn-align-center'><button id='clean_filter' input class='default-btn-shortcode dt-btn dt-btn-s link-hover-off'><i class='icomoon-the7-font-icon-gallery-011-2'><\/i> GARBI HAUTAKETA<\/button><\/div><\/form><div class=\"ult-spacer spacer-69dc48c21090f\" data-id=\"69dc48c21090f\" data-height=\"40\" data-height-mobile=\"20\" data-height-tab=\"40\" data-height-tab-portrait=\"40\" data-height-mobile-landscape=\"20\" style=\"clear:both;display:block;\"><\/div><style>\n    ul.formfilter {\n      font-family: \"Dosis\", Helvetica, Arial, Verdana, sans-serif;\n      color: #000;\n      font-size: 15px;\n      font-weight: 600;\n      margin: 0px 0px 20px 0px;\n    }\n    ul.formfilter li {  \n      list-style-type: none; \n    }\n\n    ul.formfilter > li {\n      font-size: 15px;  \n      font-weight: 400;\n    }\n\n    \/*ul.formfilter > li input[type=checkbox] {\n      display: none;\n    }*\/\n\n    span.formtitle {\n      display: inline-block;\n      font-family: \"Dosis\", Helvetica, Arial, Verdana, sans-serif;\n      color: #000;\n      font-size: 16px;\n      font-weight: 600;\n      text-transform: uppercase;\n      margin: 0px 0px 10px 0px;\n      position: relative;\n    }\n\n    span.formtitle:after {\n      content: '|';\n      display: block;\n      position: absolute;\n      top: 0px;\n      right: -9px;\n      color: #b5b5b5;\n    }\n\n    .search-eventos-item span.formtitle:after {\n      display: none;\n    }\n\n    span.searchtitle {\n      display: block;\n      padding: 0px;\n      margin: 0px 0px 20px 0px;\n      font-family: 'Dosis', Helvetica, Arial, Verdana, sans-serif;\n      text-transform: uppercase;\n      color: #000;\n      font-size: 22px;\n      position: relative;\n      font-weight: 600;\n    }\n    \n    span.searchtitle.cifras {\n      background: url('https:\/\/mlcluster.com\/wp-content\/uploads\/2021\/04\/empleo.png') left top no-repeat;\n      background-size: auto 28px;\n      padding: 3px 5px 3px 34px;\n    }\n    \n    \n    .info-figures.standard-arrow {\n      margin-left: 34px;\n    }\n  \n    \n\n    .dt-btn {\n      font-size: 12px;\n      width: 100%;\n    }\n\n    .vc_hidden {\n      opacity: 1 !important;\n    }\n  <\/style><script type='text\/javascript'>  \n  jQuery(function(){\n    jQuery('#search_eventos_form input[type=checkbox]').on('change',function(){\n      jQuery('#search_eventos_form').submit();\n    });\n\n    jQuery('#clean_filter').click(function(e) {\n      e.preventDefault();\n      jQuery('#search_eventos_form input[type=checkbox]').prop('checked', false );\n      jQuery('#search_eventos_form').submit();\n    });\n  });\n<\/script>[\/vc_column][vc_column width=\"4\/5\"]<div class='search-eventos extrawidth'><div class='search-eventos-item'>\n      <span class='formtitle'><a href='https:\/\/mlcluster.com\/eu\/ekitaldiak\/klusterraren-bilerak\/?orderby=_evento_titulo&order=ASC'>Izena<\/a><\/span>\n      <span class='formtitle'><a href='https:\/\/mlcluster.com\/eu\/ekitaldiak\/klusterraren-bilerak\/?orderby=_evento_fecha_inicio&order=ASC'>Eguna<\/a><\/span><span class='formtitle'>Izaera<\/span>\n      <span class='formtitle'>Egoera<\/span>\n    <\/div><div class='search-eventos-item'>\n          <a href='https:\/\/mlcluster.com\/eu\/evento\/xxiii-asamblea-general-ordinaria-2026\/' title='\u25ba XXIII Asamblea General Ordinaria &#8211; 2026'>\u25ba XXIII Asamblea General Ordinaria &#8211; 2026<\/a>\n\n          <p>2026\/03\/25<\/p><p>Gonbidapenarekin<\/p>\n          <p><img src='https:\/\/mlcluster.com\/wp-content\/themes\/dt-the7-child\/img\/finalizado.svg' style='width: 25px;' title='Aurreko ekitaldia' \/><\/p>\n          \n        <\/div><div class='search-eventos-item'>\n          <a href='https:\/\/mlcluster.com\/eu\/evento\/grupo-de-trabajo-nodo-logistico-multimodal-de-pasaia\/' title='Grupo de Trabajo: Nodo Log\u00edstico Multimodal de Pasaia'>Grupo de Trabajo: Nodo Log\u00edstico Multimodal de Pasaia<\/a>\n\n          <p>2026\/02\/24<\/p><p>Gonbidapenarekin<\/p>\n          <p><img src='https:\/\/mlcluster.com\/wp-content\/themes\/dt-the7-child\/img\/finalizado.svg' style='width: 25px;' title='Aurreko ekitaldia' \/><\/p>\n          \n        <\/div><div class='search-eventos-item'>\n          <a href='https:\/\/mlcluster.com\/eu\/evento\/brokerage-event-jornada-para-la-activacion-de-proyectos-colaborativos\/' title='Brokerage Event: Jornada para la activaci\u00f3n de proyectos colaborativos'>Brokerage Event: Jornada para la activaci\u00f3n de proyectos colaborativos<\/a>\n\n          <p>2026\/02\/10<\/p><p>Gonbidapenarekin<\/p>\n          <p><img src='https:\/\/mlcluster.com\/wp-content\/themes\/dt-the7-child\/img\/finalizado.svg' style='width: 25px;' title='Aurreko ekitaldia' \/><\/p>\n          \n        <\/div><div class='search-eventos-item'>\n          <a href='https:\/\/mlcluster.com\/eu\/evento\/taller-con-personas-mayores\/' title='Taller con personas mayores'>Taller con personas mayores<\/a>\n\n          <p>2025\/09\/24<\/p><p>Gonbidapenarekin<\/p>\n          <p><img src='https:\/\/mlcluster.com\/wp-content\/themes\/dt-the7-child\/img\/finalizado.svg' style='width: 25px;' title='Aurreko ekitaldia' \/><\/p>\n          \n        <\/div><div class='search-eventos-item'>\n          <a href='https:\/\/mlcluster.com\/eu\/evento\/eficiencia-energetica-en-el-transporte\/' title='Eficiencia energ\u00e9tica en el transporte'>Eficiencia energ\u00e9tica en el transporte<\/a>\n\n          <p>2025\/06\/30<\/p><p>Irekia<\/p>\n          <p><img src='https:\/\/mlcluster.com\/wp-content\/themes\/dt-the7-child\/img\/finalizado.svg' style='width: 25px;' title='Aurreko ekitaldia' \/><\/p>\n          \n        <\/div><div class='search-eventos-item'>\n          <a href='https:\/\/mlcluster.com\/eu\/evento\/estrategias-de-sostenibilidad-y-descarbonizacion\/' title='Estrategias de sostenibilidad y descarbonizaci\u00f3n'>Estrategias de sostenibilidad y descarbonizaci\u00f3n<\/a>\n\n          <p>2025\/06\/23<\/p><p>Irekia<\/p>\n          <p><img src='https:\/\/mlcluster.com\/wp-content\/themes\/dt-the7-child\/img\/finalizado.svg' style='width: 25px;' title='Aurreko ekitaldia' \/><\/p>\n          \n        <\/div><div class='search-eventos-item'>\n          <a href='https:\/\/mlcluster.com\/eu\/evento\/taller-de-escucha-para-definir-servicios-logisticos-inclusivos\/' title='Taller de escucha para definir servicios log\u00edsticos inclusivos'>Taller de escucha para definir servicios log\u00edsticos inclusivos<\/a>\n\n          <p>2025\/05\/30<\/p><p>Gonbidapenarekin<\/p>\n          <p><img src='https:\/\/mlcluster.com\/wp-content\/themes\/dt-the7-child\/img\/finalizado.svg' style='width: 25px;' title='Aurreko ekitaldia' \/><\/p>\n          \n        <\/div><div class='search-eventos-item'>\n          <a href='https:\/\/mlcluster.com\/eu\/evento\/road-2-ods-2a-reunion-del-grupo-de-trabajo\/' title='ROAD 2 ODS: 2\u00aa Reuni\u00f3n del Grupo de Trabajo'>ROAD 2 ODS: 2\u00aa Reuni\u00f3n del Grupo de Trabajo<\/a>\n\n          <p>2025\/05\/21<\/p><p>Gonbidapenarekin<\/p>\n          <p><img src='https:\/\/mlcluster.com\/wp-content\/themes\/dt-the7-child\/img\/finalizado.svg' style='width: 25px;' title='Aurreko ekitaldia' \/><\/p>\n          \n        <\/div><div class='search-eventos-item'>\n          <a href='https:\/\/mlcluster.com\/eu\/evento\/road-2-ods-1a-reunion-del-grupo-de-trabajo\/' title='ROAD 2 ODS: 1\u00aa Reuni\u00f3n del Grupo de Trabajo'>ROAD 2 ODS: 1\u00aa Reuni\u00f3n del Grupo de Trabajo<\/a>\n\n          <p>2025\/04\/03<\/p><p>Gonbidapenarekin<\/p>\n          <p><img src='https:\/\/mlcluster.com\/wp-content\/themes\/dt-the7-child\/img\/finalizado.svg' style='width: 25px;' title='Aurreko ekitaldia' \/><\/p>\n          \n        <\/div><div class='search-eventos-item'>\n          <a href='https:\/\/mlcluster.com\/eu\/evento\/digitalizacion-y-eficiencia-energetica\/' title='Desayuno de Trabajo: Digitalizaci\u00f3n y Eficiencia Energ\u00e9tica'>Desayuno de Trabajo: Digitalizaci\u00f3n y Eficiencia Energ\u00e9tica<\/a>\n\n          <p>2025\/02\/11<\/p><p>Irekia<\/p>\n          <p><img src='https:\/\/mlcluster.com\/wp-content\/themes\/dt-the7-child\/img\/finalizado.svg' style='width: 25px;' title='Aurreko ekitaldia' \/><\/p>\n          \n        <\/div><div class='search-eventos-item'>\n          <a href='https:\/\/mlcluster.com\/eu\/evento\/evento-final-road-to-ods\/' title='EVENTO FINAL ROAD TO ODS'>EVENTO FINAL ROAD TO ODS<\/a>\n\n          <p>2024\/05\/10<\/p><p>Irekia<\/p>\n          <p><img src='https:\/\/mlcluster.com\/wp-content\/themes\/dt-the7-child\/img\/finalizado.svg' style='width: 25px;' title='Aurreko ekitaldia' \/><\/p>\n          \n        <\/div><div class='search-eventos-item'>\n          <a href='https:\/\/mlcluster.com\/eu\/evento\/dinamica-con-socios\/' title='Din\u00e1mica con socios'>Din\u00e1mica con socios<\/a>\n\n          <p>2024\/03\/19<\/p><p>Gonbidapenarekin<\/p>\n          <p><img src='https:\/\/mlcluster.com\/wp-content\/themes\/dt-the7-child\/img\/finalizado.svg' style='width: 25px;' title='Aurreko ekitaldia' \/><\/p>\n          \n        <\/div><div class='search-eventos-item'>\n          <a href='https:\/\/mlcluster.com\/eu\/evento\/road-to-ods-dinamica-de-trabajo-1\/' title='ROAD TO ODS: Din\u00e1mica de trabajo 1'>ROAD TO ODS: Din\u00e1mica de trabajo 1<\/a>\n\n          <p>2023\/10\/20<\/p><p>Irekia<\/p>\n          <p><img src='https:\/\/mlcluster.com\/wp-content\/themes\/dt-the7-child\/img\/finalizado.svg' style='width: 25px;' title='Aurreko ekitaldia' \/><\/p>\n          \n        <\/div><div class='search-eventos-item'>\n          <a href='https:\/\/mlcluster.com\/eu\/evento\/asamblea-2022-circulo-de-logistica-4-0\/' title='Asamblea 2022 :: C\u00edrculo de Log\u00edstica 4.0'>Asamblea 2022 :: C\u00edrculo de Log\u00edstica 4.0<\/a>\n\n          <p>2022\/04\/27<\/p><p>Irekia<\/p>\n          <p><img src='https:\/\/mlcluster.com\/wp-content\/themes\/dt-the7-child\/img\/finalizado.svg' style='width: 25px;' title='Aurreko ekitaldia' \/><\/p>\n          \n        <\/div><div class='search-eventos-item'>\n          <a href='https:\/\/mlcluster.com\/eu\/evento\/reunion-del-foro-sectorial-de-hidrogeno\/' title='Reuni\u00f3n del Foro Sectorial de Hidr\u00f3geno'>Reuni\u00f3n del Foro Sectorial de Hidr\u00f3geno<\/a>\n\n          <p>2022\/03\/03<\/p><p>Gonbidapenarekin<\/p>\n          <p><img src='https:\/\/mlcluster.com\/wp-content\/themes\/dt-the7-child\/img\/finalizado.svg' style='width: 25px;' title='Aurreko ekitaldia' \/><\/p>\n          \n        <\/div><\/div><style>\n      .search-eventos {\n        display: flex;\n        flex-direction: row;\n        flex-wrap: wrap;\n        justify-content: start;\n      }\n      .search-eventos .search-eventos-item {\n        width: 100%;\n        padding-bottom: 10px;\n        border-bottom: 1px solid #cecece;\n        margin-bottom: 10px;\n        display: flex;\n        flex-direction: row;\n        flex-wrap: wrap;\n        justify-content: start;\n      }\n      .search-eventos .search-eventos-item > * {   \n        box-sizing: border-box; \n        display: block;\n        width: 43%;\n        padding-right: 10px;\n      }\n      .search-eventos .search-eventos-item > *:nth-child(2) { width: 11%; }\n      .search-eventos .search-eventos-item > *:nth-child(3) { width: 11%; }\n      .search-eventos .search-eventos-item > *:nth-child(4) { width: 12%; }\n      .search-eventos .search-eventos-item > *:nth-child(5) { width: 16%; }\n      .search-eventos .search-eventos-item > *:nth-child(6) { width: 7%; }\n\n      .search-eventos.extrawidth .search-eventos-item > * { width: 59%; }\n      .search-eventos.extrawidth .search-eventos-item > *:nth-child(2) { width: 11%; }\n      .search-eventos.extrawidth .search-eventos-item > *:nth-child(3) { width: 11%; }\n      .search-eventos.extrawidth .search-eventos-item > *:nth-child(4) { width: 12%; }\n      .search-eventos.extrawidth .search-eventos-item > *:nth-child(5) { width: 7%; }\n      \n      @media only screen and (max-width: 800px) {\n        \/*.search-eventos .search-eventos-item:first-child {\n          display: none;\n        }*\/\n        .search-eventos .search-eventos-item > * {    \n          width: 100%;\n        }\n        .search-eventos .search-eventos-item > p {\n          margin-top: 10px;\n        }    \n      }\n      \n      span.formtitle {\n      display: inline-block;\n      font-family: \"Dosis\", Helvetica, Arial, Verdana, sans-serif;\n      color: #000;\n      font-size: 16px;\n      font-weight: 600;\n      text-transform: uppercase;\n      margin: 0px 0px 10px 0px;\n      position: relative;\n    }<\/style><div class='paginator'><div class='wp-pagenavi' role='navigation'>\n<span aria-current='page' class='current'>1<\/span><a class=\"page larger\" title=\"Page 2\" href=\"https:\/\/mlcluster.com\/eu\/wp-json\/wp\/v2\/pages\/199279\/page\/2\/\">2<\/a><a class=\"nextpostslink\" rel=\"next\" aria-label=\"Hurrengo Orrialdea\" href=\"https:\/\/mlcluster.com\/eu\/wp-json\/wp\/v2\/pages\/199279\/page\/2\/\"><i class=\"dt-icon-the7-arrow-0-41\" aria-hidden=\"true\"><\/i><\/a>\n<\/div><\/div>[\/vc_column][\/vc_row]<div class=\"ult-spacer spacer-69dc48c21097d\" data-id=\"69dc48c21097d\" data-height=\"40\" data-height-mobile=\"40\" data-height-tab=\"40\" data-height-tab-portrait=\"40\" data-height-mobile-landscape=\"40\" style=\"clear:both;display:block;\"><\/div>[\/vc_column][\/vc_row]<\/p>\n<\/div>","protected":false},"excerpt":{"rendered":"<p>[vc_row full_width=&#8221;stretch_row&#8221; bg_type=&#8221;bg_color&#8221; bg_override=&#8221;ex-full&#8221; bg_color_value=&#8221;#dd3333&#8243; css=&#8221;.vc_custom_1626172276344{margin-bottom: 20px !important;}&#8221;][vc_column][vc_column_text css=&#8221;.vc_custom_1639060258099{margin-top: -20px !important;margin-bottom: 15px !important;padding-top: 0px !important;padding-bottom: 0px !important;}&#8221;] Hasiera \/ Ekitaldiak \/ Klusterraren bilerak [\/vc_column_text][\/vc_column][\/vc_row][vc_row equal_height=&#8221;yes&#8221; css=&#8221;.vc_custom_1621844457202{margin-top: -35px !important;}&#8221;][vc_column css=&#8221;.vc_custom_1620731232713{background-position: 0 0 !important;background-repeat: no-repeat !important;}&#8221;][\/vc_column][\/vc_row][vc_row full_width=&#8221;stretch_row&#8221; equal_height=&#8221;yes&#8221;][vc_column css=&#8221;.vc_custom_1620991834681{margin-top: 0px !important;padding-top: 0px !important;}&#8221;][\/vc_column][\/vc_row]<\/p>\n","protected":false},"author":1,"featured_media":0,"parent":199258,"menu_order":30,"comment_status":"closed","ping_status":"closed","template":"","meta":{"footnotes":""},"yoast_head":"<!-- This site is optimized with the Yoast SEO plugin v24.5 - https:\/\/yoast.com\/wordpress\/plugins\/seo\/ -->\n<title>Klusterraren bilerak - Euskadiko Mugikortasun eta Logistika Klusterra<\/title>\n<meta name=\"robots\" content=\"index, follow, max-snippet:-1, max-image-preview:large, max-video-preview:-1\" \/>\n<link rel=\"canonical\" href=\"https:\/\/mlcluster.com\/eu\/ekitaldiak\/klusterraren-bilerak\/\" \/>\n<meta property=\"og:locale\" content=\"en_US\" \/>\n<meta property=\"og:type\" content=\"article\" \/>\n<meta property=\"og:title\" content=\"Klusterraren bilerak - Euskadiko Mugikortasun eta Logistika Klusterra\" \/>\n<meta property=\"og:description\" content=\"[vc_row full_width=&#8221;stretch_row&#8221; bg_type=&#8221;bg_color&#8221; bg_override=&#8221;ex-full&#8221; bg_color_value=&#8221;#dd3333&#8243; css=&#8221;.vc_custom_1626172276344{margin-bottom: 20px !important;}&#8221;][vc_column][vc_column_text css=&#8221;.vc_custom_1639060258099{margin-top: -20px !important;margin-bottom: 15px !important;padding-top: 0px !important;padding-bottom: 0px !important;}&#8221;] Hasiera \/ Ekitaldiak \/ Klusterraren bilerak [\/vc_column_text][\/vc_column][\/vc_row][vc_row equal_height=&#8221;yes&#8221; css=&#8221;.vc_custom_1621844457202{margin-top: -35px !important;}&#8221;][vc_column css=&#8221;.vc_custom_1620731232713{background-position: 0 0 !important;background-repeat: no-repeat !important;}&#8221;][\/vc_column][\/vc_row][vc_row full_width=&#8221;stretch_row&#8221; equal_height=&#8221;yes&#8221;][vc_column css=&#8221;.vc_custom_1620991834681{margin-top: 0px !important;padding-top: 0px !important;}&#8221;][\/vc_column][\/vc_row]\" \/>\n<meta property=\"og:url\" content=\"https:\/\/mlcluster.com\/eu\/ekitaldiak\/klusterraren-bilerak\/\" \/>\n<meta property=\"og:site_name\" content=\"Euskadiko Mugikortasun eta Logistika Klusterra\" \/>\n<meta property=\"article:modified_time\" content=\"2021-12-09T14:33:53+00:00\" \/>\n<meta name=\"twitter:card\" content=\"summary_large_image\" \/>\n<meta name=\"twitter:label1\" content=\"Est. reading time\" \/>\n\t<meta name=\"twitter:data1\" content=\"1 minutua\" \/>\n<script type=\"application\/ld+json\" class=\"yoast-schema-graph\">{\"@context\":\"https:\/\/schema.org\",\"@graph\":[{\"@type\":\"WebPage\",\"@id\":\"https:\/\/mlcluster.com\/eu\/ekitaldiak\/klusterraren-bilerak\/\",\"url\":\"https:\/\/mlcluster.com\/eu\/ekitaldiak\/klusterraren-bilerak\/\",\"name\":\"Klusterraren bilerak - Euskadiko Mugikortasun eta Logistika Klusterra\",\"isPartOf\":{\"@id\":\"https:\/\/mlcluster.com\/#website\"},\"datePublished\":\"2021-07-20T07:41:40+00:00\",\"dateModified\":\"2021-12-09T14:33:53+00:00\",\"breadcrumb\":{\"@id\":\"https:\/\/mlcluster.com\/eu\/ekitaldiak\/klusterraren-bilerak\/#breadcrumb\"},\"inLanguage\":\"eu\",\"potentialAction\":[{\"@type\":\"ReadAction\",\"target\":[\"https:\/\/mlcluster.com\/eu\/ekitaldiak\/klusterraren-bilerak\/\"]}]},{\"@type\":\"BreadcrumbList\",\"@id\":\"https:\/\/mlcluster.com\/eu\/ekitaldiak\/klusterraren-bilerak\/#breadcrumb\",\"itemListElement\":[{\"@type\":\"ListItem\",\"position\":1,\"name\":\"Portada\",\"item\":\"https:\/\/mlcluster.com\/eu\/\"},{\"@type\":\"ListItem\",\"position\":2,\"name\":\"Ekitaldiak\",\"item\":\"https:\/\/mlcluster.com\/eu\/ekitaldiak\/\"},{\"@type\":\"ListItem\",\"position\":3,\"name\":\"Klusterraren bilerak\"}]},{\"@type\":\"WebSite\",\"@id\":\"https:\/\/mlcluster.com\/#website\",\"url\":\"https:\/\/mlcluster.com\/\",\"name\":\"Euskadiko Mugikortasun eta Logistika Klusterra\",\"description\":\"Asociaci\u00f3n de empresas de Movilidad y Log\u00edstica del Pa\u00eds Vasco cuya misi\u00f3n es favorecer la competitividad impulsando la innovaci\u00f3n, la cooperaci\u00f3n y la promoci\u00f3n.\",\"potentialAction\":[{\"@type\":\"SearchAction\",\"target\":{\"@type\":\"EntryPoint\",\"urlTemplate\":\"https:\/\/mlcluster.com\/?s={search_term_string}\"},\"query-input\":{\"@type\":\"PropertyValueSpecification\",\"valueRequired\":true,\"valueName\":\"search_term_string\"}}],\"inLanguage\":\"eu\"}]}<\/script>\n<!-- \/ Yoast SEO plugin. -->","yoast_head_json":{"title":"Klusterraren bilerak - Euskadiko Mugikortasun eta Logistika Klusterra","robots":{"index":"index","follow":"follow","max-snippet":"max-snippet:-1","max-image-preview":"max-image-preview:large","max-video-preview":"max-video-preview:-1"},"canonical":"https:\/\/mlcluster.com\/eu\/ekitaldiak\/klusterraren-bilerak\/","og_locale":"en_US","og_type":"article","og_title":"Klusterraren bilerak - Euskadiko Mugikortasun eta Logistika Klusterra","og_description":"[vc_row full_width=&#8221;stretch_row&#8221; bg_type=&#8221;bg_color&#8221; bg_override=&#8221;ex-full&#8221; bg_color_value=&#8221;#dd3333&#8243; css=&#8221;.vc_custom_1626172276344{margin-bottom: 20px !important;}&#8221;][vc_column][vc_column_text css=&#8221;.vc_custom_1639060258099{margin-top: -20px !important;margin-bottom: 15px !important;padding-top: 0px !important;padding-bottom: 0px !important;}&#8221;] Hasiera \/ Ekitaldiak \/ Klusterraren bilerak [\/vc_column_text][\/vc_column][\/vc_row][vc_row equal_height=&#8221;yes&#8221; css=&#8221;.vc_custom_1621844457202{margin-top: -35px !important;}&#8221;][vc_column css=&#8221;.vc_custom_1620731232713{background-position: 0 0 !important;background-repeat: no-repeat !important;}&#8221;][\/vc_column][\/vc_row][vc_row full_width=&#8221;stretch_row&#8221; equal_height=&#8221;yes&#8221;][vc_column css=&#8221;.vc_custom_1620991834681{margin-top: 0px !important;padding-top: 0px !important;}&#8221;][\/vc_column][\/vc_row]","og_url":"https:\/\/mlcluster.com\/eu\/ekitaldiak\/klusterraren-bilerak\/","og_site_name":"Euskadiko Mugikortasun eta Logistika Klusterra","article_modified_time":"2021-12-09T14:33:53+00:00","twitter_card":"summary_large_image","twitter_misc":{"Est. reading time":"1 minutua"},"schema":{"@context":"https:\/\/schema.org","@graph":[{"@type":"WebPage","@id":"https:\/\/mlcluster.com\/eu\/ekitaldiak\/klusterraren-bilerak\/","url":"https:\/\/mlcluster.com\/eu\/ekitaldiak\/klusterraren-bilerak\/","name":"Klusterraren bilerak - Euskadiko Mugikortasun eta Logistika Klusterra","isPartOf":{"@id":"https:\/\/mlcluster.com\/#website"},"datePublished":"2021-07-20T07:41:40+00:00","dateModified":"2021-12-09T14:33:53+00:00","breadcrumb":{"@id":"https:\/\/mlcluster.com\/eu\/ekitaldiak\/klusterraren-bilerak\/#breadcrumb"},"inLanguage":"eu","potentialAction":[{"@type":"ReadAction","target":["https:\/\/mlcluster.com\/eu\/ekitaldiak\/klusterraren-bilerak\/"]}]},{"@type":"BreadcrumbList","@id":"https:\/\/mlcluster.com\/eu\/ekitaldiak\/klusterraren-bilerak\/#breadcrumb","itemListElement":[{"@type":"ListItem","position":1,"name":"Portada","item":"https:\/\/mlcluster.com\/eu\/"},{"@type":"ListItem","position":2,"name":"Ekitaldiak","item":"https:\/\/mlcluster.com\/eu\/ekitaldiak\/"},{"@type":"ListItem","position":3,"name":"Klusterraren bilerak"}]},{"@type":"WebSite","@id":"https:\/\/mlcluster.com\/#website","url":"https:\/\/mlcluster.com\/","name":"Euskadiko Mugikortasun eta Logistika Klusterra","description":"Asociaci\u00f3n de empresas de Movilidad y Log\u00edstica del Pa\u00eds Vasco cuya misi\u00f3n es favorecer la competitividad impulsando la innovaci\u00f3n, la cooperaci\u00f3n y la promoci\u00f3n.","potentialAction":[{"@type":"SearchAction","target":{"@type":"EntryPoint","urlTemplate":"https:\/\/mlcluster.com\/?s={search_term_string}"},"query-input":{"@type":"PropertyValueSpecification","valueRequired":true,"valueName":"search_term_string"}}],"inLanguage":"eu"}]}},"_links":{"self":[{"href":"https:\/\/mlcluster.com\/eu\/wp-json\/wp\/v2\/pages\/199279"}],"collection":[{"href":"https:\/\/mlcluster.com\/eu\/wp-json\/wp\/v2\/pages"}],"about":[{"href":"https:\/\/mlcluster.com\/eu\/wp-json\/wp\/v2\/types\/page"}],"author":[{"embeddable":true,"href":"https:\/\/mlcluster.com\/eu\/wp-json\/wp\/v2\/users\/1"}],"replies":[{"embeddable":true,"href":"https:\/\/mlcluster.com\/eu\/wp-json\/wp\/v2\/comments?post=199279"}],"version-history":[{"count":0,"href":"https:\/\/mlcluster.com\/eu\/wp-json\/wp\/v2\/pages\/199279\/revisions"}],"up":[{"embeddable":true,"href":"https:\/\/mlcluster.com\/eu\/wp-json\/wp\/v2\/pages\/199258"}],"wp:attachment":[{"href":"https:\/\/mlcluster.com\/eu\/wp-json\/wp\/v2\/media?parent=199279"}],"curies":[{"name":"wp","href":"https:\/\/api.w.org\/{rel}","templated":true}]}}