{"id":395771,"date":"2025-05-21T12:54:46","date_gmt":"2025-05-21T10:54:46","guid":{"rendered":"https:\/\/mlcluster.com\/?page_id=395771"},"modified":"2025-05-22T11:33:40","modified_gmt":"2025-05-22T09:33:40","slug":"nortzuk-gara","status":"publish","type":"page","link":"https:\/\/mlcluster.com\/eu\/nortzuk-gara\/","title":{"rendered":"Nortzuk gara"},"content":{"rendered":"<div class=\"wpb-content-wrapper\"><p>[vc_row full_width=&#8221;stretch_row&#8221; equal_height=&#8221;yes&#8221; content_placement=&#8221;middle&#8221; bg_type=&#8221;bg_color&#8221; bg_override=&#8221;ex-full&#8221; bg_color_value=&#8221;#DD3333&#8243;][vc_column][vc_column_text css=&#8221;&#8221;]<\/p>\n<p style=\"color: white; text-align: right;\"><a style=\"color: white;\" href=\"\/\">Hasiera<\/a> \/ Klusterra \/ <a style=\"color: white;\" href=\"\/eu\/nortzuk-gara\/\">Nortzuk gara<\/a><\/p>\n<p>[\/vc_column_text][\/vc_column][\/vc_row][vc_row][vc_column]<div id=\"ultimate-heading-278969da0888b08fa\" class=\"uvc-heading ult-adjust-bottom-margin ultimate-heading-278969da0888b08fa uvc-8609  uvc-heading-default-font-sizes\" data-hspacer=\"line_with_icon\" data-hline_width=\"100\" data-hicon_type=\"selector\" data-hborder_style=\"solid\" data-hborder_height=\"3\" data-hborder_color=\"#b0b0af\" data-icon_width=\"20\" data-hfixer=\"10\"  data-halign=\"center\" style=\"text-align:center\"><div class=\"uvc-main-heading ult-responsive\"  data-ultimate-target='.uvc-heading.ultimate-heading-278969da0888b08fa h1'  data-responsive-json-new='{\"font-size\":\"\",\"line-height\":\"\"}' ><h1 style=\"--font-weight:theme;\">Nortzuk gara<\/h1><\/div><div class=\"uvc-heading-spacer line_with_icon\" style=\"topheight:20px;\"><div class=\"ult-just-icon-wrapper  \"><div class=\"align-icon\" style=\"text-align:center;\">\n<div class=\"aio-icon none \"  style=\"font-size:20px;display:inline-block;\">\n\t<i class=\"icomoon-the7-font-the7-arrow-05\"><\/i>\n<\/div><\/div><\/div><\/div><\/div><div class=\"ult-spacer spacer-69da0888b0956\" data-id=\"69da0888b0956\" data-height=\"20\" data-height-mobile=\"20\" data-height-tab=\"20\" data-height-tab-portrait=\"20\" data-height-mobile-landscape=\"20\" style=\"clear:both;display:block;\"><\/div>[vc_row_inner][vc_column_inner width=&#8221;1\/2&#8243;][vc_column_text css=&#8221;&#8221;]2005. urtean sortu zenetik, Mugikortasun eta Logistika Klusterra, MLC ITS Euskadi, irabazi-asmorik gabeko elkarte pribatua da.<\/p>\n<p>Pertsonen Mugikortasunaren, Merkantzien Logistikaren eta horrekin lotutako Industriaren sektorean lan egiten du, hau da, Garraioaren alorreko produktu, irtenbide, zerbitzu eta teknologia espezifikoak (ITS \u2013 Intelligent Transport Systems-) garatzen duen sektorean, horri guztiari esker Mugikortasuna egunez egun gero eta seguruagoa, efizienteagoa, jasangarriagoa eta teknologikoki aurreratuagoa izatea lortzeko.[\/vc_column_text][\/vc_column_inner][vc_column_inner width=&#8221;1\/2&#8243;][vc_column_text css=&#8221;&#8221;]Klusterra Eusko Jaurlaritzak <a href=\"https:\/\/www.spri.eus\/\">SPRI<\/a> Enpresa Garapenerako Euskal Agentziaren bitartez bultzatutako Kluster Politikaren esparruan sektorearen erreferentziazko taldea da. Era berean, Espainiako Gobernuko Industria Ministerioaren mendeko <a href=\"https:\/\/clusters.ipyme.org\/es-es\/Paginas\/PagInicio.aspx\">Enpresa Elkarte Berritzaileen Sareko<\/a> kide da, eta \u00abBronze Label\u00bb kategorian Klusterren Kudeaketaren Bikaintasunerako kalifikatuta dago ESCA-ren eskutik, <a href=\"https:\/\/www.cluster-analysis.org\/\">European Secretariat for Cluster Analysis<\/a>.[\/vc_column_text][\/vc_column_inner][\/vc_row_inner]<div class=\"ult-spacer spacer-69da0888b0986\" data-id=\"69da0888b0986\" data-height=\"20\" data-height-mobile=\"20\" data-height-tab=\"20\" data-height-tab-portrait=\"20\" data-height-mobile-landscape=\"20\" style=\"clear:both;display:block;\"><\/div>[vc_column_text css=&#8221;&#8221;]<\/p>\n<p style=\"text-align: center;\"><strong>Bere jarduna honako eremu hauetan garatzen du:<\/strong><\/p>\n<p>[\/vc_column_text][vc_row_inner][vc_column_inner width=&#8221;1\/4&#8243;]<div class=\"aio-icon-component    style_1\"><div id=\"Info-box-wrap-3868\" class=\"aio-icon-box top-icon\" style=\"\"  ><div class=\"aio-icon-top\"><div class=\"ult-just-icon-wrapper  \"><div class=\"align-icon\" style=\"text-align:center;\">\n<div class=\"aio-icon-img \" style=\"font-size:75px;display:inline-block;\" >\n\t<img decoding=\"async\" class=\"img-icon\" alt=\"null\" src=\"https:\/\/mlcluster.com\/wp-content\/uploads\/2021\/04\/inversion-idi.png\"\/>\n<\/div><\/div><\/div><\/div><div class=\"aio-icon-header\" ><h4 class=\"aio-icon-title ult-responsive\"  data-ultimate-target='#Info-box-wrap-3868 .aio-icon-title'  data-responsive-json-new='{\"font-size\":\"\",\"line-height\":\"\"}'  style=\"\">BERRIKUNTZA<\/h4><\/div> <!-- header --><\/div> <!-- aio-icon-box --><\/div> <!-- aio-icon-component -->[\/vc_column_inner][vc_column_inner width=&#8221;1\/4&#8243;]<div class=\"aio-icon-component    style_1\"><div id=\"Info-box-wrap-4535\" class=\"aio-icon-box top-icon\" style=\"\"  ><div class=\"aio-icon-top\"><div class=\"ult-just-icon-wrapper  \"><div class=\"align-icon\" style=\"text-align:center;\">\n<div class=\"aio-icon-img \" style=\"font-size:75px;display:inline-block;\" >\n\t<img decoding=\"async\" class=\"img-icon\" alt=\"null\" src=\"https:\/\/mlcluster.com\/wp-content\/uploads\/2021\/04\/exportacion.png\"\/>\n<\/div><\/div><\/div><\/div><div class=\"aio-icon-header\" ><h4 class=\"aio-icon-title ult-responsive\"  data-ultimate-target='#Info-box-wrap-4535 .aio-icon-title'  data-responsive-json-new='{\"font-size\":\"\",\"line-height\":\"\"}'  style=\"\">NAZIOARTEKOTZEA ETA MERKATUAK<\/h4><\/div> <!-- header --><\/div> <!-- aio-icon-box --><\/div> <!-- aio-icon-component -->[\/vc_column_inner][vc_column_inner width=&#8221;1\/4&#8243;]<div class=\"aio-icon-component    style_1\"><div id=\"Info-box-wrap-7744\" class=\"aio-icon-box top-icon\" style=\"\"  ><div class=\"aio-icon-top\"><div class=\"ult-just-icon-wrapper  \"><div class=\"align-icon\" style=\"text-align:center;\">\n<div class=\"aio-icon-img \" style=\"font-size:75px;display:inline-block;\" >\n\t<img decoding=\"async\" class=\"img-icon\" alt=\"null\" src=\"https:\/\/mlcluster.com\/wp-content\/uploads\/2021\/04\/empresas.png\"\/>\n<\/div><\/div><\/div><\/div><div class=\"aio-icon-header\" ><h4 class=\"aio-icon-title ult-responsive\"  data-ultimate-target='#Info-box-wrap-7744 .aio-icon-title'  data-responsive-json-new='{\"font-size\":\"\",\"line-height\":\"\"}'  style=\"\">LANKIDETZA<\/h4><\/div> <!-- header --><\/div> <!-- aio-icon-box --><\/div> <!-- aio-icon-component -->[\/vc_column_inner][vc_column_inner width=&#8221;1\/4&#8243;]<div class=\"aio-icon-component    style_1\"><div id=\"Info-box-wrap-9202\" class=\"aio-icon-box top-icon\" style=\"\"  ><div class=\"aio-icon-top\"><div class=\"ult-just-icon-wrapper  \"><div class=\"align-icon\" style=\"text-align:center;\">\n<div class=\"aio-icon-img \" style=\"font-size:75px;display:inline-block;\" >\n\t<img decoding=\"async\" class=\"img-icon\" alt=\"null\" src=\"https:\/\/mlcluster.com\/wp-content\/uploads\/2021\/04\/promover-actividad.png\"\/>\n<\/div><\/div><\/div><\/div><div class=\"aio-icon-header\" ><h4 class=\"aio-icon-title ult-responsive\"  data-ultimate-target='#Info-box-wrap-9202 .aio-icon-title'  data-responsive-json-new='{\"font-size\":\"\",\"line-height\":\"\"}'  style=\"\">SUSTAPENA<\/h4><\/div> <!-- header --><\/div> <!-- aio-icon-box --><\/div> <!-- aio-icon-component -->[\/vc_column_inner][\/vc_row_inner]<div class=\"ult-spacer spacer-69da0888b15eb\" data-id=\"69da0888b15eb\" data-height=\"20\" data-height-mobile=\"20\" data-height-tab=\"20\" data-height-tab-portrait=\"20\" data-height-mobile-landscape=\"20\" style=\"clear:both;display:block;\"><\/div>[\/vc_column][\/vc_row]<\/p>\n<\/div>","protected":false},"excerpt":{"rendered":"<p>[vc_row full_width=&#8221;stretch_row&#8221; equal_height=&#8221;yes&#8221; content_placement=&#8221;middle&#8221; bg_type=&#8221;bg_color&#8221; bg_override=&#8221;ex-full&#8221; bg_color_value=&#8221;#DD3333&#8243;][vc_column][vc_column_text css=&#8221;&#8221;] Hasiera \/ Klusterra \/ Nortzuk gara [\/vc_column_text][\/vc_column][\/vc_row][vc_row][vc_column][vc_row_inner][vc_column_inner width=&#8221;1\/2&#8243;][vc_column_text css=&#8221;&#8221;]2005. urtean sortu zenetik, Mugikortasun eta Logistika Klusterra, MLC ITS Euskadi, irabazi-asmorik gabeko elkarte pribatua da. Pertsonen Mugikortasunaren, Merkantzien Logistikaren eta horrekin lotutako Industriaren sektorean lan egiten du, hau da, Garraioaren alorreko produktu, irtenbide, zerbitzu eta teknologia espezifikoak (ITS&hellip;<\/p>\n","protected":false},"author":2,"featured_media":0,"parent":0,"menu_order":20,"comment_status":"closed","ping_status":"closed","template":"","meta":{"footnotes":""},"yoast_head":"<!-- This site is optimized with the Yoast SEO plugin v24.5 - https:\/\/yoast.com\/wordpress\/plugins\/seo\/ -->\n<title>Nortzuk gara - Euskadiko Mugikortasun eta Logistika Klusterra<\/title>\n<meta name=\"robots\" content=\"index, follow, max-snippet:-1, max-image-preview:large, max-video-preview:-1\" \/>\n<link rel=\"canonical\" href=\"https:\/\/mlcluster.com\/eu\/nortzuk-gara\/\" \/>\n<meta property=\"og:locale\" content=\"en_US\" \/>\n<meta property=\"og:type\" content=\"article\" \/>\n<meta property=\"og:title\" content=\"Nortzuk gara - Euskadiko Mugikortasun eta Logistika Klusterra\" \/>\n<meta property=\"og:description\" content=\"[vc_row full_width=&#8221;stretch_row&#8221; equal_height=&#8221;yes&#8221; content_placement=&#8221;middle&#8221; bg_type=&#8221;bg_color&#8221; bg_override=&#8221;ex-full&#8221; bg_color_value=&#8221;#DD3333&#8243;][vc_column][vc_column_text css=&#8221;&#8221;] Hasiera \/ Klusterra \/ Nortzuk gara [\/vc_column_text][\/vc_column][\/vc_row][vc_row][vc_column][vc_row_inner][vc_column_inner width=&#8221;1\/2&#8243;][vc_column_text css=&#8221;&#8221;]2005. urtean sortu zenetik, Mugikortasun eta Logistika Klusterra, MLC ITS Euskadi, irabazi-asmorik gabeko elkarte pribatua da. Pertsonen Mugikortasunaren, Merkantzien Logistikaren eta horrekin lotutako Industriaren sektorean lan egiten du, hau da, Garraioaren alorreko produktu, irtenbide, zerbitzu eta teknologia espezifikoak (ITS&hellip;\" \/>\n<meta property=\"og:url\" content=\"https:\/\/mlcluster.com\/eu\/nortzuk-gara\/\" \/>\n<meta property=\"og:site_name\" content=\"Euskadiko Mugikortasun eta Logistika Klusterra\" \/>\n<meta property=\"article:modified_time\" content=\"2025-05-22T09:33:40+00:00\" \/>\n<meta name=\"twitter:card\" content=\"summary_large_image\" \/>\n<meta name=\"twitter:label1\" content=\"Est. reading time\" \/>\n\t<meta name=\"twitter:data1\" content=\"1 minutua\" \/>\n<script type=\"application\/ld+json\" class=\"yoast-schema-graph\">{\"@context\":\"https:\/\/schema.org\",\"@graph\":[{\"@type\":\"WebPage\",\"@id\":\"https:\/\/mlcluster.com\/eu\/nortzuk-gara\/\",\"url\":\"https:\/\/mlcluster.com\/eu\/nortzuk-gara\/\",\"name\":\"Nortzuk gara - Euskadiko Mugikortasun eta Logistika Klusterra\",\"isPartOf\":{\"@id\":\"https:\/\/mlcluster.com\/#website\"},\"datePublished\":\"2025-05-21T10:54:46+00:00\",\"dateModified\":\"2025-05-22T09:33:40+00:00\",\"breadcrumb\":{\"@id\":\"https:\/\/mlcluster.com\/eu\/nortzuk-gara\/#breadcrumb\"},\"inLanguage\":\"eu\",\"potentialAction\":[{\"@type\":\"ReadAction\",\"target\":[\"https:\/\/mlcluster.com\/eu\/nortzuk-gara\/\"]}]},{\"@type\":\"BreadcrumbList\",\"@id\":\"https:\/\/mlcluster.com\/eu\/nortzuk-gara\/#breadcrumb\",\"itemListElement\":[{\"@type\":\"ListItem\",\"position\":1,\"name\":\"Portada\",\"item\":\"https:\/\/mlcluster.com\/eu\/\"},{\"@type\":\"ListItem\",\"position\":2,\"name\":\"Nortzuk gara\"}]},{\"@type\":\"WebSite\",\"@id\":\"https:\/\/mlcluster.com\/#website\",\"url\":\"https:\/\/mlcluster.com\/\",\"name\":\"Euskadiko Mugikortasun eta Logistika Klusterra\",\"description\":\"Asociaci\u00f3n de empresas de Movilidad y Log\u00edstica del Pa\u00eds Vasco cuya misi\u00f3n es favorecer la competitividad impulsando la innovaci\u00f3n, la cooperaci\u00f3n y la promoci\u00f3n.\",\"potentialAction\":[{\"@type\":\"SearchAction\",\"target\":{\"@type\":\"EntryPoint\",\"urlTemplate\":\"https:\/\/mlcluster.com\/?s={search_term_string}\"},\"query-input\":{\"@type\":\"PropertyValueSpecification\",\"valueRequired\":true,\"valueName\":\"search_term_string\"}}],\"inLanguage\":\"eu\"}]}<\/script>\n<!-- \/ Yoast SEO plugin. -->","yoast_head_json":{"title":"Nortzuk gara - Euskadiko Mugikortasun eta Logistika Klusterra","robots":{"index":"index","follow":"follow","max-snippet":"max-snippet:-1","max-image-preview":"max-image-preview:large","max-video-preview":"max-video-preview:-1"},"canonical":"https:\/\/mlcluster.com\/eu\/nortzuk-gara\/","og_locale":"en_US","og_type":"article","og_title":"Nortzuk gara - Euskadiko Mugikortasun eta Logistika Klusterra","og_description":"[vc_row full_width=&#8221;stretch_row&#8221; equal_height=&#8221;yes&#8221; content_placement=&#8221;middle&#8221; bg_type=&#8221;bg_color&#8221; bg_override=&#8221;ex-full&#8221; bg_color_value=&#8221;#DD3333&#8243;][vc_column][vc_column_text css=&#8221;&#8221;] Hasiera \/ Klusterra \/ Nortzuk gara [\/vc_column_text][\/vc_column][\/vc_row][vc_row][vc_column][vc_row_inner][vc_column_inner width=&#8221;1\/2&#8243;][vc_column_text css=&#8221;&#8221;]2005. urtean sortu zenetik, Mugikortasun eta Logistika Klusterra, MLC ITS Euskadi, irabazi-asmorik gabeko elkarte pribatua da. Pertsonen Mugikortasunaren, Merkantzien Logistikaren eta horrekin lotutako Industriaren sektorean lan egiten du, hau da, Garraioaren alorreko produktu, irtenbide, zerbitzu eta teknologia espezifikoak (ITS&hellip;","og_url":"https:\/\/mlcluster.com\/eu\/nortzuk-gara\/","og_site_name":"Euskadiko Mugikortasun eta Logistika Klusterra","article_modified_time":"2025-05-22T09:33:40+00:00","twitter_card":"summary_large_image","twitter_misc":{"Est. reading time":"1 minutua"},"schema":{"@context":"https:\/\/schema.org","@graph":[{"@type":"WebPage","@id":"https:\/\/mlcluster.com\/eu\/nortzuk-gara\/","url":"https:\/\/mlcluster.com\/eu\/nortzuk-gara\/","name":"Nortzuk gara - Euskadiko Mugikortasun eta Logistika Klusterra","isPartOf":{"@id":"https:\/\/mlcluster.com\/#website"},"datePublished":"2025-05-21T10:54:46+00:00","dateModified":"2025-05-22T09:33:40+00:00","breadcrumb":{"@id":"https:\/\/mlcluster.com\/eu\/nortzuk-gara\/#breadcrumb"},"inLanguage":"eu","potentialAction":[{"@type":"ReadAction","target":["https:\/\/mlcluster.com\/eu\/nortzuk-gara\/"]}]},{"@type":"BreadcrumbList","@id":"https:\/\/mlcluster.com\/eu\/nortzuk-gara\/#breadcrumb","itemListElement":[{"@type":"ListItem","position":1,"name":"Portada","item":"https:\/\/mlcluster.com\/eu\/"},{"@type":"ListItem","position":2,"name":"Nortzuk gara"}]},{"@type":"WebSite","@id":"https:\/\/mlcluster.com\/#website","url":"https:\/\/mlcluster.com\/","name":"Euskadiko Mugikortasun eta Logistika Klusterra","description":"Asociaci\u00f3n de empresas de Movilidad y Log\u00edstica del Pa\u00eds Vasco cuya misi\u00f3n es favorecer la competitividad impulsando la innovaci\u00f3n, la cooperaci\u00f3n y la promoci\u00f3n.","potentialAction":[{"@type":"SearchAction","target":{"@type":"EntryPoint","urlTemplate":"https:\/\/mlcluster.com\/?s={search_term_string}"},"query-input":{"@type":"PropertyValueSpecification","valueRequired":true,"valueName":"search_term_string"}}],"inLanguage":"eu"}]}},"_links":{"self":[{"href":"https:\/\/mlcluster.com\/eu\/wp-json\/wp\/v2\/pages\/395771"}],"collection":[{"href":"https:\/\/mlcluster.com\/eu\/wp-json\/wp\/v2\/pages"}],"about":[{"href":"https:\/\/mlcluster.com\/eu\/wp-json\/wp\/v2\/types\/page"}],"author":[{"embeddable":true,"href":"https:\/\/mlcluster.com\/eu\/wp-json\/wp\/v2\/users\/2"}],"replies":[{"embeddable":true,"href":"https:\/\/mlcluster.com\/eu\/wp-json\/wp\/v2\/comments?post=395771"}],"version-history":[{"count":19,"href":"https:\/\/mlcluster.com\/eu\/wp-json\/wp\/v2\/pages\/395771\/revisions"}],"predecessor-version":[{"id":396186,"href":"https:\/\/mlcluster.com\/eu\/wp-json\/wp\/v2\/pages\/395771\/revisions\/396186"}],"wp:attachment":[{"href":"https:\/\/mlcluster.com\/eu\/wp-json\/wp\/v2\/media?parent=395771"}],"curies":[{"name":"wp","href":"https:\/\/api.w.org\/{rel}","templated":true}]}}