{"id":402075,"date":"2024-11-27T12:08:23","date_gmt":"2024-11-27T11:08:23","guid":{"rendered":"https:\/\/mlcluster.com\/politica-cluster\/"},"modified":"2025-06-20T13:54:42","modified_gmt":"2025-06-20T11:54:42","slug":"kluster-politika","status":"publish","type":"page","link":"https:\/\/mlcluster.com\/eu\/kluster-politika\/","title":{"rendered":"Kluster Politika"},"content":{"rendered":"<div class=\"wpb-content-wrapper\"><p>[vc_row full_width=&#8221;stretch_row&#8221; equal_height=&#8221;yes&#8221; content_placement=&#8221;middle&#8221; bg_type=&#8221;bg_color&#8221; bg_override=&#8221;ex-full&#8221; bg_color_value=&#8221;#dd3333&#8243; css=&#8221;.vc_custom_1626257027503{margin-bottom: 20px !important;}&#8221;][vc_column][vc_column_text css=&#8221;.vc_custom_1750419161000{margin-top: -15px !important;margin-bottom: 15px !important;}&#8221;]<\/p>\n<p style=\"color: white; text-align: right;\"><a style=\"color: white;\" href=\"\/eu\/\">Hasiera<\/a> \/ Klusterra \/ <a style=\"color: white;\" href=\"\/kluster-politika\/\">Kluster Politika<\/a><\/p>\n<p>[\/vc_column_text][\/vc_column][\/vc_row][vc_row equal_height=&#8221;yes&#8221;][vc_column width=&#8221;1\/6&#8243; css=&#8221;.vc_custom_1620992772888{margin-top: 0px !important;padding-top: 0px !important;}&#8221;][\/vc_column][vc_column width=&#8221;2\/3&#8243;]<div id=\"ultimate-heading-181669e1683806e00\" class=\"uvc-heading ult-adjust-bottom-margin ultimate-heading-181669e1683806e00 uvc-3030 \" data-hspacer=\"line_with_icon\" data-hline_width=\"100\" data-hicon_type=\"selector\" data-hborder_style=\"solid\" data-hborder_height=\"3\" data-hborder_color=\"#b0b0af\" data-icon_width=\"20\" data-hfixer=\"10\"  data-halign=\"center\" style=\"text-align:center\"><div class=\"uvc-main-heading ult-responsive\"  data-ultimate-target='.uvc-heading.ultimate-heading-181669e1683806e00 h1'  data-responsive-json-new='{\"font-size\":\"mobile_landscape:22px;mobile:22px;\",\"line-height\":\"mobile_landscape:28px;mobile:28px;\"}' ><h1 style=\"--font-weight:theme;\">KLUSTER POLITIKA<\/h1><\/div><div class=\"uvc-heading-spacer line_with_icon\" style=\"margin-top:10px;margin-bottom:10px;height:20px;\"><div class=\"ult-just-icon-wrapper  \"><div class=\"align-icon\" style=\"text-align:center;\">\n<div class=\"aio-icon none \"  style=\"font-size:20px;display:inline-block;\">\n\t<i class=\"icomoon-the7-font-the7-arrow-05\"><\/i>\n<\/div><\/div><\/div><\/div><\/div><div class=\"ult-spacer spacer-69e1683806e5f\" data-id=\"69e1683806e5f\" data-height=\"20\" data-height-mobile=\"20\" data-height-tab=\"20\" data-height-tab-portrait=\"20\" data-height-mobile-landscape=\"20\" style=\"clear:both;display:block;\"><\/div>[\/vc_column][vc_column width=&#8221;1\/6&#8243;][\/vc_column][\/vc_row][vc_row][vc_column width=&#8221;1\/2&#8243;][vc_column_text css=&#8221;&#8221;]<strong>Sektoreko enpresen arteko lankidetza teknikoa eta komertziala sustatuz<\/strong>[\/vc_column_text][vc_column_text css=&#8221;&#8221;]Euskadin, <a href=\"https:\/\/www.spri.eus\/ris3-euskadi\/kluster-politika\/\" target=\"_blank\" rel=\"noopener\">Kluster-Sare<\/a> handi bat sortu da, enpresen lehiakortasuna handitzeko euren arteko lankidetzaren bitartez eta erakundeen eta unibertsitateen laguntza baliatuz, eta horrela lortu dugu euskal industria-sarea sendotzea.[\/vc_column_text]<div class=\"standard-arrow list-divider bullet-top\"><ul>\n<li>Mugikortasun eta Logistika Klusterra Euskadiko Kluster Politikaren parte da.<\/li>\n<\/ul>\n<\/div>[vc_column_text css=&#8221;&#8221;]<a href=\"https:\/\/www.spri.eus\/\" target=\"_blank\" rel=\"noopener\">SPRI Taldeak<\/a>\u00a0koordinatzen du Euskadiko Klusterren Dinamizaziorako Erakundeei laguntzeko programa, eta komunikazio irekia mantentzen du eurekin beren ekintza-planen jarraipena egiteko.[\/vc_column_text][\/vc_column][vc_column width=&#8221;1\/2&#8243;][vc_column_text css=&#8221;&#8221;]<strong>Kluster bateko kide izateak esan nahi du:<\/strong>[\/vc_column_text]<div class=\"standard-arrow list-divider bullet-top\"><ul>\n<li>Aukera dugula beste enpresa batzuekin <strong>koordinatzeko<\/strong>.<\/li>\n<li>Sektorerako esanguratsua den <strong>informazioa<\/strong> eskuratzeko.<\/li>\n<li><strong>Ezagutza<\/strong> eta <strong>aukerak<\/strong> partekatzeko.<\/li>\n<li>Beste kolaboratzaile batzuekin lan egiteko geure kabuz nekez gauzatuko genituzkeen <strong>proiektuetan<\/strong>.<\/li>\n<li>Estatu mailako zein nazioarteko <strong>ikusgarritasuna<\/strong> lortzeko.<\/li>\n<li><strong>Berrikuntza<\/strong> teknologikoa eta enpresa arloko berrikuntza garatzeko, eta gure enpresak <strong>nazioartekotzeko<\/strong>.<\/li>\n<\/ul>\n<\/div>[\/vc_column][\/vc_row][vc_row][vc_column]<div class=\"ult-spacer spacer-69e1683806f80\" data-id=\"69e1683806f80\" data-height=\"20\" data-height-mobile=\"20\" data-height-tab=\"20\" data-height-tab-portrait=\"20\" data-height-mobile-landscape=\"20\" style=\"clear:both;display:block;\"><\/div>[\/vc_column][\/vc_row][vc_row][vc_column]<div class=\"text-centered\"><a href=\"https:\/\/mlcluster.com\/eu\/bazkidetu-zaitez\/\" class=\"btn-shortcode dt-btn-s dt-btn default-btn-color default-btn-hover-color default-btn-bg-color default-btn-bg-hover-color\" id=\"dt-btn-1\"><span>BAZKIDETU ZAITEZ ETA PARTE HARTU<\/span><\/a><\/div><div class=\"ult-spacer spacer-69e1683806ff8\" data-id=\"69e1683806ff8\" data-height=\"20\" data-height-mobile=\"20\" data-height-tab=\"20\" data-height-tab-portrait=\"20\" data-height-mobile-landscape=\"20\" style=\"clear:both;display:block;\"><\/div>[\/vc_column][\/vc_row]<\/p>\n<\/div>","protected":false},"excerpt":{"rendered":"<p>[vc_row full_width=&#8221;stretch_row&#8221; equal_height=&#8221;yes&#8221; content_placement=&#8221;middle&#8221; bg_type=&#8221;bg_color&#8221; bg_override=&#8221;ex-full&#8221; bg_color_value=&#8221;#dd3333&#8243; css=&#8221;.vc_custom_1626257027503{margin-bottom: 20px !important;}&#8221;][vc_column][vc_column_text css=&#8221;.vc_custom_1750419161000{margin-top: -15px !important;margin-bottom: 15px !important;}&#8221;] Hasiera \/ Klusterra \/ Kluster Politika [\/vc_column_text][\/vc_column][\/vc_row][vc_row equal_height=&#8221;yes&#8221;][vc_column width=&#8221;1\/6&#8243; css=&#8221;.vc_custom_1620992772888{margin-top: 0px !important;padding-top: 0px !important;}&#8221;][\/vc_column][vc_column width=&#8221;2\/3&#8243;][\/vc_column][vc_column width=&#8221;1\/6&#8243;][\/vc_column][\/vc_row][vc_row][vc_column width=&#8221;1\/2&#8243;][vc_column_text css=&#8221;&#8221;]Sektoreko enpresen arteko lankidetza teknikoa eta komertziala sustatuz[\/vc_column_text][vc_column_text css=&#8221;&#8221;]Euskadin, Kluster-Sare handi bat sortu da, enpresen lehiakortasuna handitzeko euren arteko lankidetzaren bitartez eta erakundeen&hellip;<\/p>\n","protected":false},"author":2,"featured_media":0,"parent":0,"menu_order":60,"comment_status":"closed","ping_status":"closed","template":"","meta":{"footnotes":""},"yoast_head":"<!-- This site is optimized with the Yoast SEO plugin v24.5 - https:\/\/yoast.com\/wordpress\/plugins\/seo\/ -->\n<title>Kluster Politika - Euskadiko Mugikortasun eta Logistika Klusterra<\/title>\n<meta name=\"robots\" content=\"index, follow, max-snippet:-1, max-image-preview:large, max-video-preview:-1\" \/>\n<link rel=\"canonical\" href=\"https:\/\/mlcluster.com\/eu\/kluster-politika\/\" \/>\n<meta property=\"og:locale\" content=\"en_US\" \/>\n<meta property=\"og:type\" content=\"article\" \/>\n<meta property=\"og:title\" content=\"Kluster Politika - Euskadiko Mugikortasun eta Logistika Klusterra\" \/>\n<meta property=\"og:description\" content=\"[vc_row full_width=&#8221;stretch_row&#8221; equal_height=&#8221;yes&#8221; content_placement=&#8221;middle&#8221; bg_type=&#8221;bg_color&#8221; bg_override=&#8221;ex-full&#8221; bg_color_value=&#8221;#dd3333&#8243; css=&#8221;.vc_custom_1626257027503{margin-bottom: 20px !important;}&#8221;][vc_column][vc_column_text css=&#8221;.vc_custom_1750419161000{margin-top: -15px !important;margin-bottom: 15px !important;}&#8221;] Hasiera \/ Klusterra \/ Kluster Politika [\/vc_column_text][\/vc_column][\/vc_row][vc_row equal_height=&#8221;yes&#8221;][vc_column width=&#8221;1\/6&#8243; css=&#8221;.vc_custom_1620992772888{margin-top: 0px !important;padding-top: 0px !important;}&#8221;][\/vc_column][vc_column width=&#8221;2\/3&#8243;][\/vc_column][vc_column width=&#8221;1\/6&#8243;][\/vc_column][\/vc_row][vc_row][vc_column width=&#8221;1\/2&#8243;][vc_column_text css=&#8221;&#8221;]Sektoreko enpresen arteko lankidetza teknikoa eta komertziala sustatuz[\/vc_column_text][vc_column_text css=&#8221;&#8221;]Euskadin, Kluster-Sare handi bat sortu da, enpresen lehiakortasuna handitzeko euren arteko lankidetzaren bitartez eta erakundeen&hellip;\" \/>\n<meta property=\"og:url\" content=\"https:\/\/mlcluster.com\/eu\/kluster-politika\/\" \/>\n<meta property=\"og:site_name\" content=\"Euskadiko Mugikortasun eta Logistika Klusterra\" \/>\n<meta property=\"article:modified_time\" content=\"2025-06-20T11:54:42+00:00\" \/>\n<meta name=\"twitter:card\" content=\"summary_large_image\" \/>\n<meta name=\"twitter:label1\" content=\"Est. reading time\" \/>\n\t<meta name=\"twitter:data1\" content=\"1 minutua\" \/>\n<script type=\"application\/ld+json\" class=\"yoast-schema-graph\">{\"@context\":\"https:\/\/schema.org\",\"@graph\":[{\"@type\":\"WebPage\",\"@id\":\"https:\/\/mlcluster.com\/eu\/kluster-politika\/\",\"url\":\"https:\/\/mlcluster.com\/eu\/kluster-politika\/\",\"name\":\"Kluster Politika - Euskadiko Mugikortasun eta Logistika Klusterra\",\"isPartOf\":{\"@id\":\"https:\/\/mlcluster.com\/#website\"},\"datePublished\":\"2024-11-27T11:08:23+00:00\",\"dateModified\":\"2025-06-20T11:54:42+00:00\",\"breadcrumb\":{\"@id\":\"https:\/\/mlcluster.com\/eu\/kluster-politika\/#breadcrumb\"},\"inLanguage\":\"eu\",\"potentialAction\":[{\"@type\":\"ReadAction\",\"target\":[\"https:\/\/mlcluster.com\/eu\/kluster-politika\/\"]}]},{\"@type\":\"BreadcrumbList\",\"@id\":\"https:\/\/mlcluster.com\/eu\/kluster-politika\/#breadcrumb\",\"itemListElement\":[{\"@type\":\"ListItem\",\"position\":1,\"name\":\"Portada\",\"item\":\"https:\/\/mlcluster.com\/eu\/\"},{\"@type\":\"ListItem\",\"position\":2,\"name\":\"Kluster Politika\"}]},{\"@type\":\"WebSite\",\"@id\":\"https:\/\/mlcluster.com\/#website\",\"url\":\"https:\/\/mlcluster.com\/\",\"name\":\"Euskadiko Mugikortasun eta Logistika Klusterra\",\"description\":\"Asociaci\u00f3n de empresas de Movilidad y Log\u00edstica del Pa\u00eds Vasco cuya misi\u00f3n es favorecer la competitividad impulsando la innovaci\u00f3n, la cooperaci\u00f3n y la promoci\u00f3n.\",\"potentialAction\":[{\"@type\":\"SearchAction\",\"target\":{\"@type\":\"EntryPoint\",\"urlTemplate\":\"https:\/\/mlcluster.com\/?s={search_term_string}\"},\"query-input\":{\"@type\":\"PropertyValueSpecification\",\"valueRequired\":true,\"valueName\":\"search_term_string\"}}],\"inLanguage\":\"eu\"}]}<\/script>\n<!-- \/ Yoast SEO plugin. -->","yoast_head_json":{"title":"Kluster Politika - Euskadiko Mugikortasun eta Logistika Klusterra","robots":{"index":"index","follow":"follow","max-snippet":"max-snippet:-1","max-image-preview":"max-image-preview:large","max-video-preview":"max-video-preview:-1"},"canonical":"https:\/\/mlcluster.com\/eu\/kluster-politika\/","og_locale":"en_US","og_type":"article","og_title":"Kluster Politika - Euskadiko Mugikortasun eta Logistika Klusterra","og_description":"[vc_row full_width=&#8221;stretch_row&#8221; equal_height=&#8221;yes&#8221; content_placement=&#8221;middle&#8221; bg_type=&#8221;bg_color&#8221; bg_override=&#8221;ex-full&#8221; bg_color_value=&#8221;#dd3333&#8243; css=&#8221;.vc_custom_1626257027503{margin-bottom: 20px !important;}&#8221;][vc_column][vc_column_text css=&#8221;.vc_custom_1750419161000{margin-top: -15px !important;margin-bottom: 15px !important;}&#8221;] Hasiera \/ Klusterra \/ Kluster Politika [\/vc_column_text][\/vc_column][\/vc_row][vc_row equal_height=&#8221;yes&#8221;][vc_column width=&#8221;1\/6&#8243; css=&#8221;.vc_custom_1620992772888{margin-top: 0px !important;padding-top: 0px !important;}&#8221;][\/vc_column][vc_column width=&#8221;2\/3&#8243;][\/vc_column][vc_column width=&#8221;1\/6&#8243;][\/vc_column][\/vc_row][vc_row][vc_column width=&#8221;1\/2&#8243;][vc_column_text css=&#8221;&#8221;]Sektoreko enpresen arteko lankidetza teknikoa eta komertziala sustatuz[\/vc_column_text][vc_column_text css=&#8221;&#8221;]Euskadin, Kluster-Sare handi bat sortu da, enpresen lehiakortasuna handitzeko euren arteko lankidetzaren bitartez eta erakundeen&hellip;","og_url":"https:\/\/mlcluster.com\/eu\/kluster-politika\/","og_site_name":"Euskadiko Mugikortasun eta Logistika Klusterra","article_modified_time":"2025-06-20T11:54:42+00:00","twitter_card":"summary_large_image","twitter_misc":{"Est. reading time":"1 minutua"},"schema":{"@context":"https:\/\/schema.org","@graph":[{"@type":"WebPage","@id":"https:\/\/mlcluster.com\/eu\/kluster-politika\/","url":"https:\/\/mlcluster.com\/eu\/kluster-politika\/","name":"Kluster Politika - Euskadiko Mugikortasun eta Logistika Klusterra","isPartOf":{"@id":"https:\/\/mlcluster.com\/#website"},"datePublished":"2024-11-27T11:08:23+00:00","dateModified":"2025-06-20T11:54:42+00:00","breadcrumb":{"@id":"https:\/\/mlcluster.com\/eu\/kluster-politika\/#breadcrumb"},"inLanguage":"eu","potentialAction":[{"@type":"ReadAction","target":["https:\/\/mlcluster.com\/eu\/kluster-politika\/"]}]},{"@type":"BreadcrumbList","@id":"https:\/\/mlcluster.com\/eu\/kluster-politika\/#breadcrumb","itemListElement":[{"@type":"ListItem","position":1,"name":"Portada","item":"https:\/\/mlcluster.com\/eu\/"},{"@type":"ListItem","position":2,"name":"Kluster Politika"}]},{"@type":"WebSite","@id":"https:\/\/mlcluster.com\/#website","url":"https:\/\/mlcluster.com\/","name":"Euskadiko Mugikortasun eta Logistika Klusterra","description":"Asociaci\u00f3n de empresas de Movilidad y Log\u00edstica del Pa\u00eds Vasco cuya misi\u00f3n es favorecer la competitividad impulsando la innovaci\u00f3n, la cooperaci\u00f3n y la promoci\u00f3n.","potentialAction":[{"@type":"SearchAction","target":{"@type":"EntryPoint","urlTemplate":"https:\/\/mlcluster.com\/?s={search_term_string}"},"query-input":{"@type":"PropertyValueSpecification","valueRequired":true,"valueName":"search_term_string"}}],"inLanguage":"eu"}]}},"_links":{"self":[{"href":"https:\/\/mlcluster.com\/eu\/wp-json\/wp\/v2\/pages\/402075"}],"collection":[{"href":"https:\/\/mlcluster.com\/eu\/wp-json\/wp\/v2\/pages"}],"about":[{"href":"https:\/\/mlcluster.com\/eu\/wp-json\/wp\/v2\/types\/page"}],"author":[{"embeddable":true,"href":"https:\/\/mlcluster.com\/eu\/wp-json\/wp\/v2\/users\/2"}],"replies":[{"embeddable":true,"href":"https:\/\/mlcluster.com\/eu\/wp-json\/wp\/v2\/comments?post=402075"}],"version-history":[{"count":4,"href":"https:\/\/mlcluster.com\/eu\/wp-json\/wp\/v2\/pages\/402075\/revisions"}],"predecessor-version":[{"id":402079,"href":"https:\/\/mlcluster.com\/eu\/wp-json\/wp\/v2\/pages\/402075\/revisions\/402079"}],"wp:attachment":[{"href":"https:\/\/mlcluster.com\/eu\/wp-json\/wp\/v2\/media?parent=402075"}],"curies":[{"name":"wp","href":"https:\/\/api.w.org\/{rel}","templated":true}]}}