{"id":432731,"date":"2025-08-07T14:26:42","date_gmt":"2025-08-07T12:26:42","guid":{"rendered":"https:\/\/mlcluster.com\/vectores_de_cambio\/"},"modified":"2025-12-23T16:22:04","modified_gmt":"2025-12-23T15:22:04","slug":"aldaketa-bektoreak","status":"publish","type":"page","link":"https:\/\/mlcluster.com\/eu\/aldaketa-bektoreak\/","title":{"rendered":"Aldaketa-bektoreak"},"content":{"rendered":"<div class=\"wpb-content-wrapper\"><p>[vc_row full_width=&#8221;stretch_row&#8221; equal_height=&#8221;yes&#8221; content_placement=&#8221;middle&#8221; bg_type=&#8221;bg_color&#8221; bg_override=&#8221;ex-full&#8221; bg_color_value=&#8221;#dd3333&#8243; css=&#8221;.vc_custom_1626078560605{margin-bottom: 20px !important;}&#8221;][vc_column][vc_column_text css=&#8221;.vc_custom_1747418774440{margin-top: -15px !important;margin-bottom: 15px !important;}&#8221;]<\/p>\n<p style=\"color: white; text-align: right;\"><a style=\"color: white;\" href=\"\/\">Inicio<\/a> \/ <a style=\"color: white;\" href=\"https:\/\/mlcluster.com\/eu\/plan-estrategikoa\/\">Plan Estrat\u00e9gico<\/a><\/p>\n<p>[\/vc_column_text][\/vc_column][\/vc_row][vc_row full_width=&#8221;stretch_row_content&#8221; equal_height=&#8221;yes&#8221; css=&#8221;.vc_custom_1626252318692{margin-top: -35px !important;}&#8221;][vc_column]<div id=\"ultimate-heading-808669d7c5df5418c\" class=\"uvc-heading ult-adjust-bottom-margin ultimate-heading-808669d7c5df5418c uvc-2608 \" data-hspacer=\"line_with_icon\" data-hline_width=\"100\" data-hicon_type=\"selector\" data-hborder_style=\"solid\" data-hborder_height=\"3\" data-hborder_color=\"#b0b0af\" data-icon_width=\"20\" data-hfixer=\"10\"  data-halign=\"center\" style=\"text-align:center\"><div class=\"uvc-main-heading ult-responsive\"  data-ultimate-target='.uvc-heading.ultimate-heading-808669d7c5df5418c h1'  data-responsive-json-new='{\"font-size\":\"mobile_landscape:22px;mobile:22px;\",\"line-height\":\"mobile_landscape:28px;mobile:28px;\"}' ><h1 style=\"--font-weight:theme;\">Aldaketa-Bektoreak<\/h1><\/div><div class=\"uvc-heading-spacer line_with_icon\" style=\"margin-top:10px;margin-bottom:10px;height:20px;\"><div class=\"ult-just-icon-wrapper  \"><div class=\"align-icon\" style=\"text-align:center;\">\n<div class=\"aio-icon none \"  style=\"font-size:20px;display:inline-block;\">\n\t<i class=\"icomoon-the7-font-the7-arrow-05\"><\/i>\n<\/div><\/div><\/div><\/div><\/div><div class=\"ult-spacer spacer-69d7c5df541e6\" data-id=\"69d7c5df541e6\" data-height=\"30\" data-height-mobile=\"30\" data-height-tab=\"30\" data-height-tab-portrait=\"30\" data-height-mobile-landscape=\"30\" style=\"clear:both;display:block;\"><\/div>[\/vc_column][\/vc_row][vc_row full_width=&#8221;stretch_row&#8221;][vc_column width=&#8221;1\/3&#8243; css=&#8221;.vc_custom_1620816094608{padding-right: 5% !important;padding-left: 5% !important;}&#8221;]<div class=\"aio-icon-component    style_1\"><div id=\"Info-box-wrap-9085\" class=\"aio-icon-box top-icon\" style=\"\"  ><div class=\"aio-icon-top\"><div class=\"ult-just-icon-wrapper  \"><div class=\"align-icon\" style=\"text-align:center;\">\n<div class=\"aio-icon-img \" style=\"font-size:55px;display:inline-block;\" >\n\t<img decoding=\"async\" class=\"img-icon\" alt=\"null\" src=\"https:\/\/mlcluster.com\/wp-content\/uploads\/2025\/08\/Transicion-energetica.png\"\/>\n<\/div><\/div><\/div><\/div><div class=\"aio-icon-header\" ><h4 class=\"aio-icon-title ult-responsive\"  data-ultimate-target='#Info-box-wrap-9085 .aio-icon-title'  data-responsive-json-new='{\"font-size\":\"\",\"line-height\":\"\"}'  style=\"\">TRANTSIZIO ENERGETIKOA ETA BERDEA<\/h4><\/div> <!-- header --><\/div> <!-- aio-icon-box --><\/div> <!-- aio-icon-component -->[vc_column_text css=&#8221;&#8221;]Mugikortasun eta logistika jasangarrirako trantsizioak emisioen murrizketan eta energia garbien ezarpenean oinarritutako ikuspegia eskatzen du. Sektorean praktika iraunkorrak ezartzeak industria deskarbonizatzen laguntzen du, gero eta handiagoa den ingurumen-aztarna minimizatzeko beharrari erantzunez.<\/p>\n<p>Prozesu horrek, zero isurketen helburu globalak betetzen laguntzeaz gain, sektorea indartzen ere laguntzen du, etorkizuneko erronken aurrean erresilienteagoa baita.<\/p>\n<p>Euskadiko trantsizio energetikoak ere eragin positiboak ditu bizi-kalitatean, hiri-ingurunea hobetzen duelako eta epe luzera iraunkortasunari laguntzen diolako.[\/vc_column_text][\/vc_column][vc_column width=&#8221;1\/3&#8243;]<div class=\"aio-icon-component    style_1\"><div id=\"Info-box-wrap-2095\" class=\"aio-icon-box top-icon\" style=\"\"  ><div class=\"aio-icon-top\"><div class=\"ult-just-icon-wrapper  \"><div class=\"align-icon\" style=\"text-align:center;\">\n<div class=\"aio-icon-img \" style=\"font-size:55px;display:inline-block;\" >\n\t<img decoding=\"async\" class=\"img-icon\" alt=\"null\" src=\"https:\/\/mlcluster.com\/wp-content\/uploads\/2025\/08\/Transicion-digital.png\"\/>\n<\/div><\/div><\/div><\/div><div class=\"aio-icon-header\" ><h4 class=\"aio-icon-title ult-responsive\"  data-ultimate-target='#Info-box-wrap-2095 .aio-icon-title'  data-responsive-json-new='{\"font-size\":\"\",\"line-height\":\"\"}'  style=\"\">TRANTSIZIO DIGITALA<\/h4><\/div> <!-- header --><\/div> <!-- aio-icon-box --><\/div> <!-- aio-icon-component -->[vc_column_text css=&#8221;&#8221;]Mugikortasunaren eta logistikaren esparruan, digitalizazioa funtsezkoa da azpiegitura konektatua eta adimenduna lortzeko, garraio-sistema eraginkorragoa eta irisgarriagoa ahalbidetuko duena. Adimen artifiziala, Gauzen Internet (IoT) eta datuen analisia bezalako teknologia aurreratuen ezarpenak fluxu logistikoen optimizazioa errazten du, eragiketen kostuak eta denbora murriztuz, trazabilitatea eta gardentasuna hobetuz balio-kate osoan.<\/p>\n<p>Trantsizio digitalak sektorearen lehiakortasuna ere handitzen du, garraio-sistemaren erantzun-gaitasuna eta moldagarritasuna hobetzen baititu, eta, aldi berean, onura nabariak eskaintzen dizkio gizarteari, hala nola hiri-mugikortasuna hobetzea eta hirietan pilaketak murriztea.[\/vc_column_text][\/vc_column][vc_column width=&#8221;1\/3&#8243;]<div class=\"aio-icon-component    style_1\"><div id=\"Info-box-wrap-6986\" class=\"aio-icon-box top-icon\" style=\"\"  ><div class=\"aio-icon-top\"><div class=\"ult-just-icon-wrapper  \"><div class=\"align-icon\" style=\"text-align:center;\">\n<div class=\"aio-icon-img \" style=\"font-size:55px;display:inline-block;\" >\n\t<img decoding=\"async\" class=\"img-icon\" alt=\"null\" src=\"https:\/\/mlcluster.com\/wp-content\/uploads\/2025\/08\/Competitividad-sectorial.jpg\"\/>\n<\/div><\/div><\/div><\/div><div class=\"aio-icon-header\" ><h4 class=\"aio-icon-title ult-responsive\"  data-ultimate-target='#Info-box-wrap-6986 .aio-icon-title'  data-responsive-json-new='{\"font-size\":\"\",\"line-height\":\"\"}'  style=\"\">SEKTOREAREN LEHIAKORTASUNA<\/h4><\/div> <!-- header --><\/div> <!-- aio-icon-box --><\/div> <!-- aio-icon-component -->[vc_column_text css=&#8221;&#8221;]Sektorearen lehiakortasuna hobetzea funtsezkoa da Euskadiko garapen ekonomikorako. Berrikuntza eta eragile anitzeko lankidetza sustatzeak lurraldearen gaitasuna indartzen du inbertsioak erakartzeko eta kalitatezko enplegua sortzeko. Aurrerapen horiek industria modernizatzen laguntzen dute, eta, aldi berean, zerbitzuen eraginkortasuna hobetzen eta herritarrentzat sarbidea errazten dute. Sektorearen etengabeko eraldaketak eragin zuzena du Euskadiko hazkunde ekonomikoan, eta eredu horrek enpresa-garapena, gizarte-ongizatea eta gizarte-kohesioa sustatzen ditu eskualdean.[\/vc_column_text][\/vc_column][\/vc_row][vc_row][vc_column]<div class=\"ult-spacer spacer-69d7c5df54ad5\" data-id=\"69d7c5df54ad5\" data-height=\"30\" data-height-mobile=\"30\" data-height-tab=\"30\" data-height-tab-portrait=\"30\" data-height-mobile-landscape=\"30\" style=\"clear:both;display:block;\"><\/div>[\/vc_column][\/vc_row]<\/p>\n<\/div>","protected":false},"excerpt":{"rendered":"<p>[vc_row full_width=&#8221;stretch_row&#8221; equal_height=&#8221;yes&#8221; content_placement=&#8221;middle&#8221; bg_type=&#8221;bg_color&#8221; bg_override=&#8221;ex-full&#8221; bg_color_value=&#8221;#dd3333&#8243; css=&#8221;.vc_custom_1626078560605{margin-bottom: 20px !important;}&#8221;][vc_column][vc_column_text css=&#8221;.vc_custom_1747418774440{margin-top: -15px !important;margin-bottom: 15px !important;}&#8221;] Inicio \/ Plan Estrat\u00e9gico [\/vc_column_text][\/vc_column][\/vc_row][vc_row full_width=&#8221;stretch_row_content&#8221; equal_height=&#8221;yes&#8221; css=&#8221;.vc_custom_1626252318692{margin-top: -35px !important;}&#8221;][vc_column][\/vc_column][\/vc_row][vc_row full_width=&#8221;stretch_row&#8221;][vc_column width=&#8221;1\/3&#8243; css=&#8221;.vc_custom_1620816094608{padding-right: 5% !important;padding-left: 5% !important;}&#8221;][vc_column_text css=&#8221;&#8221;]Mugikortasun eta logistika jasangarrirako trantsizioak emisioen murrizketan eta energia garbien ezarpenean oinarritutako ikuspegia eskatzen du. Sektorean praktika iraunkorrak ezartzeak industria deskarbonizatzen laguntzen du,&hellip;<\/p>\n","protected":false},"author":2,"featured_media":0,"parent":0,"menu_order":90,"comment_status":"closed","ping_status":"closed","template":"","meta":{"footnotes":""},"yoast_head":"<!-- This site is optimized with the Yoast SEO plugin v24.5 - https:\/\/yoast.com\/wordpress\/plugins\/seo\/ -->\n<title>Aldaketa-bektoreak - Euskadiko Mugikortasun eta Logistika Klusterra<\/title>\n<meta name=\"robots\" content=\"index, follow, max-snippet:-1, max-image-preview:large, max-video-preview:-1\" \/>\n<link rel=\"canonical\" href=\"https:\/\/mlcluster.com\/eu\/aldaketa-bektoreak\/\" \/>\n<meta property=\"og:locale\" content=\"en_US\" \/>\n<meta property=\"og:type\" content=\"article\" \/>\n<meta property=\"og:title\" content=\"Aldaketa-bektoreak - Euskadiko Mugikortasun eta Logistika Klusterra\" \/>\n<meta property=\"og:description\" content=\"[vc_row full_width=&#8221;stretch_row&#8221; equal_height=&#8221;yes&#8221; content_placement=&#8221;middle&#8221; bg_type=&#8221;bg_color&#8221; bg_override=&#8221;ex-full&#8221; bg_color_value=&#8221;#dd3333&#8243; css=&#8221;.vc_custom_1626078560605{margin-bottom: 20px !important;}&#8221;][vc_column][vc_column_text css=&#8221;.vc_custom_1747418774440{margin-top: -15px !important;margin-bottom: 15px !important;}&#8221;] Inicio \/ Plan Estrat\u00e9gico [\/vc_column_text][\/vc_column][\/vc_row][vc_row full_width=&#8221;stretch_row_content&#8221; equal_height=&#8221;yes&#8221; css=&#8221;.vc_custom_1626252318692{margin-top: -35px !important;}&#8221;][vc_column][\/vc_column][\/vc_row][vc_row full_width=&#8221;stretch_row&#8221;][vc_column width=&#8221;1\/3&#8243; css=&#8221;.vc_custom_1620816094608{padding-right: 5% !important;padding-left: 5% !important;}&#8221;][vc_column_text css=&#8221;&#8221;]Mugikortasun eta logistika jasangarrirako trantsizioak emisioen murrizketan eta energia garbien ezarpenean oinarritutako ikuspegia eskatzen du. Sektorean praktika iraunkorrak ezartzeak industria deskarbonizatzen laguntzen du,&hellip;\" \/>\n<meta property=\"og:url\" content=\"https:\/\/mlcluster.com\/eu\/aldaketa-bektoreak\/\" \/>\n<meta property=\"og:site_name\" content=\"Euskadiko Mugikortasun eta Logistika Klusterra\" \/>\n<meta property=\"article:modified_time\" content=\"2025-12-23T15:22:04+00:00\" \/>\n<meta name=\"twitter:card\" content=\"summary_large_image\" \/>\n<meta name=\"twitter:label1\" content=\"Est. reading time\" \/>\n\t<meta name=\"twitter:data1\" content=\"2 minutua\" \/>\n<script type=\"application\/ld+json\" class=\"yoast-schema-graph\">{\"@context\":\"https:\/\/schema.org\",\"@graph\":[{\"@type\":\"WebPage\",\"@id\":\"https:\/\/mlcluster.com\/eu\/aldaketa-bektoreak\/\",\"url\":\"https:\/\/mlcluster.com\/eu\/aldaketa-bektoreak\/\",\"name\":\"Aldaketa-bektoreak - Euskadiko Mugikortasun eta Logistika Klusterra\",\"isPartOf\":{\"@id\":\"https:\/\/mlcluster.com\/#website\"},\"datePublished\":\"2025-08-07T12:26:42+00:00\",\"dateModified\":\"2025-12-23T15:22:04+00:00\",\"breadcrumb\":{\"@id\":\"https:\/\/mlcluster.com\/eu\/aldaketa-bektoreak\/#breadcrumb\"},\"inLanguage\":\"eu\",\"potentialAction\":[{\"@type\":\"ReadAction\",\"target\":[\"https:\/\/mlcluster.com\/eu\/aldaketa-bektoreak\/\"]}]},{\"@type\":\"BreadcrumbList\",\"@id\":\"https:\/\/mlcluster.com\/eu\/aldaketa-bektoreak\/#breadcrumb\",\"itemListElement\":[{\"@type\":\"ListItem\",\"position\":1,\"name\":\"Portada\",\"item\":\"https:\/\/mlcluster.com\/eu\/\"},{\"@type\":\"ListItem\",\"position\":2,\"name\":\"Aldaketa-bektoreak\"}]},{\"@type\":\"WebSite\",\"@id\":\"https:\/\/mlcluster.com\/#website\",\"url\":\"https:\/\/mlcluster.com\/\",\"name\":\"Euskadiko Mugikortasun eta Logistika Klusterra\",\"description\":\"Asociaci\u00f3n de empresas de Movilidad y Log\u00edstica del Pa\u00eds Vasco cuya misi\u00f3n es favorecer la competitividad impulsando la innovaci\u00f3n, la cooperaci\u00f3n y la promoci\u00f3n.\",\"potentialAction\":[{\"@type\":\"SearchAction\",\"target\":{\"@type\":\"EntryPoint\",\"urlTemplate\":\"https:\/\/mlcluster.com\/?s={search_term_string}\"},\"query-input\":{\"@type\":\"PropertyValueSpecification\",\"valueRequired\":true,\"valueName\":\"search_term_string\"}}],\"inLanguage\":\"eu\"}]}<\/script>\n<!-- \/ Yoast SEO plugin. -->","yoast_head_json":{"title":"Aldaketa-bektoreak - Euskadiko Mugikortasun eta Logistika Klusterra","robots":{"index":"index","follow":"follow","max-snippet":"max-snippet:-1","max-image-preview":"max-image-preview:large","max-video-preview":"max-video-preview:-1"},"canonical":"https:\/\/mlcluster.com\/eu\/aldaketa-bektoreak\/","og_locale":"en_US","og_type":"article","og_title":"Aldaketa-bektoreak - Euskadiko Mugikortasun eta Logistika Klusterra","og_description":"[vc_row full_width=&#8221;stretch_row&#8221; equal_height=&#8221;yes&#8221; content_placement=&#8221;middle&#8221; bg_type=&#8221;bg_color&#8221; bg_override=&#8221;ex-full&#8221; bg_color_value=&#8221;#dd3333&#8243; css=&#8221;.vc_custom_1626078560605{margin-bottom: 20px !important;}&#8221;][vc_column][vc_column_text css=&#8221;.vc_custom_1747418774440{margin-top: -15px !important;margin-bottom: 15px !important;}&#8221;] Inicio \/ Plan Estrat\u00e9gico [\/vc_column_text][\/vc_column][\/vc_row][vc_row full_width=&#8221;stretch_row_content&#8221; equal_height=&#8221;yes&#8221; css=&#8221;.vc_custom_1626252318692{margin-top: -35px !important;}&#8221;][vc_column][\/vc_column][\/vc_row][vc_row full_width=&#8221;stretch_row&#8221;][vc_column width=&#8221;1\/3&#8243; css=&#8221;.vc_custom_1620816094608{padding-right: 5% !important;padding-left: 5% !important;}&#8221;][vc_column_text css=&#8221;&#8221;]Mugikortasun eta logistika jasangarrirako trantsizioak emisioen murrizketan eta energia garbien ezarpenean oinarritutako ikuspegia eskatzen du. Sektorean praktika iraunkorrak ezartzeak industria deskarbonizatzen laguntzen du,&hellip;","og_url":"https:\/\/mlcluster.com\/eu\/aldaketa-bektoreak\/","og_site_name":"Euskadiko Mugikortasun eta Logistika Klusterra","article_modified_time":"2025-12-23T15:22:04+00:00","twitter_card":"summary_large_image","twitter_misc":{"Est. reading time":"2 minutua"},"schema":{"@context":"https:\/\/schema.org","@graph":[{"@type":"WebPage","@id":"https:\/\/mlcluster.com\/eu\/aldaketa-bektoreak\/","url":"https:\/\/mlcluster.com\/eu\/aldaketa-bektoreak\/","name":"Aldaketa-bektoreak - Euskadiko Mugikortasun eta Logistika Klusterra","isPartOf":{"@id":"https:\/\/mlcluster.com\/#website"},"datePublished":"2025-08-07T12:26:42+00:00","dateModified":"2025-12-23T15:22:04+00:00","breadcrumb":{"@id":"https:\/\/mlcluster.com\/eu\/aldaketa-bektoreak\/#breadcrumb"},"inLanguage":"eu","potentialAction":[{"@type":"ReadAction","target":["https:\/\/mlcluster.com\/eu\/aldaketa-bektoreak\/"]}]},{"@type":"BreadcrumbList","@id":"https:\/\/mlcluster.com\/eu\/aldaketa-bektoreak\/#breadcrumb","itemListElement":[{"@type":"ListItem","position":1,"name":"Portada","item":"https:\/\/mlcluster.com\/eu\/"},{"@type":"ListItem","position":2,"name":"Aldaketa-bektoreak"}]},{"@type":"WebSite","@id":"https:\/\/mlcluster.com\/#website","url":"https:\/\/mlcluster.com\/","name":"Euskadiko Mugikortasun eta Logistika Klusterra","description":"Asociaci\u00f3n de empresas de Movilidad y Log\u00edstica del Pa\u00eds Vasco cuya misi\u00f3n es favorecer la competitividad impulsando la innovaci\u00f3n, la cooperaci\u00f3n y la promoci\u00f3n.","potentialAction":[{"@type":"SearchAction","target":{"@type":"EntryPoint","urlTemplate":"https:\/\/mlcluster.com\/?s={search_term_string}"},"query-input":{"@type":"PropertyValueSpecification","valueRequired":true,"valueName":"search_term_string"}}],"inLanguage":"eu"}]}},"_links":{"self":[{"href":"https:\/\/mlcluster.com\/eu\/wp-json\/wp\/v2\/pages\/432731"}],"collection":[{"href":"https:\/\/mlcluster.com\/eu\/wp-json\/wp\/v2\/pages"}],"about":[{"href":"https:\/\/mlcluster.com\/eu\/wp-json\/wp\/v2\/types\/page"}],"author":[{"embeddable":true,"href":"https:\/\/mlcluster.com\/eu\/wp-json\/wp\/v2\/users\/2"}],"replies":[{"embeddable":true,"href":"https:\/\/mlcluster.com\/eu\/wp-json\/wp\/v2\/comments?post=432731"}],"version-history":[{"count":1,"href":"https:\/\/mlcluster.com\/eu\/wp-json\/wp\/v2\/pages\/432731\/revisions"}],"predecessor-version":[{"id":432733,"href":"https:\/\/mlcluster.com\/eu\/wp-json\/wp\/v2\/pages\/432731\/revisions\/432733"}],"wp:attachment":[{"href":"https:\/\/mlcluster.com\/eu\/wp-json\/wp\/v2\/media?parent=432731"}],"curies":[{"name":"wp","href":"https:\/\/api.w.org\/{rel}","templated":true}]}}