{"id":432741,"date":"2025-12-22T16:05:57","date_gmt":"2025-12-22T15:05:57","guid":{"rendered":"https:\/\/mlcluster.com\/ambitos-de-especializacion\/"},"modified":"2025-12-23T16:16:44","modified_gmt":"2025-12-23T15:16:44","slug":"espezializazio-eremuak","status":"publish","type":"page","link":"https:\/\/mlcluster.com\/eu\/espezializazio-eremuak\/","title":{"rendered":"Espezializazio-eremuak"},"content":{"rendered":"<div class=\"wpb-content-wrapper\"><p>[vc_row full_width=&#8221;stretch_row&#8221; equal_height=&#8221;yes&#8221; content_placement=&#8221;middle&#8221; bg_type=&#8221;bg_color&#8221; bg_override=&#8221;ex-full&#8221; bg_color_value=&#8221;#dd3333&#8243; css=&#8221;.vc_custom_1626078560605{margin-bottom: 20px !important;}&#8221;][vc_column][vc_column_text css=&#8221;.vc_custom_1747418774440{margin-top: -15px !important;margin-bottom: 15px !important;}&#8221;]<\/p>\n<p style=\"color: white; text-align: right;\"><a style=\"color: white;\" href=\"\/\">Inicio<\/a> \/ <a style=\"color: white;\" href=\"https:\/\/mlcluster.com\/eu\/plan-estrategikoa\/\">Plan Estrat\u00e9gico<\/a><\/p>\n<p>[\/vc_column_text][\/vc_column][\/vc_row][vc_row full_width=&#8221;stretch_row_content&#8221; equal_height=&#8221;yes&#8221; css=&#8221;.vc_custom_1626252318692{margin-top: -35px !important;}&#8221;][vc_column]<div id=\"ultimate-heading-192369d86332ec525\" class=\"uvc-heading ult-adjust-bottom-margin ultimate-heading-192369d86332ec525 uvc-4042 \" data-hspacer=\"line_with_icon\" data-hline_width=\"100\" data-hicon_type=\"selector\" data-hborder_style=\"solid\" data-hborder_height=\"3\" data-hborder_color=\"#b0b0af\" data-icon_width=\"20\" data-hfixer=\"10\"  data-halign=\"center\" style=\"text-align:center\"><div class=\"uvc-main-heading ult-responsive\"  data-ultimate-target='.uvc-heading.ultimate-heading-192369d86332ec525 h1'  data-responsive-json-new='{\"font-size\":\"mobile_landscape:22px;mobile:22px;\",\"line-height\":\"mobile_landscape:28px;mobile:28px;\"}' ><h1 style=\"--font-weight:theme;\">Espezializazio-eremuak<\/h1><\/div><div class=\"uvc-heading-spacer line_with_icon\" style=\"margin-top:10px;margin-bottom:10px;height:20px;\"><div class=\"ult-just-icon-wrapper  \"><div class=\"align-icon\" style=\"text-align:center;\">\n<div class=\"aio-icon none \"  style=\"font-size:20px;display:inline-block;\">\n\t<i class=\"icomoon-the7-font-the7-arrow-05\"><\/i>\n<\/div><\/div><\/div><\/div><\/div><div class=\"ult-spacer spacer-69d86332ec57e\" data-id=\"69d86332ec57e\" data-height=\"30\" data-height-mobile=\"30\" data-height-tab=\"30\" data-height-tab-portrait=\"30\" data-height-mobile-landscape=\"30\" style=\"clear:both;display:block;\"><\/div>[\/vc_column][\/vc_row][vc_row full_width=&#8221;stretch_row&#8221;][vc_column width=&#8221;1\/2&#8243; css=&#8221;.vc_custom_1620816094608{padding-right: 5% !important;padding-left: 5% !important;}&#8221;]<div class=\"aio-icon-component    style_1\"><div id=\"Info-box-wrap-3368\" class=\"aio-icon-box top-icon\" style=\"\"  ><div class=\"aio-icon-top\"><div class=\"ult-just-icon-wrapper  \"><div class=\"align-icon\" style=\"text-align:center;\">\n<div class=\"aio-icon-img \" style=\"font-size:55px;display:inline-block;\" >\n\t<img decoding=\"async\" class=\"img-icon\" alt=\"null\" src=\"https:\/\/mlcluster.com\/wp-content\/uploads\/2025\/12\/Movilidad.gif\"\/>\n<\/div><\/div><\/div><\/div><div class=\"aio-icon-header\" ><h4 class=\"aio-icon-title ult-responsive\"  data-ultimate-target='#Info-box-wrap-3368 .aio-icon-title'  data-responsive-json-new='{\"font-size\":\"\",\"line-height\":\"\"}'  style=\"\">MUGIKORTASUNA<\/h4><\/div> <!-- header --><\/div> <!-- aio-icon-box --><\/div> <!-- aio-icon-component -->[vc_column_text css=&#8221;&#8221;]Mugikortasunaren sektoreak pertsonen eta ondasunen garraioarekin lotutako teknologiak, azpiegiturak eta zerbitzuak biltzen ditu.<\/p>\n<p>Mugikortasuna jarduera ekonomiko eta sozialaren erdigunean dago, eta baliabideak, enplegua, zerbitzuak eta aisialdia eskuratzea errazten du.<\/p>\n<p>Mugikortasunaren sektoreari lotutako gure espezializazio-eremuak hauek dira:[\/vc_column_text]<div class=\"standard-arrow list-divider bullet-top\"><ul>\n<li><strong>CCAM mugikortasuna. Mugikortasun kooperatiboa, konektatua eta automatizatua<\/strong><\/li>\n<\/ul>\n<\/div>[vc_column_text css=&#8221;&#8221;]<\/p>\n<ul>\n<li>Azpiegiturak modernizatzea eta digitalizatzea, mugikortasun konektatua eta autonomoa errazteko.<\/li>\n<li>ITS aurreratuen (CITS) zerbitzuak garatzea hiriarteko eta hirietako inguruneetan, eta zerbitzu horiek Europako foroetan bateratzen parte hartzea.<\/li>\n<li>Erabiltzaile kalteberengan foku berezia duten erabilera-kasuak garatzea.<\/li>\n<li>Gidatze automatizatuko pilotuen garapena, funtzionalitate berriak eta ODDSren hedapena.<\/li>\n<\/ul>\n<p>[\/vc_column_text]<div class=\"standard-arrow list-divider bullet-top\"><ul>\n<li><strong>Mugikortasun berria<\/strong><\/li>\n<\/ul>\n<\/div>[vc_column_text css=&#8221;&#8221;]<\/p>\n<ul>\n<li>Mugikortasun aktiboa sustatzea, erosotasuna eta segurtasuna hobetuko duten sistemak eta zerbitzuak garatuz.<\/li>\n<li>Mugikortasun partekatuko ereduak bultzatzea (car-sharing, carpooling, peer-to-peer).<\/li>\n<li>Garraio kolektiboa eta multimodala sustatzea, garraiobide desberdinen arteko lotura hobetuz, bidaia-denborak murrizteko.<\/li>\n<li>Eskariaren araberako zerbitzuak garatzea lehen eta azken milian, garraio publikoaren inklusioa eta irisgarritasuna bermatzeko.<\/li>\n<li>Kustomizatutako deszerbitzuak garatzeko teknologia berriak integratzea.<\/li>\n<\/ul>\n<p>[\/vc_column_text][\/vc_column][vc_column width=&#8221;1\/2&#8243;]<div class=\"aio-icon-component    style_1\"><div id=\"Info-box-wrap-1141\" class=\"aio-icon-box top-icon\" style=\"\"  ><div class=\"aio-icon-top\"><div class=\"ult-just-icon-wrapper  \"><div class=\"align-icon\" style=\"text-align:center;\">\n<div class=\"aio-icon-img \" style=\"font-size:55px;display:inline-block;\" >\n\t<img decoding=\"async\" class=\"img-icon\" alt=\"null\" src=\"https:\/\/mlcluster.com\/wp-content\/uploads\/2021\/10\/Supply-chain-icon-1.png\"\/>\n<\/div><\/div><\/div><\/div><div class=\"aio-icon-header\" ><h4 class=\"aio-icon-title ult-responsive\"  data-ultimate-target='#Info-box-wrap-1141 .aio-icon-title'  data-responsive-json-new='{\"font-size\":\"\",\"line-height\":\"\"}'  style=\"\">LOGISTIKA<\/h4><\/div> <!-- header --><\/div> <!-- aio-icon-box --><\/div> <!-- aio-icon-component -->[vc_column_text css=&#8221;&#8221;]Logistikak ondasunen biltegiratzea eta zirkulazioa planifikatu, inplementatu eta monitorizatzeko beharrezkoak diren jarduerak biltzen ditu, jatorritik amaieraraino.<\/p>\n<p>Funtsezko eragina du merkataritza globalean eta hornidura-kateetan, eta salgaiak garaiz eta behar bezala iritsiko direla bermatzen du.<\/p>\n<p>Hauek dira gure espezializazio-esparruak logistikaren segmentuan:[\/vc_column_text]<div class=\"standard-arrow list-divider bullet-top\"><ul>\n<li><strong>Hiri-logistika<\/strong><\/li>\n<\/ul>\n<\/div>[vc_column_text css=&#8221;&#8221;]<\/p>\n<ul>\n<li>Kudeaketa logistikoko sistemak optimizatzea, ingurumen-inpaktua minimizatuz eta eraginkortasuna hobetuz.<\/li>\n<li>Mugikortasun logistiko eraginkorra erraztuko duten azpiegiturak eta teknologiak garatzea, finkapen-puntu eta entrega-sistema adimendun gisa.<\/li>\n<li>Emisio gutxiko garraio-ibilgailuak sustatzea, hiriguneetako pilaketak murrizteko.<\/li>\n<li>Logistika hiriko joera eta erregulazio berrietan txertatzea.<\/li>\n<\/ul>\n<p>[\/vc_column_text]<div class=\"standard-arrow list-divider bullet-top\"><ul>\n<li><strong>Distantzia luzeko eta multimodaleko logistika<\/strong><\/li>\n<\/ul>\n<\/div>[vc_column_text css=&#8221;&#8221;]<\/p>\n<ul>\n<li>Ibilbideak optimizatzea, eraginkortasuna maximizatzeko eta emisioak minimizatzeko.<\/li>\n<li>Garraioan intermodalitatea sustatzea, trenaren, kamioiaren eta beste modu jasangarri batzuen erabilera konbinatua erraztuz.<\/li>\n<li>Euskadiko garraioaren konektibitatea eta eraginkortasuna hobetuko duten azpiegitura logistikoak garatzea.<\/li>\n<li>Hornidura-kateetan datuak trukatzeko plataformak.<\/li>\n<\/ul>\n<p>[\/vc_column_text]<div class=\"standard-arrow list-divider bullet-top\"><ul>\n<li><strong>Intralogistika<\/strong><\/li>\n<\/ul>\n<\/div>[vc_column_text css=&#8221;&#8221;]<\/p>\n<ul>\n<li>Biltegiak kudeatzeko sistema aurreratuak (WMS), IA eta Big Data inplementatzea inbentarioak kontrolatzeko.<\/li>\n<li>AGVak, robot mugikorrak eta MaaS soluzioak erabiltzea instalazio logistikoetako materialen mugimenduaren eraginkortasuna hobetzeko.<\/li>\n<li>Biltegiratze automatizatua, RFID etiketak eta IoT sentsoreak espazioaren erabilera optimizatzeko eta produktuen miaketa zehatza bermatzeko.<\/li>\n<li>Datuak denbora errealean aztertzea, erabakiak hobeto hartzeko, lan-fluxuak optimizatzeko eta barneko sistema logistikoak kanpoko sareekin konektatzeko, eraginkortasun handiagoa lortzeko.<\/li>\n<\/ul>\n<p>[\/vc_column_text][\/vc_column][\/vc_row][vc_row][vc_column]<div class=\"ult-spacer spacer-69d86332ecd40\" data-id=\"69d86332ecd40\" data-height=\"30\" data-height-mobile=\"30\" data-height-tab=\"30\" data-height-tab-portrait=\"30\" data-height-mobile-landscape=\"30\" style=\"clear:both;display:block;\"><\/div>[\/vc_column][\/vc_row]<\/p>\n<\/div>","protected":false},"excerpt":{"rendered":"<p>[vc_row full_width=&#8221;stretch_row&#8221; equal_height=&#8221;yes&#8221; content_placement=&#8221;middle&#8221; bg_type=&#8221;bg_color&#8221; bg_override=&#8221;ex-full&#8221; bg_color_value=&#8221;#dd3333&#8243; css=&#8221;.vc_custom_1626078560605{margin-bottom: 20px !important;}&#8221;][vc_column][vc_column_text css=&#8221;.vc_custom_1747418774440{margin-top: -15px !important;margin-bottom: 15px !important;}&#8221;] Inicio \/ Plan Estrat\u00e9gico [\/vc_column_text][\/vc_column][\/vc_row][vc_row full_width=&#8221;stretch_row_content&#8221; equal_height=&#8221;yes&#8221; css=&#8221;.vc_custom_1626252318692{margin-top: -35px !important;}&#8221;][vc_column][\/vc_column][\/vc_row][vc_row full_width=&#8221;stretch_row&#8221;][vc_column width=&#8221;1\/2&#8243; css=&#8221;.vc_custom_1620816094608{padding-right: 5% !important;padding-left: 5% !important;}&#8221;][vc_column_text css=&#8221;&#8221;]Mugikortasunaren sektoreak pertsonen eta ondasunen garraioarekin lotutako teknologiak, azpiegiturak eta zerbitzuak biltzen ditu. Mugikortasuna jarduera ekonomiko eta sozialaren erdigunean dago, eta baliabideak, enplegua,&hellip;<\/p>\n","protected":false},"author":2,"featured_media":0,"parent":0,"menu_order":90,"comment_status":"closed","ping_status":"closed","template":"","meta":{"footnotes":""},"yoast_head":"<!-- This site is optimized with the Yoast SEO plugin v24.5 - https:\/\/yoast.com\/wordpress\/plugins\/seo\/ -->\n<title>Espezializazio-eremuak - Euskadiko Mugikortasun eta Logistika Klusterra<\/title>\n<meta name=\"robots\" content=\"index, follow, max-snippet:-1, max-image-preview:large, max-video-preview:-1\" \/>\n<link rel=\"canonical\" href=\"https:\/\/mlcluster.com\/eu\/espezializazio-eremuak\/\" \/>\n<meta property=\"og:locale\" content=\"en_US\" \/>\n<meta property=\"og:type\" content=\"article\" \/>\n<meta property=\"og:title\" content=\"Espezializazio-eremuak - Euskadiko Mugikortasun eta Logistika Klusterra\" \/>\n<meta property=\"og:description\" content=\"[vc_row full_width=&#8221;stretch_row&#8221; equal_height=&#8221;yes&#8221; content_placement=&#8221;middle&#8221; bg_type=&#8221;bg_color&#8221; bg_override=&#8221;ex-full&#8221; bg_color_value=&#8221;#dd3333&#8243; css=&#8221;.vc_custom_1626078560605{margin-bottom: 20px !important;}&#8221;][vc_column][vc_column_text css=&#8221;.vc_custom_1747418774440{margin-top: -15px !important;margin-bottom: 15px !important;}&#8221;] Inicio \/ Plan Estrat\u00e9gico [\/vc_column_text][\/vc_column][\/vc_row][vc_row full_width=&#8221;stretch_row_content&#8221; equal_height=&#8221;yes&#8221; css=&#8221;.vc_custom_1626252318692{margin-top: -35px !important;}&#8221;][vc_column][\/vc_column][\/vc_row][vc_row full_width=&#8221;stretch_row&#8221;][vc_column width=&#8221;1\/2&#8243; css=&#8221;.vc_custom_1620816094608{padding-right: 5% !important;padding-left: 5% !important;}&#8221;][vc_column_text css=&#8221;&#8221;]Mugikortasunaren sektoreak pertsonen eta ondasunen garraioarekin lotutako teknologiak, azpiegiturak eta zerbitzuak biltzen ditu. Mugikortasuna jarduera ekonomiko eta sozialaren erdigunean dago, eta baliabideak, enplegua,&hellip;\" \/>\n<meta property=\"og:url\" content=\"https:\/\/mlcluster.com\/eu\/espezializazio-eremuak\/\" \/>\n<meta property=\"og:site_name\" content=\"Euskadiko Mugikortasun eta Logistika Klusterra\" \/>\n<meta property=\"article:modified_time\" content=\"2025-12-23T15:16:44+00:00\" \/>\n<meta name=\"twitter:card\" content=\"summary_large_image\" \/>\n<meta name=\"twitter:label1\" content=\"Est. reading time\" \/>\n\t<meta name=\"twitter:data1\" content=\"2 minutua\" \/>\n<script type=\"application\/ld+json\" class=\"yoast-schema-graph\">{\"@context\":\"https:\/\/schema.org\",\"@graph\":[{\"@type\":\"WebPage\",\"@id\":\"https:\/\/mlcluster.com\/eu\/espezializazio-eremuak\/\",\"url\":\"https:\/\/mlcluster.com\/eu\/espezializazio-eremuak\/\",\"name\":\"Espezializazio-eremuak - Euskadiko Mugikortasun eta Logistika Klusterra\",\"isPartOf\":{\"@id\":\"https:\/\/mlcluster.com\/#website\"},\"datePublished\":\"2025-12-22T15:05:57+00:00\",\"dateModified\":\"2025-12-23T15:16:44+00:00\",\"breadcrumb\":{\"@id\":\"https:\/\/mlcluster.com\/eu\/espezializazio-eremuak\/#breadcrumb\"},\"inLanguage\":\"eu\",\"potentialAction\":[{\"@type\":\"ReadAction\",\"target\":[\"https:\/\/mlcluster.com\/eu\/espezializazio-eremuak\/\"]}]},{\"@type\":\"BreadcrumbList\",\"@id\":\"https:\/\/mlcluster.com\/eu\/espezializazio-eremuak\/#breadcrumb\",\"itemListElement\":[{\"@type\":\"ListItem\",\"position\":1,\"name\":\"Portada\",\"item\":\"https:\/\/mlcluster.com\/eu\/\"},{\"@type\":\"ListItem\",\"position\":2,\"name\":\"Espezializazio-eremuak\"}]},{\"@type\":\"WebSite\",\"@id\":\"https:\/\/mlcluster.com\/#website\",\"url\":\"https:\/\/mlcluster.com\/\",\"name\":\"Euskadiko Mugikortasun eta Logistika Klusterra\",\"description\":\"Asociaci\u00f3n de empresas de Movilidad y Log\u00edstica del Pa\u00eds Vasco cuya misi\u00f3n es favorecer la competitividad impulsando la innovaci\u00f3n, la cooperaci\u00f3n y la promoci\u00f3n.\",\"potentialAction\":[{\"@type\":\"SearchAction\",\"target\":{\"@type\":\"EntryPoint\",\"urlTemplate\":\"https:\/\/mlcluster.com\/?s={search_term_string}\"},\"query-input\":{\"@type\":\"PropertyValueSpecification\",\"valueRequired\":true,\"valueName\":\"search_term_string\"}}],\"inLanguage\":\"eu\"}]}<\/script>\n<!-- \/ Yoast SEO plugin. -->","yoast_head_json":{"title":"Espezializazio-eremuak - Euskadiko Mugikortasun eta Logistika Klusterra","robots":{"index":"index","follow":"follow","max-snippet":"max-snippet:-1","max-image-preview":"max-image-preview:large","max-video-preview":"max-video-preview:-1"},"canonical":"https:\/\/mlcluster.com\/eu\/espezializazio-eremuak\/","og_locale":"en_US","og_type":"article","og_title":"Espezializazio-eremuak - Euskadiko Mugikortasun eta Logistika Klusterra","og_description":"[vc_row full_width=&#8221;stretch_row&#8221; equal_height=&#8221;yes&#8221; content_placement=&#8221;middle&#8221; bg_type=&#8221;bg_color&#8221; bg_override=&#8221;ex-full&#8221; bg_color_value=&#8221;#dd3333&#8243; css=&#8221;.vc_custom_1626078560605{margin-bottom: 20px !important;}&#8221;][vc_column][vc_column_text css=&#8221;.vc_custom_1747418774440{margin-top: -15px !important;margin-bottom: 15px !important;}&#8221;] Inicio \/ Plan Estrat\u00e9gico [\/vc_column_text][\/vc_column][\/vc_row][vc_row full_width=&#8221;stretch_row_content&#8221; equal_height=&#8221;yes&#8221; css=&#8221;.vc_custom_1626252318692{margin-top: -35px !important;}&#8221;][vc_column][\/vc_column][\/vc_row][vc_row full_width=&#8221;stretch_row&#8221;][vc_column width=&#8221;1\/2&#8243; css=&#8221;.vc_custom_1620816094608{padding-right: 5% !important;padding-left: 5% !important;}&#8221;][vc_column_text css=&#8221;&#8221;]Mugikortasunaren sektoreak pertsonen eta ondasunen garraioarekin lotutako teknologiak, azpiegiturak eta zerbitzuak biltzen ditu. Mugikortasuna jarduera ekonomiko eta sozialaren erdigunean dago, eta baliabideak, enplegua,&hellip;","og_url":"https:\/\/mlcluster.com\/eu\/espezializazio-eremuak\/","og_site_name":"Euskadiko Mugikortasun eta Logistika Klusterra","article_modified_time":"2025-12-23T15:16:44+00:00","twitter_card":"summary_large_image","twitter_misc":{"Est. reading time":"2 minutua"},"schema":{"@context":"https:\/\/schema.org","@graph":[{"@type":"WebPage","@id":"https:\/\/mlcluster.com\/eu\/espezializazio-eremuak\/","url":"https:\/\/mlcluster.com\/eu\/espezializazio-eremuak\/","name":"Espezializazio-eremuak - Euskadiko Mugikortasun eta Logistika Klusterra","isPartOf":{"@id":"https:\/\/mlcluster.com\/#website"},"datePublished":"2025-12-22T15:05:57+00:00","dateModified":"2025-12-23T15:16:44+00:00","breadcrumb":{"@id":"https:\/\/mlcluster.com\/eu\/espezializazio-eremuak\/#breadcrumb"},"inLanguage":"eu","potentialAction":[{"@type":"ReadAction","target":["https:\/\/mlcluster.com\/eu\/espezializazio-eremuak\/"]}]},{"@type":"BreadcrumbList","@id":"https:\/\/mlcluster.com\/eu\/espezializazio-eremuak\/#breadcrumb","itemListElement":[{"@type":"ListItem","position":1,"name":"Portada","item":"https:\/\/mlcluster.com\/eu\/"},{"@type":"ListItem","position":2,"name":"Espezializazio-eremuak"}]},{"@type":"WebSite","@id":"https:\/\/mlcluster.com\/#website","url":"https:\/\/mlcluster.com\/","name":"Euskadiko Mugikortasun eta Logistika Klusterra","description":"Asociaci\u00f3n de empresas de Movilidad y Log\u00edstica del Pa\u00eds Vasco cuya misi\u00f3n es favorecer la competitividad impulsando la innovaci\u00f3n, la cooperaci\u00f3n y la promoci\u00f3n.","potentialAction":[{"@type":"SearchAction","target":{"@type":"EntryPoint","urlTemplate":"https:\/\/mlcluster.com\/?s={search_term_string}"},"query-input":{"@type":"PropertyValueSpecification","valueRequired":true,"valueName":"search_term_string"}}],"inLanguage":"eu"}]}},"_links":{"self":[{"href":"https:\/\/mlcluster.com\/eu\/wp-json\/wp\/v2\/pages\/432741"}],"collection":[{"href":"https:\/\/mlcluster.com\/eu\/wp-json\/wp\/v2\/pages"}],"about":[{"href":"https:\/\/mlcluster.com\/eu\/wp-json\/wp\/v2\/types\/page"}],"author":[{"embeddable":true,"href":"https:\/\/mlcluster.com\/eu\/wp-json\/wp\/v2\/users\/2"}],"replies":[{"embeddable":true,"href":"https:\/\/mlcluster.com\/eu\/wp-json\/wp\/v2\/comments?post=432741"}],"version-history":[{"count":3,"href":"https:\/\/mlcluster.com\/eu\/wp-json\/wp\/v2\/pages\/432741\/revisions"}],"predecessor-version":[{"id":432744,"href":"https:\/\/mlcluster.com\/eu\/wp-json\/wp\/v2\/pages\/432741\/revisions\/432744"}],"wp:attachment":[{"href":"https:\/\/mlcluster.com\/eu\/wp-json\/wp\/v2\/media?parent=432741"}],"curies":[{"name":"wp","href":"https:\/\/api.w.org\/{rel}","templated":true}]}}